{"id":2193,"date":"2025-10-08T16:18:02","date_gmt":"2025-10-08T16:18:02","guid":{"rendered":"https:\/\/saphirsmaragd.com\/?post_type=product&#038;p=2193"},"modified":"2025-12-29T19:03:04","modified_gmt":"2025-12-29T19:03:04","slug":"aquamarin-santa-maria-rund-0-90-karat","status":"publish","type":"product","link":"https:\/\/saphirsmaragd.com\/it\/prodotto\/aquamarin-santa-maria-rund-0-90-karat\/","title":{"rendered":"Acquamarina Santa Maria rotonda 0,90 carati - Blu intenso con certificato"},"content":{"rendered":"<div id=\"ez-toc-container\" class=\"ez-toc-v2_0_82_2 counter-hierarchy ez-toc-counter ez-toc-grey ez-toc-container-direction\">\n<div class=\"ez-toc-title-container\">\n<p class=\"ez-toc-title\" style=\"cursor:inherit\">Sommario<\/p>\n<span class=\"ez-toc-title-toggle\"><a href=\"#\" class=\"ez-toc-pull-right ez-toc-btn ez-toc-btn-xs ez-toc-btn-default ez-toc-toggle\" aria-label=\"Toggle Table of Content\"><span class=\"ez-toc-js-icon-con\"><span class=\"\"><span class=\"eztoc-hide\" style=\"display:none;\">Attiva\/disattiva<\/span><span class=\"ez-toc-icon-toggle-span\"><svg style=\"fill: #999;color:#999\" xmlns=\"http:\/\/www.w3.org\/2000\/svg\" class=\"list-377408\" width=\"20px\" height=\"20px\" viewbox=\"0 0 24 24\" fill=\"none\"><path d=\"M6 6H4v2h2V6zm14 0H8v2h12V6zM4 11h2v2H4v-2zm16 0H8v2h12v-2zM4 16h2v2H4v-2zm16 0H8v2h12v-2z\" fill=\"currentColor\"><\/path><\/svg><svg style=\"fill: #999;color:#999\" class=\"arrow-unsorted-368013\" xmlns=\"http:\/\/www.w3.org\/2000\/svg\" width=\"10px\" height=\"10px\" viewbox=\"0 0 24 24\" version=\"1.2\" baseprofile=\"tiny\"><path d=\"M18.2 9.3l-6.2-6.3-6.2 6.3c-.2.2-.3.4-.3.7s.1.5.3.7c.2.2.4.3.7.3h11c.3 0 .5-.1.7-.3.2-.2.3-.5.3-.7s-.1-.5-.3-.7zM5.8 14.7l6.2 6.3 6.2-6.3c.2-.2.3-.5.3-.7s-.1-.5-.3-.7c-.2-.2-.4-.3-.7-.3h-11c-.3 0-.5.1-.7.3-.2.2-.3.5-.3.7s.1.5.3.7z\"\/><\/svg><\/span><\/span><\/span><\/a><\/span><\/div>\n<nav><ul class='ez-toc-list ez-toc-list-level-1' ><li class='ez-toc-page-1 ez-toc-heading-level-4'><a class=\"ez-toc-link ez-toc-heading-1\" href=\"https:\/\/saphirsmaragd.com\/it\/prodotto\/aquamarin-santa-maria-rund-0-90-karat\/#Aquamarin_Santa_Maria_Rund_090_Karat_%E2%80%93_Intensives_Blau_mit_Zertifikat\" >Acquamarina Santa Maria rotonda 0,90 carati - Blu intenso con certificato<\/a><\/li><li class='ez-toc-page-1 ez-toc-heading-level-4'><a class=\"ez-toc-link ez-toc-heading-2\" href=\"https:\/\/saphirsmaragd.com\/it\/prodotto\/aquamarin-santa-maria-rund-0-90-karat\/#Merkmale_Herkunft\" >Caratteristiche e origine<\/a><\/li><li class='ez-toc-page-1 ez-toc-heading-level-4'><a class=\"ez-toc-link ez-toc-heading-3\" href=\"https:\/\/saphirsmaragd.com\/it\/prodotto\/aquamarin-santa-maria-rund-0-90-karat\/#Besonderheiten\" >Caratteristiche speciali<\/a><\/li><li class='ez-toc-page-1 ez-toc-heading-level-4'><a class=\"ez-toc-link ez-toc-heading-4\" href=\"https:\/\/saphirsmaragd.com\/it\/prodotto\/aquamarin-santa-maria-rund-0-90-karat\/#Mehr_uber_unsere_Edelsteine\" >Per saperne di pi\u00f9 sulle nostre gemme<\/a><\/li><li class='ez-toc-page-1 ez-toc-heading-level-4'><a class=\"ez-toc-link ez-toc-heading-5\" href=\"https:\/\/saphirsmaragd.com\/it\/prodotto\/aquamarin-santa-maria-rund-0-90-karat\/#Weitere_Infos\" >Ulteriori informazioni<\/a><\/li><\/ul><\/nav><\/div>\n<h4 data-start=\"825\" data-end=\"896\"><span class=\"ez-toc-section\" id=\"Aquamarin_Santa_Maria_Rund_090_Karat_%E2%80%93_Intensives_Blau_mit_Zertifikat\"><\/span>Acquamarina Santa Maria rotonda 0,90 carati - Blu intenso con certificato<span class=\"ez-toc-section-end\"><\/span><\/h4>\n<p data-start=\"898\" data-end=\"1202\">Dieser Aquamarin Santa Maria Rund 0.90 Karat beeindruckt durch seine starke himmelblaue Farbe und den brillanten Rundschliff von 6.2 mm. Die Kombination aus Gr\u00f6\u00dfe, Qualit\u00e4t und zertifizierter Echtheit macht diesen Edelstein ideal f\u00fcr hochwertige Schmuckfassungen oder als exklusives Einzelst\u00fcck f\u00fcr Sammler.<\/p>\n<hr data-start=\"1204\" data-end=\"1207\" \/>\n<h4 data-start=\"1209\" data-end=\"1235\"><span class=\"ez-toc-section\" id=\"Merkmale_Herkunft\"><\/span>Caratteristiche e origine<span class=\"ez-toc-section-end\"><\/span><\/h4>\n<p data-start=\"1236\" data-end=\"1596\">Stein: Aquamarin Rund<br data-start=\"1277\" data-end=\"1280\" \/>Variet\u00e4t: Santa Maria Farbe<br data-start=\"1307\" data-end=\"1310\" \/>Famiglia: Beryl<br data-start=\"1325\" data-end=\"1328\" \/>Durezza: 7 sulla scala Mohs<br data-start=\"1355\" data-end=\"1358\" \/>Gewicht: 0.90 Karat<br data-start=\"1374\" data-end=\"1377\" \/>Farbe: Starkes Himmelblau<br data-start=\"1402\" data-end=\"1405\" \/>Form: Rund facettiert<br data-start=\"1426\" data-end=\"1429\" \/>Schliff: 6.2 mm Rund-Brillantschliff<br data-start=\"1465\" data-end=\"1468\" \/>Herkunft: Mosambik<br data-start=\"1486\" data-end=\"1489\" \/>Reinheit: Rein f\u00fcr das Auge und unter 10-facher Vergr\u00f6\u00dferung<br data-start=\"1549\" data-end=\"1552\" \/>Zertifikat: Val\u00e9rie Duraffourg, Gem-A London<\/p>\n<hr data-start=\"1598\" data-end=\"1601\" \/>\n<h4 data-start=\"1603\" data-end=\"1624\"><span class=\"ez-toc-section\" id=\"Besonderheiten\"><\/span>Caratteristiche speciali<span class=\"ez-toc-section-end\"><\/span><\/h4>\n<p data-start=\"1625\" data-end=\"1924\">Dieser Aquamarin Santa Maria Rund 0.90 Karat geh\u00f6rt zu den begehrten starkblauen Variet\u00e4ten. Die Farbe ist intensiv und gleichm\u00e4\u00dfig, w\u00e4hrend der Brillantschliff f\u00fcr hohe Lichtreflexion sorgt. Mit einer Mohsh\u00e4rte von 7 ist der Stein widerstandsf\u00e4hig und optimal f\u00fcr die Verarbeitung zu Schmuck geeignet.<\/p>\n<hr data-start=\"1926\" data-end=\"1929\" \/>\n<h4 data-start=\"1931\" data-end=\"1971\"><span class=\"ez-toc-section\" id=\"Mehr_uber_unsere_Edelsteine\"><\/span>Per saperne di pi\u00f9 sulle nostre gemme<span class=\"ez-toc-section-end\"><\/span><\/h4>\n<p data-start=\"1972\" data-end=\"2069\"><a href=\"https:\/\/saphirsmaragd.com\/it\/product-category\/edelsteine-kaufen\/\">pietre preziose<\/a><\/p>\n<hr data-start=\"2071\" data-end=\"2074\" \/>\n<h4 data-start=\"2076\" data-end=\"2096\"><span class=\"ez-toc-section\" id=\"Weitere_Infos\"><\/span>Ulteriori informazioni<span class=\"ez-toc-section-end\"><\/span><\/h4>\n<p data-start=\"2097\" data-end=\"2160\"><a class=\"decorated-link cursor-pointer\" href=\"https:\/\/de.wikipedia.org\/wiki\/Aquamarin\" target=\"_new\" rel=\"noopener\" data-start=\"2097\" data-end=\"2160\">Wikipedia: Acquamarina<\/a><\/p>","protected":false},"excerpt":{"rendered":"<p data-start=\"514\" data-end=\"687\"><em>Aquamarin Santa Maria Rund 0.90 Karat \u2013 kr\u00e4ftiges Himmelblau, 6.2 mm Rund-Brillantschliff, Zertifikat von Val\u00e9rie Duraffourg, H\u00e4rte 7, lupenrein bis unter 10x Vergr\u00f6\u00dferung.<\/em><\/p>\n<p data-start=\"378\" data-end=\"474\">","protected":false},"featured_media":2196,"comment_status":"open","ping_status":"closed","template":"","meta":{"_glsr_average":0,"_glsr_ranking":0,"_glsr_reviews":0},"product_brand":[],"product_cat":[77],"product_tag":[],"class_list":{"0":"post-2193","1":"product","2":"type-product","3":"status-publish","4":"has-post-thumbnail","6":"product_cat-aquamarin-kaufen","7":"pa_edelsteinart-aquamarin","8":"pa_farbe-blau","9":"pa_form-rund","10":"pa_gewicht-karat-0-5-1-0-karat","11":"pa_herkunft-mosambik","12":"pa_reinheit-lupenrein","13":"pa_zertifikat-ja","14":"pa_zustand-neu","16":"first","17":"instock","18":"featured","19":"sold-individually","20":"shipping-taxable","21":"purchasable","22":"product-type-simple","23":"add-to-wishlist-before_image"},"jetpack_sharing_enabled":true,"_links":{"self":[{"href":"https:\/\/saphirsmaragd.com\/it\/wp-json\/wp\/v2\/product\/2193","targetHints":{"allow":["GET"]}}],"collection":[{"href":"https:\/\/saphirsmaragd.com\/it\/wp-json\/wp\/v2\/product"}],"about":[{"href":"https:\/\/saphirsmaragd.com\/it\/wp-json\/wp\/v2\/types\/product"}],"replies":[{"embeddable":true,"href":"https:\/\/saphirsmaragd.com\/it\/wp-json\/wp\/v2\/comments?post=2193"}],"version-history":[{"count":3,"href":"https:\/\/saphirsmaragd.com\/it\/wp-json\/wp\/v2\/product\/2193\/revisions"}],"predecessor-version":[{"id":4552,"href":"https:\/\/saphirsmaragd.com\/it\/wp-json\/wp\/v2\/product\/2193\/revisions\/4552"}],"wp:featuredmedia":[{"embeddable":true,"href":"https:\/\/saphirsmaragd.com\/it\/wp-json\/wp\/v2\/media\/2196"}],"wp:attachment":[{"href":"https:\/\/saphirsmaragd.com\/it\/wp-json\/wp\/v2\/media?parent=2193"}],"wp:term":[{"taxonomy":"product_brand","embeddable":true,"href":"https:\/\/saphirsmaragd.com\/it\/wp-json\/wp\/v2\/product_brand?post=2193"},{"taxonomy":"product_cat","embeddable":true,"href":"https:\/\/saphirsmaragd.com\/it\/wp-json\/wp\/v2\/product_cat?post=2193"},{"taxonomy":"product_tag","embeddable":true,"href":"https:\/\/saphirsmaragd.com\/it\/wp-json\/wp\/v2\/product_tag?post=2193"}],"curies":[{"name":"wp","href":"https:\/\/api.w.org\/{rel}","templated":true}]}}