{"id":3925,"date":"2025-10-28T01:24:44","date_gmt":"2025-10-28T01:24:44","guid":{"rendered":"https:\/\/saphirsmaragd.com\/?post_type=product&#038;p=3925"},"modified":"2025-12-05T10:15:25","modified_gmt":"2025-12-05T10:15:25","slug":"amethyst-druse","status":"publish","type":"product","link":"https:\/\/saphirsmaragd.com\/it\/prodotto\/amethyst-druse\/","title":{"rendered":"Drusa di ametista \u2013 Pietra naturale su supporto dal Brasile \u2013 10 \u00d7 9,5 \u00d7 6 cm"},"content":{"rendered":"<div id=\"ez-toc-container\" class=\"ez-toc-v2_0_82_2 counter-hierarchy ez-toc-counter ez-toc-grey ez-toc-container-direction\">\n<div class=\"ez-toc-title-container\">\n<p class=\"ez-toc-title\" style=\"cursor:inherit\">Sommario<\/p>\n<span class=\"ez-toc-title-toggle\"><a href=\"#\" class=\"ez-toc-pull-right ez-toc-btn ez-toc-btn-xs ez-toc-btn-default ez-toc-toggle\" aria-label=\"Toggle Table of Content\"><span class=\"ez-toc-js-icon-con\"><span class=\"\"><span class=\"eztoc-hide\" style=\"display:none;\">Attiva\/disattiva<\/span><span class=\"ez-toc-icon-toggle-span\"><svg style=\"fill: #999;color:#999\" xmlns=\"http:\/\/www.w3.org\/2000\/svg\" class=\"list-377408\" width=\"20px\" height=\"20px\" viewbox=\"0 0 24 24\" fill=\"none\"><path d=\"M6 6H4v2h2V6zm14 0H8v2h12V6zM4 11h2v2H4v-2zm16 0H8v2h12v-2zM4 16h2v2H4v-2zm16 0H8v2h12v-2z\" fill=\"currentColor\"><\/path><\/svg><svg style=\"fill: #999;color:#999\" class=\"arrow-unsorted-368013\" xmlns=\"http:\/\/www.w3.org\/2000\/svg\" width=\"10px\" height=\"10px\" viewbox=\"0 0 24 24\" version=\"1.2\" baseprofile=\"tiny\"><path d=\"M18.2 9.3l-6.2-6.3-6.2 6.3c-.2.2-.3.4-.3.7s.1.5.3.7c.2.2.4.3.7.3h11c.3 0 .5-.1.7-.3.2-.2.3-.5.3-.7s-.1-.5-.3-.7zM5.8 14.7l6.2 6.3 6.2-6.3c.2-.2.3-.5.3-.7s-.1-.5-.3-.7c-.2-.2-.4-.3-.7-.3h-11c-.3 0-.5.1-.7.3-.2.2-.3.5-.3.7s.1.5.3.7z\"\/><\/svg><\/span><\/span><\/span><\/a><\/span><\/div>\n<nav><ul class='ez-toc-list ez-toc-list-level-1' ><li class='ez-toc-page-1 ez-toc-heading-level-4'><a class=\"ez-toc-link ez-toc-heading-1\" href=\"https:\/\/saphirsmaragd.com\/it\/prodotto\/amethyst-druse\/#Amethyst_Druse_%E2%80%93_Naturstein_auf_Stand_aus_Brasilien\" >Amethyst Druse \u2013 Naturstein auf Stand aus Brasilien<\/a><\/li><li class='ez-toc-page-1 ez-toc-heading-level-4'><a class=\"ez-toc-link ez-toc-heading-2\" href=\"https:\/\/saphirsmaragd.com\/it\/prodotto\/amethyst-druse\/#_Merkmale_Herkunft\" >\u00a0Caratteristiche e origine<\/a><\/li><li class='ez-toc-page-1 ez-toc-heading-level-4'><a class=\"ez-toc-link ez-toc-heading-3\" href=\"https:\/\/saphirsmaragd.com\/it\/prodotto\/amethyst-druse\/#Besonderheiten\" >Caratteristiche speciali<\/a><\/li><li class='ez-toc-page-1 ez-toc-heading-level-4'><a class=\"ez-toc-link ez-toc-heading-4\" href=\"https:\/\/saphirsmaragd.com\/it\/prodotto\/amethyst-druse\/#_Mehr_uber_Amethyste_Heilsteine\" >\u00a0Maggiori informazioni su ametiste e pietre curative<\/a><\/li><li class='ez-toc-page-1 ez-toc-heading-level-4'><a class=\"ez-toc-link ez-toc-heading-5\" href=\"https:\/\/saphirsmaragd.com\/it\/prodotto\/amethyst-druse\/#_Weitere_Infos\" >\u00a0Ulteriori informazioni<\/a><\/li><\/ul><\/nav><\/div>\n<h4 data-start=\"124\" data-end=\"177\"><span class=\"ez-toc-section\" id=\"Amethyst_Druse_%E2%80%93_Naturstein_auf_Stand_aus_Brasilien\"><\/span>Amethyst Druse \u2013 Naturstein auf Stand aus Brasilien<span class=\"ez-toc-section-end\"><\/span><\/h4>\n<p data-start=\"179\" data-end=\"374\">Die Amethyst Druse ist ein kraftvolles Naturunikat auf Stand und eignet sich hervorragend zur energetischen Reinigung von R\u00e4umen, zur F\u00f6rderung innerer Ruhe sowie f\u00fcr spirituelle Entwicklung.<\/p>\n<hr data-start=\"1549\" data-end=\"1552\" \/>\n<h4 data-start=\"376\" data-end=\"401\"><span class=\"ez-toc-section\" id=\"_Merkmale_Herkunft\"><\/span>\u00a0Caratteristiche e origine<span class=\"ez-toc-section-end\"><\/span><\/h4>\n<p data-start=\"402\" data-end=\"642\">Farbe: Violett<br data-start=\"416\" data-end=\"419\" \/>Form: Druse \/ Cluster auf Stand<br data-start=\"450\" data-end=\"453\" \/>Origine: Brasile<br data-start=\"472\" data-end=\"475\" \/>Gewicht: 1130 g<br data-start=\"490\" data-end=\"493\" \/>Ma\u00dfe: 10 \u00d7 9.5 \u00d7 6 cm<br data-start=\"514\" data-end=\"517\" \/>Gesamth\u00f6he (inkl. Stand): 14.5 cm<br data-start=\"550\" data-end=\"553\" \/>Trattamento: non trattato<br data-start=\"621\" data-end=\"624\" \/>Steinart: Amethyst<\/p>\n<hr data-start=\"1549\" data-end=\"1552\" \/>\n<h4 data-start=\"644\" data-end=\"664\"><span class=\"ez-toc-section\" id=\"Besonderheiten\"><\/span>Caratteristiche speciali<span class=\"ez-toc-section-end\"><\/span><\/h4>\n<p data-start=\"665\" data-end=\"1008\">Die Amethyst Druse wirkt reinigend, beruhigend und sch\u00fctzend auf das energetische Feld. Sie unterst\u00fctzt das Loslassen mentaler Anspannung und hilft, innere Harmonie herzustellen. Ihre violette Kristallstruktur symbolisiert spirituelle Klarheit und Bewusstsein und macht sie zu einem gesch\u00e4tzten Begleiter f\u00fcr Meditation und innere Einkehr.<\/p>\n<p data-start=\"1010\" data-end=\"1348\">Als Raumstein eingesetzt, schafft die Amethyst Druse ein friedliches und kl\u00e4rendes Umfeld. Sie hilft, gedankliche Unruhe loszulassen, st\u00e4rkt die Intuition und begleitet emotionale Heilprozesse. Dadurch ist sie besonders geeignet f\u00fcr Wohnbereiche, Arbeitsr\u00e4ume oder Meditationspl\u00e4tze, an denen Ruhe, Schutz und Klarheit erw\u00fcnscht sind.<\/p>\n<hr data-start=\"1549\" data-end=\"1552\" \/>\n<h4 data-start=\"1350\" data-end=\"1388\"><span class=\"ez-toc-section\" id=\"_Mehr_uber_Amethyste_Heilsteine\"><\/span>\u00a0Maggiori informazioni su ametiste e pietre curative<span class=\"ez-toc-section-end\"><\/span><\/h4>\n<p data-start=\"1389\" data-end=\"1487\">Weitere Varianten finden Sie in unserer Kategorie:<br data-start=\"1439\" data-end=\"1442\" \/><a href=\"https:\/\/saphirsmaragd.com\/it\/product-category\/heilsteine-kristalle-kaufen\/\">Pietre e cristalli curativi | Zaffiro e smeraldo<\/a><strong data-start=\"1442\" data-end=\"1487\"><br \/>\n<\/strong><\/p>\n<hr data-start=\"1549\" data-end=\"1552\" \/>\n<h4 data-start=\"1489\" data-end=\"1508\"><span class=\"ez-toc-section\" id=\"_Weitere_Infos\"><\/span>\u00a0Ulteriori informazioni<span class=\"ez-toc-section-end\"><\/span><\/h4>\n<p data-start=\"1509\" data-end=\"1547\"><a class=\"decorated-link cursor-pointer\" href=\"https:\/\/de.wikipedia.org\/wiki\/Amethyst\" target=\"_new\" rel=\"noopener\" data-start=\"1509\" data-end=\"1547\">Wikipedia: Ametista<\/a><\/p>\n<h2 data-start=\"1554\" data-end=\"1568\"><\/h2>","protected":false},"excerpt":{"rendered":"<p data-start=\"1570\" data-end=\"1605\"><em>Amethyst Druse auf Stand aus Brasilien f\u00f6rdert Schutz, Harmonie und geistige Klarheit. Ideal f\u00fcr Meditation und Raumreinigung.<\/em><\/p>\n<p data-start=\"1607\" data-end=\"1639\">","protected":false},"featured_media":3927,"comment_status":"open","ping_status":"closed","template":"","meta":{"_glsr_average":0,"_glsr_ranking":0,"_glsr_reviews":0},"product_brand":[],"product_cat":[84],"product_tag":[],"class_list":{"0":"post-3925","1":"product","2":"type-product","3":"status-publish","4":"has-post-thumbnail","6":"product_cat-rohsteine-kaufen","8":"first","9":"instock","10":"shipping-taxable","11":"purchasable","12":"product-type-simple","13":"add-to-wishlist-before_image"},"jetpack_sharing_enabled":true,"_links":{"self":[{"href":"https:\/\/saphirsmaragd.com\/it\/wp-json\/wp\/v2\/product\/3925","targetHints":{"allow":["GET"]}}],"collection":[{"href":"https:\/\/saphirsmaragd.com\/it\/wp-json\/wp\/v2\/product"}],"about":[{"href":"https:\/\/saphirsmaragd.com\/it\/wp-json\/wp\/v2\/types\/product"}],"replies":[{"embeddable":true,"href":"https:\/\/saphirsmaragd.com\/it\/wp-json\/wp\/v2\/comments?post=3925"}],"version-history":[{"count":2,"href":"https:\/\/saphirsmaragd.com\/it\/wp-json\/wp\/v2\/product\/3925\/revisions"}],"predecessor-version":[{"id":3933,"href":"https:\/\/saphirsmaragd.com\/it\/wp-json\/wp\/v2\/product\/3925\/revisions\/3933"}],"wp:featuredmedia":[{"embeddable":true,"href":"https:\/\/saphirsmaragd.com\/it\/wp-json\/wp\/v2\/media\/3927"}],"wp:attachment":[{"href":"https:\/\/saphirsmaragd.com\/it\/wp-json\/wp\/v2\/media?parent=3925"}],"wp:term":[{"taxonomy":"product_brand","embeddable":true,"href":"https:\/\/saphirsmaragd.com\/it\/wp-json\/wp\/v2\/product_brand?post=3925"},{"taxonomy":"product_cat","embeddable":true,"href":"https:\/\/saphirsmaragd.com\/it\/wp-json\/wp\/v2\/product_cat?post=3925"},{"taxonomy":"product_tag","embeddable":true,"href":"https:\/\/saphirsmaragd.com\/it\/wp-json\/wp\/v2\/product_tag?post=3925"}],"curies":[{"name":"wp","href":"https:\/\/api.w.org\/{rel}","templated":true}]}}