{"id":3939,"date":"2025-10-29T22:26:46","date_gmt":"2025-10-29T22:26:46","guid":{"rendered":"https:\/\/saphirsmaragd.com\/?post_type=product&#038;p=3939"},"modified":"2025-12-05T10:15:23","modified_gmt":"2025-12-05T10:15:23","slug":"heilstein-pyrit-selbstvertrauen","status":"publish","type":"product","link":"https:\/\/saphirsmaragd.com\/it\/prodotto\/heilstein-pyrit-selbstvertrauen\/","title":{"rendered":"Pietra curativa di pirite per l&#039;autostima \u2013 pietra naturale dal Per\u00f9 \u2013 11 x 10,5 x 7 cm"},"content":{"rendered":"<div id=\"ez-toc-container\" class=\"ez-toc-v2_0_82_2 counter-hierarchy ez-toc-counter ez-toc-grey ez-toc-container-direction\">\n<div class=\"ez-toc-title-container\">\n<p class=\"ez-toc-title\" style=\"cursor:inherit\">Sommario<\/p>\n<span class=\"ez-toc-title-toggle\"><a href=\"#\" class=\"ez-toc-pull-right ez-toc-btn ez-toc-btn-xs ez-toc-btn-default ez-toc-toggle\" aria-label=\"Toggle Table of Content\"><span class=\"ez-toc-js-icon-con\"><span class=\"\"><span class=\"eztoc-hide\" style=\"display:none;\">Attiva\/disattiva<\/span><span class=\"ez-toc-icon-toggle-span\"><svg style=\"fill: #999;color:#999\" xmlns=\"http:\/\/www.w3.org\/2000\/svg\" class=\"list-377408\" width=\"20px\" height=\"20px\" viewbox=\"0 0 24 24\" fill=\"none\"><path d=\"M6 6H4v2h2V6zm14 0H8v2h12V6zM4 11h2v2H4v-2zm16 0H8v2h12v-2zM4 16h2v2H4v-2zm16 0H8v2h12v-2z\" fill=\"currentColor\"><\/path><\/svg><svg style=\"fill: #999;color:#999\" class=\"arrow-unsorted-368013\" xmlns=\"http:\/\/www.w3.org\/2000\/svg\" width=\"10px\" height=\"10px\" viewbox=\"0 0 24 24\" version=\"1.2\" baseprofile=\"tiny\"><path d=\"M18.2 9.3l-6.2-6.3-6.2 6.3c-.2.2-.3.4-.3.7s.1.5.3.7c.2.2.4.3.7.3h11c.3 0 .5-.1.7-.3.2-.2.3-.5.3-.7s-.1-.5-.3-.7zM5.8 14.7l6.2 6.3 6.2-6.3c.2-.2.3-.5.3-.7s-.1-.5-.3-.7c-.2-.2-.4-.3-.7-.3h-11c-.3 0-.5.1-.7.3-.2.2-.3.5-.3.7s.1.5.3.7z\"\/><\/svg><\/span><\/span><\/span><\/a><\/span><\/div>\n<nav><ul class='ez-toc-list ez-toc-list-level-1' ><li class='ez-toc-page-1 ez-toc-heading-level-4'><a class=\"ez-toc-link ez-toc-heading-1\" href=\"https:\/\/saphirsmaragd.com\/it\/prodotto\/heilstein-pyrit-selbstvertrauen\/#Heilstein_Pyrit_Selbstvertrauen_%E2%80%93_Naturstein_aus_Peru\" >Pietra curativa di pirite \u2013 Fiducia in se stessi \u2013 Pietra naturale dal Per\u00f9<\/a><\/li><li class='ez-toc-page-1 ez-toc-heading-level-4'><a class=\"ez-toc-link ez-toc-heading-2\" href=\"https:\/\/saphirsmaragd.com\/it\/prodotto\/heilstein-pyrit-selbstvertrauen\/#Merkmale_Herkunft\" >Caratteristiche e origine<\/a><\/li><li class='ez-toc-page-1 ez-toc-heading-level-4'><a class=\"ez-toc-link ez-toc-heading-3\" href=\"https:\/\/saphirsmaragd.com\/it\/prodotto\/heilstein-pyrit-selbstvertrauen\/#_Besonderheiten\" >\u00a0Caratteristiche speciali<\/a><\/li><li class='ez-toc-page-1 ez-toc-heading-level-4'><a class=\"ez-toc-link ez-toc-heading-4\" href=\"https:\/\/saphirsmaragd.com\/it\/prodotto\/heilstein-pyrit-selbstvertrauen\/#_Mehr_uber_Heilsteine_Kristalle\" >\u00a0Ulteriori informazioni su pietre e cristalli curativi<\/a><\/li><li class='ez-toc-page-1 ez-toc-heading-level-4'><a class=\"ez-toc-link ez-toc-heading-5\" href=\"https:\/\/saphirsmaragd.com\/it\/prodotto\/heilstein-pyrit-selbstvertrauen\/#_Weitere_Infos\" >\u00a0Ulteriori informazioni<\/a><\/li><\/ul><\/nav><\/div>\n<h4 data-start=\"901\" data-end=\"920\"><span class=\"ez-toc-section\" id=\"Heilstein_Pyrit_Selbstvertrauen_%E2%80%93_Naturstein_aus_Peru\"><\/span>Pietra curativa di pirite \u2013 Fiducia in se stessi \u2013 Pietra naturale dal Per\u00f9<span class=\"ez-toc-section-end\"><\/span><\/h4>\n<p data-start=\"922\" data-end=\"1162\">Der Heilstein Pyrit Selbstvertrauen ist ein charakteristischer Kristallcluster mit nat\u00fcrlicher W\u00fcrfelstruktur aus Peru. Er wird traditionell zur St\u00e4rkung der inneren St\u00e4rke und zur Aktivierung klarer, zielgerichteter Energie eingesetzt.<\/p>\n<hr data-start=\"2508\" data-end=\"2511\" \/>\n<h4 data-start=\"1164\" data-end=\"1190\"><span class=\"ez-toc-section\" id=\"Merkmale_Herkunft\"><\/span>Caratteristiche e origine<span class=\"ez-toc-section-end\"><\/span><\/h4>\n<p data-start=\"1191\" data-end=\"1440\">Farbe: Goldfarben \/ metallisch<br data-start=\"1221\" data-end=\"1224\" \/>Form: Pyrit-Cluster (Kubische Kristalle)<br data-start=\"1264\" data-end=\"1267\" \/>Herkunft: Peru<br data-start=\"1281\" data-end=\"1284\" \/>Gewicht: 1519 g<br data-start=\"1299\" data-end=\"1302\" \/>Ma\u00dfe: 11 x 10.5 x 7 cm<br data-start=\"1324\" data-end=\"1327\" \/>Reinheit: nat\u00fcrlich<br data-start=\"1346\" data-end=\"1349\" \/>Behandlung: unbehandelt \/ naturbelassen<br data-start=\"1422\" data-end=\"1425\" \/>Tipo di pietra: Pirite<\/p>\n<hr data-start=\"2508\" data-end=\"2511\" \/>\n<h4 data-start=\"1442\" data-end=\"1463\"><span class=\"ez-toc-section\" id=\"_Besonderheiten\"><\/span>\u00a0Caratteristiche speciali<span class=\"ez-toc-section-end\"><\/span><\/h4>\n<p data-start=\"1464\" data-end=\"1902\">Pyrit ist bekannt f\u00fcr seine energetisierende und aufbauende Wirkung. Er f\u00f6rdert mentale St\u00e4rke, innere Stabilit\u00e4t sowie ein klares Bewusstsein f\u00fcr die eigenen Ziele. Traditionell wird er genutzt, um Entschlossenheit, Selbstwert und Willenskraft zu st\u00e4rken. Durch seine kraftvolle, erdende Pr\u00e4senz eignet sich der Stein besonders gut f\u00fcr Arbeitsr\u00e4ume, Meditationsbereiche oder Pl\u00e4tze, an denen Fokus und Durchhalteverm\u00f6gen ben\u00f6tigt werden.<\/p>\n<p data-start=\"1904\" data-end=\"2263\">Emotional unterst\u00fctzt Pyrit dabei, Selbstzweifel und blockierende Gedankenmuster zu l\u00f6sen. Er hilft, Klarheit zu gewinnen und innere Ressourcen zu aktivieren, wodurch Mut, Eigenverantwortung und Zuversicht gest\u00e4rkt werden. Der Heilstein Pyrit Selbstvertrauen vereint damit sowohl energetische Wirkung als auch eine au\u00dfergew\u00f6hnlich dekorative Ausstrahlung.<\/p>\n<hr data-start=\"2508\" data-end=\"2511\" \/>\n<h4 data-start=\"2265\" data-end=\"2304\"><span class=\"ez-toc-section\" id=\"_Mehr_uber_Heilsteine_Kristalle\"><\/span>\u00a0Ulteriori informazioni su pietre e cristalli curativi<span class=\"ez-toc-section-end\"><\/span><\/h4>\n<p data-start=\"2305\" data-end=\"2437\">Weitere Informationen zur Verwendung von Heilsteinen finden Sie in unserer Kategorie<br data-start=\"2389\" data-end=\"2392\" \/><a href=\"https:\/\/saphirsmaragd.com\/it\/product-category\/heilsteine-kristalle-kaufen\/\">Pietre e cristalli curativi | Zaffiro e smeraldo<\/a><strong data-start=\"2392\" data-end=\"2437\"><br \/>\n<\/strong><\/p>\n<hr data-start=\"2508\" data-end=\"2511\" \/>\n<h4 data-start=\"2439\" data-end=\"2459\"><span class=\"ez-toc-section\" id=\"_Weitere_Infos\"><\/span>\u00a0Ulteriori informazioni<span class=\"ez-toc-section-end\"><\/span><\/h4>\n<p data-start=\"2460\" data-end=\"2506\"><a href=\"https:\/\/de.wikipedia.org\/wiki\/Pyrit\" target=\"_blank\" rel=\"noopener\">Wikipedia:Pyrit<\/a><\/p>\n<h2 data-start=\"2513\" data-end=\"2539\"><\/h2>","protected":false},"excerpt":{"rendered":"<p><em>Der Heilstein Pyrit Selbstvertrauen ist ein nat\u00fcrlicher Kristallcluster aus Peru, der Willenskraft und Selbstvertrauen st\u00e4rkt und f\u00fcr innere Stabilit\u00e4t und mentale Klarheit sorgt.<\/em><\/p>","protected":false},"featured_media":3940,"comment_status":"open","ping_status":"closed","template":"","meta":{"_glsr_average":0,"_glsr_ranking":0,"_glsr_reviews":0},"product_brand":[],"product_cat":[84],"product_tag":[],"class_list":{"0":"post-3939","1":"product","2":"type-product","3":"status-publish","4":"has-post-thumbnail","6":"product_cat-rohsteine-kaufen","8":"first","9":"instock","10":"shipping-taxable","11":"purchasable","12":"product-type-simple","13":"add-to-wishlist-before_image"},"jetpack_sharing_enabled":true,"_links":{"self":[{"href":"https:\/\/saphirsmaragd.com\/it\/wp-json\/wp\/v2\/product\/3939","targetHints":{"allow":["GET"]}}],"collection":[{"href":"https:\/\/saphirsmaragd.com\/it\/wp-json\/wp\/v2\/product"}],"about":[{"href":"https:\/\/saphirsmaragd.com\/it\/wp-json\/wp\/v2\/types\/product"}],"replies":[{"embeddable":true,"href":"https:\/\/saphirsmaragd.com\/it\/wp-json\/wp\/v2\/comments?post=3939"}],"version-history":[{"count":3,"href":"https:\/\/saphirsmaragd.com\/it\/wp-json\/wp\/v2\/product\/3939\/revisions"}],"predecessor-version":[{"id":3944,"href":"https:\/\/saphirsmaragd.com\/it\/wp-json\/wp\/v2\/product\/3939\/revisions\/3944"}],"wp:featuredmedia":[{"embeddable":true,"href":"https:\/\/saphirsmaragd.com\/it\/wp-json\/wp\/v2\/media\/3940"}],"wp:attachment":[{"href":"https:\/\/saphirsmaragd.com\/it\/wp-json\/wp\/v2\/media?parent=3939"}],"wp:term":[{"taxonomy":"product_brand","embeddable":true,"href":"https:\/\/saphirsmaragd.com\/it\/wp-json\/wp\/v2\/product_brand?post=3939"},{"taxonomy":"product_cat","embeddable":true,"href":"https:\/\/saphirsmaragd.com\/it\/wp-json\/wp\/v2\/product_cat?post=3939"},{"taxonomy":"product_tag","embeddable":true,"href":"https:\/\/saphirsmaragd.com\/it\/wp-json\/wp\/v2\/product_tag?post=3939"}],"curies":[{"name":"wp","href":"https:\/\/api.w.org\/{rel}","templated":true}]}}