{"id":4098,"date":"2025-11-01T10:34:59","date_gmt":"2025-11-01T10:34:59","guid":{"rendered":"https:\/\/saphirsmaragd.com\/?post_type=product&#038;p=4098"},"modified":"2025-12-29T18:56:02","modified_gmt":"2025-12-29T18:56:02","slug":"turmalin-2-12-karat-hellgelb-oval","status":"publish","type":"product","link":"https:\/\/saphirsmaragd.com\/it\/prodotto\/turmalin-2-12-karat-hellgelb-oval\/","title":{"rendered":"Tormalina ovale giallo chiaro da 2,12 carati: una pietra preziosa radiosa con una delicata sfumatura di colore e purezza naturale"},"content":{"rendered":"<div id=\"ez-toc-container\" class=\"ez-toc-v2_0_82_2 counter-hierarchy ez-toc-counter ez-toc-grey ez-toc-container-direction\">\n<div class=\"ez-toc-title-container\">\n<p class=\"ez-toc-title\" style=\"cursor:inherit\">Sommario<\/p>\n<span class=\"ez-toc-title-toggle\"><a href=\"#\" class=\"ez-toc-pull-right ez-toc-btn ez-toc-btn-xs ez-toc-btn-default ez-toc-toggle\" aria-label=\"Toggle Table of Content\"><span class=\"ez-toc-js-icon-con\"><span class=\"\"><span class=\"eztoc-hide\" style=\"display:none;\">Attiva\/disattiva<\/span><span class=\"ez-toc-icon-toggle-span\"><svg style=\"fill: #999;color:#999\" xmlns=\"http:\/\/www.w3.org\/2000\/svg\" class=\"list-377408\" width=\"20px\" height=\"20px\" viewbox=\"0 0 24 24\" fill=\"none\"><path d=\"M6 6H4v2h2V6zm14 0H8v2h12V6zM4 11h2v2H4v-2zm16 0H8v2h12v-2zM4 16h2v2H4v-2zm16 0H8v2h12v-2z\" fill=\"currentColor\"><\/path><\/svg><svg style=\"fill: #999;color:#999\" class=\"arrow-unsorted-368013\" xmlns=\"http:\/\/www.w3.org\/2000\/svg\" width=\"10px\" height=\"10px\" viewbox=\"0 0 24 24\" version=\"1.2\" baseprofile=\"tiny\"><path d=\"M18.2 9.3l-6.2-6.3-6.2 6.3c-.2.2-.3.4-.3.7s.1.5.3.7c.2.2.4.3.7.3h11c.3 0 .5-.1.7-.3.2-.2.3-.5.3-.7s-.1-.5-.3-.7zM5.8 14.7l6.2 6.3 6.2-6.3c.2-.2.3-.5.3-.7s-.1-.5-.3-.7c-.2-.2-.4-.3-.7-.3h-11c-.3 0-.5.1-.7.3-.2.2-.3.5-.3.7s.1.5.3.7z\"\/><\/svg><\/span><\/span><\/span><\/a><\/span><\/div>\n<nav><ul class='ez-toc-list ez-toc-list-level-1' ><li class='ez-toc-page-1 ez-toc-heading-level-4'><a class=\"ez-toc-link ez-toc-heading-1\" href=\"https:\/\/saphirsmaragd.com\/it\/prodotto\/turmalin-2-12-karat-hellgelb-oval\/#Turmalin_212_Karat_Hellgelb_Oval_%E2%80%93_ein_sonniger_Edelstein_voller_Eleganz\" >Turmalin 2.12 Karat Hellgelb Oval \u2013 ein sonniger Edelstein voller Eleganz<\/a><\/li><li class='ez-toc-page-1 ez-toc-heading-level-4'><a class=\"ez-toc-link ez-toc-heading-2\" href=\"https:\/\/saphirsmaragd.com\/it\/prodotto\/turmalin-2-12-karat-hellgelb-oval\/#Merkmale_Herkunft\" >Caratteristiche e origine<\/a><\/li><li class='ez-toc-page-1 ez-toc-heading-level-4'><a class=\"ez-toc-link ez-toc-heading-3\" href=\"https:\/\/saphirsmaragd.com\/it\/prodotto\/turmalin-2-12-karat-hellgelb-oval\/#Besonderheiten\" >Caratteristiche speciali<\/a><\/li><li class='ez-toc-page-1 ez-toc-heading-level-4'><a class=\"ez-toc-link ez-toc-heading-4\" href=\"https:\/\/saphirsmaragd.com\/it\/prodotto\/turmalin-2-12-karat-hellgelb-oval\/#Mehr_uber_unsere_Edelsteine\" >Per saperne di pi\u00f9 sulle nostre gemme<\/a><\/li><li class='ez-toc-page-1 ez-toc-heading-level-4'><a class=\"ez-toc-link ez-toc-heading-5\" href=\"https:\/\/saphirsmaragd.com\/it\/prodotto\/turmalin-2-12-karat-hellgelb-oval\/#Weitere_Infos\" >Ulteriori informazioni<\/a><\/li><\/ul><\/nav><\/div>\n<h4 data-start=\"822\" data-end=\"902\"><span class=\"ez-toc-section\" id=\"Turmalin_212_Karat_Hellgelb_Oval_%E2%80%93_ein_sonniger_Edelstein_voller_Eleganz\"><\/span>Turmalin 2.12 Karat Hellgelb Oval \u2013 ein sonniger Edelstein voller Eleganz<span class=\"ez-toc-section-end\"><\/span><\/h4>\n<p data-start=\"903\" data-end=\"1242\">Dieser hellgelbe Turmalin fasziniert durch sein zartes Leuchten und die hochwertige oval-geschliffene Form. Mit seiner klaren Transparenz und dem pr\u00e4zisen Schliff entfaltet er ein warmes, strahlendes Farbspiel, das an Sonnenlicht erinnert. Ideal f\u00fcr feine Schmuckst\u00fccke oder als wertvolle Einzelfassung in Sammlungen besonderer Edelsteine.<\/p>\n<hr data-start=\"1244\" data-end=\"1247\" \/>\n<h4 data-start=\"1249\" data-end=\"1278\"><span class=\"ez-toc-section\" id=\"Merkmale_Herkunft\"><\/span>Caratteristiche e origine<span class=\"ez-toc-section-end\"><\/span><\/h4>\n<p data-start=\"1279\" data-end=\"1531\">Steinart: Turmalin<br data-start=\"1297\" data-end=\"1300\" \/>Farbe: Hellgelb<br data-start=\"1315\" data-end=\"1318\" \/>Forma: Ovale<br data-start=\"1328\" data-end=\"1331\" \/>Gewicht: 2.12 Karat<br data-start=\"1350\" data-end=\"1353\" \/>Durezza: 7 sulla scala Mohs<br data-start=\"1380\" data-end=\"1383\" \/>Gr\u00f6\u00dfe: 9.3 \u00d7 7.4 mm<br data-start=\"1402\" data-end=\"1405\" \/>Purezza: Occhi puliti<br data-start=\"1424\" data-end=\"1427\" \/>Trattamento: non trattato<br data-start=\"1450\" data-end=\"1453\" \/>Origine: Madagascar<br data-start=\"1473\" data-end=\"1476\" \/>Certificato: Val\u00e9rie DURAFFOURG (Gem-A)<br data-start=\"1514\" data-end=\"1517\" \/>Condizione: Nuovo<\/p>\n<hr data-start=\"1533\" data-end=\"1536\" \/>\n<h4 data-start=\"1538\" data-end=\"1562\"><span class=\"ez-toc-section\" id=\"Besonderheiten\"><\/span>Caratteristiche speciali<span class=\"ez-toc-section-end\"><\/span><\/h4>\n<p data-start=\"1563\" data-end=\"1866\">Der Turmalin 2.12 Karat Hellgelb Oval zeigt eine wunderbar helle und frische Farbnuance, kombiniert mit hoher Klarheit und pr\u00e4zisem Facettenschliff. Seine nat\u00fcrliche Transparenz und der feine Glanz machen ihn zu einem besonderen Stein f\u00fcr ma\u00dfgefertigte Ringe, Anh\u00e4nger oder exklusive Sammler-Kreationen.<\/p>\n<hr data-start=\"1926\" data-end=\"1929\" \/>\n<h4 data-start=\"1931\" data-end=\"1971\"><span class=\"ez-toc-section\" id=\"Mehr_uber_unsere_Edelsteine\"><\/span>Per saperne di pi\u00f9 sulle nostre gemme<span class=\"ez-toc-section-end\"><\/span><\/h4>\n<p data-start=\"1972\" data-end=\"2069\"><a href=\"https:\/\/saphirsmaragd.com\/it\/product-category\/edelsteine-kaufen\/\">pietre preziose<\/a><\/p>\n<hr data-start=\"2071\" data-end=\"2074\" \/>\n<h4 data-start=\"2076\" data-end=\"2096\"><span class=\"ez-toc-section\" id=\"Weitere_Infos\"><\/span>Ulteriori informazioni<span class=\"ez-toc-section-end\"><\/span><\/h4>\n<p><a href=\"https:\/\/de.wikipedia.org\/wiki\/Turmalin\" target=\"_blank\" rel=\"noopener\">Wikipedia: Turmalin<\/a><\/p>","protected":false},"excerpt":{"rendered":"<p data-start=\"459\" data-end=\"670\"><em>Dieser Turmalin 2.12 Karat Hellgelb Oval besticht durch seinen sanften gelben Farbton, die pr\u00e4zise Facettierung und seine Augenreinheit. Ein echter Blickfang f\u00fcr Schmuckliebhaber und Sammler seltener Edelsteine.<\/em><\/p>\n<h2 data-start=\"523\" data-end=\"548\"><\/h2>","protected":false},"featured_media":4101,"comment_status":"open","ping_status":"closed","template":"","meta":{"_glsr_average":0,"_glsr_ranking":0,"_glsr_reviews":0},"product_brand":[],"product_cat":[109],"product_tag":[],"class_list":{"0":"post-4098","1":"product","2":"type-product","3":"status-publish","4":"has-post-thumbnail","6":"product_cat-turmalin-kaufen","7":"pa_edelsteinart-turmalin","8":"pa_farbe-gelb","9":"pa_form-oval","10":"pa_gewicht-karat-1-0-3-0-karat","11":"pa_reinheit-augenrein","12":"pa_veredelung-behandlung-unbehandelt","13":"pa_zertifikat-ja","14":"pa_zustand-neu","16":"first","17":"instock","18":"featured","19":"sold-individually","20":"shipping-taxable","21":"purchasable","22":"product-type-simple","23":"add-to-wishlist-before_image"},"jetpack_sharing_enabled":true,"_links":{"self":[{"href":"https:\/\/saphirsmaragd.com\/it\/wp-json\/wp\/v2\/product\/4098","targetHints":{"allow":["GET"]}}],"collection":[{"href":"https:\/\/saphirsmaragd.com\/it\/wp-json\/wp\/v2\/product"}],"about":[{"href":"https:\/\/saphirsmaragd.com\/it\/wp-json\/wp\/v2\/types\/product"}],"replies":[{"embeddable":true,"href":"https:\/\/saphirsmaragd.com\/it\/wp-json\/wp\/v2\/comments?post=4098"}],"version-history":[{"count":1,"href":"https:\/\/saphirsmaragd.com\/it\/wp-json\/wp\/v2\/product\/4098\/revisions"}],"predecessor-version":[{"id":4102,"href":"https:\/\/saphirsmaragd.com\/it\/wp-json\/wp\/v2\/product\/4098\/revisions\/4102"}],"wp:featuredmedia":[{"embeddable":true,"href":"https:\/\/saphirsmaragd.com\/it\/wp-json\/wp\/v2\/media\/4101"}],"wp:attachment":[{"href":"https:\/\/saphirsmaragd.com\/it\/wp-json\/wp\/v2\/media?parent=4098"}],"wp:term":[{"taxonomy":"product_brand","embeddable":true,"href":"https:\/\/saphirsmaragd.com\/it\/wp-json\/wp\/v2\/product_brand?post=4098"},{"taxonomy":"product_cat","embeddable":true,"href":"https:\/\/saphirsmaragd.com\/it\/wp-json\/wp\/v2\/product_cat?post=4098"},{"taxonomy":"product_tag","embeddable":true,"href":"https:\/\/saphirsmaragd.com\/it\/wp-json\/wp\/v2\/product_tag?post=4098"}],"curies":[{"name":"wp","href":"https:\/\/api.w.org\/{rel}","templated":true}]}}