{"id":4124,"date":"2025-11-01T10:59:20","date_gmt":"2025-11-01T10:59:20","guid":{"rendered":"https:\/\/saphirsmaragd.com\/?post_type=product&#038;p=4124"},"modified":"2025-12-29T18:55:59","modified_gmt":"2025-12-29T18:55:59","slug":"turmalin-2-80-karat-gruen-oval","status":"publish","type":"product","link":"https:\/\/saphirsmaragd.com\/it\/prodotto\/turmalin-2-80-karat-gruen-oval\/","title":{"rendered":"Tormalina ovale verde da 2,80 carati: una pietra preziosa dalla trasparenza naturale e dall&#039;intensit\u00e0 del colore verde intenso"},"content":{"rendered":"<div id=\"ez-toc-container\" class=\"ez-toc-v2_0_82_2 counter-hierarchy ez-toc-counter ez-toc-grey ez-toc-container-direction\">\n<div class=\"ez-toc-title-container\">\n<p class=\"ez-toc-title\" style=\"cursor:inherit\">Sommario<\/p>\n<span class=\"ez-toc-title-toggle\"><a href=\"#\" class=\"ez-toc-pull-right ez-toc-btn ez-toc-btn-xs ez-toc-btn-default ez-toc-toggle\" aria-label=\"Toggle Table of Content\"><span class=\"ez-toc-js-icon-con\"><span class=\"\"><span class=\"eztoc-hide\" style=\"display:none;\">Attiva\/disattiva<\/span><span class=\"ez-toc-icon-toggle-span\"><svg style=\"fill: #999;color:#999\" xmlns=\"http:\/\/www.w3.org\/2000\/svg\" class=\"list-377408\" width=\"20px\" height=\"20px\" viewbox=\"0 0 24 24\" fill=\"none\"><path d=\"M6 6H4v2h2V6zm14 0H8v2h12V6zM4 11h2v2H4v-2zm16 0H8v2h12v-2zM4 16h2v2H4v-2zm16 0H8v2h12v-2z\" fill=\"currentColor\"><\/path><\/svg><svg style=\"fill: #999;color:#999\" class=\"arrow-unsorted-368013\" xmlns=\"http:\/\/www.w3.org\/2000\/svg\" width=\"10px\" height=\"10px\" viewbox=\"0 0 24 24\" version=\"1.2\" baseprofile=\"tiny\"><path d=\"M18.2 9.3l-6.2-6.3-6.2 6.3c-.2.2-.3.4-.3.7s.1.5.3.7c.2.2.4.3.7.3h11c.3 0 .5-.1.7-.3.2-.2.3-.5.3-.7s-.1-.5-.3-.7zM5.8 14.7l6.2 6.3 6.2-6.3c.2-.2.3-.5.3-.7s-.1-.5-.3-.7c-.2-.2-.4-.3-.7-.3h-11c-.3 0-.5.1-.7.3-.2.2-.3.5-.3.7s.1.5.3.7z\"\/><\/svg><\/span><\/span><\/span><\/a><\/span><\/div>\n<nav><ul class='ez-toc-list ez-toc-list-level-1' ><li class='ez-toc-page-1 ez-toc-heading-level-4'><a class=\"ez-toc-link ez-toc-heading-1\" href=\"https:\/\/saphirsmaragd.com\/it\/prodotto\/turmalin-2-80-karat-gruen-oval\/#Turmalin_280_Karat_Grun_Oval_%E2%80%93_ein_Edelstein_voller_Tiefe_und_Balance\" >Turmalin 2.80 Karat Gr\u00fcn Oval \u2013 ein Edelstein voller Tiefe und Balance<\/a><\/li><li class='ez-toc-page-1 ez-toc-heading-level-4'><a class=\"ez-toc-link ez-toc-heading-2\" href=\"https:\/\/saphirsmaragd.com\/it\/prodotto\/turmalin-2-80-karat-gruen-oval\/#Merkmale_Herkunft\" >Caratteristiche e origine<\/a><\/li><li class='ez-toc-page-1 ez-toc-heading-level-4'><a class=\"ez-toc-link ez-toc-heading-3\" href=\"https:\/\/saphirsmaragd.com\/it\/prodotto\/turmalin-2-80-karat-gruen-oval\/#Besonderheiten\" >Caratteristiche speciali<\/a><\/li><li class='ez-toc-page-1 ez-toc-heading-level-4'><a class=\"ez-toc-link ez-toc-heading-4\" href=\"https:\/\/saphirsmaragd.com\/it\/prodotto\/turmalin-2-80-karat-gruen-oval\/#Mehr_uber_Turmaline_Heilsteine\" >Mehr \u00fcber Turmaline &amp; Heilsteine<\/a><\/li><li class='ez-toc-page-1 ez-toc-heading-level-4'><a class=\"ez-toc-link ez-toc-heading-5\" href=\"https:\/\/saphirsmaragd.com\/it\/prodotto\/turmalin-2-80-karat-gruen-oval\/#Weitere_Infos\" >Ulteriori informazioni<\/a><\/li><\/ul><\/nav><\/div>\n<h4 data-start=\"844\" data-end=\"921\"><span class=\"ez-toc-section\" id=\"Turmalin_280_Karat_Grun_Oval_%E2%80%93_ein_Edelstein_voller_Tiefe_und_Balance\"><\/span>Turmalin 2.80 Karat Gr\u00fcn Oval \u2013 ein Edelstein voller Tiefe und Balance<span class=\"ez-toc-section-end\"><\/span><\/h4>\n<p data-start=\"922\" data-end=\"1339\">Dieser gr\u00fcne Turmalin zeigt eine wundervolle, leuchtende Farbintensit\u00e4t, die an tropische W\u00e4lder erinnert. Mit seinem pr\u00e4zisen Facettenschliff und dem dezenten Glanz ist er ein faszinierender Edelstein f\u00fcr Schmuckliebhaber. Leichte Einschl\u00fcsse unterstreichen seinen nat\u00fcrlichen Charakter und verleihen ihm eine authentische Ausstrahlung. Ideal f\u00fcr ma\u00dfgefertigte Ringe, Anh\u00e4nger oder Sammlungen wertvoller Turmaline.<\/p>\n<hr data-start=\"1341\" data-end=\"1344\" \/>\n<h4 data-start=\"1346\" data-end=\"1375\"><span class=\"ez-toc-section\" id=\"Merkmale_Herkunft\"><\/span>Caratteristiche e origine<span class=\"ez-toc-section-end\"><\/span><\/h4>\n<p data-start=\"1376\" data-end=\"1635\">Steinart: Turmalin<br data-start=\"1394\" data-end=\"1397\" \/>Colore: verde<br data-start=\"1408\" data-end=\"1411\" \/>Forma: Ovale<br data-start=\"1421\" data-end=\"1424\" \/>Gewicht: 2.80 Karat<br data-start=\"1443\" data-end=\"1446\" \/>Durezza: 7 sulla scala Mohs<br data-start=\"1473\" data-end=\"1476\" \/>Gr\u00f6\u00dfe: 9.8 \u00d7 8.2 mm<br data-start=\"1495\" data-end=\"1498\" \/>Reinheit: Deutliche Einschl\u00fcsse<br data-start=\"1529\" data-end=\"1532\" \/>Trattamento: non trattato<br data-start=\"1555\" data-end=\"1558\" \/>Origine: Brasile<br data-start=\"1577\" data-end=\"1580\" \/>Certificato: Val\u00e9rie DURAFFOURG (Gem-A)<br data-start=\"1618\" data-end=\"1621\" \/>Condizione: Nuovo<\/p>\n<hr data-start=\"1637\" data-end=\"1640\" \/>\n<h4 data-start=\"1642\" data-end=\"1666\"><span class=\"ez-toc-section\" id=\"Besonderheiten\"><\/span>Caratteristiche speciali<span class=\"ez-toc-section-end\"><\/span><\/h4>\n<p data-start=\"1667\" data-end=\"1979\">Der Turmalin 2.80 Karat Gr\u00fcn Oval vereint nat\u00fcrliche Farbtiefe mit exzellenter Transparenz. Sein kr\u00e4ftiger Gr\u00fcnton und die feinen Einschl\u00fcsse verleihen ihm eine lebendige Ausstrahlung. Dank seiner Balance aus Klarheit und Charakter ist er ideal f\u00fcr Schmuckst\u00fccke, die Eleganz und Naturverbundenheit ausdr\u00fccken.<\/p>\n<hr data-start=\"1981\" data-end=\"1984\" \/>\n<h4 data-start=\"1986\" data-end=\"2028\"><span class=\"ez-toc-section\" id=\"Mehr_uber_Turmaline_Heilsteine\"><\/span>Mehr \u00fcber Turmaline &amp; Heilsteine<span class=\"ez-toc-section-end\"><\/span><\/h4>\n<p data-start=\"1972\" data-end=\"2069\"><a href=\"https:\/\/saphirsmaragd.com\/it\/product-category\/edelsteine-kaufen\/\">pietre preziose<\/a><\/p>\n<hr data-start=\"2071\" data-end=\"2074\" \/>\n<h4 data-start=\"2076\" data-end=\"2096\"><span class=\"ez-toc-section\" id=\"Weitere_Infos\"><\/span>Ulteriori informazioni<span class=\"ez-toc-section-end\"><\/span><\/h4>\n<p><a href=\"https:\/\/de.wikipedia.org\/wiki\/Turmalin\" target=\"_blank\" rel=\"noopener\">Wikipedia: Turmalin<\/a><\/p>","protected":false},"excerpt":{"rendered":"<p data-start=\"480\" data-end=\"702\"><em>Dieser Turmalin 2.80 Karat Gr\u00fcn Oval \u00fcberzeugt durch sein intensives Smaragdgr\u00fcn, den pr\u00e4zisen Facettenschliff und seine nat\u00fcrliche Transparenz. Ein harmonischer Edelstein f\u00fcr edle Schmuckdesigns und Sammler feiner Steine.<\/em><\/p>\n<h2 data-start=\"523\" data-end=\"548\"><\/h2>","protected":false},"featured_media":4117,"comment_status":"open","ping_status":"closed","template":"","meta":{"_glsr_average":0,"_glsr_ranking":0,"_glsr_reviews":0},"product_brand":[],"product_cat":[109],"product_tag":[],"class_list":{"0":"post-4124","1":"product","2":"type-product","3":"status-publish","4":"has-post-thumbnail","6":"product_cat-turmalin-kaufen","7":"pa_edelsteinart-turmalin","8":"pa_farbe-gruen","9":"pa_form-oval","10":"pa_gewicht-karat-1-0-3-0-karat","11":"pa_reinheit-deutliche-einschluesse","12":"pa_veredelung-behandlung-unbehandelt","13":"pa_zertifikat-ja","14":"pa_zustand-neu","16":"first","17":"instock","18":"featured","19":"sold-individually","20":"shipping-taxable","21":"purchasable","22":"product-type-simple","23":"add-to-wishlist-before_image"},"jetpack_sharing_enabled":true,"_links":{"self":[{"href":"https:\/\/saphirsmaragd.com\/it\/wp-json\/wp\/v2\/product\/4124","targetHints":{"allow":["GET"]}}],"collection":[{"href":"https:\/\/saphirsmaragd.com\/it\/wp-json\/wp\/v2\/product"}],"about":[{"href":"https:\/\/saphirsmaragd.com\/it\/wp-json\/wp\/v2\/types\/product"}],"replies":[{"embeddable":true,"href":"https:\/\/saphirsmaragd.com\/it\/wp-json\/wp\/v2\/comments?post=4124"}],"version-history":[{"count":1,"href":"https:\/\/saphirsmaragd.com\/it\/wp-json\/wp\/v2\/product\/4124\/revisions"}],"predecessor-version":[{"id":4125,"href":"https:\/\/saphirsmaragd.com\/it\/wp-json\/wp\/v2\/product\/4124\/revisions\/4125"}],"wp:featuredmedia":[{"embeddable":true,"href":"https:\/\/saphirsmaragd.com\/it\/wp-json\/wp\/v2\/media\/4117"}],"wp:attachment":[{"href":"https:\/\/saphirsmaragd.com\/it\/wp-json\/wp\/v2\/media?parent=4124"}],"wp:term":[{"taxonomy":"product_brand","embeddable":true,"href":"https:\/\/saphirsmaragd.com\/it\/wp-json\/wp\/v2\/product_brand?post=4124"},{"taxonomy":"product_cat","embeddable":true,"href":"https:\/\/saphirsmaragd.com\/it\/wp-json\/wp\/v2\/product_cat?post=4124"},{"taxonomy":"product_tag","embeddable":true,"href":"https:\/\/saphirsmaragd.com\/it\/wp-json\/wp\/v2\/product_tag?post=4124"}],"curies":[{"name":"wp","href":"https:\/\/api.w.org\/{rel}","templated":true}]}}