{"id":4161,"date":"2025-11-01T11:58:07","date_gmt":"2025-11-01T11:58:07","guid":{"rendered":"https:\/\/saphirsmaragd.com\/?post_type=product&#038;p=4161"},"modified":"2025-12-29T18:55:52","modified_gmt":"2025-12-29T18:55:52","slug":"turmalin-1-11-karat-blau-rechteck","status":"publish","type":"product","link":"https:\/\/saphirsmaragd.com\/it\/prodotto\/turmalin-1-11-karat-blau-rechteck\/","title":{"rendered":"Tormalina blu rettangolare da 1,11 carati: una pietra preziosa luminosa dal colore intenso e dalla forma elegante"},"content":{"rendered":"<div id=\"ez-toc-container\" class=\"ez-toc-v2_0_82_2 counter-hierarchy ez-toc-counter ez-toc-grey ez-toc-container-direction\">\n<div class=\"ez-toc-title-container\">\n<p class=\"ez-toc-title\" style=\"cursor:inherit\">Sommario<\/p>\n<span class=\"ez-toc-title-toggle\"><a href=\"#\" class=\"ez-toc-pull-right ez-toc-btn ez-toc-btn-xs ez-toc-btn-default ez-toc-toggle\" aria-label=\"Toggle Table of Content\"><span class=\"ez-toc-js-icon-con\"><span class=\"\"><span class=\"eztoc-hide\" style=\"display:none;\">Attiva\/disattiva<\/span><span class=\"ez-toc-icon-toggle-span\"><svg style=\"fill: #999;color:#999\" xmlns=\"http:\/\/www.w3.org\/2000\/svg\" class=\"list-377408\" width=\"20px\" height=\"20px\" viewbox=\"0 0 24 24\" fill=\"none\"><path d=\"M6 6H4v2h2V6zm14 0H8v2h12V6zM4 11h2v2H4v-2zm16 0H8v2h12v-2zM4 16h2v2H4v-2zm16 0H8v2h12v-2z\" fill=\"currentColor\"><\/path><\/svg><svg style=\"fill: #999;color:#999\" class=\"arrow-unsorted-368013\" xmlns=\"http:\/\/www.w3.org\/2000\/svg\" width=\"10px\" height=\"10px\" viewbox=\"0 0 24 24\" version=\"1.2\" baseprofile=\"tiny\"><path d=\"M18.2 9.3l-6.2-6.3-6.2 6.3c-.2.2-.3.4-.3.7s.1.5.3.7c.2.2.4.3.7.3h11c.3 0 .5-.1.7-.3.2-.2.3-.5.3-.7s-.1-.5-.3-.7zM5.8 14.7l6.2 6.3 6.2-6.3c.2-.2.3-.5.3-.7s-.1-.5-.3-.7c-.2-.2-.4-.3-.7-.3h-11c-.3 0-.5.1-.7.3-.2.2-.3.5-.3.7s.1.5.3.7z\"\/><\/svg><\/span><\/span><\/span><\/a><\/span><\/div>\n<nav><ul class='ez-toc-list ez-toc-list-level-1' ><li class='ez-toc-page-1 ez-toc-heading-level-4'><a class=\"ez-toc-link ez-toc-heading-1\" href=\"https:\/\/saphirsmaragd.com\/it\/prodotto\/turmalin-1-11-karat-blau-rechteck\/#Turmalin_111_Karat_Blau_Rechteck_%E2%80%93_ein_faszinierender_Edelstein_in_tiefem_Blau\" >Turmalin 1.11 Karat Blau Rechteck \u2013 ein faszinierender Edelstein in tiefem Blau<\/a><\/li><li class='ez-toc-page-1 ez-toc-heading-level-4'><a class=\"ez-toc-link ez-toc-heading-2\" href=\"https:\/\/saphirsmaragd.com\/it\/prodotto\/turmalin-1-11-karat-blau-rechteck\/#Merkmale_Herkunft\" >Caratteristiche e origine<\/a><\/li><li class='ez-toc-page-1 ez-toc-heading-level-4'><a class=\"ez-toc-link ez-toc-heading-3\" href=\"https:\/\/saphirsmaragd.com\/it\/prodotto\/turmalin-1-11-karat-blau-rechteck\/#Besonderheiten\" >Caratteristiche speciali<\/a><\/li><li class='ez-toc-page-1 ez-toc-heading-level-4'><a class=\"ez-toc-link ez-toc-heading-4\" href=\"https:\/\/saphirsmaragd.com\/it\/prodotto\/turmalin-1-11-karat-blau-rechteck\/#Mehr_uber_unsere_Edelsteine\" >Per saperne di pi\u00f9 sulle nostre gemme<\/a><\/li><li class='ez-toc-page-1 ez-toc-heading-level-4'><a class=\"ez-toc-link ez-toc-heading-5\" href=\"https:\/\/saphirsmaragd.com\/it\/prodotto\/turmalin-1-11-karat-blau-rechteck\/#Weitere_Infos\" >Ulteriori informazioni<\/a><\/li><\/ul><\/nav><\/div>\n<h4 data-start=\"813\" data-end=\"899\"><span class=\"ez-toc-section\" id=\"Turmalin_111_Karat_Blau_Rechteck_%E2%80%93_ein_faszinierender_Edelstein_in_tiefem_Blau\"><\/span>Turmalin 1.11 Karat Blau Rechteck \u2013 ein faszinierender Edelstein in tiefem Blau<span class=\"ez-toc-section-end\"><\/span><\/h4>\n<p data-start=\"900\" data-end=\"1285\">Dieser wundersch\u00f6ne blaue Turmalin vereint Eleganz und Ausdruckskraft in einem einzigen Stein. Mit einem Gewicht von 1.11 Karat und dem feinen rechteckigen Facettenschliff reflektiert er das Licht in lebendigen, klaren Blaut\u00f6nen. Seine nat\u00fcrliche Intensit\u00e4t und Reinheit machen ihn zu einer ausgezeichneten Wahl f\u00fcr anspruchsvolle Schmuckdesigns oder hochwertige Edelsteinsammlungen.<\/p>\n<hr data-start=\"1287\" data-end=\"1290\" \/>\n<h4 data-start=\"1292\" data-end=\"1321\"><span class=\"ez-toc-section\" id=\"Merkmale_Herkunft\"><\/span>Caratteristiche e origine<span class=\"ez-toc-section-end\"><\/span><\/h4>\n<p data-start=\"1322\" data-end=\"1598\">Steinart: Turmalin<br data-start=\"1340\" data-end=\"1343\" \/>Colore: Blu<br data-start=\"1354\" data-end=\"1357\" \/>Form: Rechteck geschliffen<br data-start=\"1383\" data-end=\"1386\" \/>Gewicht: 1.11 Karat<br data-start=\"1405\" data-end=\"1408\" \/>Durezza: 7 sulla scala Mohs<br data-start=\"1435\" data-end=\"1438\" \/>Gr\u00f6\u00dfe: ca. 7.5 \u00d7 4.2 mm<br data-start=\"1461\" data-end=\"1464\" \/>Reinheit: Kleine Einschl\u00fcsse<br data-start=\"1492\" data-end=\"1495\" \/>Trattamento: non trattato<br data-start=\"1518\" data-end=\"1521\" \/>Origine: Brasile<br data-start=\"1540\" data-end=\"1543\" \/>Certificato: Val\u00e9rie DURAFFOURG (Gem-A)<br data-start=\"1581\" data-end=\"1584\" \/>Condizione: Nuovo<\/p>\n<hr data-start=\"1600\" data-end=\"1603\" \/>\n<h4 data-start=\"1605\" data-end=\"1629\"><span class=\"ez-toc-section\" id=\"Besonderheiten\"><\/span>Caratteristiche speciali<span class=\"ez-toc-section-end\"><\/span><\/h4>\n<p data-start=\"1630\" data-end=\"1963\">Der Turmalin 1.11 Karat Blau Rechteck zeichnet sich durch seine lebhafte Farbe und exzellente Transparenz aus. Er wurde pr\u00e4zise geschliffen, um maximale Lichtreflexion und Brillanz zu erzielen. Durch seine ausgewogene Gr\u00f6\u00dfe eignet er sich perfekt f\u00fcr elegante Ringe, Anh\u00e4nger oder als zentrales Highlight in ma\u00dfgefertigtem Schmuck.<\/p>\n<hr data-start=\"1926\" data-end=\"1929\" \/>\n<h4 data-start=\"1931\" data-end=\"1971\"><span class=\"ez-toc-section\" id=\"Mehr_uber_unsere_Edelsteine\"><\/span>Per saperne di pi\u00f9 sulle nostre gemme<span class=\"ez-toc-section-end\"><\/span><\/h4>\n<p data-start=\"1972\" data-end=\"2069\"><a href=\"https:\/\/saphirsmaragd.com\/it\/product-category\/edelsteine-kaufen\/\">pietre preziose<\/a><\/p>\n<hr data-start=\"2071\" data-end=\"2074\" \/>\n<h4 data-start=\"2076\" data-end=\"2096\"><span class=\"ez-toc-section\" id=\"Weitere_Infos\"><\/span>Ulteriori informazioni<span class=\"ez-toc-section-end\"><\/span><\/h4>\n<p><a href=\"https:\/\/de.wikipedia.org\/wiki\/Turmalin\" target=\"_blank\" rel=\"noopener\">Wikipedia: Turmalin<\/a><\/p>","protected":false},"excerpt":{"rendered":"<p data-start=\"452\" data-end=\"667\">Dieser Turmalin 1.11 Karat Blau Rechteck besticht durch seinen tiefblauen Glanz, pr\u00e4zisen rechteckigen Schliff und nat\u00fcrliche Brillanz. Ein reiner, hochwertiger Edelstein \u2013 ideal f\u00fcr feine Schmuckst\u00fccke und Sammler.<\/p>\n<h2 data-start=\"523\" data-end=\"548\"><\/h2>","protected":false},"featured_media":4164,"comment_status":"open","ping_status":"closed","template":"","meta":{"_glsr_average":0,"_glsr_ranking":0,"_glsr_reviews":0},"product_brand":[],"product_cat":[109],"product_tag":[],"class_list":{"0":"post-4161","1":"product","2":"type-product","3":"status-publish","4":"has-post-thumbnail","6":"product_cat-turmalin-kaufen","7":"pa_edelsteinart-turmalin","8":"pa_farbe-blau","9":"pa_form-rechteck","10":"pa_gewicht-karat-1-0-3-0-karat","11":"pa_herkunft-brasilien","12":"pa_reinheit-kleine-einschluesse","13":"pa_veredelung-behandlung-unbehandelt","14":"pa_zertifikat-ja","15":"pa_zustand-neu","17":"first","18":"instock","19":"featured","20":"sold-individually","21":"shipping-taxable","22":"purchasable","23":"product-type-simple","24":"add-to-wishlist-before_image"},"jetpack_sharing_enabled":true,"_links":{"self":[{"href":"https:\/\/saphirsmaragd.com\/it\/wp-json\/wp\/v2\/product\/4161","targetHints":{"allow":["GET"]}}],"collection":[{"href":"https:\/\/saphirsmaragd.com\/it\/wp-json\/wp\/v2\/product"}],"about":[{"href":"https:\/\/saphirsmaragd.com\/it\/wp-json\/wp\/v2\/types\/product"}],"replies":[{"embeddable":true,"href":"https:\/\/saphirsmaragd.com\/it\/wp-json\/wp\/v2\/comments?post=4161"}],"version-history":[{"count":1,"href":"https:\/\/saphirsmaragd.com\/it\/wp-json\/wp\/v2\/product\/4161\/revisions"}],"predecessor-version":[{"id":4165,"href":"https:\/\/saphirsmaragd.com\/it\/wp-json\/wp\/v2\/product\/4161\/revisions\/4165"}],"wp:featuredmedia":[{"embeddable":true,"href":"https:\/\/saphirsmaragd.com\/it\/wp-json\/wp\/v2\/media\/4164"}],"wp:attachment":[{"href":"https:\/\/saphirsmaragd.com\/it\/wp-json\/wp\/v2\/media?parent=4161"}],"wp:term":[{"taxonomy":"product_brand","embeddable":true,"href":"https:\/\/saphirsmaragd.com\/it\/wp-json\/wp\/v2\/product_brand?post=4161"},{"taxonomy":"product_cat","embeddable":true,"href":"https:\/\/saphirsmaragd.com\/it\/wp-json\/wp\/v2\/product_cat?post=4161"},{"taxonomy":"product_tag","embeddable":true,"href":"https:\/\/saphirsmaragd.com\/it\/wp-json\/wp\/v2\/product_tag?post=4161"}],"curies":[{"name":"wp","href":"https:\/\/api.w.org\/{rel}","templated":true}]}}