{"id":4395,"date":"2025-11-03T00:58:46","date_gmt":"2025-11-03T00:58:46","guid":{"rendered":"https:\/\/saphirsmaragd.com\/?post_type=product&#038;p=4395"},"modified":"2025-12-05T10:18:39","modified_gmt":"2025-12-05T10:18:39","slug":"achat-auf-staender-goldfarben-klein","status":"publish","type":"product","link":"https:\/\/saphirsmaragd.com\/it\/prodotto\/achat-auf-staender-goldfarben-klein\/","title":{"rendered":"Achat auf St\u00e4nder Goldfarben Klein \u2013 Dekorativer Naturstein mit ausgleichender Energie"},"content":{"rendered":"<div id=\"ez-toc-container\" class=\"ez-toc-v2_0_83 counter-hierarchy ez-toc-counter ez-toc-grey ez-toc-container-direction\">\n<div class=\"ez-toc-title-container\">\n<p class=\"ez-toc-title\" style=\"cursor:inherit\">Sommario<\/p>\n<span class=\"ez-toc-title-toggle\"><a href=\"#\" class=\"ez-toc-pull-right ez-toc-btn ez-toc-btn-xs ez-toc-btn-default ez-toc-toggle\" aria-label=\"Toggle Table of Content\"><span class=\"ez-toc-js-icon-con\"><span class=\"\"><span class=\"eztoc-hide\" style=\"display:none;\">Attiva\/disattiva<\/span><span class=\"ez-toc-icon-toggle-span\"><svg style=\"fill: #999;color:#999\" xmlns=\"http:\/\/www.w3.org\/2000\/svg\" class=\"list-377408\" width=\"20px\" height=\"20px\" viewbox=\"0 0 24 24\" fill=\"none\"><path d=\"M6 6H4v2h2V6zm14 0H8v2h12V6zM4 11h2v2H4v-2zm16 0H8v2h12v-2zM4 16h2v2H4v-2zm16 0H8v2h12v-2z\" fill=\"currentColor\"><\/path><\/svg><svg style=\"fill: #999;color:#999\" class=\"arrow-unsorted-368013\" xmlns=\"http:\/\/www.w3.org\/2000\/svg\" width=\"10px\" height=\"10px\" viewbox=\"0 0 24 24\" version=\"1.2\" baseprofile=\"tiny\"><path d=\"M18.2 9.3l-6.2-6.3-6.2 6.3c-.2.2-.3.4-.3.7s.1.5.3.7c.2.2.4.3.7.3h11c.3 0 .5-.1.7-.3.2-.2.3-.5.3-.7s-.1-.5-.3-.7zM5.8 14.7l6.2 6.3 6.2-6.3c.2-.2.3-.5.3-.7s-.1-.5-.3-.7c-.2-.2-.4-.3-.7-.3h-11c-.3 0-.5.1-.7.3-.2.2-.3.5-.3.7s.1.5.3.7z\"\/><\/svg><\/span><\/span><\/span><\/a><\/span><\/div>\n<nav><ul class='ez-toc-list ez-toc-list-level-1' ><li class='ez-toc-page-1 ez-toc-heading-level-4'><a class=\"ez-toc-link ez-toc-heading-1\" href=\"https:\/\/saphirsmaragd.com\/it\/prodotto\/achat-auf-staender-goldfarben-klein\/#Achat_auf_Stander_Goldfarben_Klein\" >Achat auf St\u00e4nder Goldfarben Klein<\/a><\/li><li class='ez-toc-page-1 ez-toc-heading-level-4'><a class=\"ez-toc-link ez-toc-heading-2\" href=\"https:\/\/saphirsmaragd.com\/it\/prodotto\/achat-auf-staender-goldfarben-klein\/#_Merkmale_Herkunft\" >\u00a0Caratteristiche e origine<\/a><\/li><li class='ez-toc-page-1 ez-toc-heading-level-4'><a class=\"ez-toc-link ez-toc-heading-3\" href=\"https:\/\/saphirsmaragd.com\/it\/prodotto\/achat-auf-staender-goldfarben-klein\/#_Besonderheiten\" >\u00a0Caratteristiche speciali<\/a><\/li><li class='ez-toc-page-1 ez-toc-heading-level-4'><a class=\"ez-toc-link ez-toc-heading-4\" href=\"https:\/\/saphirsmaragd.com\/it\/prodotto\/achat-auf-staender-goldfarben-klein\/#_Mehr_uber_Achate_Heilsteine\" >\u00a0Mehr \u00fcber Achate &amp; Heilsteine<\/a><\/li><li class='ez-toc-page-1 ez-toc-heading-level-4'><a class=\"ez-toc-link ez-toc-heading-5\" href=\"https:\/\/saphirsmaragd.com\/it\/prodotto\/achat-auf-staender-goldfarben-klein\/#_Weitere_Infos\" >\u00a0Ulteriori informazioni<\/a><\/li><\/ul><\/nav><\/div>\n<h4 data-start=\"278\" data-end=\"314\"><span class=\"ez-toc-section\" id=\"Achat_auf_Stander_Goldfarben_Klein\"><\/span>Achat auf St\u00e4nder Goldfarben Klein<span class=\"ez-toc-section-end\"><\/span><\/h4>\n<p data-start=\"316\" data-end=\"638\">Der Achat auf St\u00e4nder Goldfarben Klein ist ein harmonischer Naturstein, der durch seine sanfte, erdende Energie K\u00f6rper, Geist und Seele ins Gleichgewicht bringt. Die Vorderseite ist poliert, w\u00e4hrend die R\u00fcckseite nat\u00fcrlich belassen wurde \u2013 jedes St\u00fcck ist ein Unikat und kann in Farbe, Form und Gr\u00f6\u00dfe leicht variieren.<\/p>\n<hr data-start=\"640\" data-end=\"643\" \/>\n<h4 data-start=\"645\" data-end=\"670\"><span class=\"ez-toc-section\" id=\"_Merkmale_Herkunft\"><\/span>\u00a0Caratteristiche e origine<span class=\"ez-toc-section-end\"><\/span><\/h4>\n<p data-start=\"671\" data-end=\"971\">Farbe: Beige- bis Braun- und Goldt\u00f6ne<br data-start=\"708\" data-end=\"711\" \/>Form: Freiform, Vorderseite poliert, R\u00fcckseite roh<br data-start=\"761\" data-end=\"764\" \/>Origine: Brasile<br data-start=\"783\" data-end=\"786\" \/>Gesamtgr\u00f6\u00dfe: ca. 9 \u00d7 8 \u00d7 3 cm bis 11 \u00d7 9,5 \u00d7 3,5 cm<br data-start=\"837\" data-end=\"840\" \/>Gesamth\u00f6he mit St\u00e4nder: ca. 13,5 \u2013 15,5 cm<br data-start=\"882\" data-end=\"885\" \/>Gewicht: variiert je nach St\u00fcck<br data-start=\"951\" data-end=\"954\" \/>Tipo di pietra: Agata<\/p>\n<hr data-start=\"973\" data-end=\"976\" \/>\n<h4 data-start=\"978\" data-end=\"998\"><span class=\"ez-toc-section\" id=\"_Besonderheiten\"><\/span>\u00a0Caratteristiche speciali<span class=\"ez-toc-section-end\"><\/span><\/h4>\n<p data-start=\"1000\" data-end=\"1377\">Der Achat auf St\u00e4nder Goldfarben Klein ist bekannt f\u00fcr seine ausgleichende, sch\u00fctzende und stabilisierende Wirkung. Seine sanfte Erdenergie vermittelt Ruhe und Sicherheit und unterst\u00fctzt die emotionale und mentale Stabilit\u00e4t. Der Stein f\u00f6rdert Selbstakzeptanz und innere St\u00e4rke, hilft, Stress und Anspannung abzubauen und schenkt Ihnen ein Gef\u00fchl von Balance und Frieden.<\/p>\n<p data-start=\"1379\" data-end=\"1760\">Achat regt zur Selbstreflexion an und unterst\u00fctzt Sie dabei, Ziele klar zu definieren und mit Ruhe zu verfolgen. Seine beruhigende Wirkung erleichtert es, Situationen objektiv zu betrachten und geordnete Entscheidungen zu treffen. Als Dekorstein bringt er zudem nat\u00fcrliche Eleganz in Ihre Wohn- oder Arbeitsumgebung und erinnert Sie t\u00e4glich an Best\u00e4ndigkeit und Ausgeglichenheit.<\/p>\n<hr data-start=\"1762\" data-end=\"1765\" \/>\n<h4 data-start=\"1767\" data-end=\"1802\"><span class=\"ez-toc-section\" id=\"_Mehr_uber_Achate_Heilsteine\"><\/span>\u00a0Mehr \u00fcber Achate &amp; Heilsteine<span class=\"ez-toc-section-end\"><\/span><\/h4>\n<p data-start=\"1803\" data-end=\"1983\">Erfahren Sie mehr \u00fcber die Welt der <a class=\"decorated-link cursor-pointer\" href=\"https:\/\/saphirsmaragd.com\/it\/product-category\/heilsteine-kristalle-kaufen\/\" target=\"_new\" rel=\"noopener\" data-start=\"1841\" data-end=\"1938\">Pietre e cristalli curativi<\/a> und ihre Wirkungen auf K\u00f6rper und Geist.<\/p>\n<hr data-start=\"1985\" data-end=\"1988\" \/>\n<h4 data-start=\"1990\" data-end=\"2009\"><span class=\"ez-toc-section\" id=\"_Weitere_Infos\"><\/span>\u00a0Ulteriori informazioni<span class=\"ez-toc-section-end\"><\/span><\/h4>\n<p data-start=\"2010\" data-end=\"2065\"><a class=\"decorated-link cursor-pointer\" href=\"https:\/\/de.wikipedia.org\/wiki\/Achat\" target=\"_new\" rel=\"noopener\" data-start=\"2010\" data-end=\"2065\">Wikipedia: Agata<\/a><\/p>","protected":false},"excerpt":{"rendered":"<p><em>Achat auf St\u00e4nder Goldfarben Klein \u2013 edler Naturstein aus Brasilien mit harmonisierender Wirkung f\u00fcr Balance und Schutz.<\/em><\/p>","protected":false},"featured_media":4396,"comment_status":"open","ping_status":"closed","template":"","meta":{"_glsr_average":0,"_glsr_ranking":0,"_glsr_reviews":0},"product_brand":[],"product_cat":[84],"product_tag":[],"class_list":{"0":"post-4395","1":"product","2":"type-product","3":"status-publish","4":"has-post-thumbnail","6":"product_cat-rohsteine-kaufen","8":"first","9":"instock","10":"shipping-taxable","11":"purchasable","12":"product-type-simple","13":"add-to-wishlist-before_image"},"jetpack_sharing_enabled":true,"_links":{"self":[{"href":"https:\/\/saphirsmaragd.com\/it\/wp-json\/wp\/v2\/product\/4395","targetHints":{"allow":["GET"]}}],"collection":[{"href":"https:\/\/saphirsmaragd.com\/it\/wp-json\/wp\/v2\/product"}],"about":[{"href":"https:\/\/saphirsmaragd.com\/it\/wp-json\/wp\/v2\/types\/product"}],"replies":[{"embeddable":true,"href":"https:\/\/saphirsmaragd.com\/it\/wp-json\/wp\/v2\/comments?post=4395"}],"version-history":[{"count":1,"href":"https:\/\/saphirsmaragd.com\/it\/wp-json\/wp\/v2\/product\/4395\/revisions"}],"predecessor-version":[{"id":4398,"href":"https:\/\/saphirsmaragd.com\/it\/wp-json\/wp\/v2\/product\/4395\/revisions\/4398"}],"wp:featuredmedia":[{"embeddable":true,"href":"https:\/\/saphirsmaragd.com\/it\/wp-json\/wp\/v2\/media\/4396"}],"wp:attachment":[{"href":"https:\/\/saphirsmaragd.com\/it\/wp-json\/wp\/v2\/media?parent=4395"}],"wp:term":[{"taxonomy":"product_brand","embeddable":true,"href":"https:\/\/saphirsmaragd.com\/it\/wp-json\/wp\/v2\/product_brand?post=4395"},{"taxonomy":"product_cat","embeddable":true,"href":"https:\/\/saphirsmaragd.com\/it\/wp-json\/wp\/v2\/product_cat?post=4395"},{"taxonomy":"product_tag","embeddable":true,"href":"https:\/\/saphirsmaragd.com\/it\/wp-json\/wp\/v2\/product_tag?post=4395"}],"curies":[{"name":"wp","href":"https:\/\/api.w.org\/{rel}","templated":true}]}}