{"id":5483,"date":"2025-11-19T16:51:40","date_gmt":"2025-11-19T16:51:40","guid":{"rendered":"https:\/\/saphirsmaragd.com\/?post_type=product&#038;p=5483"},"modified":"2025-11-19T16:51:41","modified_gmt":"2025-11-19T16:51:41","slug":"spitze-kambaba-jaspis-schutz","status":"publish","type":"product","link":"https:\/\/saphirsmaragd.com\/it\/prodotto\/spitze-kambaba-jaspis-schutz\/","title":{"rendered":"Spitze Kambaba Jaspis Schutz \u2013 Kraftvoller Heilstein aus Madagaskar \u2013 2424 g"},"content":{"rendered":"<div id=\"ez-toc-container\" class=\"ez-toc-v2_0_82_2 counter-hierarchy ez-toc-counter ez-toc-grey ez-toc-container-direction\">\n<div class=\"ez-toc-title-container\">\n<p class=\"ez-toc-title\" style=\"cursor:inherit\">Sommario<\/p>\n<span class=\"ez-toc-title-toggle\"><a href=\"#\" class=\"ez-toc-pull-right ez-toc-btn ez-toc-btn-xs ez-toc-btn-default ez-toc-toggle\" aria-label=\"Toggle Table of Content\"><span class=\"ez-toc-js-icon-con\"><span class=\"\"><span class=\"eztoc-hide\" style=\"display:none;\">Attiva\/disattiva<\/span><span class=\"ez-toc-icon-toggle-span\"><svg style=\"fill: #999;color:#999\" xmlns=\"http:\/\/www.w3.org\/2000\/svg\" class=\"list-377408\" width=\"20px\" height=\"20px\" viewbox=\"0 0 24 24\" fill=\"none\"><path d=\"M6 6H4v2h2V6zm14 0H8v2h12V6zM4 11h2v2H4v-2zm16 0H8v2h12v-2zM4 16h2v2H4v-2zm16 0H8v2h12v-2z\" fill=\"currentColor\"><\/path><\/svg><svg style=\"fill: #999;color:#999\" class=\"arrow-unsorted-368013\" xmlns=\"http:\/\/www.w3.org\/2000\/svg\" width=\"10px\" height=\"10px\" viewbox=\"0 0 24 24\" version=\"1.2\" baseprofile=\"tiny\"><path d=\"M18.2 9.3l-6.2-6.3-6.2 6.3c-.2.2-.3.4-.3.7s.1.5.3.7c.2.2.4.3.7.3h11c.3 0 .5-.1.7-.3.2-.2.3-.5.3-.7s-.1-.5-.3-.7zM5.8 14.7l6.2 6.3 6.2-6.3c.2-.2.3-.5.3-.7s-.1-.5-.3-.7c-.2-.2-.4-.3-.7-.3h-11c-.3 0-.5.1-.7.3-.2.2-.3.5-.3.7s.1.5.3.7z\"\/><\/svg><\/span><\/span><\/span><\/a><\/span><\/div>\n<nav><ul class='ez-toc-list ez-toc-list-level-1' ><li class='ez-toc-page-1 ez-toc-heading-level-4'><a class=\"ez-toc-link ez-toc-heading-1\" href=\"https:\/\/saphirsmaragd.com\/it\/prodotto\/spitze-kambaba-jaspis-schutz\/#Spitze_Kambaba_Jaspis_Schutz_%E2%80%93_Kraftvoller_Heilstein_aus_Madagaskar_%E2%80%93_2424_g\" >Spitze Kambaba Jaspis Schutz \u2013 Kraftvoller Heilstein aus Madagaskar \u2013 2424 g<\/a><\/li><li class='ez-toc-page-1 ez-toc-heading-level-4'><a class=\"ez-toc-link ez-toc-heading-2\" href=\"https:\/\/saphirsmaragd.com\/it\/prodotto\/spitze-kambaba-jaspis-schutz\/#_Merkmale_Herkunft\" >\u00a0Caratteristiche e origine<\/a><\/li><li class='ez-toc-page-1 ez-toc-heading-level-4'><a class=\"ez-toc-link ez-toc-heading-3\" href=\"https:\/\/saphirsmaragd.com\/it\/prodotto\/spitze-kambaba-jaspis-schutz\/#_Besonderheiten\" >\u00a0Caratteristiche speciali<\/a><\/li><li class='ez-toc-page-1 ez-toc-heading-level-4'><a class=\"ez-toc-link ez-toc-heading-4\" href=\"https:\/\/saphirsmaragd.com\/it\/prodotto\/spitze-kambaba-jaspis-schutz\/#_Mehr_uber_Jaspis_Heilsteine\" >\u00a0Mehr \u00fcber Jaspis &amp; Heilsteine<\/a><\/li><li class='ez-toc-page-1 ez-toc-heading-level-4'><a class=\"ez-toc-link ez-toc-heading-5\" href=\"https:\/\/saphirsmaragd.com\/it\/prodotto\/spitze-kambaba-jaspis-schutz\/#_Weitere_Infos\" >\u00a0Ulteriori informazioni<\/a><\/li><\/ul><\/nav><\/div>\n<h4 data-start=\"836\" data-end=\"918\"><span class=\"ez-toc-section\" id=\"Spitze_Kambaba_Jaspis_Schutz_%E2%80%93_Kraftvoller_Heilstein_aus_Madagaskar_%E2%80%93_2424_g\"><\/span><strong data-start=\"838\" data-end=\"918\">Spitze Kambaba Jaspis Schutz \u2013 Kraftvoller Heilstein aus Madagaskar \u2013 2424 g<\/strong><span class=\"ez-toc-section-end\"><\/span><\/h4>\n<p data-start=\"920\" data-end=\"1173\">Die Spitze Kambaba Jaspis Schutz ist ein beeindruckender Naturstein aus Madagaskar, der Erdung, energetischen Schutz und innere Stabilit\u00e4t vereint. Diese Spitze weist nat\u00fcrliche Vertiefungen und Unebenheiten auf, die typisch f\u00fcr Kambaba Jaspis sind.<\/p>\n<hr data-start=\"1175\" data-end=\"1178\" \/>\n<h4 data-start=\"1180\" data-end=\"1205\"><span class=\"ez-toc-section\" id=\"_Merkmale_Herkunft\"><\/span>\u00a0Caratteristiche e origine<span class=\"ez-toc-section-end\"><\/span><\/h4>\n<p data-start=\"1206\" data-end=\"1560\">Farbe: Gr\u00fcnt\u00f6ne mit dunklen Musterungen (Kambaba Jaspis)<br data-start=\"1262\" data-end=\"1265\" \/>Form: Spitze, geschliffen<br data-start=\"1290\" data-end=\"1293\" \/>Origine: Madagascar<br data-start=\"1313\" data-end=\"1316\" \/>Gewicht: 2424 g<br data-start=\"1331\" data-end=\"1334\" \/>Ma\u00dfe: 28 \u00d7 8 \u00d7 6.5 cm<br data-start=\"1355\" data-end=\"1358\" \/>Reinheit: Nat\u00fcrlich, mit naturbelassenen Vertiefungen<br data-start=\"1411\" data-end=\"1414\" \/>Trattamento: non trattato<br data-start=\"1471\" data-end=\"1474\" \/>Steinart: Kambaba Jaspis<br data-start=\"1498\" data-end=\"1501\" \/>\n<\/p>\n<hr data-start=\"1562\" data-end=\"1565\" \/>\n<h4 data-start=\"1567\" data-end=\"1587\"><span class=\"ez-toc-section\" id=\"_Besonderheiten\"><\/span>\u00a0Caratteristiche speciali<span class=\"ez-toc-section-end\"><\/span><\/h4>\n<p data-start=\"1588\" data-end=\"1936\">Die Spitze Kambaba Jaspis Schutz vereint die klassischen Eigenschaften von Jaspis mit der besonderen beruhigenden Energie des Kambaba Jaspis. Der Stein f\u00f6rdert Erdung, innere Stabilit\u00e4t, Mut und Entschlossenheit. Er unterst\u00fctzt Sie dabei, Ziele konsequent zu verfolgen, Selbstvertrauen zu entwickeln und Ideen in konkrete Handlungen umzusetzen.<\/p>\n<p data-start=\"1938\" data-end=\"2209\">Kambaba Jaspis sch\u00fctzt vor negativen Energien, st\u00e4rkt Resilienz, hilft bei der Strukturierung von Gedanken und f\u00f6rdert Klarheit und inneren Frieden. Auf k\u00f6rperlicher Ebene wirkt der Stein positiv auf den Kreislauf, die Verdauung, die Organe und die reproduktiven Systeme.<\/p>\n<hr data-start=\"2211\" data-end=\"2214\" \/>\n<h4 data-start=\"2216\" data-end=\"2251\"><span class=\"ez-toc-section\" id=\"_Mehr_uber_Jaspis_Heilsteine\"><\/span>\u00a0Mehr \u00fcber Jaspis &amp; Heilsteine<span class=\"ez-toc-section-end\"><\/span><\/h4>\n<p data-start=\"2252\" data-end=\"2293\"><a href=\"https:\/\/saphirsmaragd.com\/it\/product-category\/heilsteine-kristalle-kaufen\/\">Pietre e cristalli curativi<\/a> | Zaffiro e smeraldo<\/p>\n<hr data-start=\"2295\" data-end=\"2298\" \/>\n<h4 data-start=\"2300\" data-end=\"2321\"><span class=\"ez-toc-section\" id=\"_Weitere_Infos\"><\/span>\u00a0Ulteriori informazioni<span class=\"ez-toc-section-end\"><\/span><\/h4>\n<p data-start=\"2322\" data-end=\"2369\">Wikipedia:<a class=\"decorated-link\" href=\"https:\/\/de.wikipedia.org\/wiki\/Jaspis\" target=\"_new\" rel=\"noopener\" data-start=\"2333\" data-end=\"2369\">Jaspis<\/a><\/p>","protected":false},"excerpt":{"rendered":"<p><em>Die Spitze Kambaba Jaspis Schutz ist ein kraftvoller Heilstein aus Madagaskar, der Erdung, Schutz vor negativen Energien und innere Balance f\u00f6rdert. Ideal f\u00fcr Meditation, Raumenergie und spirituelle Arbeit.<\/em><\/p>","protected":false},"featured_media":5484,"comment_status":"open","ping_status":"closed","template":"","meta":{"_glsr_average":0,"_glsr_ranking":0,"_glsr_reviews":0},"product_brand":[],"product_cat":[84],"product_tag":[],"class_list":{"0":"post-5483","1":"product","2":"type-product","3":"status-publish","4":"has-post-thumbnail","6":"product_cat-rohsteine-kaufen","8":"first","9":"instock","10":"taxable","11":"shipping-taxable","12":"purchasable","13":"product-type-simple","14":"add-to-wishlist-before_image"},"jetpack_sharing_enabled":true,"_links":{"self":[{"href":"https:\/\/saphirsmaragd.com\/it\/wp-json\/wp\/v2\/product\/5483","targetHints":{"allow":["GET"]}}],"collection":[{"href":"https:\/\/saphirsmaragd.com\/it\/wp-json\/wp\/v2\/product"}],"about":[{"href":"https:\/\/saphirsmaragd.com\/it\/wp-json\/wp\/v2\/types\/product"}],"replies":[{"embeddable":true,"href":"https:\/\/saphirsmaragd.com\/it\/wp-json\/wp\/v2\/comments?post=5483"}],"version-history":[{"count":1,"href":"https:\/\/saphirsmaragd.com\/it\/wp-json\/wp\/v2\/product\/5483\/revisions"}],"predecessor-version":[{"id":5486,"href":"https:\/\/saphirsmaragd.com\/it\/wp-json\/wp\/v2\/product\/5483\/revisions\/5486"}],"wp:featuredmedia":[{"embeddable":true,"href":"https:\/\/saphirsmaragd.com\/it\/wp-json\/wp\/v2\/media\/5484"}],"wp:attachment":[{"href":"https:\/\/saphirsmaragd.com\/it\/wp-json\/wp\/v2\/media?parent=5483"}],"wp:term":[{"taxonomy":"product_brand","embeddable":true,"href":"https:\/\/saphirsmaragd.com\/it\/wp-json\/wp\/v2\/product_brand?post=5483"},{"taxonomy":"product_cat","embeddable":true,"href":"https:\/\/saphirsmaragd.com\/it\/wp-json\/wp\/v2\/product_cat?post=5483"},{"taxonomy":"product_tag","embeddable":true,"href":"https:\/\/saphirsmaragd.com\/it\/wp-json\/wp\/v2\/product_tag?post=5483"}],"curies":[{"name":"wp","href":"https:\/\/api.w.org\/{rel}","templated":true}]}}