{"id":6133,"date":"2025-12-14T15:06:02","date_gmt":"2025-12-14T15:06:02","guid":{"rendered":"https:\/\/saphirsmaragd.com\/?post_type=product&#038;p=6133"},"modified":"2025-12-29T18:49:11","modified_gmt":"2025-12-29T18:49:11","slug":"rosa-saphir-1-16-karat-kissen-farbe-rosa","status":"publish","type":"product","link":"https:\/\/saphirsmaragd.com\/it\/prodotto\/rosa-saphir-1-16-karat-kissen-farbe-rosa\/","title":{"rendered":"Rosa Saphir 1.16 Karat Kissen Farbe Rosa aus Sri Lanka \u2013 unbehandelt"},"content":{"rendered":"<div id=\"ez-toc-container\" class=\"ez-toc-v2_0_82_2 counter-hierarchy ez-toc-counter ez-toc-grey ez-toc-container-direction\">\n<div class=\"ez-toc-title-container\">\n<p class=\"ez-toc-title\" style=\"cursor:inherit\">Sommario<\/p>\n<span class=\"ez-toc-title-toggle\"><a href=\"#\" class=\"ez-toc-pull-right ez-toc-btn ez-toc-btn-xs ez-toc-btn-default ez-toc-toggle\" aria-label=\"Toggle Table of Content\"><span class=\"ez-toc-js-icon-con\"><span class=\"\"><span class=\"eztoc-hide\" style=\"display:none;\">Attiva\/disattiva<\/span><span class=\"ez-toc-icon-toggle-span\"><svg style=\"fill: #999;color:#999\" xmlns=\"http:\/\/www.w3.org\/2000\/svg\" class=\"list-377408\" width=\"20px\" height=\"20px\" viewbox=\"0 0 24 24\" fill=\"none\"><path d=\"M6 6H4v2h2V6zm14 0H8v2h12V6zM4 11h2v2H4v-2zm16 0H8v2h12v-2zM4 16h2v2H4v-2zm16 0H8v2h12v-2z\" fill=\"currentColor\"><\/path><\/svg><svg style=\"fill: #999;color:#999\" class=\"arrow-unsorted-368013\" xmlns=\"http:\/\/www.w3.org\/2000\/svg\" width=\"10px\" height=\"10px\" viewbox=\"0 0 24 24\" version=\"1.2\" baseprofile=\"tiny\"><path d=\"M18.2 9.3l-6.2-6.3-6.2 6.3c-.2.2-.3.4-.3.7s.1.5.3.7c.2.2.4.3.7.3h11c.3 0 .5-.1.7-.3.2-.2.3-.5.3-.7s-.1-.5-.3-.7zM5.8 14.7l6.2 6.3 6.2-6.3c.2-.2.3-.5.3-.7s-.1-.5-.3-.7c-.2-.2-.4-.3-.7-.3h-11c-.3 0-.5.1-.7.3-.2.2-.3.5-.3.7s.1.5.3.7z\"\/><\/svg><\/span><\/span><\/span><\/a><\/span><\/div>\n<nav><ul class='ez-toc-list ez-toc-list-level-1' ><li class='ez-toc-page-1 ez-toc-heading-level-4'><a class=\"ez-toc-link ez-toc-heading-1\" href=\"https:\/\/saphirsmaragd.com\/it\/prodotto\/rosa-saphir-1-16-karat-kissen-farbe-rosa\/#Rosa_Saphir_116_Karat_Kissen_Farbe_Rosa_%E2%80%93_naturlich_elegant_und_ausdrucksstark\" >Rosa Saphir 1.16 Karat Kissen Farbe Rosa \u2013 nat\u00fcrlich, elegant und ausdrucksstark<\/a><\/li><li class='ez-toc-page-1 ez-toc-heading-level-4'><a class=\"ez-toc-link ez-toc-heading-2\" href=\"https:\/\/saphirsmaragd.com\/it\/prodotto\/rosa-saphir-1-16-karat-kissen-farbe-rosa\/#Merkmale_Herkunft\" >Caratteristiche e origine<\/a><\/li><li class='ez-toc-page-1 ez-toc-heading-level-4'><a class=\"ez-toc-link ez-toc-heading-3\" href=\"https:\/\/saphirsmaragd.com\/it\/prodotto\/rosa-saphir-1-16-karat-kissen-farbe-rosa\/#Besonderheiten\" >Caratteristiche speciali<\/a><\/li><li class='ez-toc-page-1 ez-toc-heading-level-4'><a class=\"ez-toc-link ez-toc-heading-4\" href=\"https:\/\/saphirsmaragd.com\/it\/prodotto\/rosa-saphir-1-16-karat-kissen-farbe-rosa\/#Mehr_uber_unsere_Edelsteine\" >Per saperne di pi\u00f9 sulle nostre gemme<\/a><\/li><li class='ez-toc-page-1 ez-toc-heading-level-4'><a class=\"ez-toc-link ez-toc-heading-5\" href=\"https:\/\/saphirsmaragd.com\/it\/prodotto\/rosa-saphir-1-16-karat-kissen-farbe-rosa\/#Weitere_Infos\" >Ulteriori informazioni<\/a><\/li><\/ul><\/nav><\/div>\n<h4 data-start=\"893\" data-end=\"979\"><span class=\"ez-toc-section\" id=\"Rosa_Saphir_116_Karat_Kissen_Farbe_Rosa_%E2%80%93_naturlich_elegant_und_ausdrucksstark\"><\/span>Rosa Saphir 1.16 Karat Kissen Farbe Rosa \u2013 nat\u00fcrlich, elegant und ausdrucksstark<span class=\"ez-toc-section-end\"><\/span><\/h4>\n<p data-start=\"980\" data-end=\"1263\">Il <strong data-start=\"984\" data-end=\"1028\">Rosa Saphir 1.16 Karat Kissen Farbe Rosa<\/strong> \u00fcberzeugt durch seine harmonische rosafarbene T\u00f6nung mit leichtem warmem Unterton sowie durch seine unbehandelte Qualit\u00e4t. Ein eleganter Edelstein aus Sri Lanka, der sich ideal f\u00fcr feinen Schmuck und individuelle Anfertigungen eignet.<\/p>\n<hr data-start=\"1265\" data-end=\"1268\" \/>\n<h4 data-start=\"1270\" data-end=\"1294\"><span class=\"ez-toc-section\" id=\"Merkmale_Herkunft\"><\/span>Caratteristiche e origine<span class=\"ez-toc-section-end\"><\/span><\/h4>\n<p data-start=\"1295\" data-end=\"1575\">Steinart: Saphir<br data-start=\"1311\" data-end=\"1314\" \/>Farbe: Rosa<br data-start=\"1325\" data-end=\"1328\" \/>Gewicht: 1.16 Karat<br data-start=\"1347\" data-end=\"1350\" \/>Form: Kissen<br data-start=\"1362\" data-end=\"1365\" \/>Schliff: Kissenschliff (Mixed Cut)<br data-start=\"1399\" data-end=\"1402\" \/>Herkunft: Sri Lanka<br data-start=\"1421\" data-end=\"1424\" \/>Trattamento: non trattato<br data-start=\"1447\" data-end=\"1450\" \/>Purezza: Occhi puliti<br data-start=\"1469\" data-end=\"1472\" \/>Abmessungen: 6.30 \u00d7 5.19 \u00d7 3.90 mm<br data-start=\"1506\" data-end=\"1509\" \/>H\u00e4rte (Mohs): 9<br data-start=\"1524\" data-end=\"1527\" \/>Condizione: Nuovo<br data-start=\"1539\" data-end=\"1542\" \/>Zertifikat: Ja \u2013 Hauszertifikat<\/p>\n<hr data-start=\"1577\" data-end=\"1580\" \/>\n<h4 data-start=\"1582\" data-end=\"1601\"><span class=\"ez-toc-section\" id=\"Besonderheiten\"><\/span>Caratteristiche speciali<span class=\"ez-toc-section-end\"><\/span><\/h4>\n<p data-start=\"1602\" data-end=\"1973\">Il <strong data-start=\"1606\" data-end=\"1650\">Rosa Saphir 1.16 Karat Kissen Farbe Rosa<\/strong> stammt aus einer der renommiertesten Herkunftsregionen f\u00fcr Saphire weltweit. Die unbehandelte Qualit\u00e4t unterstreicht die Nat\u00fcrlichkeit dieses Edelsteins. Die Kissenform sorgt f\u00fcr eine ausgewogene Brillanz und eine elegante Optik, wodurch sich der Stein besonders gut f\u00fcr Ringe, Anh\u00e4nger oder ma\u00dfgefertigten Schmuck eignet.<\/p>\n<hr data-start=\"1353\" data-end=\"1356\" \/>\n<h4 data-start=\"1931\" data-end=\"1971\"><span class=\"ez-toc-section\" id=\"Mehr_uber_unsere_Edelsteine\"><\/span>Per saperne di pi\u00f9 sulle nostre gemme<span class=\"ez-toc-section-end\"><\/span><\/h4>\n<p data-start=\"1972\" data-end=\"2069\"><a href=\"https:\/\/saphirsmaragd.com\/it\/product-category\/edelsteine-kaufen\/\">pietre preziose<\/a><\/p>\n<hr data-start=\"1592\" data-end=\"1595\" \/>\n<h4 data-start=\"1597\" data-end=\"1620\"><span class=\"ez-toc-section\" id=\"Weitere_Infos\"><\/span>Ulteriori informazioni<span class=\"ez-toc-section-end\"><\/span><\/h4>\n<p data-start=\"1621\" data-end=\"1735\"><a class=\"\" href=\"https:\/\/de.wikipedia.org\/wiki\/Saphir\" target=\"_new\" rel=\"noopener\" data-start=\"1659\" data-end=\"1735\">zaffiro<\/a><\/p>","protected":false},"excerpt":{"rendered":"<p data-start=\"627\" data-end=\"779\"><em>Edler Rosa Saphir 1.16 Karat Kissen Farbe Rosa aus Sri Lanka. Unbehandelt, augenrein und ideal f\u00fcr hochwertigen Schmuck oder individuelle Fassungen.<\/em><\/p>\n<p data-start=\"378\" data-end=\"474\">","protected":false},"featured_media":6136,"comment_status":"open","ping_status":"closed","template":"","meta":{"_glsr_average":0,"_glsr_ranking":0,"_glsr_reviews":0},"product_brand":[],"product_cat":[74],"product_tag":[],"class_list":{"0":"post-6133","1":"product","2":"type-product","3":"status-publish","4":"has-post-thumbnail","6":"product_cat-saphire-kaufen","7":"pa_edelsteinart-saphir","8":"pa_farbe-rosa","9":"pa_form-kissen","10":"pa_gewicht-karat-1-0-3-0-karat","11":"pa_herkunft-sri-lanka","12":"pa_reinheit-augenrein","13":"pa_veredelung-behandlung-unbehandelt","14":"pa_zertifikat-ja","15":"pa_zustand-neu","17":"first","18":"instock","19":"sold-individually","20":"shipping-taxable","21":"purchasable","22":"product-type-simple","23":"add-to-wishlist-before_image"},"jetpack_sharing_enabled":true,"_links":{"self":[{"href":"https:\/\/saphirsmaragd.com\/it\/wp-json\/wp\/v2\/product\/6133","targetHints":{"allow":["GET"]}}],"collection":[{"href":"https:\/\/saphirsmaragd.com\/it\/wp-json\/wp\/v2\/product"}],"about":[{"href":"https:\/\/saphirsmaragd.com\/it\/wp-json\/wp\/v2\/types\/product"}],"replies":[{"embeddable":true,"href":"https:\/\/saphirsmaragd.com\/it\/wp-json\/wp\/v2\/comments?post=6133"}],"version-history":[{"count":1,"href":"https:\/\/saphirsmaragd.com\/it\/wp-json\/wp\/v2\/product\/6133\/revisions"}],"predecessor-version":[{"id":6137,"href":"https:\/\/saphirsmaragd.com\/it\/wp-json\/wp\/v2\/product\/6133\/revisions\/6137"}],"wp:featuredmedia":[{"embeddable":true,"href":"https:\/\/saphirsmaragd.com\/it\/wp-json\/wp\/v2\/media\/6136"}],"wp:attachment":[{"href":"https:\/\/saphirsmaragd.com\/it\/wp-json\/wp\/v2\/media?parent=6133"}],"wp:term":[{"taxonomy":"product_brand","embeddable":true,"href":"https:\/\/saphirsmaragd.com\/it\/wp-json\/wp\/v2\/product_brand?post=6133"},{"taxonomy":"product_cat","embeddable":true,"href":"https:\/\/saphirsmaragd.com\/it\/wp-json\/wp\/v2\/product_cat?post=6133"},{"taxonomy":"product_tag","embeddable":true,"href":"https:\/\/saphirsmaragd.com\/it\/wp-json\/wp\/v2\/product_tag?post=6133"}],"curies":[{"name":"wp","href":"https:\/\/api.w.org\/{rel}","templated":true}]}}