{"id":8278,"date":"2026-03-22T12:42:21","date_gmt":"2026-03-22T12:42:21","guid":{"rendered":"https:\/\/saphirsmaragd.com\/?post_type=product&#038;p=8278"},"modified":"2026-03-22T12:48:31","modified_gmt":"2026-03-22T12:48:31","slug":"peridot-quadrat-farbe-gruen-4-00-karat","status":"publish","type":"product","link":"https:\/\/saphirsmaragd.com\/it\/prodotto\/peridot-quadrat-farbe-gruen-4-00-karat\/","title":{"rendered":"Peridot quadrat Farbe gr\u00fcn 4.00 Karat \u2013 Intensiver Edelstein aus Pakistan im eleganten Schliff"},"content":{"rendered":"<p data-start=\"806\" data-end=\"1058\">Der Peridot quadrat Farbe gr\u00fcn 4.00 Karat \u00fcberzeugt durch seine intensive gr\u00fcne Farbe und seinen pr\u00e4zisen quadratischen Schliff. Dieser Edelstein strahlt Frische und Lebendigkeit aus und eignet sich hervorragend f\u00fcr moderne und stilvolle Schmuckst\u00fccke.<\/p>\n<hr data-start=\"1060\" data-end=\"1063\" \/>\n<div id=\"ez-toc-container\" class=\"ez-toc-v2_0_82_2 counter-hierarchy ez-toc-counter ez-toc-grey ez-toc-container-direction\">\n<div class=\"ez-toc-title-container\">\n<p class=\"ez-toc-title\" style=\"cursor:inherit\">Sommario<\/p>\n<span class=\"ez-toc-title-toggle\"><a href=\"#\" class=\"ez-toc-pull-right ez-toc-btn ez-toc-btn-xs ez-toc-btn-default ez-toc-toggle\" aria-label=\"Toggle Table of Content\"><span class=\"ez-toc-js-icon-con\"><span class=\"\"><span class=\"eztoc-hide\" style=\"display:none;\">Attiva\/disattiva<\/span><span class=\"ez-toc-icon-toggle-span\"><svg style=\"fill: #999;color:#999\" xmlns=\"http:\/\/www.w3.org\/2000\/svg\" class=\"list-377408\" width=\"20px\" height=\"20px\" viewbox=\"0 0 24 24\" fill=\"none\"><path d=\"M6 6H4v2h2V6zm14 0H8v2h12V6zM4 11h2v2H4v-2zm16 0H8v2h12v-2zM4 16h2v2H4v-2zm16 0H8v2h12v-2z\" fill=\"currentColor\"><\/path><\/svg><svg style=\"fill: #999;color:#999\" class=\"arrow-unsorted-368013\" xmlns=\"http:\/\/www.w3.org\/2000\/svg\" width=\"10px\" height=\"10px\" viewbox=\"0 0 24 24\" version=\"1.2\" baseprofile=\"tiny\"><path d=\"M18.2 9.3l-6.2-6.3-6.2 6.3c-.2.2-.3.4-.3.7s.1.5.3.7c.2.2.4.3.7.3h11c.3 0 .5-.1.7-.3.2-.2.3-.5.3-.7s-.1-.5-.3-.7zM5.8 14.7l6.2 6.3 6.2-6.3c.2-.2.3-.5.3-.7s-.1-.5-.3-.7c-.2-.2-.4-.3-.7-.3h-11c-.3 0-.5.1-.7.3-.2.2-.3.5-.3.7s.1.5.3.7z\"\/><\/svg><\/span><\/span><\/span><\/a><\/span><\/div>\n<nav><ul class='ez-toc-list ez-toc-list-level-1' ><li class='ez-toc-page-1 ez-toc-heading-level-4'><a class=\"ez-toc-link ez-toc-heading-1\" href=\"https:\/\/saphirsmaragd.com\/it\/prodotto\/peridot-quadrat-farbe-gruen-4-00-karat\/#Merkmale_Herkunft\" >Merkmale &amp; Herkunft:<\/a><\/li><li class='ez-toc-page-1 ez-toc-heading-level-4'><a class=\"ez-toc-link ez-toc-heading-2\" href=\"https:\/\/saphirsmaragd.com\/it\/prodotto\/peridot-quadrat-farbe-gruen-4-00-karat\/#Besonderheiten\" >Besonderheiten:<\/a><\/li><li class='ez-toc-page-1 ez-toc-heading-level-4'><a class=\"ez-toc-link ez-toc-heading-3\" href=\"https:\/\/saphirsmaragd.com\/it\/prodotto\/peridot-quadrat-farbe-gruen-4-00-karat\/#Mehr_uber_unsere_Edelsteine\" >Per saperne di pi\u00f9 sulle nostre gemme<\/a><\/li><li class='ez-toc-page-1 ez-toc-heading-level-4'><a class=\"ez-toc-link ez-toc-heading-4\" href=\"https:\/\/saphirsmaragd.com\/it\/prodotto\/peridot-quadrat-farbe-gruen-4-00-karat\/#Weitere_Infos\" >Ulteriori informazioni<\/a><\/li><\/ul><\/nav><\/div>\n<h4 data-start=\"1065\" data-end=\"1090\"><span class=\"ez-toc-section\" id=\"Merkmale_Herkunft\"><\/span>Merkmale &amp; Herkunft:<span class=\"ez-toc-section-end\"><\/span><\/h4>\n<p data-start=\"1092\" data-end=\"1290\">Colore: verde<br data-start=\"1103\" data-end=\"1106\" \/>Form: Quadrat<br data-start=\"1119\" data-end=\"1122\" \/>Herkunft: Pakistan<br data-start=\"1140\" data-end=\"1143\" \/>Gewicht: 4.00 Karat<br data-start=\"1162\" data-end=\"1165\" \/>Ma\u00dfe: 9.5 x 8.9 mm<br data-start=\"1183\" data-end=\"1186\" \/>Purezza: Occhi puliti<br data-start=\"1205\" data-end=\"1208\" \/>Trattamento: non trattato<br data-start=\"1231\" data-end=\"1234\" \/>Condizione: Nuovo<br data-start=\"1246\" data-end=\"1249\" \/>Steinart: Peridot<br data-start=\"1266\" data-end=\"1269\" \/>Mohs-H\u00e4rte: 6.5 \u2013 7<\/p>\n<hr data-start=\"1292\" data-end=\"1295\" \/>\n<h4 data-start=\"1297\" data-end=\"1317\"><span class=\"ez-toc-section\" id=\"Besonderheiten\"><\/span>Besonderheiten:<span class=\"ez-toc-section-end\"><\/span><\/h4>\n<p data-start=\"1319\" data-end=\"1575\">Der Peridot quadrat Farbe gr\u00fcn 4.00 Karat ist bekannt f\u00fcr seine charakteristische, leuchtend gr\u00fcne Farbe, die durch Eisenanteile im Stein entsteht. Anders als viele Edelsteine zeigt Peridot ausschlie\u00dflich gr\u00fcne Farbt\u00f6ne \u2013 ein klares Alleinstellungsmerkmal.<\/p>\n<p data-start=\"1577\" data-end=\"1823\">Sein quadratischer Schliff sorgt f\u00fcr eine moderne und geometrische Optik, die besonders in individuellen Schmuckdesigns gefragt ist. Durch die pr\u00e4zise Facettierung reflektiert der Stein das Licht intensiv und erzeugt eine beeindruckende Brillanz.<\/p>\n<p data-start=\"1825\" data-end=\"2047\">Peridote aus Pakistan geh\u00f6ren zu den hochwertigsten weltweit und sind f\u00fcr ihre klare Struktur und kr\u00e4ftige Farbgebung bekannt. Dieser Stein eignet sich ideal f\u00fcr Ringe oder Anh\u00e4nger mit einem frischen, eleganten Charakter.<\/p>\n<hr data-start=\"1926\" data-end=\"1929\" \/>\n<h4 data-start=\"1931\" data-end=\"1971\"><span class=\"ez-toc-section\" id=\"Mehr_uber_unsere_Edelsteine\"><\/span>Per saperne di pi\u00f9 sulle nostre gemme<span class=\"ez-toc-section-end\"><\/span><\/h4>\n<p data-start=\"1972\" data-end=\"2069\"><a href=\"https:\/\/saphirsmaragd.com\/it\/product-category\/edelsteine-kaufen\/\">pietre preziose<\/a><\/p>\n<hr data-start=\"2071\" data-end=\"2074\" \/>\n<h4 data-start=\"2076\" data-end=\"2096\"><span class=\"ez-toc-section\" id=\"Weitere_Infos\"><\/span>Ulteriori informazioni<span class=\"ez-toc-section-end\"><\/span><\/h4>\n<p>Wikipedia: <a href=\"https:\/\/de.wikipedia.org\/wiki\/Peridot\" target=\"_blank\" rel=\"noopener\">Peridoto<\/a><\/p>","protected":false},"excerpt":{"rendered":"<p data-start=\"409\" data-end=\"551\"><em>Peridot quadrat Farbe gr\u00fcn 4.00 Karat aus Pakistan mit intensiver Farbbrillanz und modernem Schliff \u2013 ideal f\u00fcr hochwertige Schmuckst\u00fccke.<\/em><\/p>","protected":false},"featured_media":8279,"comment_status":"open","ping_status":"closed","template":"","meta":{"_glsr_average":0,"_glsr_ranking":0,"_glsr_reviews":0},"product_brand":[],"product_cat":[117],"product_tag":[],"class_list":{"0":"post-8278","1":"product","2":"type-product","3":"status-publish","4":"has-post-thumbnail","6":"product_cat-peridot-kaufen","7":"pa_edelsteinart-peridot","8":"pa_farbe-gruen","9":"pa_form-quadrat","10":"pa_gewicht-karat-3-0-5-0-karat","11":"pa_herkunft-pakistan","12":"pa_veredelung-behandlung-unbehandelt","13":"pa_zustand-neu","15":"first","16":"instock","17":"featured","18":"sold-individually","19":"shipping-taxable","20":"purchasable","21":"product-type-simple","22":"add-to-wishlist-before_image"},"jetpack_sharing_enabled":true,"_links":{"self":[{"href":"https:\/\/saphirsmaragd.com\/it\/wp-json\/wp\/v2\/product\/8278","targetHints":{"allow":["GET"]}}],"collection":[{"href":"https:\/\/saphirsmaragd.com\/it\/wp-json\/wp\/v2\/product"}],"about":[{"href":"https:\/\/saphirsmaragd.com\/it\/wp-json\/wp\/v2\/types\/product"}],"replies":[{"embeddable":true,"href":"https:\/\/saphirsmaragd.com\/it\/wp-json\/wp\/v2\/comments?post=8278"}],"version-history":[{"count":1,"href":"https:\/\/saphirsmaragd.com\/it\/wp-json\/wp\/v2\/product\/8278\/revisions"}],"predecessor-version":[{"id":8280,"href":"https:\/\/saphirsmaragd.com\/it\/wp-json\/wp\/v2\/product\/8278\/revisions\/8280"}],"wp:featuredmedia":[{"embeddable":true,"href":"https:\/\/saphirsmaragd.com\/it\/wp-json\/wp\/v2\/media\/8279"}],"wp:attachment":[{"href":"https:\/\/saphirsmaragd.com\/it\/wp-json\/wp\/v2\/media?parent=8278"}],"wp:term":[{"taxonomy":"product_brand","embeddable":true,"href":"https:\/\/saphirsmaragd.com\/it\/wp-json\/wp\/v2\/product_brand?post=8278"},{"taxonomy":"product_cat","embeddable":true,"href":"https:\/\/saphirsmaragd.com\/it\/wp-json\/wp\/v2\/product_cat?post=8278"},{"taxonomy":"product_tag","embeddable":true,"href":"https:\/\/saphirsmaragd.com\/it\/wp-json\/wp\/v2\/product_tag?post=8278"}],"curies":[{"name":"wp","href":"https:\/\/api.w.org\/{rel}","templated":true}]}}