{"id":8715,"date":"2026-05-01T14:27:50","date_gmt":"2026-05-01T14:27:50","guid":{"rendered":"https:\/\/saphirsmaragd.com\/?post_type=product&#038;p=8715"},"modified":"2026-05-01T14:30:24","modified_gmt":"2026-05-01T14:30:24","slug":"smaragd-rechteck-gruen-0-86-karat-aus-sambia","status":"publish","type":"product","link":"https:\/\/saphirsmaragd.com\/it\/prodotto\/smaragd-rechteck-gruen-0-86-karat-aus-sambia\/","title":{"rendered":"Smaragd Rechteck Gr\u00fcn 0.86 Karat aus Sambia \u2013 Klassischer Smaragdschliff Edelstein"},"content":{"rendered":"<p data-start=\"711\" data-end=\"938\">Der Smaragd Rechteck Gr\u00fcn 0.86 Karat aus Sambia \u00fcberzeugt durch seinen klassischen rechteckigen Smaragdschliff und seine gleichm\u00e4\u00dfige gr\u00fcne Farbgebung. Dieser Edelstein eignet sich ideal f\u00fcr zeitlose und elegante Schmuckst\u00fccke.<\/p>\n<hr data-start=\"940\" data-end=\"943\" \/>\n<div id=\"ez-toc-container\" class=\"ez-toc-v2_0_82_2 counter-hierarchy ez-toc-counter ez-toc-grey ez-toc-container-direction\">\n<div class=\"ez-toc-title-container\">\n<p class=\"ez-toc-title\" style=\"cursor:inherit\">Sommario<\/p>\n<span class=\"ez-toc-title-toggle\"><a href=\"#\" class=\"ez-toc-pull-right ez-toc-btn ez-toc-btn-xs ez-toc-btn-default ez-toc-toggle\" aria-label=\"Toggle Table of Content\"><span class=\"ez-toc-js-icon-con\"><span class=\"\"><span class=\"eztoc-hide\" style=\"display:none;\">Attiva\/disattiva<\/span><span class=\"ez-toc-icon-toggle-span\"><svg style=\"fill: #999;color:#999\" xmlns=\"http:\/\/www.w3.org\/2000\/svg\" class=\"list-377408\" width=\"20px\" height=\"20px\" viewbox=\"0 0 24 24\" fill=\"none\"><path d=\"M6 6H4v2h2V6zm14 0H8v2h12V6zM4 11h2v2H4v-2zm16 0H8v2h12v-2zM4 16h2v2H4v-2zm16 0H8v2h12v-2z\" fill=\"currentColor\"><\/path><\/svg><svg style=\"fill: #999;color:#999\" class=\"arrow-unsorted-368013\" xmlns=\"http:\/\/www.w3.org\/2000\/svg\" width=\"10px\" height=\"10px\" viewbox=\"0 0 24 24\" version=\"1.2\" baseprofile=\"tiny\"><path d=\"M18.2 9.3l-6.2-6.3-6.2 6.3c-.2.2-.3.4-.3.7s.1.5.3.7c.2.2.4.3.7.3h11c.3 0 .5-.1.7-.3.2-.2.3-.5.3-.7s-.1-.5-.3-.7zM5.8 14.7l6.2 6.3 6.2-6.3c.2-.2.3-.5.3-.7s-.1-.5-.3-.7c-.2-.2-.4-.3-.7-.3h-11c-.3 0-.5.1-.7.3-.2.2-.3.5-.3.7s.1.5.3.7z\"\/><\/svg><\/span><\/span><\/span><\/a><\/span><\/div>\n<nav><ul class='ez-toc-list ez-toc-list-level-1' ><li class='ez-toc-page-1 ez-toc-heading-level-4'><a class=\"ez-toc-link ez-toc-heading-1\" href=\"https:\/\/saphirsmaragd.com\/it\/prodotto\/smaragd-rechteck-gruen-0-86-karat-aus-sambia\/#Merkmale_Herkunft\" >Caratteristiche e origine<\/a><\/li><li class='ez-toc-page-1 ez-toc-heading-level-4'><a class=\"ez-toc-link ez-toc-heading-2\" href=\"https:\/\/saphirsmaragd.com\/it\/prodotto\/smaragd-rechteck-gruen-0-86-karat-aus-sambia\/#Besonderheiten\" >Caratteristiche speciali<\/a><\/li><li class='ez-toc-page-1 ez-toc-heading-level-4'><a class=\"ez-toc-link ez-toc-heading-3\" href=\"https:\/\/saphirsmaragd.com\/it\/prodotto\/smaragd-rechteck-gruen-0-86-karat-aus-sambia\/#Mehr_uber_Heilsteine_Kristalle\" >Ulteriori informazioni su pietre e cristalli curativi<\/a><\/li><li class='ez-toc-page-1 ez-toc-heading-level-4'><a class=\"ez-toc-link ez-toc-heading-4\" href=\"https:\/\/saphirsmaragd.com\/it\/prodotto\/smaragd-rechteck-gruen-0-86-karat-aus-sambia\/#Weitere_Infos\" >Ulteriori informazioni<\/a><\/li><\/ul><\/nav><\/div>\n<h4 data-start=\"945\" data-end=\"971\"><span class=\"ez-toc-section\" id=\"Merkmale_Herkunft\"><\/span>Caratteristiche e origine<span class=\"ez-toc-section-end\"><\/span><\/h4>\n<p data-start=\"973\" data-end=\"1205\">Steinart: Smaragd<br data-start=\"990\" data-end=\"993\" \/>Colore: verde<br data-start=\"1004\" data-end=\"1007\" \/>Form: Rechteck<br data-start=\"1021\" data-end=\"1024\" \/>Gewicht: 0.86 Karat<br data-start=\"1043\" data-end=\"1046\" \/>Abmessungen: ca. 6.9 x 5 mm<br data-start=\"1073\" data-end=\"1076\" \/>Herkunft: Sambia<br data-start=\"1092\" data-end=\"1095\" \/>Reinheit: Deutliche Einschl\u00fcsse<br data-start=\"1123\" data-end=\"1126\" \/>Behandlung: Ge\u00f6lt<br data-start=\"1143\" data-end=\"1146\" \/>Beobachtung: Nat\u00fcrlich<br data-start=\"1168\" data-end=\"1171\" \/>Mohs-H\u00e4rte: 7.5\u20138<br data-start=\"1188\" data-end=\"1191\" \/>Condizione: Nuovo<\/p>\n<hr data-start=\"1207\" data-end=\"1210\" \/>\n<h4 data-start=\"1212\" data-end=\"1233\"><span class=\"ez-toc-section\" id=\"Besonderheiten\"><\/span>Caratteristiche speciali<span class=\"ez-toc-section-end\"><\/span><\/h4>\n<p data-start=\"1235\" data-end=\"1521\">Der Smaragd Rechteck Gr\u00fcn 0.86 Karat ist im klassischen Smaragdschliff gearbeitet, der f\u00fcr seine klaren Linien und seine elegante, ruhige Ausstrahlung bekannt ist. Diese Schliffform wird besonders h\u00e4ufig f\u00fcr hochwertige Ringe verwendet, da sie die Farbe des Steins optimal hervorhebt.<\/p>\n<p data-start=\"1523\" data-end=\"1693\">Mit einem Gewicht von 0.86 Karat liegt dieser Edelstein nahe an der beliebten 1-Karat-Klasse und bietet damit eine hervorragende Balance zwischen Gr\u00f6\u00dfe und Tragbarkeit.<\/p>\n<p data-start=\"1695\" data-end=\"1902\">Smaragde aus Sambia sind gesch\u00e4tzt f\u00fcr ihre intensive gr\u00fcne Farbe und gute Transparenz. Die nat\u00fcrlichen Einschl\u00fcsse sind typisch f\u00fcr echte Smaragde und verleihen jedem Stein seinen individuellen Charakter.<\/p>\n<hr data-start=\"1670\" data-end=\"1673\" \/>\n<h4 data-start=\"1448\" data-end=\"1473\"><span class=\"ez-toc-section\" id=\"Mehr_uber_Heilsteine_Kristalle\"><\/span>Ulteriori informazioni su pietre e cristalli curativi<span class=\"ez-toc-section-end\"><\/span><\/h4>\n<p data-start=\"1475\" data-end=\"1668\"><a class=\"\" href=\"https:\/\/saphirsmaragd.com\/it\/product-category\/heilsteine-kristalle-kaufen\/\" target=\"_new\" rel=\"noopener\" data-start=\"1571\" data-end=\"1668\">Pietre e cristalli curativi<\/a><\/p>\n<hr data-start=\"1670\" data-end=\"1673\" \/>\n<h4 data-start=\"1675\" data-end=\"1695\"><span class=\"ez-toc-section\" id=\"Weitere_Infos\"><\/span>Ulteriori informazioni<span class=\"ez-toc-section-end\"><\/span><\/h4>\n<p data-start=\"1697\" data-end=\"1801\"><a class=\"\" href=\"https:\/\/de.wikipedia.org\/wiki\/Smaragd\" target=\"_new\" rel=\"noopener\" data-start=\"1741\" data-end=\"1801\">Wikipedia \u2013 Smaragd<\/a><\/p>","protected":false},"excerpt":{"rendered":"<p data-start=\"399\" data-end=\"530\"><em>Smaragd Rechteck Gr\u00fcn 0.86 Karat aus Sambia, ge\u00f6lt. Klassischer Smaragdschliff mit eleganter Form und nat\u00fcrlicher Ausstrahlung.<\/em><\/p>","protected":false},"featured_media":8716,"comment_status":"open","ping_status":"closed","template":"","meta":{"_glsr_average":0,"_glsr_ranking":0,"_glsr_reviews":0},"product_brand":[],"product_cat":[262],"product_tag":[],"class_list":{"0":"post-8715","1":"product","2":"type-product","3":"status-publish","4":"has-post-thumbnail","6":"product_cat-smaragd","7":"pa_edelsteinart-smaragd","8":"pa_farbe-gruen","9":"pa_form-rechteck","10":"pa_gewicht-karat-0-5-1-0-karat","11":"pa_herkunft-sambia","12":"pa_reinheit-deutliche-einschluesse","13":"pa_veredelung-behandlung-geoelt","14":"pa_zustand-neu","16":"first","17":"instock","18":"sold-individually","19":"taxable","20":"shipping-taxable","21":"purchasable","22":"product-type-simple","23":"add-to-wishlist-before_image"},"jetpack_sharing_enabled":true,"_links":{"self":[{"href":"https:\/\/saphirsmaragd.com\/it\/wp-json\/wp\/v2\/product\/8715","targetHints":{"allow":["GET"]}}],"collection":[{"href":"https:\/\/saphirsmaragd.com\/it\/wp-json\/wp\/v2\/product"}],"about":[{"href":"https:\/\/saphirsmaragd.com\/it\/wp-json\/wp\/v2\/types\/product"}],"replies":[{"embeddable":true,"href":"https:\/\/saphirsmaragd.com\/it\/wp-json\/wp\/v2\/comments?post=8715"}],"version-history":[{"count":2,"href":"https:\/\/saphirsmaragd.com\/it\/wp-json\/wp\/v2\/product\/8715\/revisions"}],"predecessor-version":[{"id":8718,"href":"https:\/\/saphirsmaragd.com\/it\/wp-json\/wp\/v2\/product\/8715\/revisions\/8718"}],"wp:featuredmedia":[{"embeddable":true,"href":"https:\/\/saphirsmaragd.com\/it\/wp-json\/wp\/v2\/media\/8716"}],"wp:attachment":[{"href":"https:\/\/saphirsmaragd.com\/it\/wp-json\/wp\/v2\/media?parent=8715"}],"wp:term":[{"taxonomy":"product_brand","embeddable":true,"href":"https:\/\/saphirsmaragd.com\/it\/wp-json\/wp\/v2\/product_brand?post=8715"},{"taxonomy":"product_cat","embeddable":true,"href":"https:\/\/saphirsmaragd.com\/it\/wp-json\/wp\/v2\/product_cat?post=8715"},{"taxonomy":"product_tag","embeddable":true,"href":"https:\/\/saphirsmaragd.com\/it\/wp-json\/wp\/v2\/product_tag?post=8715"}],"curies":[{"name":"wp","href":"https:\/\/api.w.org\/{rel}","templated":true}]}}