{"id":8802,"date":"2026-05-14T18:58:29","date_gmt":"2026-05-14T18:58:29","guid":{"rendered":"https:\/\/saphirsmaragd.com\/?post_type=product&#038;p=8802"},"modified":"2026-05-14T19:00:44","modified_gmt":"2026-05-14T19:00:44","slug":"smaragd-tropfen-gruen-0-56-karat","status":"publish","type":"product","link":"https:\/\/saphirsmaragd.com\/it\/prodotto\/smaragd-tropfen-gruen-0-56-karat\/","title":{"rendered":"Smaragd Tropfen Gr\u00fcn 0.56 Karat aus Sambia \u2013 Eleganter Tropfenschliff Edelstein"},"content":{"rendered":"<div id=\"ez-toc-container\" class=\"ez-toc-v2_0_83 counter-hierarchy ez-toc-counter ez-toc-grey ez-toc-container-direction\">\n<div class=\"ez-toc-title-container\">\n<p class=\"ez-toc-title\" style=\"cursor:inherit\">Sommario<\/p>\n<span class=\"ez-toc-title-toggle\"><a href=\"#\" class=\"ez-toc-pull-right ez-toc-btn ez-toc-btn-xs ez-toc-btn-default ez-toc-toggle\" aria-label=\"Toggle Table of Content\"><span class=\"ez-toc-js-icon-con\"><span class=\"\"><span class=\"eztoc-hide\" style=\"display:none;\">Attiva\/disattiva<\/span><span class=\"ez-toc-icon-toggle-span\"><svg style=\"fill: #999;color:#999\" xmlns=\"http:\/\/www.w3.org\/2000\/svg\" class=\"list-377408\" width=\"20px\" height=\"20px\" viewbox=\"0 0 24 24\" fill=\"none\"><path d=\"M6 6H4v2h2V6zm14 0H8v2h12V6zM4 11h2v2H4v-2zm16 0H8v2h12v-2zM4 16h2v2H4v-2zm16 0H8v2h12v-2z\" fill=\"currentColor\"><\/path><\/svg><svg style=\"fill: #999;color:#999\" class=\"arrow-unsorted-368013\" xmlns=\"http:\/\/www.w3.org\/2000\/svg\" width=\"10px\" height=\"10px\" viewbox=\"0 0 24 24\" version=\"1.2\" baseprofile=\"tiny\"><path d=\"M18.2 9.3l-6.2-6.3-6.2 6.3c-.2.2-.3.4-.3.7s.1.5.3.7c.2.2.4.3.7.3h11c.3 0 .5-.1.7-.3.2-.2.3-.5.3-.7s-.1-.5-.3-.7zM5.8 14.7l6.2 6.3 6.2-6.3c.2-.2.3-.5.3-.7s-.1-.5-.3-.7c-.2-.2-.4-.3-.7-.3h-11c-.3 0-.5.1-.7.3-.2.2-.3.5-.3.7s.1.5.3.7z\"\/><\/svg><\/span><\/span><\/span><\/a><\/span><\/div>\n<nav><ul class='ez-toc-list ez-toc-list-level-1' ><li class='ez-toc-page-1 ez-toc-heading-level-4'><a class=\"ez-toc-link ez-toc-heading-1\" href=\"https:\/\/saphirsmaragd.com\/it\/prodotto\/smaragd-tropfen-gruen-0-56-karat\/#Merkmale_Herkunft\" >Caratteristiche e origine<\/a><\/li><li class='ez-toc-page-1 ez-toc-heading-level-4'><a class=\"ez-toc-link ez-toc-heading-2\" href=\"https:\/\/saphirsmaragd.com\/it\/prodotto\/smaragd-tropfen-gruen-0-56-karat\/#Besonderheiten\" >Caratteristiche speciali<\/a><\/li><li class='ez-toc-page-1 ez-toc-heading-level-4'><a class=\"ez-toc-link ez-toc-heading-3\" href=\"https:\/\/saphirsmaragd.com\/it\/prodotto\/smaragd-tropfen-gruen-0-56-karat\/#Mehr_uber_Heilsteine_Kristalle\" >Ulteriori informazioni su pietre e cristalli curativi<\/a><\/li><li class='ez-toc-page-1 ez-toc-heading-level-4'><a class=\"ez-toc-link ez-toc-heading-4\" href=\"https:\/\/saphirsmaragd.com\/it\/prodotto\/smaragd-tropfen-gruen-0-56-karat\/#Weitere_Infos\" >Ulteriori informazioni<\/a><\/li><\/ul><\/nav><\/div>\n<p data-start=\"608\" data-end=\"874\">Der Smaragd Tropfen Gr\u00fcn 0.56 Karat aus Sambia fasziniert durch seine lebendige gr\u00fcne Farbwirkung und den klassischen Tropfenschliff. Die elegante Form vereint zeitlose Sch\u00f6nheit mit nat\u00fcrlicher Ausstrahlung und eignet sich hervorragend f\u00fcr exklusive Schmuckdesigns.<\/p>\n<hr data-start=\"876\" data-end=\"879\" \/>\n<h4 data-start=\"881\" data-end=\"907\"><span class=\"ez-toc-section\" id=\"Merkmale_Herkunft\"><\/span>Caratteristiche e origine<span class=\"ez-toc-section-end\"><\/span><\/h4>\n<p data-start=\"909\" data-end=\"1140\">Steinart: Smaragd<br data-start=\"926\" data-end=\"929\" \/>Colore: verde<br data-start=\"940\" data-end=\"943\" \/>Forma: Gocce<br data-start=\"956\" data-end=\"959\" \/>Gewicht: 0.56 Karat<br data-start=\"978\" data-end=\"981\" \/>Abmessungen: ca. 7.1 x 5 mm<br data-start=\"1008\" data-end=\"1011\" \/>Herkunft: Sambia<br data-start=\"1027\" data-end=\"1030\" \/>Reinheit: Kleine Einschl\u00fcsse<br data-start=\"1058\" data-end=\"1061\" \/>Behandlung: Ge\u00f6lt<br data-start=\"1078\" data-end=\"1081\" \/>Beobachtung: Nat\u00fcrlich<br data-start=\"1103\" data-end=\"1106\" \/>Mohs-H\u00e4rte: 7.5\u20138<br data-start=\"1123\" data-end=\"1126\" \/>Condizione: Nuovo<\/p>\n<hr data-start=\"1142\" data-end=\"1145\" \/>\n<h4 data-start=\"1147\" data-end=\"1168\"><span class=\"ez-toc-section\" id=\"Besonderheiten\"><\/span>Caratteristiche speciali<span class=\"ez-toc-section-end\"><\/span><\/h4>\n<p data-start=\"1170\" data-end=\"1447\">Der Smaragd Tropfen Gr\u00fcn 0.56 Karat \u00fcberzeugt durch seine elegante Tropfenform, die besonders beliebt f\u00fcr Anh\u00e4nger und luxuri\u00f6se Ringfassungen ist. Durch den speziellen Schliff wird die Lichtreflexion verst\u00e4rkt und die nat\u00fcrliche gr\u00fcne Farbintensit\u00e4t besonders hervorgehoben.<\/p>\n<p data-start=\"1449\" data-end=\"1686\">Smaragde aus Sambia genie\u00dfen international einen hervorragenden Ruf und sind f\u00fcr ihre satten Gr\u00fcnt\u00f6ne sowie ihre nat\u00fcrliche Struktur bekannt. Die sichtbaren nat\u00fcrlichen Merkmale machen jeden Edelstein zu einem unverwechselbaren Unikat.<\/p>\n<p data-start=\"1688\" data-end=\"1837\">Der Smaragd Tropfen Gr\u00fcn 0.56 Karat verbindet klassische Eleganz mit nat\u00fcrlichem Charakter und eignet sich ideal f\u00fcr hochwertige Schmuckkreationen.<\/p>\n<hr data-start=\"1670\" data-end=\"1673\" \/>\n<h4 data-start=\"1448\" data-end=\"1473\"><span class=\"ez-toc-section\" id=\"Mehr_uber_Heilsteine_Kristalle\"><\/span>Ulteriori informazioni su pietre e cristalli curativi<span class=\"ez-toc-section-end\"><\/span><\/h4>\n<p data-start=\"1475\" data-end=\"1668\"><a class=\"\" href=\"https:\/\/saphirsmaragd.com\/it\/product-category\/heilsteine-kristalle-kaufen\/\" target=\"_new\" rel=\"noopener\" data-start=\"1571\" data-end=\"1668\">Pietre e cristalli curativi<\/a><\/p>\n<hr data-start=\"1670\" data-end=\"1673\" \/>\n<h4 data-start=\"1675\" data-end=\"1695\"><span class=\"ez-toc-section\" id=\"Weitere_Infos\"><\/span>Ulteriori informazioni<span class=\"ez-toc-section-end\"><\/span><\/h4>\n<p data-start=\"1697\" data-end=\"1801\"><a class=\"\" href=\"https:\/\/de.wikipedia.org\/wiki\/Smaragd\" target=\"_new\" rel=\"noopener\" data-start=\"1741\" data-end=\"1801\">Wikipedia \u2013 Smaragd<\/a><\/p>","protected":false},"excerpt":{"rendered":"<p data-start=\"277\" data-end=\"431\"><em>Smaragd Tropfen Gr\u00fcn 0.56 Karat aus Sambia mit ge\u00f6lter Veredelung. Nat\u00fcrlicher Tropfen-Edelstein mit intensiver gr\u00fcner Farbe und eleganter Formgebung.<\/em><\/p>","protected":false},"featured_media":8803,"comment_status":"open","ping_status":"closed","template":"","meta":{"_glsr_average":0,"_glsr_ranking":0,"_glsr_reviews":0},"product_brand":[],"product_cat":[262],"product_tag":[],"class_list":{"0":"post-8802","1":"product","2":"type-product","3":"status-publish","4":"has-post-thumbnail","6":"product_cat-smaragd","7":"pa_edelsteinart-smaragd","8":"pa_farbe-gruen","9":"pa_form-tropfen","10":"pa_gewicht-karat-0-5-1-0-karat","11":"pa_herkunft-sambia","12":"pa_reinheit-kleine-einschluesse","13":"pa_veredelung-behandlung-geoelt","14":"pa_zustand-neu","16":"first","17":"instock","18":"sold-individually","19":"shipping-taxable","20":"purchasable","21":"product-type-simple","22":"add-to-wishlist-before_image"},"jetpack_sharing_enabled":true,"_links":{"self":[{"href":"https:\/\/saphirsmaragd.com\/it\/wp-json\/wp\/v2\/product\/8802","targetHints":{"allow":["GET"]}}],"collection":[{"href":"https:\/\/saphirsmaragd.com\/it\/wp-json\/wp\/v2\/product"}],"about":[{"href":"https:\/\/saphirsmaragd.com\/it\/wp-json\/wp\/v2\/types\/product"}],"replies":[{"embeddable":true,"href":"https:\/\/saphirsmaragd.com\/it\/wp-json\/wp\/v2\/comments?post=8802"}],"version-history":[{"count":1,"href":"https:\/\/saphirsmaragd.com\/it\/wp-json\/wp\/v2\/product\/8802\/revisions"}],"predecessor-version":[{"id":8804,"href":"https:\/\/saphirsmaragd.com\/it\/wp-json\/wp\/v2\/product\/8802\/revisions\/8804"}],"wp:featuredmedia":[{"embeddable":true,"href":"https:\/\/saphirsmaragd.com\/it\/wp-json\/wp\/v2\/media\/8803"}],"wp:attachment":[{"href":"https:\/\/saphirsmaragd.com\/it\/wp-json\/wp\/v2\/media?parent=8802"}],"wp:term":[{"taxonomy":"product_brand","embeddable":true,"href":"https:\/\/saphirsmaragd.com\/it\/wp-json\/wp\/v2\/product_brand?post=8802"},{"taxonomy":"product_cat","embeddable":true,"href":"https:\/\/saphirsmaragd.com\/it\/wp-json\/wp\/v2\/product_cat?post=8802"},{"taxonomy":"product_tag","embeddable":true,"href":"https:\/\/saphirsmaragd.com\/it\/wp-json\/wp\/v2\/product_tag?post=8802"}],"curies":[{"name":"wp","href":"https:\/\/api.w.org\/{rel}","templated":true}]}}