{"id":8814,"date":"2026-05-15T19:19:21","date_gmt":"2026-05-15T19:19:21","guid":{"rendered":"https:\/\/saphirsmaragd.com\/?post_type=product&#038;p=8814"},"modified":"2026-05-15T19:21:43","modified_gmt":"2026-05-15T19:21:43","slug":"smaragd-oval-gruen-0-74-karat-aus-sambia","status":"publish","type":"product","link":"https:\/\/saphirsmaragd.com\/it\/prodotto\/smaragd-oval-gruen-0-74-karat-aus-sambia\/","title":{"rendered":"Smaragd Oval Gr\u00fcn 0.74 Karat aus Sambia \u2013 Nat\u00fcrlicher Edelstein mit klassischem Ovalschliff"},"content":{"rendered":"<div id=\"ez-toc-container\" class=\"ez-toc-v2_0_83 counter-hierarchy ez-toc-counter ez-toc-grey ez-toc-container-direction\">\n<div class=\"ez-toc-title-container\">\n<p class=\"ez-toc-title\" style=\"cursor:inherit\">Sommario<\/p>\n<span class=\"ez-toc-title-toggle\"><a href=\"#\" class=\"ez-toc-pull-right ez-toc-btn ez-toc-btn-xs ez-toc-btn-default ez-toc-toggle\" aria-label=\"Toggle Table of Content\"><span class=\"ez-toc-js-icon-con\"><span class=\"\"><span class=\"eztoc-hide\" style=\"display:none;\">Attiva\/disattiva<\/span><span class=\"ez-toc-icon-toggle-span\"><svg style=\"fill: #999;color:#999\" xmlns=\"http:\/\/www.w3.org\/2000\/svg\" class=\"list-377408\" width=\"20px\" height=\"20px\" viewbox=\"0 0 24 24\" fill=\"none\"><path d=\"M6 6H4v2h2V6zm14 0H8v2h12V6zM4 11h2v2H4v-2zm16 0H8v2h12v-2zM4 16h2v2H4v-2zm16 0H8v2h12v-2z\" fill=\"currentColor\"><\/path><\/svg><svg style=\"fill: #999;color:#999\" class=\"arrow-unsorted-368013\" xmlns=\"http:\/\/www.w3.org\/2000\/svg\" width=\"10px\" height=\"10px\" viewbox=\"0 0 24 24\" version=\"1.2\" baseprofile=\"tiny\"><path d=\"M18.2 9.3l-6.2-6.3-6.2 6.3c-.2.2-.3.4-.3.7s.1.5.3.7c.2.2.4.3.7.3h11c.3 0 .5-.1.7-.3.2-.2.3-.5.3-.7s-.1-.5-.3-.7zM5.8 14.7l6.2 6.3 6.2-6.3c.2-.2.3-.5.3-.7s-.1-.5-.3-.7c-.2-.2-.4-.3-.7-.3h-11c-.3 0-.5.1-.7.3-.2.2-.3.5-.3.7s.1.5.3.7z\"\/><\/svg><\/span><\/span><\/span><\/a><\/span><\/div>\n<nav><ul class='ez-toc-list ez-toc-list-level-1' ><li class='ez-toc-page-1 ez-toc-heading-level-4'><a class=\"ez-toc-link ez-toc-heading-1\" href=\"https:\/\/saphirsmaragd.com\/it\/prodotto\/smaragd-oval-gruen-0-74-karat-aus-sambia\/#Smaragd_Oval_Grun_074_Karat\" >Smaragd Oval Gr\u00fcn 0.74 Karat<\/a><\/li><li class='ez-toc-page-1 ez-toc-heading-level-4'><a class=\"ez-toc-link ez-toc-heading-2\" href=\"https:\/\/saphirsmaragd.com\/it\/prodotto\/smaragd-oval-gruen-0-74-karat-aus-sambia\/#Merkmale_Herkunft\" >Caratteristiche e origine<\/a><\/li><li class='ez-toc-page-1 ez-toc-heading-level-4'><a class=\"ez-toc-link ez-toc-heading-3\" href=\"https:\/\/saphirsmaragd.com\/it\/prodotto\/smaragd-oval-gruen-0-74-karat-aus-sambia\/#Besonderheiten_zu_Smaragd_Oval_Grun_074_Karat\" >Besonderheiten zu Smaragd Oval Gr\u00fcn 0.74 Karat<\/a><\/li><li class='ez-toc-page-1 ez-toc-heading-level-4'><a class=\"ez-toc-link ez-toc-heading-4\" href=\"https:\/\/saphirsmaragd.com\/it\/prodotto\/smaragd-oval-gruen-0-74-karat-aus-sambia\/#Mehr_uber_Heilsteine_Kristalle\" >Ulteriori informazioni su pietre e cristalli curativi<\/a><\/li><li class='ez-toc-page-1 ez-toc-heading-level-4'><a class=\"ez-toc-link ez-toc-heading-5\" href=\"https:\/\/saphirsmaragd.com\/it\/prodotto\/smaragd-oval-gruen-0-74-karat-aus-sambia\/#Weitere_Infos\" >Ulteriori informazioni<\/a><\/li><\/ul><\/nav><\/div>\n<h4 data-start=\"546\" data-end=\"579\"><span class=\"ez-toc-section\" id=\"Smaragd_Oval_Grun_074_Karat\"><\/span>Smaragd Oval Gr\u00fcn 0.74 Karat<span class=\"ez-toc-section-end\"><\/span><\/h4>\n<p data-start=\"581\" data-end=\"814\">Dieser nat\u00fcrliche Edelstein aus Sambia \u00fcberzeugt durch seine lebendige gr\u00fcne Farbwirkung und seine elegante ovale Form. Der zeitlose Schliff sorgt f\u00fcr eine harmonische Lichtreflexion und eignet sich ideal f\u00fcr exklusive Schmuckst\u00fccke.<\/p>\n<hr data-start=\"816\" data-end=\"819\" \/>\n<h4 data-start=\"821\" data-end=\"845\"><span class=\"ez-toc-section\" id=\"Merkmale_Herkunft\"><\/span>Caratteristiche e origine<span class=\"ez-toc-section-end\"><\/span><\/h4>\n<p data-start=\"847\" data-end=\"1074\">Steinart: Smaragd<br data-start=\"864\" data-end=\"867\" \/>Colore: verde<br data-start=\"878\" data-end=\"881\" \/>Forma: Ovale<br data-start=\"891\" data-end=\"894\" \/>Gewicht: 0.74 Karat<br data-start=\"913\" data-end=\"916\" \/>Abmessungen: 7.1 x 5 mm<br data-start=\"939\" data-end=\"942\" \/>Herkunft: Sambia<br data-start=\"958\" data-end=\"961\" \/>Reinheit: Deutliche Einschl\u00fcsse<br data-start=\"992\" data-end=\"995\" \/>Behandlung: Ge\u00f6lt<br data-start=\"1012\" data-end=\"1015\" \/>Beobachtung: Nat\u00fcrlich<br data-start=\"1037\" data-end=\"1040\" \/>Mohs-H\u00e4rte: 7.5\u20138<br data-start=\"1057\" data-end=\"1060\" \/>Condizione: Nuovo<\/p>\n<hr data-start=\"1076\" data-end=\"1079\" \/>\n<h4 data-start=\"1081\" data-end=\"1132\"><span class=\"ez-toc-section\" id=\"Besonderheiten_zu_Smaragd_Oval_Grun_074_Karat\"><\/span>Besonderheiten zu Smaragd Oval Gr\u00fcn 0.74 Karat<span class=\"ez-toc-section-end\"><\/span><\/h4>\n<p data-start=\"1134\" data-end=\"1353\">Der Ovalschliff geh\u00f6rt zu den gefragtesten Edelsteinformen im hochwertigen Schmuckbereich. Durch die harmonische Form entsteht eine ausgewogene Lichtwirkung, die den Edelstein optisch besonders elegant erscheinen l\u00e4sst.<\/p>\n<p data-start=\"1355\" data-end=\"1588\">Smaragde aus Sambia genie\u00dfen international hohes Ansehen und sind bekannt f\u00fcr ihre satten Gr\u00fcnt\u00f6ne sowie ihre nat\u00fcrliche Struktur. Die ge\u00f6lte Behandlung unterst\u00fctzt die Tiefenwirkung und verst\u00e4rkt die nat\u00fcrliche Sch\u00f6nheit zus\u00e4tzlich.<\/p>\n<p data-start=\"1590\" data-end=\"1740\">Der Smaragd Oval Gr\u00fcn 0.74 Karat eignet sich hervorragend f\u00fcr luxuri\u00f6se Ringfassungen, Anh\u00e4nger und individuelle Schmuckdesigns mit zeitloser Eleganz.<\/p>\n<hr data-start=\"1670\" data-end=\"1673\" \/>\n<h4 data-start=\"1448\" data-end=\"1473\"><span class=\"ez-toc-section\" id=\"Mehr_uber_Heilsteine_Kristalle\"><\/span>Ulteriori informazioni su pietre e cristalli curativi<span class=\"ez-toc-section-end\"><\/span><\/h4>\n<p data-start=\"1475\" data-end=\"1668\"><a class=\"\" href=\"https:\/\/saphirsmaragd.com\/it\/product-category\/heilsteine-kristalle-kaufen\/\" target=\"_new\" rel=\"noopener\" data-start=\"1571\" data-end=\"1668\">Pietre e cristalli curativi<\/a><\/p>\n<hr data-start=\"1670\" data-end=\"1673\" \/>\n<h4 data-start=\"1675\" data-end=\"1695\"><span class=\"ez-toc-section\" id=\"Weitere_Infos\"><\/span>Ulteriori informazioni<span class=\"ez-toc-section-end\"><\/span><\/h4>\n<p data-start=\"1697\" data-end=\"1801\"><a class=\"\" href=\"https:\/\/de.wikipedia.org\/wiki\/Smaragd\" target=\"_new\" rel=\"noopener\" data-start=\"1741\" data-end=\"1801\">Wikipedia \u2013 Smaragd<\/a><\/p>","protected":false},"excerpt":{"rendered":"<p data-start=\"244\" data-end=\"416\"><em>Smaragd Oval Gr\u00fcn 0.74 Karat aus Sambia mit ge\u00f6lter Veredelung. Nat\u00fcrlicher Edelstein mit intensiver gr\u00fcner Farbe und elegantem Ovalschliff f\u00fcr exklusive Schmuckkreationen.<\/em><\/p>","protected":false},"featured_media":8815,"comment_status":"open","ping_status":"closed","template":"","meta":{"_glsr_average":0,"_glsr_ranking":0,"_glsr_reviews":0},"product_brand":[],"product_cat":[262],"product_tag":[],"class_list":{"0":"post-8814","1":"product","2":"type-product","3":"status-publish","4":"has-post-thumbnail","6":"product_cat-smaragd","7":"pa_edelsteinart-smaragd","8":"pa_farbe-gruen","9":"pa_form-oval","10":"pa_gewicht-karat-0-5-1-0-karat","11":"pa_herkunft-sambia","12":"pa_reinheit-deutliche-einschluesse","13":"pa_veredelung-behandlung-geoelt","14":"pa_zustand-neu","16":"first","17":"instock","18":"sold-individually","19":"shipping-taxable","20":"purchasable","21":"product-type-simple","22":"add-to-wishlist-before_image"},"jetpack_sharing_enabled":true,"_links":{"self":[{"href":"https:\/\/saphirsmaragd.com\/it\/wp-json\/wp\/v2\/product\/8814","targetHints":{"allow":["GET"]}}],"collection":[{"href":"https:\/\/saphirsmaragd.com\/it\/wp-json\/wp\/v2\/product"}],"about":[{"href":"https:\/\/saphirsmaragd.com\/it\/wp-json\/wp\/v2\/types\/product"}],"replies":[{"embeddable":true,"href":"https:\/\/saphirsmaragd.com\/it\/wp-json\/wp\/v2\/comments?post=8814"}],"version-history":[{"count":2,"href":"https:\/\/saphirsmaragd.com\/it\/wp-json\/wp\/v2\/product\/8814\/revisions"}],"predecessor-version":[{"id":8817,"href":"https:\/\/saphirsmaragd.com\/it\/wp-json\/wp\/v2\/product\/8814\/revisions\/8817"}],"wp:featuredmedia":[{"embeddable":true,"href":"https:\/\/saphirsmaragd.com\/it\/wp-json\/wp\/v2\/media\/8815"}],"wp:attachment":[{"href":"https:\/\/saphirsmaragd.com\/it\/wp-json\/wp\/v2\/media?parent=8814"}],"wp:term":[{"taxonomy":"product_brand","embeddable":true,"href":"https:\/\/saphirsmaragd.com\/it\/wp-json\/wp\/v2\/product_brand?post=8814"},{"taxonomy":"product_cat","embeddable":true,"href":"https:\/\/saphirsmaragd.com\/it\/wp-json\/wp\/v2\/product_cat?post=8814"},{"taxonomy":"product_tag","embeddable":true,"href":"https:\/\/saphirsmaragd.com\/it\/wp-json\/wp\/v2\/product_tag?post=8814"}],"curies":[{"name":"wp","href":"https:\/\/api.w.org\/{rel}","templated":true}]}}