{"id":1708,"date":"2025-07-12T15:49:37","date_gmt":"2025-07-12T15:49:37","guid":{"rendered":"https:\/\/saphirsmaragd.com\/?post_type=product&#038;p=1708"},"modified":"2025-12-29T19:03:36","modified_gmt":"2025-12-29T19:03:36","slug":"saphir-1-59-karat-blau-oval","status":"publish","type":"product","link":"https:\/\/saphirsmaragd.com\/ja\/product\/saphir-1-59-karat-blau-oval\/","title":{"rendered":"Saphir 1.59 Karat Blau Oval \u2013 Ceylon-Saphir mit leuchtender Transparenz"},"content":{"rendered":"<div id=\"ez-toc-container\" class=\"ez-toc-v2_0_82_2 counter-hierarchy ez-toc-counter ez-toc-grey ez-toc-container-direction\">\n<div class=\"ez-toc-title-container\">\n<p class=\"ez-toc-title\" style=\"cursor:inherit\">\u76ee\u6b21<\/p>\n<span class=\"ez-toc-title-toggle\"><a href=\"#\" class=\"ez-toc-pull-right ez-toc-btn ez-toc-btn-xs ez-toc-btn-default ez-toc-toggle\" aria-label=\"Toggle Table of Content\"><span class=\"ez-toc-js-icon-con\"><span class=\"\"><span class=\"eztoc-hide\" style=\"display:none;\">\u30c8\u30b0\u30eb<\/span><span class=\"ez-toc-icon-toggle-span\"><svg style=\"fill: #999;color:#999\" xmlns=\"http:\/\/www.w3.org\/2000\/svg\" class=\"list-377408\" width=\"20px\" height=\"20px\" viewbox=\"0 0 24 24\" fill=\"none\"><path d=\"M6 6H4v2h2V6zm14 0H8v2h12V6zM4 11h2v2H4v-2zm16 0H8v2h12v-2zM4 16h2v2H4v-2zm16 0H8v2h12v-2z\" fill=\"currentColor\"><\/path><\/svg><svg style=\"fill: #999;color:#999\" class=\"arrow-unsorted-368013\" xmlns=\"http:\/\/www.w3.org\/2000\/svg\" width=\"10px\" height=\"10px\" viewbox=\"0 0 24 24\" version=\"1.2\" baseprofile=\"tiny\"><path d=\"M18.2 9.3l-6.2-6.3-6.2 6.3c-.2.2-.3.4-.3.7s.1.5.3.7c.2.2.4.3.7.3h11c.3 0 .5-.1.7-.3.2-.2.3-.5.3-.7s-.1-.5-.3-.7zM5.8 14.7l6.2 6.3 6.2-6.3c.2-.2.3-.5.3-.7s-.1-.5-.3-.7c-.2-.2-.4-.3-.7-.3h-11c-.3 0-.5.1-.7.3-.2.2-.3.5-.3.7s.1.5.3.7z\"\/><\/svg><\/span><\/span><\/span><\/a><\/span><\/div>\n<nav><ul class='ez-toc-list ez-toc-list-level-1' ><li class='ez-toc-page-1 ez-toc-heading-level-4'><a class=\"ez-toc-link ez-toc-heading-1\" href=\"https:\/\/saphirsmaragd.com\/ja\/product\/saphir-1-59-karat-blau-oval\/#Saphir_159_Karat_Blau_Oval\" >Saphir 1.59 Karat Blau Oval<\/a><\/li><li class='ez-toc-page-1 ez-toc-heading-level-4'><a class=\"ez-toc-link ez-toc-heading-2\" href=\"https:\/\/saphirsmaragd.com\/ja\/product\/saphir-1-59-karat-blau-oval\/#Merkmale_Herkunft\" >\u7279\u5fb4\u30fb\u7531\u6765<\/a><\/li><li class='ez-toc-page-1 ez-toc-heading-level-4'><a class=\"ez-toc-link ez-toc-heading-3\" href=\"https:\/\/saphirsmaragd.com\/ja\/product\/saphir-1-59-karat-blau-oval\/#Besonderheiten\" >\u7279\u96c6<\/a><\/li><li class='ez-toc-page-1 ez-toc-heading-level-4'><a class=\"ez-toc-link ez-toc-heading-4\" href=\"https:\/\/saphirsmaragd.com\/ja\/product\/saphir-1-59-karat-blau-oval\/#Mehr_uber_Smaragde_Heilsteine\" >Mehr \u00fcber Smaragde &amp; Heilsteine<\/a><\/li><li class='ez-toc-page-1 ez-toc-heading-level-4'><a class=\"ez-toc-link ez-toc-heading-5\" href=\"https:\/\/saphirsmaragd.com\/ja\/product\/saphir-1-59-karat-blau-oval\/#Weitere_Infos\" >\u8a73\u7d30\u306f\u3053\u3061\u3089<\/a><\/li><\/ul><\/nav><\/div>\n<h4 data-start=\"842\" data-end=\"939\"><span class=\"ez-toc-section\" id=\"Saphir_159_Karat_Blau_Oval\"><\/span>Saphir 1.59 Karat Blau Oval<span class=\"ez-toc-section-end\"><\/span><\/h4>\n<p data-start=\"940\" data-end=\"1093\">Ein nat\u00fcrlicher Ceylon-Saphir mit 1.59 Karat \u2013 oval geschliffen, intensiv blau und voller Leben. Ideal f\u00fcr Sammler und individuelle Schmuckanfertigungen.<\/p>\n<hr data-start=\"1095\" data-end=\"1098\" \/>\n<h4 data-start=\"1100\" data-end=\"1126\"><span class=\"ez-toc-section\" id=\"Merkmale_Herkunft\"><\/span>\u7279\u5fb4\u30fb\u7531\u6765<span class=\"ez-toc-section-end\"><\/span><\/h4>\n<p data-start=\"1312\" data-end=\"1606\">Gewicht: 1.59 Karat<br data-start=\"1332\" data-end=\"1335\" \/>Farbe: Blau<br data-start=\"1350\" data-end=\"1353\" \/>Form: Oval<br data-start=\"1367\" data-end=\"1370\" \/>Gr\u00f6\u00dfe: 7 \u00d7 5.5 mm<br data-start=\"1391\" data-end=\"1394\" \/>Herkunft: Ceylon (Sri Lanka)<br data-start=\"1457\" data-end=\"1460\" \/>Reinheit: Deutliche Einschl\u00fcsse<br data-start=\"1495\" data-end=\"1498\" \/>Behandlung: Erhitzt (stabil &amp; \u00fcblich)<br data-start=\"1539\" data-end=\"1542\" \/>Zertifikat: Ja, durch Gemmolog\/in (Gem-A)<br data-start=\"1587\" data-end=\"1590\" \/>\u30b3\u30f3\u30c7\u30a3\u30b7\u30e7\u30f3: \u65b0\u54c1<\/p>\n<hr data-start=\"1608\" data-end=\"1611\" \/>\n<h4 data-start=\"1613\" data-end=\"1634\"><span class=\"ez-toc-section\" id=\"Besonderheiten\"><\/span>\u7279\u96c6<span class=\"ez-toc-section-end\"><\/span><\/h4>\n<p data-start=\"1635\" data-end=\"1910\">Obwohl leicht erhitzt \u2013 wie bei 95\u202f% aller Saphire \u00fcblich \u2013 bleibt die Sch\u00f6nheit dieses Steins un\u00fcbertroffen. Die Kombination aus sattem K\u00f6nigsblau, hoher Lichtdurchl\u00e4ssigkeit und einem Gewicht von 1.59 Karat macht ihn zu einem hervorragenden Mittelst\u00fcck f\u00fcr luxuri\u00f6sen Schmuck.<\/p>\n<hr data-start=\"1912\" data-end=\"1915\" \/>\n<h4 data-start=\"1917\" data-end=\"1955\"><span class=\"ez-toc-section\" id=\"Mehr_uber_Smaragde_Heilsteine\"><\/span>Mehr \u00fcber Smaragde &amp; Heilsteine<span class=\"ez-toc-section-end\"><\/span><\/h4>\n<p data-start=\"1956\" data-end=\"2145\"><a class=\"\" href=\"https:\/\/saphirsmaragd.com\/ja\/product-category\/heilsteine-kristalle-kaufen\/\" target=\"_new\" rel=\"noopener\" data-start=\"2048\" data-end=\"2145\">\u30d2\u30fc\u30ea\u30f3\u30b0\u30b9\u30c8\u30fc\u30f3\u3068\u30af\u30ea\u30b9\u30bf\u30eb<\/a><\/p>\n<hr data-start=\"2147\" data-end=\"2150\" \/>\n<h4 data-start=\"2152\" data-end=\"2172\"><span class=\"ez-toc-section\" id=\"Weitere_Infos\"><\/span>\u8a73\u7d30\u306f\u3053\u3061\u3089<span class=\"ez-toc-section-end\"><\/span><\/h4>\n<p data-start=\"2173\" data-end=\"2283\"><a class=\"\" href=\"https:\/\/de.wikipedia.org\/wiki\/Saphir\" target=\"_new\" rel=\"noopener\" data-start=\"2233\" data-end=\"2282\">Wikipedia<\/a>.<\/p>","protected":false},"excerpt":{"rendered":"<p data-start=\"454\" data-end=\"618\"><em>Dieser Saphir 1.59 Karat Blau Oval aus Ceylon beeindruckt mit satter Farbe und hoher Transparenz. Leicht behandelt, zertifiziert und ideal f\u00fcr exklusive Schmuckst\u00fccke.<\/em><\/p>\n<p data-start=\"378\" data-end=\"474\">","protected":false},"featured_media":1711,"comment_status":"open","ping_status":"closed","template":"","meta":{"_glsr_average":0,"_glsr_ranking":0,"_glsr_reviews":0},"product_brand":[],"product_cat":[74],"product_tag":[],"class_list":{"0":"post-1708","1":"product","2":"type-product","3":"status-publish","4":"has-post-thumbnail","6":"product_cat-saphire-kaufen","7":"pa_edelsteinart-saphir","8":"pa_farbe-blau","9":"pa_form-oval","10":"pa_gewicht-karat-1-0-3-0-karat","11":"pa_herkunft-sri-lanka","12":"pa_reinheit-deutliche-einschluesse","13":"pa_veredelung-behandlung-erhitzt","14":"pa_zertifikat-ja","15":"pa_zustand-neu","17":"first","18":"instock","19":"featured","20":"sold-individually","21":"shipping-taxable","22":"purchasable","23":"product-type-simple","24":"add-to-wishlist-before_image"},"jetpack_sharing_enabled":true,"_links":{"self":[{"href":"https:\/\/saphirsmaragd.com\/ja\/wp-json\/wp\/v2\/product\/1708","targetHints":{"allow":["GET"]}}],"collection":[{"href":"https:\/\/saphirsmaragd.com\/ja\/wp-json\/wp\/v2\/product"}],"about":[{"href":"https:\/\/saphirsmaragd.com\/ja\/wp-json\/wp\/v2\/types\/product"}],"replies":[{"embeddable":true,"href":"https:\/\/saphirsmaragd.com\/ja\/wp-json\/wp\/v2\/comments?post=1708"}],"version-history":[{"count":4,"href":"https:\/\/saphirsmaragd.com\/ja\/wp-json\/wp\/v2\/product\/1708\/revisions"}],"predecessor-version":[{"id":4463,"href":"https:\/\/saphirsmaragd.com\/ja\/wp-json\/wp\/v2\/product\/1708\/revisions\/4463"}],"wp:featuredmedia":[{"embeddable":true,"href":"https:\/\/saphirsmaragd.com\/ja\/wp-json\/wp\/v2\/media\/1711"}],"wp:attachment":[{"href":"https:\/\/saphirsmaragd.com\/ja\/wp-json\/wp\/v2\/media?parent=1708"}],"wp:term":[{"taxonomy":"product_brand","embeddable":true,"href":"https:\/\/saphirsmaragd.com\/ja\/wp-json\/wp\/v2\/product_brand?post=1708"},{"taxonomy":"product_cat","embeddable":true,"href":"https:\/\/saphirsmaragd.com\/ja\/wp-json\/wp\/v2\/product_cat?post=1708"},{"taxonomy":"product_tag","embeddable":true,"href":"https:\/\/saphirsmaragd.com\/ja\/wp-json\/wp\/v2\/product_tag?post=1708"}],"curies":[{"name":"wp","href":"https:\/\/api.w.org\/{rel}","templated":true}]}}