{"id":2703,"date":"2025-10-12T13:09:29","date_gmt":"2025-10-12T13:09:29","guid":{"rendered":"https:\/\/saphirsmaragd.com\/?post_type=product&#038;p=2703"},"modified":"2025-12-29T19:00:10","modified_gmt":"2025-12-29T19:00:10","slug":"granat-2-83-karat-gelbgruen-oval","status":"publish","type":"product","link":"https:\/\/saphirsmaragd.com\/ja\/product\/granat-2-83-karat-gelbgruen-oval\/","title":{"rendered":"Granat 2.83 Karat Gelbgr\u00fcn Oval \u2013 Grossular, 9.20 \u00d7 7.7 mm facettiert, charaktervoll mit Zertifikat"},"content":{"rendered":"<div id=\"ez-toc-container\" class=\"ez-toc-v2_0_82_2 counter-hierarchy ez-toc-counter ez-toc-grey ez-toc-container-direction\">\n<div class=\"ez-toc-title-container\">\n<p class=\"ez-toc-title\" style=\"cursor:inherit\">\u76ee\u6b21<\/p>\n<span class=\"ez-toc-title-toggle\"><a href=\"#\" class=\"ez-toc-pull-right ez-toc-btn ez-toc-btn-xs ez-toc-btn-default ez-toc-toggle\" aria-label=\"Toggle Table of Content\"><span class=\"ez-toc-js-icon-con\"><span class=\"\"><span class=\"eztoc-hide\" style=\"display:none;\">\u30c8\u30b0\u30eb<\/span><span class=\"ez-toc-icon-toggle-span\"><svg style=\"fill: #999;color:#999\" xmlns=\"http:\/\/www.w3.org\/2000\/svg\" class=\"list-377408\" width=\"20px\" height=\"20px\" viewbox=\"0 0 24 24\" fill=\"none\"><path d=\"M6 6H4v2h2V6zm14 0H8v2h12V6zM4 11h2v2H4v-2zm16 0H8v2h12v-2zM4 16h2v2H4v-2zm16 0H8v2h12v-2z\" fill=\"currentColor\"><\/path><\/svg><svg style=\"fill: #999;color:#999\" class=\"arrow-unsorted-368013\" xmlns=\"http:\/\/www.w3.org\/2000\/svg\" width=\"10px\" height=\"10px\" viewbox=\"0 0 24 24\" version=\"1.2\" baseprofile=\"tiny\"><path d=\"M18.2 9.3l-6.2-6.3-6.2 6.3c-.2.2-.3.4-.3.7s.1.5.3.7c.2.2.4.3.7.3h11c.3 0 .5-.1.7-.3.2-.2.3-.5.3-.7s-.1-.5-.3-.7zM5.8 14.7l6.2 6.3 6.2-6.3c.2-.2.3-.5.3-.7s-.1-.5-.3-.7c-.2-.2-.4-.3-.7-.3h-11c-.3 0-.5.1-.7.3-.2.2-.3.5-.3.7s.1.5.3.7z\"\/><\/svg><\/span><\/span><\/span><\/a><\/span><\/div>\n<nav><ul class='ez-toc-list ez-toc-list-level-1' ><li class='ez-toc-page-1 ez-toc-heading-level-4'><a class=\"ez-toc-link ez-toc-heading-1\" href=\"https:\/\/saphirsmaragd.com\/ja\/product\/granat-2-83-karat-gelbgruen-oval\/#Granat_283_Karat_Gelbgrun_Oval_%E2%80%93_lebendiger_Grossular_mit_naturlicher_Ausstrahlung\" >Granat 2.83 Karat Gelbgr\u00fcn Oval \u2013 lebendiger Grossular mit nat\u00fcrlicher Ausstrahlung<\/a><\/li><li class='ez-toc-page-1 ez-toc-heading-level-4'><a class=\"ez-toc-link ez-toc-heading-2\" href=\"https:\/\/saphirsmaragd.com\/ja\/product\/granat-2-83-karat-gelbgruen-oval\/#Merkmale_Herkunft_%E2%80%93_Granat_283_Karat_Gelbgrun_Oval\" >Merkmale &amp; Herkunft \u2013 Granat 2.83 Karat Gelbgr\u00fcn Oval<\/a><\/li><li class='ez-toc-page-1 ez-toc-heading-level-4'><a class=\"ez-toc-link ez-toc-heading-3\" href=\"https:\/\/saphirsmaragd.com\/ja\/product\/granat-2-83-karat-gelbgruen-oval\/#Besonderheiten\" >\u7279\u96c6<\/a><\/li><li class='ez-toc-page-1 ez-toc-heading-level-4'><a class=\"ez-toc-link ez-toc-heading-4\" href=\"https:\/\/saphirsmaragd.com\/ja\/product\/granat-2-83-karat-gelbgruen-oval\/#Mehr_uber_unsere_Edelsteine\" >\u5b9d\u77f3\u306e\u8a73\u7d30<\/a><\/li><li class='ez-toc-page-1 ez-toc-heading-level-4'><a class=\"ez-toc-link ez-toc-heading-5\" href=\"https:\/\/saphirsmaragd.com\/ja\/product\/granat-2-83-karat-gelbgruen-oval\/#Weitere_Infos\" >\u8a73\u7d30\u306f\u3053\u3061\u3089<\/a><\/li><\/ul><\/nav><\/div>\n<h4 data-start=\"739\" data-end=\"827\"><span class=\"ez-toc-section\" id=\"Granat_283_Karat_Gelbgrun_Oval_%E2%80%93_lebendiger_Grossular_mit_naturlicher_Ausstrahlung\"><\/span>Granat 2.83 Karat Gelbgr\u00fcn Oval \u2013 lebendiger Grossular mit nat\u00fcrlicher Ausstrahlung<span class=\"ez-toc-section-end\"><\/span><\/h4>\n<p data-start=\"828\" data-end=\"1055\">Dieser Einzelstein verbindet frisches Gelbgr\u00fcn mit funkelnden Lichtreflexen. Granat 2.83 Karat Gelbgr\u00fcn-Oval ist dank seiner Gr\u00f6\u00dfe ideal f\u00fcr auff\u00e4llige Fassungen und \u00fcberzeugt durch seine authentische, naturbelassene Optik.<\/p>\n<hr data-start=\"1057\" data-end=\"1060\" \/>\n<h4 data-start=\"1062\" data-end=\"1120\"><span class=\"ez-toc-section\" id=\"Merkmale_Herkunft_%E2%80%93_Granat_283_Karat_Gelbgrun_Oval\"><\/span>Merkmale &amp; Herkunft \u2013 Granat 2.83 Karat Gelbgr\u00fcn Oval<span class=\"ez-toc-section-end\"><\/span><\/h4>\n<p data-start=\"1121\" data-end=\"1393\">Steinart: Granat (Grossular)<br data-start=\"1149\" data-end=\"1152\" \/>Farbe: Gelbgr\u00fcn<br data-start=\"1167\" data-end=\"1170\" \/>Form: Oval facettiert<br data-start=\"1191\" data-end=\"1194\" \/>Gr\u00f6\u00dfe: 9.20 \u00d7 7.7 mm<br data-start=\"1214\" data-end=\"1217\" \/>Gewicht: 2.83 Karat<br data-start=\"1236\" data-end=\"1239\" \/>Reinheit: Deutliche Einschl\u00fcsse<br data-start=\"1270\" data-end=\"1273\" \/>\u6cbb\u7642\uff1a\u672a\u6cbb\u7642<br data-start=\"1305\" data-end=\"1308\" \/>H\u00e4rte: 6.5 auf der Mohs-Skala<br data-start=\"1337\" data-end=\"1340\" \/>\u9451\u5b9a\u66f8: Val\u00e9rie DURAFFOURG (Gem-A)<br data-start=\"1378\" data-end=\"1381\" \/>\u30b3\u30f3\u30c7\u30a3\u30b7\u30e7\u30f3: \u65b0\u54c1<\/p>\n<hr data-start=\"1395\" data-end=\"1398\" \/>\n<h4 data-start=\"1400\" data-end=\"1419\"><span class=\"ez-toc-section\" id=\"Besonderheiten\"><\/span>\u7279\u96c6<span class=\"ez-toc-section-end\"><\/span><\/h4>\n<p data-start=\"1420\" data-end=\"1752\">Der Granat 2.83 Karat Gelbgr\u00fcn-Oval bietet eine attraktive Ovall\u00e4nge mit pr\u00e4sentem Auftritt. Zahlreiche feine, nat\u00fcrliche Einschl\u00fcsse erzeugen lebendige Scintillation und unterstreichen den Charakter eines echten Grossulars. Unbehandelte, zertifizierte Qualit\u00e4t \u2013 ideal f\u00fcr Ringe, Anh\u00e4nger oder Sammlungen mit Naturstein-Charme.<\/p>\n<hr data-start=\"1926\" data-end=\"1929\" \/>\n<h4 data-start=\"1931\" data-end=\"1971\"><span class=\"ez-toc-section\" id=\"Mehr_uber_unsere_Edelsteine\"><\/span>\u5b9d\u77f3\u306e\u8a73\u7d30<span class=\"ez-toc-section-end\"><\/span><\/h4>\n<p data-start=\"1972\" data-end=\"2069\"><a href=\"https:\/\/saphirsmaragd.com\/ja\/product-category\/edelsteine-kaufen\/\">\u5b9d\u77f3<\/a><\/p>\n<hr data-start=\"2071\" data-end=\"2074\" \/>\n<h4 data-start=\"2076\" data-end=\"2096\"><span class=\"ez-toc-section\" id=\"Weitere_Infos\"><\/span>\u8a73\u7d30\u306f\u3053\u3061\u3089<span class=\"ez-toc-section-end\"><\/span><\/h4>\n<p data-start=\"2097\" data-end=\"2160\"><a class=\"decorated-link cursor-pointer\" href=\"https:\/\/de.wikipedia.org\/wiki\/Granat\" target=\"_new\" rel=\"noopener\" data-start=\"2097\" data-end=\"2160\">Wikipedia: Granat<\/a><\/p>","protected":false},"excerpt":{"rendered":"<p data-start=\"411\" data-end=\"605\"><em>Granat 2.83 Karat Gelbgr\u00fcn Oval \u2013 Grossular, 9.20 \u00d7 7.7 mm facettiert, charaktervoll mit Zertifikat. Attraktive Gr\u00f6\u00dfe, lebendiges Gelbgr\u00fcn, nat\u00fcrliche Einschl\u00fcsse.<\/em><\/p>\n<p data-start=\"607\" data-end=\"732\">\n<h3 data-start=\"710\" data-end=\"734\"><\/h3>\n<p data-start=\"575\" data-end=\"606\">","protected":false},"featured_media":2706,"comment_status":"open","ping_status":"closed","template":"","meta":{"_glsr_average":0,"_glsr_ranking":0,"_glsr_reviews":0},"product_brand":[],"product_cat":[111],"product_tag":[],"class_list":{"0":"post-2703","1":"product","2":"type-product","3":"status-publish","4":"has-post-thumbnail","6":"product_cat-granat-kaufen","7":"pa_edelsteinart-granat","8":"pa_farbe-gelb","9":"pa_form-oval","10":"pa_gewicht-karat-1-0-3-0-karat","11":"pa_reinheit-deutliche-einschluesse","12":"pa_veredelung-behandlung-unbehandelt","13":"pa_zertifikat-ja","14":"pa_zustand-neu","16":"first","17":"instock","18":"featured","19":"sold-individually","20":"shipping-taxable","21":"purchasable","22":"product-type-simple","23":"add-to-wishlist-before_image"},"jetpack_sharing_enabled":true,"_links":{"self":[{"href":"https:\/\/saphirsmaragd.com\/ja\/wp-json\/wp\/v2\/product\/2703","targetHints":{"allow":["GET"]}}],"collection":[{"href":"https:\/\/saphirsmaragd.com\/ja\/wp-json\/wp\/v2\/product"}],"about":[{"href":"https:\/\/saphirsmaragd.com\/ja\/wp-json\/wp\/v2\/types\/product"}],"replies":[{"embeddable":true,"href":"https:\/\/saphirsmaragd.com\/ja\/wp-json\/wp\/v2\/comments?post=2703"}],"version-history":[{"count":1,"href":"https:\/\/saphirsmaragd.com\/ja\/wp-json\/wp\/v2\/product\/2703\/revisions"}],"predecessor-version":[{"id":2707,"href":"https:\/\/saphirsmaragd.com\/ja\/wp-json\/wp\/v2\/product\/2703\/revisions\/2707"}],"wp:featuredmedia":[{"embeddable":true,"href":"https:\/\/saphirsmaragd.com\/ja\/wp-json\/wp\/v2\/media\/2706"}],"wp:attachment":[{"href":"https:\/\/saphirsmaragd.com\/ja\/wp-json\/wp\/v2\/media?parent=2703"}],"wp:term":[{"taxonomy":"product_brand","embeddable":true,"href":"https:\/\/saphirsmaragd.com\/ja\/wp-json\/wp\/v2\/product_brand?post=2703"},{"taxonomy":"product_cat","embeddable":true,"href":"https:\/\/saphirsmaragd.com\/ja\/wp-json\/wp\/v2\/product_cat?post=2703"},{"taxonomy":"product_tag","embeddable":true,"href":"https:\/\/saphirsmaragd.com\/ja\/wp-json\/wp\/v2\/product_tag?post=2703"}],"curies":[{"name":"wp","href":"https:\/\/api.w.org\/{rel}","templated":true}]}}