{"id":3036,"date":"2025-10-13T15:01:17","date_gmt":"2025-10-13T15:01:17","guid":{"rendered":"https:\/\/saphirsmaragd.com\/?post_type=product&#038;p=3036"},"modified":"2025-12-29T18:59:06","modified_gmt":"2025-12-29T18:59:06","slug":"quarz-rosenquarz-10-59-karat-hellrosa-atypisch","status":"publish","type":"product","link":"https:\/\/saphirsmaragd.com\/ja\/product\/quarz-rosenquarz-10-59-karat-hellrosa-atypisch\/","title":{"rendered":"Quarz Rosenquarz 10.59 Karat Hellrosa Atypisch Facettiert Edelstein"},"content":{"rendered":"<p data-start=\"753\" data-end=\"837\"><strong data-start=\"753\" data-end=\"837\">Quarz Rosenquarz 10.59 Karat Hellrosa Atypisch \u2013 seltener facettierter Edelstein<\/strong><\/p>\n<p data-start=\"839\" data-end=\"1065\">Dieser Quarz Rosenquarz mit 10.59 Karat beeindruckt durch seine zarte hellrosa Farbe und den au\u00dfergew\u00f6hnlichen Fantasieschliff. Die Transparenz und Reinheit machen ihn ideal f\u00fcr Edelsteinsammler und individuelle Schmuckst\u00fccke.<\/p>\n<hr data-start=\"1067\" data-end=\"1070\" \/>\n<div id=\"ez-toc-container\" class=\"ez-toc-v2_0_82_2 counter-hierarchy ez-toc-counter ez-toc-grey ez-toc-container-direction\">\n<div class=\"ez-toc-title-container\">\n<p class=\"ez-toc-title\" style=\"cursor:inherit\">\u76ee\u6b21<\/p>\n<span class=\"ez-toc-title-toggle\"><a href=\"#\" class=\"ez-toc-pull-right ez-toc-btn ez-toc-btn-xs ez-toc-btn-default ez-toc-toggle\" aria-label=\"Toggle Table of Content\"><span class=\"ez-toc-js-icon-con\"><span class=\"\"><span class=\"eztoc-hide\" style=\"display:none;\">\u30c8\u30b0\u30eb<\/span><span class=\"ez-toc-icon-toggle-span\"><svg style=\"fill: #999;color:#999\" xmlns=\"http:\/\/www.w3.org\/2000\/svg\" class=\"list-377408\" width=\"20px\" height=\"20px\" viewbox=\"0 0 24 24\" fill=\"none\"><path d=\"M6 6H4v2h2V6zm14 0H8v2h12V6zM4 11h2v2H4v-2zm16 0H8v2h12v-2zM4 16h2v2H4v-2zm16 0H8v2h12v-2z\" fill=\"currentColor\"><\/path><\/svg><svg style=\"fill: #999;color:#999\" class=\"arrow-unsorted-368013\" xmlns=\"http:\/\/www.w3.org\/2000\/svg\" width=\"10px\" height=\"10px\" viewbox=\"0 0 24 24\" version=\"1.2\" baseprofile=\"tiny\"><path d=\"M18.2 9.3l-6.2-6.3-6.2 6.3c-.2.2-.3.4-.3.7s.1.5.3.7c.2.2.4.3.7.3h11c.3 0 .5-.1.7-.3.2-.2.3-.5.3-.7s-.1-.5-.3-.7zM5.8 14.7l6.2 6.3 6.2-6.3c.2-.2.3-.5.3-.7s-.1-.5-.3-.7c-.2-.2-.4-.3-.7-.3h-11c-.3 0-.5.1-.7.3-.2.2-.3.5-.3.7s.1.5.3.7z\"\/><\/svg><\/span><\/span><\/span><\/a><\/span><\/div>\n<nav><ul class='ez-toc-list ez-toc-list-level-1' ><li class='ez-toc-page-1 ez-toc-heading-level-4'><a class=\"ez-toc-link ez-toc-heading-1\" href=\"https:\/\/saphirsmaragd.com\/ja\/product\/quarz-rosenquarz-10-59-karat-hellrosa-atypisch\/#Merkmale_Herkunft\" >\u7279\u5fb4\u30fb\u7531\u6765<\/a><\/li><li class='ez-toc-page-1 ez-toc-heading-level-4'><a class=\"ez-toc-link ez-toc-heading-2\" href=\"https:\/\/saphirsmaragd.com\/ja\/product\/quarz-rosenquarz-10-59-karat-hellrosa-atypisch\/#Besonderheiten\" >\u7279\u96c6<\/a><\/li><li class='ez-toc-page-1 ez-toc-heading-level-4'><a class=\"ez-toc-link ez-toc-heading-3\" href=\"https:\/\/saphirsmaragd.com\/ja\/product\/quarz-rosenquarz-10-59-karat-hellrosa-atypisch\/#Mehr_uber_unsere_Edelsteine\" >\u5b9d\u77f3\u306e\u8a73\u7d30<\/a><\/li><li class='ez-toc-page-1 ez-toc-heading-level-4'><a class=\"ez-toc-link ez-toc-heading-4\" href=\"https:\/\/saphirsmaragd.com\/ja\/product\/quarz-rosenquarz-10-59-karat-hellrosa-atypisch\/#Weitere_Infos\" >\u8a73\u7d30\u306f\u3053\u3061\u3089<\/a><\/li><\/ul><\/nav><\/div>\n<h4 data-start=\"1072\" data-end=\"1096\"><span class=\"ez-toc-section\" id=\"Merkmale_Herkunft\"><\/span>\u7279\u5fb4\u30fb\u7531\u6765<span class=\"ez-toc-section-end\"><\/span><\/h4>\n<p data-start=\"1098\" data-end=\"1390\">Steinart: Quarz Rosenquarz<br data-start=\"1124\" data-end=\"1127\" \/>Farbe: Hellrosa<br data-start=\"1142\" data-end=\"1145\" \/>Form: Atypisch facettiert<br data-start=\"1170\" data-end=\"1173\" \/>Gewicht: 10.59 Karat<br data-start=\"1193\" data-end=\"1196\" \/>Ma\u00dfe: 17.62 \u00d7 13.64 mm<br data-start=\"1218\" data-end=\"1221\" \/>\u786c\u5ea6\uff1a\u30e2\u30fc\u30b9\u786c\u5ea67<br data-start=\"1248\" data-end=\"1251\" \/>Herkunft: Brasilien<br data-start=\"1270\" data-end=\"1273\" \/>Reinheit: Augenrein<br data-start=\"1292\" data-end=\"1295\" \/>Zertifikat: Val\u00e9rie Durafourg (Gem-A)<br data-start=\"1375\" data-end=\"1378\" \/>\u30b3\u30f3\u30c7\u30a3\u30b7\u30e7\u30f3: \u65b0\u54c1<\/p>\n<hr data-start=\"1392\" data-end=\"1395\" \/>\n<h4 data-start=\"1397\" data-end=\"1416\"><span class=\"ez-toc-section\" id=\"Besonderheiten\"><\/span>\u7279\u96c6<span class=\"ez-toc-section-end\"><\/span><\/h4>\n<p data-start=\"1418\" data-end=\"1638\">Quarz Rosenquarz 10.59 Karat Hellrosa Atypisch kombiniert nat\u00fcrliche Transparenz mit einem einzigartigen Schliff. Die ruhige Farbgebung und das Gewicht machen ihn ideal f\u00fcr auff\u00e4llige Schmuckfassungen oder Sammlerst\u00fccke.<\/p>\n<hr data-start=\"1926\" data-end=\"1929\" \/>\n<h4 data-start=\"1931\" data-end=\"1971\"><span class=\"ez-toc-section\" id=\"Mehr_uber_unsere_Edelsteine\"><\/span>\u5b9d\u77f3\u306e\u8a73\u7d30<span class=\"ez-toc-section-end\"><\/span><\/h4>\n<p data-start=\"1972\" data-end=\"2069\"><a href=\"https:\/\/saphirsmaragd.com\/ja\/product-category\/edelsteine-kaufen\/\">\u5b9d\u77f3<\/a><\/p>\n<hr data-start=\"2071\" data-end=\"2074\" \/>\n<h4 data-start=\"2076\" data-end=\"2096\"><span class=\"ez-toc-section\" id=\"Weitere_Infos\"><\/span>\u8a73\u7d30\u306f\u3053\u3061\u3089<span class=\"ez-toc-section-end\"><\/span><\/h4>\n<p><a href=\"https:\/\/de.wikipedia.org\/wiki\/Rosenquarz\" target=\"_blank\" rel=\"noopener\">Wikipedia: Rosenquarz<\/a><\/p>","protected":false},"excerpt":{"rendered":"<p data-start=\"356\" data-end=\"557\"><em>Quarz Rosenquarz 10.59 Karat Hellrosa atypisch facettiert. Zarter naturfarbener Edelstein mit Zertifikat von Val\u00e9rie Durafourg, augenrein und hochwertig geschliffen. Ideal f\u00fcr Schmuck oder Sammler.<\/em><\/p>\n<p data-start=\"559\" data-end=\"592\">\n<h3 data-start=\"660\" data-end=\"684\"><\/h3>\n<p data-start=\"575\" data-end=\"606\">","protected":false},"featured_media":3039,"comment_status":"open","ping_status":"closed","template":"","meta":{"_glsr_average":0,"_glsr_ranking":0,"_glsr_reviews":0},"product_brand":[],"product_cat":[283],"product_tag":[],"class_list":{"0":"post-3036","1":"product","2":"type-product","3":"status-publish","4":"has-post-thumbnail","6":"product_cat-quarz","7":"pa_edelsteinart-quarz","8":"pa_farbe-rosa","9":"pa_form-atypisch","10":"pa_gewicht-karat-10-20-karat","11":"pa_herkunft-brasilien","12":"pa_reinheit-augenrein","13":"pa_zertifikat-ja","14":"pa_zustand-neu","16":"first","17":"instock","18":"featured","19":"sold-individually","20":"shipping-taxable","21":"purchasable","22":"product-type-simple","23":"add-to-wishlist-before_image"},"jetpack_sharing_enabled":true,"_links":{"self":[{"href":"https:\/\/saphirsmaragd.com\/ja\/wp-json\/wp\/v2\/product\/3036","targetHints":{"allow":["GET"]}}],"collection":[{"href":"https:\/\/saphirsmaragd.com\/ja\/wp-json\/wp\/v2\/product"}],"about":[{"href":"https:\/\/saphirsmaragd.com\/ja\/wp-json\/wp\/v2\/types\/product"}],"replies":[{"embeddable":true,"href":"https:\/\/saphirsmaragd.com\/ja\/wp-json\/wp\/v2\/comments?post=3036"}],"version-history":[{"count":1,"href":"https:\/\/saphirsmaragd.com\/ja\/wp-json\/wp\/v2\/product\/3036\/revisions"}],"predecessor-version":[{"id":3040,"href":"https:\/\/saphirsmaragd.com\/ja\/wp-json\/wp\/v2\/product\/3036\/revisions\/3040"}],"wp:featuredmedia":[{"embeddable":true,"href":"https:\/\/saphirsmaragd.com\/ja\/wp-json\/wp\/v2\/media\/3039"}],"wp:attachment":[{"href":"https:\/\/saphirsmaragd.com\/ja\/wp-json\/wp\/v2\/media?parent=3036"}],"wp:term":[{"taxonomy":"product_brand","embeddable":true,"href":"https:\/\/saphirsmaragd.com\/ja\/wp-json\/wp\/v2\/product_brand?post=3036"},{"taxonomy":"product_cat","embeddable":true,"href":"https:\/\/saphirsmaragd.com\/ja\/wp-json\/wp\/v2\/product_cat?post=3036"},{"taxonomy":"product_tag","embeddable":true,"href":"https:\/\/saphirsmaragd.com\/ja\/wp-json\/wp\/v2\/product_tag?post=3036"}],"curies":[{"name":"wp","href":"https:\/\/api.w.org\/{rel}","templated":true}]}}