{"id":3511,"date":"2025-10-18T13:49:49","date_gmt":"2025-10-18T13:49:49","guid":{"rendered":"https:\/\/saphirsmaragd.com\/?post_type=product&#038;p=3511"},"modified":"2025-12-29T18:56:14","modified_gmt":"2025-12-29T18:56:14","slug":"turmalin-1-92-karat-rosa-birne","status":"publish","type":"product","link":"https:\/\/saphirsmaragd.com\/ja\/product\/turmalin-1-92-karat-rosa-birne\/","title":{"rendered":"\u30c8\u30eb\u30de\u30ea\u30f3 1.92 \u30ab\u30e9\u30c3\u30c8 \u30d4\u30f3\u30af \u30da\u30a2 \u2013 \u30d6\u30e9\u30b8\u30eb\u7523\u306e\u9bae\u3084\u304b\u306a\u8272\u306e\u77f3"},"content":{"rendered":"<div id=\"ez-toc-container\" class=\"ez-toc-v2_0_82_2 counter-hierarchy ez-toc-counter ez-toc-grey ez-toc-container-direction\">\n<div class=\"ez-toc-title-container\">\n<p class=\"ez-toc-title\" style=\"cursor:inherit\">\u76ee\u6b21<\/p>\n<span class=\"ez-toc-title-toggle\"><a href=\"#\" class=\"ez-toc-pull-right ez-toc-btn ez-toc-btn-xs ez-toc-btn-default ez-toc-toggle\" aria-label=\"Toggle Table of Content\"><span class=\"ez-toc-js-icon-con\"><span class=\"\"><span class=\"eztoc-hide\" style=\"display:none;\">\u30c8\u30b0\u30eb<\/span><span class=\"ez-toc-icon-toggle-span\"><svg style=\"fill: #999;color:#999\" xmlns=\"http:\/\/www.w3.org\/2000\/svg\" class=\"list-377408\" width=\"20px\" height=\"20px\" viewbox=\"0 0 24 24\" fill=\"none\"><path d=\"M6 6H4v2h2V6zm14 0H8v2h12V6zM4 11h2v2H4v-2zm16 0H8v2h12v-2zM4 16h2v2H4v-2zm16 0H8v2h12v-2z\" fill=\"currentColor\"><\/path><\/svg><svg style=\"fill: #999;color:#999\" class=\"arrow-unsorted-368013\" xmlns=\"http:\/\/www.w3.org\/2000\/svg\" width=\"10px\" height=\"10px\" viewbox=\"0 0 24 24\" version=\"1.2\" baseprofile=\"tiny\"><path d=\"M18.2 9.3l-6.2-6.3-6.2 6.3c-.2.2-.3.4-.3.7s.1.5.3.7c.2.2.4.3.7.3h11c.3 0 .5-.1.7-.3.2-.2.3-.5.3-.7s-.1-.5-.3-.7zM5.8 14.7l6.2 6.3 6.2-6.3c.2-.2.3-.5.3-.7s-.1-.5-.3-.7c-.2-.2-.4-.3-.7-.3h-11c-.3 0-.5.1-.7.3-.2.2-.3.5-.3.7s.1.5.3.7z\"\/><\/svg><\/span><\/span><\/span><\/a><\/span><\/div>\n<nav><ul class='ez-toc-list ez-toc-list-level-1' ><li class='ez-toc-page-1 ez-toc-heading-level-4'><a class=\"ez-toc-link ez-toc-heading-1\" href=\"https:\/\/saphirsmaragd.com\/ja\/product\/turmalin-1-92-karat-rosa-birne\/#Turmalin_192_Karat_Rosa_Birne_%E2%80%93_seltener_Farbstein_mit_Charakter\" >Turmalin 1.92 Karat Rosa Birne \u2013 seltener Farbstein mit Charakter<\/a><\/li><li class='ez-toc-page-1 ez-toc-heading-level-4'><a class=\"ez-toc-link ez-toc-heading-2\" href=\"https:\/\/saphirsmaragd.com\/ja\/product\/turmalin-1-92-karat-rosa-birne\/#Merkmale_Herkunft\" >\u7279\u5fb4\u30fb\u7531\u6765<\/a><\/li><li class='ez-toc-page-1 ez-toc-heading-level-4'><a class=\"ez-toc-link ez-toc-heading-3\" href=\"https:\/\/saphirsmaragd.com\/ja\/product\/turmalin-1-92-karat-rosa-birne\/#Besonderheiten\" >\u7279\u96c6<\/a><\/li><li class='ez-toc-page-1 ez-toc-heading-level-4'><a class=\"ez-toc-link ez-toc-heading-4\" href=\"https:\/\/saphirsmaragd.com\/ja\/product\/turmalin-1-92-karat-rosa-birne\/#Mehr_uber_unsere_Edelsteine\" >\u5b9d\u77f3\u306e\u8a73\u7d30<\/a><\/li><li class='ez-toc-page-1 ez-toc-heading-level-4'><a class=\"ez-toc-link ez-toc-heading-5\" href=\"https:\/\/saphirsmaragd.com\/ja\/product\/turmalin-1-92-karat-rosa-birne\/#Weitere_Infos\" >\u8a73\u7d30\u306f\u3053\u3061\u3089<\/a><\/li><\/ul><\/nav><\/div>\n<h4 data-start=\"532\" data-end=\"603\"><span class=\"ez-toc-section\" id=\"Turmalin_192_Karat_Rosa_Birne_%E2%80%93_seltener_Farbstein_mit_Charakter\"><\/span>Turmalin 1.92 Karat Rosa Birne \u2013 seltener Farbstein mit Charakter<span class=\"ez-toc-section-end\"><\/span><\/h4>\n<p data-start=\"604\" data-end=\"827\">Dieser Turmalin besticht durch seinen tiefen Rosaton und den eleganten Birnenschliff. Mit 1.92 Karat und Herkunft aus Brasilien eignet er sich perfekt f\u00fcr exklusive Schmuckanfertigungen oder Sammler hochwertiger Edelsteine.<\/p>\n<hr data-start=\"829\" data-end=\"832\" \/>\n<h4 data-start=\"834\" data-end=\"863\"><span class=\"ez-toc-section\" id=\"Merkmale_Herkunft\"><\/span>\u7279\u5fb4\u30fb\u7531\u6765<span class=\"ez-toc-section-end\"><\/span><\/h4>\n<p data-start=\"864\" data-end=\"1155\">Steinart: Turmalin<br data-start=\"882\" data-end=\"885\" \/>Farbe: Rosa<br data-start=\"896\" data-end=\"899\" \/>Form: Birne<br data-start=\"910\" data-end=\"913\" \/>Gewicht: 1.92 Karat<br data-start=\"932\" data-end=\"935\" \/>Dimension: 9.01 \u00d7 7.25 mm<br data-start=\"960\" data-end=\"963\" \/>\u786c\u5ea6\uff1a\u30e2\u30fc\u30b9\u786c\u5ea67<br data-start=\"990\" data-end=\"993\" \/>Reinheit: Deutliche Einschl\u00fcsse unter 10x sichtbar<br data-start=\"1033\" data-end=\"1036\" \/>\u6cbb\u7642\uff1a\u672a\u6cbb\u7642<br data-start=\"1059\" data-end=\"1062\" \/>Zertifikat: Ja \u2013 Val\u00e9rie Duraffourg (Gem-A)<br data-start=\"1105\" data-end=\"1108\" \/>Herkunft: Brasilien (Santa Rosa)<br data-start=\"1140\" data-end=\"1143\" \/>\u30b3\u30f3\u30c7\u30a3\u30b7\u30e7\u30f3: \u65b0\u54c1<\/p>\n<hr data-start=\"1157\" data-end=\"1160\" \/>\n<h4 data-start=\"1162\" data-end=\"1186\"><span class=\"ez-toc-section\" id=\"Besonderheiten\"><\/span>\u7279\u96c6<span class=\"ez-toc-section-end\"><\/span><\/h4>\n<p data-start=\"1187\" data-end=\"1387\">Der \u201eTurmalin 1.92 Karat Rosa Birne\u201c \u00fcberzeugt durch seine nat\u00fcrliche Farbe, unbehandelte Qualit\u00e4t und den beliebten Pear-Schliff. Ideal f\u00fcr Ringe, Anh\u00e4nger oder als Sammlerstein von hoher Wertigkeit.<\/p>\n<hr data-start=\"1926\" data-end=\"1929\" \/>\n<h4 data-start=\"1931\" data-end=\"1971\"><span class=\"ez-toc-section\" id=\"Mehr_uber_unsere_Edelsteine\"><\/span>\u5b9d\u77f3\u306e\u8a73\u7d30<span class=\"ez-toc-section-end\"><\/span><\/h4>\n<p data-start=\"1972\" data-end=\"2069\"><a href=\"https:\/\/saphirsmaragd.com\/ja\/product-category\/edelsteine-kaufen\/\">\u5b9d\u77f3<\/a><\/p>\n<hr data-start=\"2071\" data-end=\"2074\" \/>\n<h4 data-start=\"2076\" data-end=\"2096\"><span class=\"ez-toc-section\" id=\"Weitere_Infos\"><\/span>\u8a73\u7d30\u306f\u3053\u3061\u3089<span class=\"ez-toc-section-end\"><\/span><\/h4>\n<p><a href=\"https:\/\/de.wikipedia.org\/wiki\/Turmalin\" target=\"_blank\" rel=\"noopener\">\u30a6\u30a3\u30ad\u30da\u30c7\u30a3\u30a2\u30c8\u30eb\u30de\u30ea\u30f3<\/a><\/p>","protected":false},"excerpt":{"rendered":"<p data-start=\"354\" data-end=\"493\"><em>Turmalin 1.92 Karat Rosa Birne mit intensiver nat\u00fcrlicher Farbe, Brasilien-Herkunft und facettiertem Schliff \u2013 ideal f\u00fcr edlen Schmuck.<\/em><\/p>","protected":false},"featured_media":3514,"comment_status":"open","ping_status":"closed","template":"","meta":{"_glsr_average":0,"_glsr_ranking":0,"_glsr_reviews":0},"product_brand":[],"product_cat":[109],"product_tag":[],"class_list":{"0":"post-3511","1":"product","2":"type-product","3":"status-publish","4":"has-post-thumbnail","6":"product_cat-turmalin-kaufen","7":"pa_edelsteinart-turmalin","8":"pa_farbe-rosa","9":"pa_form-birne","10":"pa_gewicht-karat-1-0-3-0-karat","11":"pa_herkunft-brasilien","12":"pa_reinheit-deutliche-einschluesse","13":"pa_veredelung-behandlung-unbehandelt","14":"pa_zertifikat-ja","15":"pa_zustand-neu","17":"first","18":"instock","19":"featured","20":"sold-individually","21":"shipping-taxable","22":"purchasable","23":"product-type-simple","24":"add-to-wishlist-before_image"},"jetpack_sharing_enabled":true,"_links":{"self":[{"href":"https:\/\/saphirsmaragd.com\/ja\/wp-json\/wp\/v2\/product\/3511","targetHints":{"allow":["GET"]}}],"collection":[{"href":"https:\/\/saphirsmaragd.com\/ja\/wp-json\/wp\/v2\/product"}],"about":[{"href":"https:\/\/saphirsmaragd.com\/ja\/wp-json\/wp\/v2\/types\/product"}],"replies":[{"embeddable":true,"href":"https:\/\/saphirsmaragd.com\/ja\/wp-json\/wp\/v2\/comments?post=3511"}],"version-history":[{"count":3,"href":"https:\/\/saphirsmaragd.com\/ja\/wp-json\/wp\/v2\/product\/3511\/revisions"}],"predecessor-version":[{"id":3534,"href":"https:\/\/saphirsmaragd.com\/ja\/wp-json\/wp\/v2\/product\/3511\/revisions\/3534"}],"wp:featuredmedia":[{"embeddable":true,"href":"https:\/\/saphirsmaragd.com\/ja\/wp-json\/wp\/v2\/media\/3514"}],"wp:attachment":[{"href":"https:\/\/saphirsmaragd.com\/ja\/wp-json\/wp\/v2\/media?parent=3511"}],"wp:term":[{"taxonomy":"product_brand","embeddable":true,"href":"https:\/\/saphirsmaragd.com\/ja\/wp-json\/wp\/v2\/product_brand?post=3511"},{"taxonomy":"product_cat","embeddable":true,"href":"https:\/\/saphirsmaragd.com\/ja\/wp-json\/wp\/v2\/product_cat?post=3511"},{"taxonomy":"product_tag","embeddable":true,"href":"https:\/\/saphirsmaragd.com\/ja\/wp-json\/wp\/v2\/product_tag?post=3511"}],"curies":[{"name":"wp","href":"https:\/\/api.w.org\/{rel}","templated":true}]}}