{"id":4243,"date":"2025-11-01T13:43:09","date_gmt":"2025-11-01T13:43:09","guid":{"rendered":"https:\/\/saphirsmaragd.com\/?post_type=product&#038;p=4243"},"modified":"2025-12-29T18:55:39","modified_gmt":"2025-12-29T18:55:39","slug":"turmalin-1-40-karat-bicolor-tropfen","status":"publish","type":"product","link":"https:\/\/saphirsmaragd.com\/ja\/product\/turmalin-1-40-karat-bicolor-tropfen\/","title":{"rendered":"Turmalin 1.40 Karat Bicolor Tropfen \u2013 zweifarbiger Edelstein mit nat\u00fcrlicher Brillanz"},"content":{"rendered":"<div id=\"ez-toc-container\" class=\"ez-toc-v2_0_82_2 counter-hierarchy ez-toc-counter ez-toc-grey ez-toc-container-direction\">\n<div class=\"ez-toc-title-container\">\n<p class=\"ez-toc-title\" style=\"cursor:inherit\">\u76ee\u6b21<\/p>\n<span class=\"ez-toc-title-toggle\"><a href=\"#\" class=\"ez-toc-pull-right ez-toc-btn ez-toc-btn-xs ez-toc-btn-default ez-toc-toggle\" aria-label=\"Toggle Table of Content\"><span class=\"ez-toc-js-icon-con\"><span class=\"\"><span class=\"eztoc-hide\" style=\"display:none;\">\u30c8\u30b0\u30eb<\/span><span class=\"ez-toc-icon-toggle-span\"><svg style=\"fill: #999;color:#999\" xmlns=\"http:\/\/www.w3.org\/2000\/svg\" class=\"list-377408\" width=\"20px\" height=\"20px\" viewbox=\"0 0 24 24\" fill=\"none\"><path d=\"M6 6H4v2h2V6zm14 0H8v2h12V6zM4 11h2v2H4v-2zm16 0H8v2h12v-2zM4 16h2v2H4v-2zm16 0H8v2h12v-2z\" fill=\"currentColor\"><\/path><\/svg><svg style=\"fill: #999;color:#999\" class=\"arrow-unsorted-368013\" xmlns=\"http:\/\/www.w3.org\/2000\/svg\" width=\"10px\" height=\"10px\" viewbox=\"0 0 24 24\" version=\"1.2\" baseprofile=\"tiny\"><path d=\"M18.2 9.3l-6.2-6.3-6.2 6.3c-.2.2-.3.4-.3.7s.1.5.3.7c.2.2.4.3.7.3h11c.3 0 .5-.1.7-.3.2-.2.3-.5.3-.7s-.1-.5-.3-.7zM5.8 14.7l6.2 6.3 6.2-6.3c.2-.2.3-.5.3-.7s-.1-.5-.3-.7c-.2-.2-.4-.3-.7-.3h-11c-.3 0-.5.1-.7.3-.2.2-.3.5-.3.7s.1.5.3.7z\"\/><\/svg><\/span><\/span><\/span><\/a><\/span><\/div>\n<nav><ul class='ez-toc-list ez-toc-list-level-1' ><li class='ez-toc-page-1 ez-toc-heading-level-4'><a class=\"ez-toc-link ez-toc-heading-1\" href=\"https:\/\/saphirsmaragd.com\/ja\/product\/turmalin-1-40-karat-bicolor-tropfen\/#Turmalin_140_Karat_Bicolor_Tropfen_%E2%80%93_sanfte_Zweifarbigkeit_aus_Brasilien\" >Turmalin 1.40 Karat Bicolor Tropfen \u2013 sanfte Zweifarbigkeit aus Brasilien<\/a><\/li><li class='ez-toc-page-1 ez-toc-heading-level-4'><a class=\"ez-toc-link ez-toc-heading-2\" href=\"https:\/\/saphirsmaragd.com\/ja\/product\/turmalin-1-40-karat-bicolor-tropfen\/#Merkmale_Herkunft\" >\u7279\u5fb4\u30fb\u7531\u6765<\/a><\/li><li class='ez-toc-page-1 ez-toc-heading-level-4'><a class=\"ez-toc-link ez-toc-heading-3\" href=\"https:\/\/saphirsmaragd.com\/ja\/product\/turmalin-1-40-karat-bicolor-tropfen\/#Besonderheiten\" >\u7279\u96c6<\/a><\/li><li class='ez-toc-page-1 ez-toc-heading-level-4'><a class=\"ez-toc-link ez-toc-heading-4\" href=\"https:\/\/saphirsmaragd.com\/ja\/product\/turmalin-1-40-karat-bicolor-tropfen\/#Mehr_uber_unsere_Edelsteine\" >\u5b9d\u77f3\u306e\u8a73\u7d30<\/a><\/li><li class='ez-toc-page-1 ez-toc-heading-level-4'><a class=\"ez-toc-link ez-toc-heading-5\" href=\"https:\/\/saphirsmaragd.com\/ja\/product\/turmalin-1-40-karat-bicolor-tropfen\/#Weitere_Infos\" >\u8a73\u7d30\u306f\u3053\u3061\u3089<\/a><\/li><\/ul><\/nav><\/div>\n<h4 data-start=\"820\" data-end=\"900\"><span class=\"ez-toc-section\" id=\"Turmalin_140_Karat_Bicolor_Tropfen_%E2%80%93_sanfte_Zweifarbigkeit_aus_Brasilien\"><\/span>Turmalin 1.40 Karat Bicolor Tropfen \u2013 sanfte Zweifarbigkeit aus Brasilien<span class=\"ez-toc-section-end\"><\/span><\/h4>\n<p data-start=\"901\" data-end=\"1227\">Dieser au\u00dfergew\u00f6hnliche Turmalin 1.40 Karat Bicolor Tropfen zeigt einen reizvollen Farbverlauf von zartem Rosa bis Farblos \u2013 ein nat\u00fcrliches Spiel von Licht und Farbe, das ihn besonders macht. Die Tropfenform unterstreicht seine organische Eleganz, w\u00e4hrend die zahlreichen feinen Einschl\u00fcsse seine Nat\u00fcrlichkeit betonen.<\/p>\n<p data-start=\"1229\" data-end=\"1514\">Mit einer Gr\u00f6\u00dfe von 8 \u00d7 7.7 mm und einer H\u00e4rte von 7 auf der Mohs-Skala ist dieser Stein ideal f\u00fcr ein Einzelst\u00fcck in einem Anh\u00e4nger oder einem Statement-Ring. Seine Bicolor-F\u00e4rbung symbolisiert Balance und Harmonie \u2013 ein Stein f\u00fcr Menschen, die Zartheit und Individualit\u00e4t sch\u00e4tzen.<\/p>\n<hr data-start=\"1516\" data-end=\"1519\" \/>\n<h4 data-start=\"1521\" data-end=\"1550\"><span class=\"ez-toc-section\" id=\"Merkmale_Herkunft\"><\/span>\u7279\u5fb4\u30fb\u7531\u6765<span class=\"ez-toc-section-end\"><\/span><\/h4>\n<p data-start=\"1551\" data-end=\"1854\">Steinart: Turmalin<br data-start=\"1569\" data-end=\"1572\" \/>Farbe: Bicolor (Rosa und Farblos)<br data-start=\"1605\" data-end=\"1608\" \/>Form: Tropfen (Facettiert)<br data-start=\"1634\" data-end=\"1637\" \/>Gewicht: 1.40 Karat<br data-start=\"1656\" data-end=\"1659\" \/>\u786c\u5ea6\uff1a\u30e2\u30fc\u30b9\u786c\u5ea67<br data-start=\"1686\" data-end=\"1689\" \/>Gr\u00f6\u00dfe: 8 \u00d7 7.7 mm<br data-start=\"1706\" data-end=\"1709\" \/>Reinheit: Deutliche Einschl\u00fcsse<br data-start=\"1740\" data-end=\"1743\" \/>\u6cbb\u7642\uff1a\u672a\u6cbb\u7642<br data-start=\"1766\" data-end=\"1769\" \/>Herkunft: Brasilien<br data-start=\"1788\" data-end=\"1791\" \/>Zertifikat: Val\u00e9rie DURAFFOURG (Gem-A, London)<br data-start=\"1837\" data-end=\"1840\" \/>\u30b3\u30f3\u30c7\u30a3\u30b7\u30e7\u30f3: \u65b0\u54c1<\/p>\n<hr data-start=\"1856\" data-end=\"1859\" \/>\n<h4 data-start=\"1861\" data-end=\"1885\"><span class=\"ez-toc-section\" id=\"Besonderheiten\"><\/span>\u7279\u96c6<span class=\"ez-toc-section-end\"><\/span><\/h4>\n<p data-start=\"1886\" data-end=\"2119\">Der Turmalin 1.40 Karat Bicolor Tropfen ist ein authentischer Naturstein mit seltenem Farbverlauf und sanfter Transparenz. Die Zweifarbigkeit entsteht durch nat\u00fcrliche Mineralver\u00e4nderungen und macht jeden Stein zu einem Unikat.<\/p>\n<hr data-start=\"1926\" data-end=\"1929\" \/>\n<h4 data-start=\"1931\" data-end=\"1971\"><span class=\"ez-toc-section\" id=\"Mehr_uber_unsere_Edelsteine\"><\/span>\u5b9d\u77f3\u306e\u8a73\u7d30<span class=\"ez-toc-section-end\"><\/span><\/h4>\n<p data-start=\"1972\" data-end=\"2069\"><a href=\"https:\/\/saphirsmaragd.com\/ja\/product-category\/edelsteine-kaufen\/\">\u5b9d\u77f3<\/a><\/p>\n<hr data-start=\"2071\" data-end=\"2074\" \/>\n<h4 data-start=\"2076\" data-end=\"2096\"><span class=\"ez-toc-section\" id=\"Weitere_Infos\"><\/span>\u8a73\u7d30\u306f\u3053\u3061\u3089<span class=\"ez-toc-section-end\"><\/span><\/h4>\n<p><a href=\"https:\/\/de.wikipedia.org\/wiki\/Turmalin\" target=\"_blank\" rel=\"noopener\">\u30a6\u30a3\u30ad\u30da\u30c7\u30a3\u30a2\u30c8\u30eb\u30de\u30ea\u30f3<\/a><\/p>","protected":false},"excerpt":{"rendered":"<p data-start=\"463\" data-end=\"672\"><em>Dieser Turmalin 1.40 Karat Bicolor Tropfen vereint zarte Rosa- und Farblos-Nuancen in nat\u00fcrlicher Harmonie. Ein zertifizierter, facettierter Edelstein aus Brasilien \u2013 einzigartig, elegant und voller Charakter.<\/em><\/p>\n<h2 data-start=\"523\" data-end=\"548\"><\/h2>","protected":false},"featured_media":4247,"comment_status":"open","ping_status":"closed","template":"","meta":{"_glsr_average":0,"_glsr_ranking":0,"_glsr_reviews":0},"product_brand":[],"product_cat":[109],"product_tag":[],"class_list":{"0":"post-4243","1":"product","2":"type-product","3":"status-publish","4":"has-post-thumbnail","6":"product_cat-turmalin-kaufen","7":"pa_edelsteinart-turmalin","8":"pa_farbe-bicolor","9":"pa_farbe-farblos","10":"pa_farbe-rosa","11":"pa_form-tropfen","12":"pa_gewicht-karat-1-0-3-0-karat","13":"pa_herkunft-brasilien","14":"pa_reinheit-deutliche-einschluesse","15":"pa_veredelung-behandlung-unbehandelt","16":"pa_zertifikat-ja","17":"pa_zustand-neu","19":"first","20":"instock","21":"featured","22":"sold-individually","23":"shipping-taxable","24":"purchasable","25":"product-type-simple","26":"add-to-wishlist-before_image"},"jetpack_sharing_enabled":true,"_links":{"self":[{"href":"https:\/\/saphirsmaragd.com\/ja\/wp-json\/wp\/v2\/product\/4243","targetHints":{"allow":["GET"]}}],"collection":[{"href":"https:\/\/saphirsmaragd.com\/ja\/wp-json\/wp\/v2\/product"}],"about":[{"href":"https:\/\/saphirsmaragd.com\/ja\/wp-json\/wp\/v2\/types\/product"}],"replies":[{"embeddable":true,"href":"https:\/\/saphirsmaragd.com\/ja\/wp-json\/wp\/v2\/comments?post=4243"}],"version-history":[{"count":1,"href":"https:\/\/saphirsmaragd.com\/ja\/wp-json\/wp\/v2\/product\/4243\/revisions"}],"predecessor-version":[{"id":4248,"href":"https:\/\/saphirsmaragd.com\/ja\/wp-json\/wp\/v2\/product\/4243\/revisions\/4248"}],"wp:featuredmedia":[{"embeddable":true,"href":"https:\/\/saphirsmaragd.com\/ja\/wp-json\/wp\/v2\/media\/4247"}],"wp:attachment":[{"href":"https:\/\/saphirsmaragd.com\/ja\/wp-json\/wp\/v2\/media?parent=4243"}],"wp:term":[{"taxonomy":"product_brand","embeddable":true,"href":"https:\/\/saphirsmaragd.com\/ja\/wp-json\/wp\/v2\/product_brand?post=4243"},{"taxonomy":"product_cat","embeddable":true,"href":"https:\/\/saphirsmaragd.com\/ja\/wp-json\/wp\/v2\/product_cat?post=4243"},{"taxonomy":"product_tag","embeddable":true,"href":"https:\/\/saphirsmaragd.com\/ja\/wp-json\/wp\/v2\/product_tag?post=4243"}],"curies":[{"name":"wp","href":"https:\/\/api.w.org\/{rel}","templated":true}]}}