{"id":5313,"date":"2025-11-17T03:45:18","date_gmt":"2025-11-17T03:45:18","guid":{"rendered":"https:\/\/saphirsmaragd.com\/?post_type=product&#038;p=5313"},"modified":"2025-12-05T10:21:12","modified_gmt":"2025-12-05T10:21:12","slug":"malachit-mit-goethit-rohstein","status":"publish","type":"product","link":"https:\/\/saphirsmaragd.com\/ja\/product\/malachit-mit-goethit-rohstein\/","title":{"rendered":"Malachit mit Goethit Rohstein \u2013 482 g \u2013 Heilstein f\u00fcr Schutz, emotionale Balance und Heilung"},"content":{"rendered":"<div id=\"ez-toc-container\" class=\"ez-toc-v2_0_82_2 counter-hierarchy ez-toc-counter ez-toc-grey ez-toc-container-direction\">\n<div class=\"ez-toc-title-container\">\n<p class=\"ez-toc-title\" style=\"cursor:inherit\">\u76ee\u6b21<\/p>\n<span class=\"ez-toc-title-toggle\"><a href=\"#\" class=\"ez-toc-pull-right ez-toc-btn ez-toc-btn-xs ez-toc-btn-default ez-toc-toggle\" aria-label=\"Toggle Table of Content\"><span class=\"ez-toc-js-icon-con\"><span class=\"\"><span class=\"eztoc-hide\" style=\"display:none;\">\u30c8\u30b0\u30eb<\/span><span class=\"ez-toc-icon-toggle-span\"><svg style=\"fill: #999;color:#999\" xmlns=\"http:\/\/www.w3.org\/2000\/svg\" class=\"list-377408\" width=\"20px\" height=\"20px\" viewbox=\"0 0 24 24\" fill=\"none\"><path d=\"M6 6H4v2h2V6zm14 0H8v2h12V6zM4 11h2v2H4v-2zm16 0H8v2h12v-2zM4 16h2v2H4v-2zm16 0H8v2h12v-2z\" fill=\"currentColor\"><\/path><\/svg><svg style=\"fill: #999;color:#999\" class=\"arrow-unsorted-368013\" xmlns=\"http:\/\/www.w3.org\/2000\/svg\" width=\"10px\" height=\"10px\" viewbox=\"0 0 24 24\" version=\"1.2\" baseprofile=\"tiny\"><path d=\"M18.2 9.3l-6.2-6.3-6.2 6.3c-.2.2-.3.4-.3.7s.1.5.3.7c.2.2.4.3.7.3h11c.3 0 .5-.1.7-.3.2-.2.3-.5.3-.7s-.1-.5-.3-.7zM5.8 14.7l6.2 6.3 6.2-6.3c.2-.2.3-.5.3-.7s-.1-.5-.3-.7c-.2-.2-.4-.3-.7-.3h-11c-.3 0-.5.1-.7.3-.2.2-.3.5-.3.7s.1.5.3.7z\"\/><\/svg><\/span><\/span><\/span><\/a><\/span><\/div>\n<nav><ul class='ez-toc-list ez-toc-list-level-1' ><li class='ez-toc-page-1 ez-toc-heading-level-4'><a class=\"ez-toc-link ez-toc-heading-1\" href=\"https:\/\/saphirsmaragd.com\/ja\/product\/malachit-mit-goethit-rohstein\/#Malachit_mit_Goethit_Rohstein_%E2%80%93_482_g_%E2%80%93_Heilstein_aus_DR_Kongo\" >Malachit mit Goethit Rohstein \u2013 482 g \u2013 Heilstein aus DR Kongo<\/a><\/li><li class='ez-toc-page-1 ez-toc-heading-level-4'><a class=\"ez-toc-link ez-toc-heading-2\" href=\"https:\/\/saphirsmaragd.com\/ja\/product\/malachit-mit-goethit-rohstein\/#_Merkmale_Herkunft\" >\u00a0\u7279\u5fb4\u30fb\u7531\u6765<\/a><\/li><li class='ez-toc-page-1 ez-toc-heading-level-4'><a class=\"ez-toc-link ez-toc-heading-3\" href=\"https:\/\/saphirsmaragd.com\/ja\/product\/malachit-mit-goethit-rohstein\/#_Besonderheiten\" >\u00a0\u7279\u96c6<\/a><\/li><li class='ez-toc-page-1 ez-toc-heading-level-4'><a class=\"ez-toc-link ez-toc-heading-4\" href=\"https:\/\/saphirsmaragd.com\/ja\/product\/malachit-mit-goethit-rohstein\/#_Mehr_uber_Malachit_Heilsteine\" >\u00a0Mehr \u00fcber Malachit &amp; Heilsteine<\/a><\/li><li class='ez-toc-page-1 ez-toc-heading-level-4'><a class=\"ez-toc-link ez-toc-heading-5\" href=\"https:\/\/saphirsmaragd.com\/ja\/product\/malachit-mit-goethit-rohstein\/#_Weitere_Infos\" >\u00a0\u8a73\u7d30\u306f\u3053\u3061\u3089<\/a><\/li><\/ul><\/nav><\/div>\n<h4 data-start=\"216\" data-end=\"286\"><span class=\"ez-toc-section\" id=\"Malachit_mit_Goethit_Rohstein_%E2%80%93_482_g_%E2%80%93_Heilstein_aus_DR_Kongo\"><\/span><strong data-start=\"218\" data-end=\"284\">Malachit mit Goethit Rohstein \u2013 482 g \u2013 Heilstein aus DR Kongo<\/strong><span class=\"ez-toc-section-end\"><\/span><\/h4>\n<p data-start=\"287\" data-end=\"460\">Der Malachit mit Goethit Rohstein aus dem DR Kongo ist ein kraftvoller Schutzstein, der emotionale Balance, Heilung und die Entwicklung gesunder Beziehungen unterst\u00fctzt.<\/p>\n<hr data-start=\"462\" data-end=\"465\" \/>\n<h4 data-start=\"467\" data-end=\"492\"><span class=\"ez-toc-section\" id=\"_Merkmale_Herkunft\"><\/span>\u00a0\u7279\u5fb4\u30fb\u7531\u6765<span class=\"ez-toc-section-end\"><\/span><\/h4>\n<p data-start=\"493\" data-end=\"794\">Farbe: Gr\u00fcn mit braunen Goethit-Einschl\u00fcssen<br data-start=\"537\" data-end=\"540\" \/>Form: Roh \/ naturbelassen<br data-start=\"565\" data-end=\"568\" \/>Herkunft: DR Kongo<br data-start=\"586\" data-end=\"589\" \/>Gewicht: 482 g<br data-start=\"603\" data-end=\"606\" \/>Ma\u00dfe: 14 \u00d7 9.5 \u00d7 5.5 cm<br data-start=\"629\" data-end=\"632\" \/>Reinheit: Nat\u00fcrlich<br data-start=\"651\" data-end=\"654\" \/>\u6cbb\u7642\uff1a\u672a\u6cbb\u7642<br data-start=\"711\" data-end=\"714\" \/>Steinart: Malachit \/ Goethit<br data-start=\"742\" data-end=\"745\" \/>Chakra: Herzchakra (4. Chakra)<br data-start=\"775\" data-end=\"778\" \/>Element: Feuer<\/p>\n<hr data-start=\"796\" data-end=\"799\" \/>\n<h4 data-start=\"801\" data-end=\"823\"><span class=\"ez-toc-section\" id=\"_Besonderheiten\"><\/span>\u00a0\u7279\u96c6<span class=\"ez-toc-section-end\"><\/span><\/h4>\n<p data-start=\"824\" data-end=\"1166\">Der Malachit mit Goethit Rohstein ist ein kraftvoller Schutzstein, der negative Einfl\u00fcsse auf allen Ebenen abwehrt, einschlie\u00dflich Strahlung, Umweltbelastungen und Unf\u00e4llen. Er st\u00e4rkt die innere Widerstandskraft, reduziert \u00c4ngste und hilft, unterdr\u00fcckte Gef\u00fchle und Erfahrungen an die Oberfl\u00e4che zu bringen, sodass Heilung m\u00f6glich wird.<\/p>\n<p data-start=\"1168\" data-end=\"1653\">Emotionale und spirituelle Blockaden, Hemmungen oder negative Verhaltensmuster k\u00f6nnen durch Malachit gel\u00f6st werden. Er unterst\u00fctzt die Befreiung von Schuldgef\u00fchlen, Scham und emotionalem Ballast der Vergangenheit. Der Stein f\u00f6rdert pers\u00f6nliches Wachstum, positive Ver\u00e4nderungen, Empathie und Verst\u00e4ndnis und unterst\u00fctzt die Entwicklung gesunder, gleichberechtigter Beziehungen. Er ist ein idealer Begleiter f\u00fcr innere Arbeit, therapeutische Prozesse und transformative Entwicklungen.<\/p>\n<hr data-start=\"1655\" data-end=\"1658\" \/>\n<h4 data-start=\"1660\" data-end=\"1699\"><span class=\"ez-toc-section\" id=\"_Mehr_uber_Malachit_Heilsteine\"><\/span>\u00a0Mehr \u00fcber Malachit &amp; Heilsteine<span class=\"ez-toc-section-end\"><\/span><\/h4>\n<p data-start=\"1700\" data-end=\"1743\"><a href=\"https:\/\/saphirsmaragd.com\/ja\/product-category\/heilsteine-kristalle-kaufen\/\">\u30d2\u30fc\u30ea\u30f3\u30b0\u30b9\u30c8\u30fc\u30f3\u3068\u30af\u30ea\u30b9\u30bf\u30eb<\/a> | Saphir &amp; Smaragd<\/p>\n<hr data-start=\"1745\" data-end=\"1748\" \/>\n<h4 data-start=\"1750\" data-end=\"1771\"><span class=\"ez-toc-section\" id=\"_Weitere_Infos\"><\/span>\u00a0\u8a73\u7d30\u306f\u3053\u3061\u3089<span class=\"ez-toc-section-end\"><\/span><\/h4>\n<p data-start=\"1772\" data-end=\"1836\"><a class=\"decorated-link cursor-pointer\" href=\"https:\/\/de.wikipedia.org\/wiki\/Malachit\" target=\"_new\" rel=\"noopener\" data-start=\"1772\" data-end=\"1834\">Malachit \u2013 Wikipedia<\/a><\/p>","protected":false},"excerpt":{"rendered":"<p><em>Der Malachit mit Goethit Rohstein aus dem DR Kongo sch\u00fctzt vor negativen Einfl\u00fcssen, f\u00f6rdert emotionale Balance, Heilung und die Entwicklung gesunder Beziehungen. Ideal f\u00fcr Meditation und Transformation.<\/em><\/p>","protected":false},"featured_media":5315,"comment_status":"open","ping_status":"closed","template":"","meta":{"_glsr_average":0,"_glsr_ranking":0,"_glsr_reviews":0},"product_brand":[],"product_cat":[84],"product_tag":[],"class_list":{"0":"post-5313","1":"product","2":"type-product","3":"status-publish","4":"has-post-thumbnail","6":"product_cat-rohsteine-kaufen","8":"first","9":"instock","10":"taxable","11":"shipping-taxable","12":"purchasable","13":"product-type-simple","14":"add-to-wishlist-before_image"},"jetpack_sharing_enabled":true,"_links":{"self":[{"href":"https:\/\/saphirsmaragd.com\/ja\/wp-json\/wp\/v2\/product\/5313","targetHints":{"allow":["GET"]}}],"collection":[{"href":"https:\/\/saphirsmaragd.com\/ja\/wp-json\/wp\/v2\/product"}],"about":[{"href":"https:\/\/saphirsmaragd.com\/ja\/wp-json\/wp\/v2\/types\/product"}],"replies":[{"embeddable":true,"href":"https:\/\/saphirsmaragd.com\/ja\/wp-json\/wp\/v2\/comments?post=5313"}],"version-history":[{"count":1,"href":"https:\/\/saphirsmaragd.com\/ja\/wp-json\/wp\/v2\/product\/5313\/revisions"}],"predecessor-version":[{"id":5317,"href":"https:\/\/saphirsmaragd.com\/ja\/wp-json\/wp\/v2\/product\/5313\/revisions\/5317"}],"wp:featuredmedia":[{"embeddable":true,"href":"https:\/\/saphirsmaragd.com\/ja\/wp-json\/wp\/v2\/media\/5315"}],"wp:attachment":[{"href":"https:\/\/saphirsmaragd.com\/ja\/wp-json\/wp\/v2\/media?parent=5313"}],"wp:term":[{"taxonomy":"product_brand","embeddable":true,"href":"https:\/\/saphirsmaragd.com\/ja\/wp-json\/wp\/v2\/product_brand?post=5313"},{"taxonomy":"product_cat","embeddable":true,"href":"https:\/\/saphirsmaragd.com\/ja\/wp-json\/wp\/v2\/product_cat?post=5313"},{"taxonomy":"product_tag","embeddable":true,"href":"https:\/\/saphirsmaragd.com\/ja\/wp-json\/wp\/v2\/product_tag?post=5313"}],"curies":[{"name":"wp","href":"https:\/\/api.w.org\/{rel}","templated":true}]}}