{"id":5534,"date":"2025-11-20T21:43:14","date_gmt":"2025-11-20T21:43:14","guid":{"rendered":"https:\/\/saphirsmaragd.com\/?post_type=product&#038;p=5534"},"modified":"2025-11-20T21:43:15","modified_gmt":"2025-11-20T21:43:15","slug":"spitze-bergkristall-geschnitten-3771g","status":"publish","type":"product","link":"https:\/\/saphirsmaragd.com\/ja\/product\/spitze-bergkristall-geschnitten-3771g\/","title":{"rendered":"Spitze Bergkristall Geschnitten \u2013 3771 g Einzelst\u00fcck aus Brasilien"},"content":{"rendered":"<div id=\"ez-toc-container\" class=\"ez-toc-v2_0_82_2 counter-hierarchy ez-toc-counter ez-toc-grey ez-toc-container-direction\">\n<div class=\"ez-toc-title-container\">\n<p class=\"ez-toc-title\" style=\"cursor:inherit\">\u76ee\u6b21<\/p>\n<span class=\"ez-toc-title-toggle\"><a href=\"#\" class=\"ez-toc-pull-right ez-toc-btn ez-toc-btn-xs ez-toc-btn-default ez-toc-toggle\" aria-label=\"Toggle Table of Content\"><span class=\"ez-toc-js-icon-con\"><span class=\"\"><span class=\"eztoc-hide\" style=\"display:none;\">\u30c8\u30b0\u30eb<\/span><span class=\"ez-toc-icon-toggle-span\"><svg style=\"fill: #999;color:#999\" xmlns=\"http:\/\/www.w3.org\/2000\/svg\" class=\"list-377408\" width=\"20px\" height=\"20px\" viewbox=\"0 0 24 24\" fill=\"none\"><path d=\"M6 6H4v2h2V6zm14 0H8v2h12V6zM4 11h2v2H4v-2zm16 0H8v2h12v-2zM4 16h2v2H4v-2zm16 0H8v2h12v-2z\" fill=\"currentColor\"><\/path><\/svg><svg style=\"fill: #999;color:#999\" class=\"arrow-unsorted-368013\" xmlns=\"http:\/\/www.w3.org\/2000\/svg\" width=\"10px\" height=\"10px\" viewbox=\"0 0 24 24\" version=\"1.2\" baseprofile=\"tiny\"><path d=\"M18.2 9.3l-6.2-6.3-6.2 6.3c-.2.2-.3.4-.3.7s.1.5.3.7c.2.2.4.3.7.3h11c.3 0 .5-.1.7-.3.2-.2.3-.5.3-.7s-.1-.5-.3-.7zM5.8 14.7l6.2 6.3 6.2-6.3c.2-.2.3-.5.3-.7s-.1-.5-.3-.7c-.2-.2-.4-.3-.7-.3h-11c-.3 0-.5.1-.7.3-.2.2-.3.5-.3.7s.1.5.3.7z\"\/><\/svg><\/span><\/span><\/span><\/a><\/span><\/div>\n<nav><ul class='ez-toc-list ez-toc-list-level-1' ><li class='ez-toc-page-1 ez-toc-heading-level-4'><a class=\"ez-toc-link ez-toc-heading-1\" href=\"https:\/\/saphirsmaragd.com\/ja\/product\/spitze-bergkristall-geschnitten-3771g\/#Spitze_Bergkristall_Geschnitten_%E2%80%93_3771_g_Einzelstuck_aus_Brasilien\" >Spitze Bergkristall Geschnitten \u2013 3771 g Einzelst\u00fcck aus Brasilien<\/a><\/li><li class='ez-toc-page-1 ez-toc-heading-level-4'><a class=\"ez-toc-link ez-toc-heading-2\" href=\"https:\/\/saphirsmaragd.com\/ja\/product\/spitze-bergkristall-geschnitten-3771g\/#_Merkmale_Herkunft\" >\u00a0\u7279\u5fb4\u30fb\u7531\u6765<\/a><\/li><li class='ez-toc-page-1 ez-toc-heading-level-4'><a class=\"ez-toc-link ez-toc-heading-3\" href=\"https:\/\/saphirsmaragd.com\/ja\/product\/spitze-bergkristall-geschnitten-3771g\/#_Besonderheiten\" >\u00a0\u7279\u96c6<\/a><\/li><li class='ez-toc-page-1 ez-toc-heading-level-4'><a class=\"ez-toc-link ez-toc-heading-4\" href=\"https:\/\/saphirsmaragd.com\/ja\/product\/spitze-bergkristall-geschnitten-3771g\/#_Mehr_uber_Bergkristalle_Heilsteine\" >\u00a0Mehr \u00fcber Bergkristalle &amp; Heilsteine<\/a><\/li><li class='ez-toc-page-1 ez-toc-heading-level-4'><a class=\"ez-toc-link ez-toc-heading-5\" href=\"https:\/\/saphirsmaragd.com\/ja\/product\/spitze-bergkristall-geschnitten-3771g\/#_Weitere_Infos\" >\u00a0\u8a73\u7d30\u306f\u3053\u3061\u3089<\/a><\/li><\/ul><\/nav><\/div>\n<h4 data-start=\"900\" data-end=\"972\"><span class=\"ez-toc-section\" id=\"Spitze_Bergkristall_Geschnitten_%E2%80%93_3771_g_Einzelstuck_aus_Brasilien\"><\/span><strong data-start=\"902\" data-end=\"972\">Spitze Bergkristall Geschnitten \u2013 3771 g Einzelst\u00fcck aus Brasilien<\/strong><span class=\"ez-toc-section-end\"><\/span><\/h4>\n<p data-start=\"974\" data-end=\"1125\">Die Spitze Bergkristall Geschnitten ist ein au\u00dfergew\u00f6hnlich kraftvoller Heilstein, der Reinheit, energetische Balance und mentale Klarheit vereint.<\/p>\n<hr data-start=\"1127\" data-end=\"1130\" \/>\n<h4 data-start=\"1132\" data-end=\"1157\"><span class=\"ez-toc-section\" id=\"_Merkmale_Herkunft\"><\/span>\u00a0\u7279\u5fb4\u30fb\u7531\u6765<span class=\"ez-toc-section-end\"><\/span><\/h4>\n<p data-start=\"1158\" data-end=\"1378\">Farbe: Transparent<br data-start=\"1176\" data-end=\"1179\" \/>Form: Spitze, geschnitten<br data-start=\"1204\" data-end=\"1207\" \/>Herkunft: Brasilien<br data-start=\"1226\" data-end=\"1229\" \/>Gewicht: 3771 g<br data-start=\"1244\" data-end=\"1247\" \/>Ma\u00dfe: 20.5 x 12 x 8.5 cm<br data-start=\"1271\" data-end=\"1274\" \/>Reinheit: Nat\u00fcrlich<br data-start=\"1293\" data-end=\"1296\" \/>\u6cbb\u7642\uff1a\u672a\u6cbb\u7642<br data-start=\"1353\" data-end=\"1356\" \/>Steinart: Bergkristall<\/p>\n<hr data-start=\"1380\" data-end=\"1383\" \/>\n<h4 data-start=\"1385\" data-end=\"1405\"><span class=\"ez-toc-section\" id=\"_Besonderheiten\"><\/span>\u00a0\u7279\u96c6<span class=\"ez-toc-section-end\"><\/span><\/h4>\n<p data-start=\"1406\" data-end=\"1919\">Die Spitze Bergkristall Geschnitten wirkt intensiv reinigend und harmonisierend auf K\u00f6rper, Energiefeld und Chakren. Sie sch\u00fctzt die Aura vor negativen Einfl\u00fcssen wie elektromagnetischer Strahlung, Fremdenergien oder Umweltbelastungen und unterst\u00fctzt alle Formen von Energiearbeit, Meditation und spiritueller Entwicklung. Dank seiner hohen Frequenz kann Bergkristall beruhigen oder aktivieren \u2013 je nachdem, was der energetische Zustand gerade ben\u00f6tigt. So bringt er Gleichgewicht, Klarheit und innere Stabilit\u00e4t.<\/p>\n<p data-start=\"1921\" data-end=\"2213\">Emotional und mental f\u00f6rdert Bergkristall klare Gedanken, Fokus und ein neutrales, urteilsfreies Bewusstsein. Er hilft, Vorurteile loszulassen, mentale Blockaden zu l\u00f6sen und das Bewusstsein zu sch\u00e4rfen. Dadurch eignet er sich besonders f\u00fcr Meditation, Achtsamkeit und innere Selbstreflexion.<\/p>\n<p data-start=\"2215\" data-end=\"2638\">Physisch unterst\u00fctzt Bergkristall die Wiederherstellung des nat\u00fcrlichen K\u00f6rpergleichgewichts. Er stimuliert das Immunsystem und die Selbstheilungskr\u00e4fte und wirkt vitalisierend, k\u00fchlend, entz\u00fcndungshemmend und schmerzlindernd. Aufgrund seiner vielseitigen Eigenschaften eignet er sich f\u00fcr Menschen mit Sensitivit\u00e4ten oder Beschwerden wie Entz\u00fcndungen, Allergien, Hautreizungen, Kopfschmerzen, \u00dcbelkeit oder Stresssymptomen.<\/p>\n<hr data-start=\"2640\" data-end=\"2643\" \/>\n<h4 data-start=\"2645\" data-end=\"2687\"><span class=\"ez-toc-section\" id=\"_Mehr_uber_Bergkristalle_Heilsteine\"><\/span>\u00a0Mehr \u00fcber Bergkristalle &amp; Heilsteine<span class=\"ez-toc-section-end\"><\/span><\/h4>\n<p data-start=\"2688\" data-end=\"2735\"><a href=\"https:\/\/saphirsmaragd.com\/ja\/product-category\/heilsteine-kristalle-kaufen\/\">\u30d2\u30fc\u30ea\u30f3\u30b0\u30b9\u30c8\u30fc\u30f3\u3068\u30af\u30ea\u30b9\u30bf\u30eb<\/a> | Quarze &amp; Bergkristalle<\/p>\n<hr data-start=\"2737\" data-end=\"2740\" \/>\n<h4 data-start=\"2742\" data-end=\"2761\"><span class=\"ez-toc-section\" id=\"_Weitere_Infos\"><\/span>\u00a0\u8a73\u7d30\u306f\u3053\u3061\u3089<span class=\"ez-toc-section-end\"><\/span><\/h4>\n<p data-start=\"2762\" data-end=\"2815\">Wikipedia:<a class=\"decorated-link\" href=\"https:\/\/de.wikipedia.org\/wiki\/Bergkristall\" target=\"_new\" rel=\"noopener\" data-start=\"2773\" data-end=\"2815\">Bergkristall<\/a><\/p>","protected":false},"excerpt":{"rendered":"<p><em>Die Spitze Bergkristall Geschnitten ist ein 3771 g schweres Einzelst\u00fcck aus Brasilien. Dieser kraftvolle Heilstein reinigt Energie, harmonisiert Chakren, st\u00e4rkt mentale Klarheit und unterst\u00fctzt spirituelle Entwicklung sowie Selbstheilung.<\/em><\/p>","protected":false},"featured_media":5535,"comment_status":"open","ping_status":"closed","template":"","meta":{"_glsr_average":0,"_glsr_ranking":0,"_glsr_reviews":0},"product_brand":[],"product_cat":[84],"product_tag":[],"class_list":{"0":"post-5534","1":"product","2":"type-product","3":"status-publish","4":"has-post-thumbnail","6":"product_cat-rohsteine-kaufen","8":"first","9":"instock","10":"taxable","11":"shipping-taxable","12":"purchasable","13":"product-type-simple","14":"add-to-wishlist-before_image"},"jetpack_sharing_enabled":true,"_links":{"self":[{"href":"https:\/\/saphirsmaragd.com\/ja\/wp-json\/wp\/v2\/product\/5534","targetHints":{"allow":["GET"]}}],"collection":[{"href":"https:\/\/saphirsmaragd.com\/ja\/wp-json\/wp\/v2\/product"}],"about":[{"href":"https:\/\/saphirsmaragd.com\/ja\/wp-json\/wp\/v2\/types\/product"}],"replies":[{"embeddable":true,"href":"https:\/\/saphirsmaragd.com\/ja\/wp-json\/wp\/v2\/comments?post=5534"}],"version-history":[{"count":1,"href":"https:\/\/saphirsmaragd.com\/ja\/wp-json\/wp\/v2\/product\/5534\/revisions"}],"predecessor-version":[{"id":5539,"href":"https:\/\/saphirsmaragd.com\/ja\/wp-json\/wp\/v2\/product\/5534\/revisions\/5539"}],"wp:featuredmedia":[{"embeddable":true,"href":"https:\/\/saphirsmaragd.com\/ja\/wp-json\/wp\/v2\/media\/5535"}],"wp:attachment":[{"href":"https:\/\/saphirsmaragd.com\/ja\/wp-json\/wp\/v2\/media?parent=5534"}],"wp:term":[{"taxonomy":"product_brand","embeddable":true,"href":"https:\/\/saphirsmaragd.com\/ja\/wp-json\/wp\/v2\/product_brand?post=5534"},{"taxonomy":"product_cat","embeddable":true,"href":"https:\/\/saphirsmaragd.com\/ja\/wp-json\/wp\/v2\/product_cat?post=5534"},{"taxonomy":"product_tag","embeddable":true,"href":"https:\/\/saphirsmaragd.com\/ja\/wp-json\/wp\/v2\/product_tag?post=5534"}],"curies":[{"name":"wp","href":"https:\/\/api.w.org\/{rel}","templated":true}]}}