{"id":6806,"date":"2025-12-25T14:51:32","date_gmt":"2025-12-25T14:51:32","guid":{"rendered":"https:\/\/saphirsmaragd.com\/?post_type=product&#038;p=6806"},"modified":"2025-12-29T18:46:33","modified_gmt":"2025-12-29T18:46:33","slug":"tansanit-oval-blau-3-42-karat","status":"publish","type":"product","link":"https:\/\/saphirsmaragd.com\/ja\/product\/tansanit-oval-blau-3-42-karat\/","title":{"rendered":"Tansanit oval blau 3.42 Karat \u2013 nat\u00fcrlicher Edelstein mit intensiver Farbe"},"content":{"rendered":"<div id=\"ez-toc-container\" class=\"ez-toc-v2_0_82_2 counter-hierarchy ez-toc-counter ez-toc-grey ez-toc-container-direction\">\n<div class=\"ez-toc-title-container\">\n<p class=\"ez-toc-title\" style=\"cursor:inherit\">\u76ee\u6b21<\/p>\n<span class=\"ez-toc-title-toggle\"><a href=\"#\" class=\"ez-toc-pull-right ez-toc-btn ez-toc-btn-xs ez-toc-btn-default ez-toc-toggle\" aria-label=\"Toggle Table of Content\"><span class=\"ez-toc-js-icon-con\"><span class=\"\"><span class=\"eztoc-hide\" style=\"display:none;\">\u30c8\u30b0\u30eb<\/span><span class=\"ez-toc-icon-toggle-span\"><svg style=\"fill: #999;color:#999\" xmlns=\"http:\/\/www.w3.org\/2000\/svg\" class=\"list-377408\" width=\"20px\" height=\"20px\" viewbox=\"0 0 24 24\" fill=\"none\"><path d=\"M6 6H4v2h2V6zm14 0H8v2h12V6zM4 11h2v2H4v-2zm16 0H8v2h12v-2zM4 16h2v2H4v-2zm16 0H8v2h12v-2z\" fill=\"currentColor\"><\/path><\/svg><svg style=\"fill: #999;color:#999\" class=\"arrow-unsorted-368013\" xmlns=\"http:\/\/www.w3.org\/2000\/svg\" width=\"10px\" height=\"10px\" viewbox=\"0 0 24 24\" version=\"1.2\" baseprofile=\"tiny\"><path d=\"M18.2 9.3l-6.2-6.3-6.2 6.3c-.2.2-.3.4-.3.7s.1.5.3.7c.2.2.4.3.7.3h11c.3 0 .5-.1.7-.3.2-.2.3-.5.3-.7s-.1-.5-.3-.7zM5.8 14.7l6.2 6.3 6.2-6.3c.2-.2.3-.5.3-.7s-.1-.5-.3-.7c-.2-.2-.4-.3-.7-.3h-11c-.3 0-.5.1-.7.3-.2.2-.3.5-.3.7s.1.5.3.7z\"\/><\/svg><\/span><\/span><\/span><\/a><\/span><\/div>\n<nav><ul class='ez-toc-list ez-toc-list-level-1' ><li class='ez-toc-page-1 ez-toc-heading-level-3'><a class=\"ez-toc-link ez-toc-heading-1\" href=\"https:\/\/saphirsmaragd.com\/ja\/product\/tansanit-oval-blau-3-42-karat\/#Tansanit_oval_blau_342_Karat\" >Tansanit oval blau 3.42 Karat<\/a><ul class='ez-toc-list-level-4' ><li class='ez-toc-heading-level-4'><a class=\"ez-toc-link ez-toc-heading-2\" href=\"https:\/\/saphirsmaragd.com\/ja\/product\/tansanit-oval-blau-3-42-karat\/#Merkmale_Herkunft\" >Merkmale &amp; Herkunft:<\/a><\/li><li class='ez-toc-page-1 ez-toc-heading-level-4'><a class=\"ez-toc-link ez-toc-heading-3\" href=\"https:\/\/saphirsmaragd.com\/ja\/product\/tansanit-oval-blau-3-42-karat\/#Besonderheiten\" >Besonderheiten:<\/a><\/li><li class='ez-toc-page-1 ez-toc-heading-level-4'><a class=\"ez-toc-link ez-toc-heading-4\" href=\"https:\/\/saphirsmaragd.com\/ja\/product\/tansanit-oval-blau-3-42-karat\/#Mehr_uber_unsere_Edelsteine\" >\u5b9d\u77f3\u306e\u8a73\u7d30<\/a><\/li><li class='ez-toc-page-1 ez-toc-heading-level-4'><a class=\"ez-toc-link ez-toc-heading-5\" href=\"https:\/\/saphirsmaragd.com\/ja\/product\/tansanit-oval-blau-3-42-karat\/#Weitere_Infos\" >\u8a73\u7d30\u306f\u3053\u3061\u3089<\/a><\/li><\/ul><\/li><\/ul><\/nav><\/div>\n<h3 data-start=\"1073\" data-end=\"1106\"><span class=\"ez-toc-section\" id=\"Tansanit_oval_blau_342_Karat\"><\/span>Tansanit oval blau 3.42 Karat<span class=\"ez-toc-section-end\"><\/span><\/h3>\n<p data-start=\"1107\" data-end=\"1386\">Dieser <strong data-start=\"1114\" data-end=\"1147\">Tansanit oval blau 3.42 Karat<\/strong> besticht durch seine elegante ovale Form und seine intensive blau-violette Farbwirkung. Der facettierte Schliff sorgt f\u00fcr eine hervorragende Lichtreflexion und unterstreicht die nat\u00fcrliche Brillanz dieses seltenen Edelsteins aus Tansania.<\/p>\n<hr data-start=\"1388\" data-end=\"1391\" \/>\n<h4 data-start=\"1393\" data-end=\"1418\"><span class=\"ez-toc-section\" id=\"Merkmale_Herkunft\"><\/span>Merkmale &amp; Herkunft:<span class=\"ez-toc-section-end\"><\/span><\/h4>\n<p data-start=\"1419\" data-end=\"1735\">Edelstein: Tansanit<br data-start=\"1438\" data-end=\"1441\" \/>Farbe: Blau (mit violettem Unterton)<br data-start=\"1477\" data-end=\"1480\" \/>Form: Oval<br data-start=\"1490\" data-end=\"1493\" \/>Gewicht: 3.42 Karat<br data-start=\"1512\" data-end=\"1515\" \/>Abmessungen: 10.31 \u00d7 8.25 mm<br data-start=\"1543\" data-end=\"1546\" \/>Reinheit: Kleine Einschl\u00fcsse (unter 10\u00d7 Vergr\u00f6\u00dferung sichtbar)<br data-start=\"1608\" data-end=\"1611\" \/>Behandlung: Erhitzt<br data-start=\"1630\" data-end=\"1633\" \/>Mohs-H\u00e4rte: 6.5<br data-start=\"1648\" data-end=\"1651\" \/>Herkunft: Tansania<br data-start=\"1669\" data-end=\"1672\" \/>Zertifikat: Ja \u2013 Val\u00e9rie DURAFFOURG, Gemmologin (Gem-A, London)<\/p>\n<hr data-start=\"1737\" data-end=\"1740\" \/>\n<h4 data-start=\"1742\" data-end=\"1762\"><span class=\"ez-toc-section\" id=\"Besonderheiten\"><\/span>Besonderheiten:<span class=\"ez-toc-section-end\"><\/span><\/h4>\n<p data-start=\"1763\" data-end=\"2189\">Der <strong data-start=\"1767\" data-end=\"1800\">Tansanit oval blau 3.42 Karat<\/strong> geh\u00f6rt zu den begehrtesten Farbsteinen weltweit, da Tansanit ausschlie\u00dflich in einer einzigen Region der Erde vorkommt. Seine charakteristische Farbe changiert je nach Lichteinfall zwischen Blau und Violett, was ihn besonders lebendig und wertvoll macht. Durch seine ausgewogene Reinheit und den pr\u00e4zisen Schliff eignet sich dieser Stein hervorragend f\u00fcr hochwertige Schmuckanfertigungen.<\/p>\n<hr data-start=\"1926\" data-end=\"1929\" \/>\n<h4 data-start=\"1931\" data-end=\"1971\"><span class=\"ez-toc-section\" id=\"Mehr_uber_unsere_Edelsteine\"><\/span>\u5b9d\u77f3\u306e\u8a73\u7d30<span class=\"ez-toc-section-end\"><\/span><\/h4>\n<p data-start=\"1972\" data-end=\"2069\"><a href=\"https:\/\/saphirsmaragd.com\/ja\/product-category\/edelsteine-kaufen\/\">\u5b9d\u77f3<\/a><\/p>\n<hr data-start=\"2071\" data-end=\"2074\" \/>\n<h4 data-start=\"2076\" data-end=\"2096\"><span class=\"ez-toc-section\" id=\"Weitere_Infos\"><\/span>\u8a73\u7d30\u306f\u3053\u3061\u3089<span class=\"ez-toc-section-end\"><\/span><\/h4>\n<p><a href=\"https:\/\/de.wikipedia.org\/wiki\/Tansanit\" target=\"_blank\" rel=\"noopener\">Wikipedia: Tansanit<\/a><\/p>","protected":false},"excerpt":{"rendered":"<p data-start=\"794\" data-end=\"951\"><em>Tansanit oval blau 3.42 Karat aus Tansania. Nat\u00fcrlicher Edelstein mit kleiner Einschlussstruktur, erhitzt, zertifiziert durch Val\u00e9rie DURAFFOURG (Gem-A).<\/em><\/p>","protected":false},"featured_media":6809,"comment_status":"open","ping_status":"closed","template":"","meta":{"_glsr_average":0,"_glsr_ranking":0,"_glsr_reviews":0},"product_brand":[],"product_cat":[298],"product_tag":[],"class_list":{"0":"post-6806","1":"product","2":"type-product","3":"status-publish","4":"has-post-thumbnail","6":"product_cat-tansanit","7":"pa_edelsteinart-tansanit","8":"pa_farbe-blau","9":"pa_form-oval","10":"pa_gewicht-karat-5-0-10-karat","11":"pa_herkunft-tansania","12":"pa_reinheit-kleine-einschluesse","13":"pa_veredelung-behandlung-erhitzt","14":"pa_zertifikat-ja","15":"pa_zustand-neu","17":"first","18":"instock","19":"featured","20":"sold-individually","21":"shipping-taxable","22":"purchasable","23":"product-type-simple","24":"add-to-wishlist-before_image"},"jetpack_sharing_enabled":true,"_links":{"self":[{"href":"https:\/\/saphirsmaragd.com\/ja\/wp-json\/wp\/v2\/product\/6806","targetHints":{"allow":["GET"]}}],"collection":[{"href":"https:\/\/saphirsmaragd.com\/ja\/wp-json\/wp\/v2\/product"}],"about":[{"href":"https:\/\/saphirsmaragd.com\/ja\/wp-json\/wp\/v2\/types\/product"}],"replies":[{"embeddable":true,"href":"https:\/\/saphirsmaragd.com\/ja\/wp-json\/wp\/v2\/comments?post=6806"}],"version-history":[{"count":2,"href":"https:\/\/saphirsmaragd.com\/ja\/wp-json\/wp\/v2\/product\/6806\/revisions"}],"predecessor-version":[{"id":6811,"href":"https:\/\/saphirsmaragd.com\/ja\/wp-json\/wp\/v2\/product\/6806\/revisions\/6811"}],"wp:featuredmedia":[{"embeddable":true,"href":"https:\/\/saphirsmaragd.com\/ja\/wp-json\/wp\/v2\/media\/6809"}],"wp:attachment":[{"href":"https:\/\/saphirsmaragd.com\/ja\/wp-json\/wp\/v2\/media?parent=6806"}],"wp:term":[{"taxonomy":"product_brand","embeddable":true,"href":"https:\/\/saphirsmaragd.com\/ja\/wp-json\/wp\/v2\/product_brand?post=6806"},{"taxonomy":"product_cat","embeddable":true,"href":"https:\/\/saphirsmaragd.com\/ja\/wp-json\/wp\/v2\/product_cat?post=6806"},{"taxonomy":"product_tag","embeddable":true,"href":"https:\/\/saphirsmaragd.com\/ja\/wp-json\/wp\/v2\/product_tag?post=6806"}],"curies":[{"name":"wp","href":"https:\/\/api.w.org\/{rel}","templated":true}]}}