{"id":7101,"date":"2025-12-28T14:19:16","date_gmt":"2025-12-28T14:19:16","guid":{"rendered":"https:\/\/saphirsmaragd.com\/?post_type=product&#038;p=7101"},"modified":"2025-12-29T18:46:26","modified_gmt":"2025-12-29T18:46:26","slug":"rosa-saphir-birne-1-82-karat","status":"publish","type":"product","link":"https:\/\/saphirsmaragd.com\/ja\/product\/rosa-saphir-birne-1-82-karat\/","title":{"rendered":"Rosa Saphir Birne 1.82 Karat aus Madagaskar zertifiziert"},"content":{"rendered":"<div id=\"ez-toc-container\" class=\"ez-toc-v2_0_82_2 counter-hierarchy ez-toc-counter ez-toc-grey ez-toc-container-direction\">\n<div class=\"ez-toc-title-container\">\n<p class=\"ez-toc-title\" style=\"cursor:inherit\">\u76ee\u6b21<\/p>\n<span class=\"ez-toc-title-toggle\"><a href=\"#\" class=\"ez-toc-pull-right ez-toc-btn ez-toc-btn-xs ez-toc-btn-default ez-toc-toggle\" aria-label=\"Toggle Table of Content\"><span class=\"ez-toc-js-icon-con\"><span class=\"\"><span class=\"eztoc-hide\" style=\"display:none;\">\u30c8\u30b0\u30eb<\/span><span class=\"ez-toc-icon-toggle-span\"><svg style=\"fill: #999;color:#999\" xmlns=\"http:\/\/www.w3.org\/2000\/svg\" class=\"list-377408\" width=\"20px\" height=\"20px\" viewbox=\"0 0 24 24\" fill=\"none\"><path d=\"M6 6H4v2h2V6zm14 0H8v2h12V6zM4 11h2v2H4v-2zm16 0H8v2h12v-2zM4 16h2v2H4v-2zm16 0H8v2h12v-2z\" fill=\"currentColor\"><\/path><\/svg><svg style=\"fill: #999;color:#999\" class=\"arrow-unsorted-368013\" xmlns=\"http:\/\/www.w3.org\/2000\/svg\" width=\"10px\" height=\"10px\" viewbox=\"0 0 24 24\" version=\"1.2\" baseprofile=\"tiny\"><path d=\"M18.2 9.3l-6.2-6.3-6.2 6.3c-.2.2-.3.4-.3.7s.1.5.3.7c.2.2.4.3.7.3h11c.3 0 .5-.1.7-.3.2-.2.3-.5.3-.7s-.1-.5-.3-.7zM5.8 14.7l6.2 6.3 6.2-6.3c.2-.2.3-.5.3-.7s-.1-.5-.3-.7c-.2-.2-.4-.3-.7-.3h-11c-.3 0-.5.1-.7.3-.2.2-.3.5-.3.7s.1.5.3.7z\"\/><\/svg><\/span><\/span><\/span><\/a><\/span><\/div>\n<nav><ul class='ez-toc-list ez-toc-list-level-1' ><li class='ez-toc-page-1 ez-toc-heading-level-4'><a class=\"ez-toc-link ez-toc-heading-1\" href=\"https:\/\/saphirsmaragd.com\/ja\/product\/rosa-saphir-birne-1-82-karat\/#Rosa_Saphir_Birne_182_Karat\" >Rosa Saphir Birne 1.82 Karat<\/a><\/li><li class='ez-toc-page-1 ez-toc-heading-level-4'><a class=\"ez-toc-link ez-toc-heading-2\" href=\"https:\/\/saphirsmaragd.com\/ja\/product\/rosa-saphir-birne-1-82-karat\/#Merkmale_Herkunft\" >\u7279\u5fb4\u30fb\u7531\u6765<\/a><\/li><li class='ez-toc-page-1 ez-toc-heading-level-4'><a class=\"ez-toc-link ez-toc-heading-3\" href=\"https:\/\/saphirsmaragd.com\/ja\/product\/rosa-saphir-birne-1-82-karat\/#Besonderheiten\" >\u7279\u96c6<\/a><\/li><li class='ez-toc-page-1 ez-toc-heading-level-4'><a class=\"ez-toc-link ez-toc-heading-4\" href=\"https:\/\/saphirsmaragd.com\/ja\/product\/rosa-saphir-birne-1-82-karat\/#Mehr_uber_unsere_Edelsteine\" >\u5b9d\u77f3\u306e\u8a73\u7d30<\/a><\/li><li class='ez-toc-page-1 ez-toc-heading-level-4'><a class=\"ez-toc-link ez-toc-heading-5\" href=\"https:\/\/saphirsmaragd.com\/ja\/product\/rosa-saphir-birne-1-82-karat\/#Weitere_Infos\" >\u8a73\u7d30\u306f\u3053\u3061\u3089<\/a><\/li><\/ul><\/nav><\/div>\n<h4 data-start=\"839\" data-end=\"873\"><span class=\"ez-toc-section\" id=\"Rosa_Saphir_Birne_182_Karat\"><\/span>Rosa Saphir Birne 1.82 Karat<span class=\"ez-toc-section-end\"><\/span><\/h4>\n<p data-start=\"874\" data-end=\"1203\">Dieser zertifizierte rosa Saphir aus Madagaskar \u00fcberzeugt durch seine elegante birnenf\u00f6rmige Schliffgestaltung und seine intensive, lebendige Rosafarbe. Nat\u00fcrliche rosa Saphire in dieser Qualit\u00e4t sind selten und werden aufgrund ihrer H\u00e4rte, Farbbrillanz und Best\u00e4ndigkeit besonders f\u00fcr hochwertige Schmuckanfertigungen gesch\u00e4tzt.<\/p>\n<hr data-start=\"1205\" data-end=\"1208\" \/>\n<h4 data-start=\"1210\" data-end=\"1236\"><span class=\"ez-toc-section\" id=\"Merkmale_Herkunft\"><\/span>\u7279\u5fb4\u30fb\u7531\u6765<span class=\"ez-toc-section-end\"><\/span><\/h4>\n<p data-start=\"1237\" data-end=\"1483\">Steinart: Saphir<br data-start=\"1253\" data-end=\"1256\" \/>Farbe: Rosa<br data-start=\"1267\" data-end=\"1270\" \/>Form: Birne<br data-start=\"1281\" data-end=\"1284\" \/>Gewicht: 1.82 Karat<br data-start=\"1303\" data-end=\"1306\" \/>Abmessungen: 9.6 \u00d7 6.7 mm<br data-start=\"1331\" data-end=\"1334\" \/>Herkunft: Madagaskar<br data-start=\"1354\" data-end=\"1357\" \/>Reinheit: Augenrein<br data-start=\"1376\" data-end=\"1379\" \/>\u6cbb\u7642\uff1a\u672a\u6cbb\u7642<br data-start=\"1402\" data-end=\"1405\" \/>Beobachtung: Nat\u00fcrlich<br data-start=\"1427\" data-end=\"1430\" \/>Zertifikat: CGL15596<br data-start=\"1450\" data-end=\"1453\" \/>Mohs-H\u00e4rte: 9<br data-start=\"1466\" data-end=\"1469\" \/>\u30b3\u30f3\u30c7\u30a3\u30b7\u30e7\u30f3: \u65b0\u54c1<\/p>\n<hr data-start=\"1485\" data-end=\"1488\" \/>\n<h4 data-start=\"1490\" data-end=\"1511\"><span class=\"ez-toc-section\" id=\"Besonderheiten\"><\/span>\u7279\u96c6<span class=\"ez-toc-section-end\"><\/span><\/h4>\n<p data-start=\"1512\" data-end=\"1971\">Der Rosa Saphir Birne 1.82 Karat besticht durch seine ausgewogene Kombination aus intensiver Farbe, augenreiner Klarheit und pr\u00e4zisem Schliff. Die nat\u00fcrliche Entstehung ohne k\u00fcnstliche Behandlungen wird durch ein Zertifikat best\u00e4tigt und macht diesen Saphir zu einer besonders wertstabilen Wahl. Dank seiner hohen H\u00e4rte eignet sich dieser Edelstein ideal f\u00fcr langlebige Schmuckst\u00fccke wie Ringe oder Anh\u00e4nger und spricht Liebhaber exklusiver Farbedelsteine an.<\/p>\n<hr data-start=\"1670\" data-end=\"1673\" \/>\n<h4 data-start=\"1931\" data-end=\"1971\"><span class=\"ez-toc-section\" id=\"Mehr_uber_unsere_Edelsteine\"><\/span>\u5b9d\u77f3\u306e\u8a73\u7d30<span class=\"ez-toc-section-end\"><\/span><\/h4>\n<p data-start=\"1972\" data-end=\"2069\"><a href=\"https:\/\/saphirsmaragd.com\/ja\/product-category\/edelsteine-kaufen\/\">\u5b9d\u77f3<\/a><\/p>\n<hr data-start=\"1592\" data-end=\"1595\" \/>\n<h4 data-start=\"1597\" data-end=\"1620\"><span class=\"ez-toc-section\" id=\"Weitere_Infos\"><\/span>\u8a73\u7d30\u306f\u3053\u3061\u3089<span class=\"ez-toc-section-end\"><\/span><\/h4>\n<p data-start=\"1621\" data-end=\"1735\"><a class=\"\" href=\"https:\/\/de.wikipedia.org\/wiki\/Saphir\" target=\"_new\" rel=\"noopener\" data-start=\"1659\" data-end=\"1735\">\u30b5\u30d5\u30a1\u30a4\u30a2<\/a><\/p>","protected":false},"excerpt":{"rendered":"<p data-start=\"590\" data-end=\"724\"><em>Rosa Saphir Birne 1.82 Karat aus Madagaskar, zertifiziert und nat\u00fcrlich. Hochwertiger, augenreiner Saphir f\u00fcr exklusive Schmuckst\u00fccke.<\/em><\/p>\n<p data-start=\"378\" data-end=\"474\">","protected":false},"featured_media":7103,"comment_status":"open","ping_status":"closed","template":"","meta":{"_glsr_average":0,"_glsr_ranking":0,"_glsr_reviews":0},"product_brand":[],"product_cat":[74],"product_tag":[],"class_list":{"0":"post-7101","1":"product","2":"type-product","3":"status-publish","4":"has-post-thumbnail","6":"product_cat-saphire-kaufen","7":"pa_edelsteinart-saphir","8":"pa_farbe-rosa","9":"pa_form-birne","10":"pa_gewicht-karat-1-0-3-0-karat","11":"pa_herkunft-madagaskar","12":"pa_reinheit-augenrein","13":"pa_veredelung-behandlung-unbehandelt","14":"pa_zertifikat-ja","15":"pa_zustand-neu","17":"first","18":"instock","19":"sold-individually","20":"shipping-taxable","21":"purchasable","22":"product-type-simple","23":"add-to-wishlist-before_image"},"jetpack_sharing_enabled":true,"_links":{"self":[{"href":"https:\/\/saphirsmaragd.com\/ja\/wp-json\/wp\/v2\/product\/7101","targetHints":{"allow":["GET"]}}],"collection":[{"href":"https:\/\/saphirsmaragd.com\/ja\/wp-json\/wp\/v2\/product"}],"about":[{"href":"https:\/\/saphirsmaragd.com\/ja\/wp-json\/wp\/v2\/types\/product"}],"replies":[{"embeddable":true,"href":"https:\/\/saphirsmaragd.com\/ja\/wp-json\/wp\/v2\/comments?post=7101"}],"version-history":[{"count":1,"href":"https:\/\/saphirsmaragd.com\/ja\/wp-json\/wp\/v2\/product\/7101\/revisions"}],"predecessor-version":[{"id":7104,"href":"https:\/\/saphirsmaragd.com\/ja\/wp-json\/wp\/v2\/product\/7101\/revisions\/7104"}],"wp:featuredmedia":[{"embeddable":true,"href":"https:\/\/saphirsmaragd.com\/ja\/wp-json\/wp\/v2\/media\/7103"}],"wp:attachment":[{"href":"https:\/\/saphirsmaragd.com\/ja\/wp-json\/wp\/v2\/media?parent=7101"}],"wp:term":[{"taxonomy":"product_brand","embeddable":true,"href":"https:\/\/saphirsmaragd.com\/ja\/wp-json\/wp\/v2\/product_brand?post=7101"},{"taxonomy":"product_cat","embeddable":true,"href":"https:\/\/saphirsmaragd.com\/ja\/wp-json\/wp\/v2\/product_cat?post=7101"},{"taxonomy":"product_tag","embeddable":true,"href":"https:\/\/saphirsmaragd.com\/ja\/wp-json\/wp\/v2\/product_tag?post=7101"}],"curies":[{"name":"wp","href":"https:\/\/api.w.org\/{rel}","templated":true}]}}