{"id":7861,"date":"2026-01-21T23:53:56","date_gmt":"2026-01-21T23:53:56","guid":{"rendered":"https:\/\/saphirsmaragd.com\/?post_type=product&#038;p=7861"},"modified":"2026-01-21T23:58:37","modified_gmt":"2026-01-21T23:58:37","slug":"armband-mit-aprikosenachat-apricot","status":"publish","type":"product","link":"https:\/\/saphirsmaragd.com\/ja\/product\/armband-mit-aprikosenachat-apricot\/","title":{"rendered":"Armband mit Aprikosenachat Apricot \u2013 Edelsteinarmband mit 14K Goldperle"},"content":{"rendered":"<div id=\"ez-toc-container\" class=\"ez-toc-v2_0_82_2 counter-hierarchy ez-toc-counter ez-toc-grey ez-toc-container-direction\">\n<div class=\"ez-toc-title-container\">\n<p class=\"ez-toc-title\" style=\"cursor:inherit\">\u76ee\u6b21<\/p>\n<span class=\"ez-toc-title-toggle\"><a href=\"#\" class=\"ez-toc-pull-right ez-toc-btn ez-toc-btn-xs ez-toc-btn-default ez-toc-toggle\" aria-label=\"Toggle Table of Content\"><span class=\"ez-toc-js-icon-con\"><span class=\"\"><span class=\"eztoc-hide\" style=\"display:none;\">\u30c8\u30b0\u30eb<\/span><span class=\"ez-toc-icon-toggle-span\"><svg style=\"fill: #999;color:#999\" xmlns=\"http:\/\/www.w3.org\/2000\/svg\" class=\"list-377408\" width=\"20px\" height=\"20px\" viewbox=\"0 0 24 24\" fill=\"none\"><path d=\"M6 6H4v2h2V6zm14 0H8v2h12V6zM4 11h2v2H4v-2zm16 0H8v2h12v-2zM4 16h2v2H4v-2zm16 0H8v2h12v-2z\" fill=\"currentColor\"><\/path><\/svg><svg style=\"fill: #999;color:#999\" class=\"arrow-unsorted-368013\" xmlns=\"http:\/\/www.w3.org\/2000\/svg\" width=\"10px\" height=\"10px\" viewbox=\"0 0 24 24\" version=\"1.2\" baseprofile=\"tiny\"><path d=\"M18.2 9.3l-6.2-6.3-6.2 6.3c-.2.2-.3.4-.3.7s.1.5.3.7c.2.2.4.3.7.3h11c.3 0 .5-.1.7-.3.2-.2.3-.5.3-.7s-.1-.5-.3-.7zM5.8 14.7l6.2 6.3 6.2-6.3c.2-.2.3-.5.3-.7s-.1-.5-.3-.7c-.2-.2-.4-.3-.7-.3h-11c-.3 0-.5.1-.7.3-.2.2-.3.5-.3.7s.1.5.3.7z\"\/><\/svg><\/span><\/span><\/span><\/a><\/span><\/div>\n<nav><ul class='ez-toc-list ez-toc-list-level-1' ><li class='ez-toc-page-1 ez-toc-heading-level-4'><a class=\"ez-toc-link ez-toc-heading-1\" href=\"https:\/\/saphirsmaragd.com\/ja\/product\/armband-mit-aprikosenachat-apricot\/#Armband_mit_Aprikosenachat_Apricot\" >Armband mit Aprikosenachat Apricot\u00a0<\/a><\/li><li class='ez-toc-page-1 ez-toc-heading-level-4'><a class=\"ez-toc-link ez-toc-heading-2\" href=\"https:\/\/saphirsmaragd.com\/ja\/product\/armband-mit-aprikosenachat-apricot\/#_Merkmale_Herkunft\" >\u00a0\u7279\u5fb4\u30fb\u7531\u6765<\/a><\/li><li class='ez-toc-page-1 ez-toc-heading-level-4'><a class=\"ez-toc-link ez-toc-heading-3\" href=\"https:\/\/saphirsmaragd.com\/ja\/product\/armband-mit-aprikosenachat-apricot\/#_Besonderheiten\" >\u00a0\u7279\u96c6<\/a><\/li><li class='ez-toc-page-1 ez-toc-heading-level-4'><a class=\"ez-toc-link ez-toc-heading-4\" href=\"https:\/\/saphirsmaragd.com\/ja\/product\/armband-mit-aprikosenachat-apricot\/#_Mehr_uber_Achate_Heilsteine\" >\u00a0Mehr \u00fcber Achate &amp; Heilsteine<\/a><\/li><li class='ez-toc-page-1 ez-toc-heading-level-4'><a class=\"ez-toc-link ez-toc-heading-5\" href=\"https:\/\/saphirsmaragd.com\/ja\/product\/armband-mit-aprikosenachat-apricot\/#_Weitere_Infos\" >\u00a0\u8a73\u7d30\u306f\u3053\u3061\u3089<\/a><\/li><\/ul><\/nav><\/div>\n<h4 data-start=\"1020\" data-end=\"1111\"><span class=\"ez-toc-section\" id=\"Armband_mit_Aprikosenachat_Apricot\"><\/span><strong data-start=\"1024\" data-end=\"1111\">Armband mit Aprikosenachat Apricot\u00a0<\/strong><span class=\"ez-toc-section-end\"><\/span><\/h4>\n<p data-start=\"1113\" data-end=\"1301\">Das Armband mit Aprikosenachat Apricot ist ein fein gearbeitetes Edelsteinarmband, das durch seine sanfte Farbgebung, seine sch\u00fctzende Wirkung und seine hochwertige Verarbeitung \u00fcberzeugt.<\/p>\n<hr data-start=\"2365\" data-end=\"2368\" \/>\n<h4 data-start=\"1187\" data-end=\"1215\"><span class=\"ez-toc-section\" id=\"_Merkmale_Herkunft\"><\/span>\u00a0\u7279\u5fb4\u30fb\u7531\u6765<span class=\"ez-toc-section-end\"><\/span><\/h4>\n<p data-start=\"1216\" data-end=\"1508\">Farbe: Apricot<br data-start=\"1346\" data-end=\"1349\" \/>Form: Kugel<br data-start=\"1395\" data-end=\"1398\" \/>Ma\u00dfe: Perlendurchmesser ca. 6 mm<br data-start=\"1430\" data-end=\"1433\" \/>Reinheit: Naturstein<br data-start=\"1479\" data-end=\"1482\" \/>Zertifikat: Nein<br data-start=\"1498\" data-end=\"1501\" \/>\u30b3\u30f3\u30c7\u30a3\u30b7\u30e7\u30f3: \u65b0\u54c1<br data-start=\"1513\" data-end=\"1516\" \/>Steinart: Achat (Aprikosenachat)<br data-start=\"1548\" data-end=\"1551\" \/>Material: Elastisches Band, 14 Karat Goldperle<br data-start=\"1597\" data-end=\"1600\" \/>Schmuckart: Armband<br data-start=\"1619\" data-end=\"1622\" \/>L\u00e4nge: ca. 18 cm<\/p>\n<hr data-start=\"2365\" data-end=\"2368\" \/>\n<h4 data-start=\"1510\" data-end=\"1533\"><span class=\"ez-toc-section\" id=\"_Besonderheiten\"><\/span>\u00a0\u7279\u96c6<span class=\"ez-toc-section-end\"><\/span><\/h4>\n<p data-start=\"1666\" data-end=\"2073\">Der Aprikosenachat wird traditionell mit Schutz, innerer Ruhe und emotionaler Ausgeglichenheit in Verbindung gebracht. Seine sanfte, stabilisierende Energie vermittelt ein Gef\u00fchl von Sicherheit und unterst\u00fctzt mentale sowie emotionale Balance. Das Armband mit Aprikosenachat Apricot eignet sich besonders f\u00fcr sensible Menschen oder f\u00fcr Phasen, in denen Stabilit\u00e4t und Selbstvertrauen gest\u00e4rkt werden sollen.<\/p>\n<p data-start=\"2075\" data-end=\"2455\">Dar\u00fcber hinaus f\u00f6rdert der Aprikosenachat Konzentration, analytisches Denken und eine objektive Sichtweise. Er unterst\u00fctzt dabei, Ziele klar zu definieren und konsequent zu verfolgen, wodurch pers\u00f6nliches Wachstum beg\u00fcnstigt wird. Aufgrund seiner sch\u00fctzenden Eigenschaften wird das Armband mit Aprikosenachat Apricot auch gerne auf Reisen oder in besonderen Lebensphasen getragen.<\/p>\n<hr data-start=\"2365\" data-end=\"2368\" \/>\n<h4 data-start=\"2232\" data-end=\"2270\"><span class=\"ez-toc-section\" id=\"_Mehr_uber_Achate_Heilsteine\"><\/span>\u00a0Mehr \u00fcber Achate &amp; Heilsteine<span class=\"ez-toc-section-end\"><\/span><\/h4>\n<p data-start=\"2271\" data-end=\"2322\">Heilsteine &amp; Kristalle | <a class=\"decorated-link\" href=\"https:\/\/saphirsmaragd.com\/ja\/product-category\/heilsteine-kristalle-kaufen\/\" rel=\"noopener\" data-start=\"2301\" data-end=\"2322\">Saphir &amp; Smaragd<\/a><\/p>\n<hr data-start=\"2365\" data-end=\"2368\" \/>\n<h4 data-start=\"2324\" data-end=\"2346\"><span class=\"ez-toc-section\" id=\"_Weitere_Infos\"><\/span>\u00a0\u8a73\u7d30\u306f\u3053\u3061\u3089<span class=\"ez-toc-section-end\"><\/span><\/h4>\n<p data-start=\"2347\" data-end=\"2363\">Wikipedia: <a href=\"https:\/\/de.wikipedia.org\/wiki\/Achat\" target=\"_blank\" rel=\"noopener\">Achat<\/a><\/p>","protected":false},"excerpt":{"rendered":"<p><em>Das Armband mit Aprikosenachat Apricot ist ein elastisches Edelsteinarmband mit 14-kar\u00e4tiger Goldperle und steht f\u00fcr Schutz, emotionale Balance und innere Stabilit\u00e4t.<\/em><\/p>","protected":false},"featured_media":7862,"comment_status":"open","ping_status":"closed","template":"","meta":{"_glsr_average":0,"_glsr_ranking":0,"_glsr_reviews":0},"product_brand":[],"product_cat":[331],"product_tag":[],"class_list":{"0":"post-7861","1":"product","2":"type-product","3":"status-publish","4":"has-post-thumbnail","6":"product_cat-edelsteinarmbaender-kaufen","8":"first","9":"instock","10":"shipping-taxable","11":"purchasable","12":"product-type-simple","13":"add-to-wishlist-before_image"},"jetpack_sharing_enabled":true,"_links":{"self":[{"href":"https:\/\/saphirsmaragd.com\/ja\/wp-json\/wp\/v2\/product\/7861","targetHints":{"allow":["GET"]}}],"collection":[{"href":"https:\/\/saphirsmaragd.com\/ja\/wp-json\/wp\/v2\/product"}],"about":[{"href":"https:\/\/saphirsmaragd.com\/ja\/wp-json\/wp\/v2\/types\/product"}],"replies":[{"embeddable":true,"href":"https:\/\/saphirsmaragd.com\/ja\/wp-json\/wp\/v2\/comments?post=7861"}],"version-history":[{"count":1,"href":"https:\/\/saphirsmaragd.com\/ja\/wp-json\/wp\/v2\/product\/7861\/revisions"}],"predecessor-version":[{"id":7863,"href":"https:\/\/saphirsmaragd.com\/ja\/wp-json\/wp\/v2\/product\/7861\/revisions\/7863"}],"wp:featuredmedia":[{"embeddable":true,"href":"https:\/\/saphirsmaragd.com\/ja\/wp-json\/wp\/v2\/media\/7862"}],"wp:attachment":[{"href":"https:\/\/saphirsmaragd.com\/ja\/wp-json\/wp\/v2\/media?parent=7861"}],"wp:term":[{"taxonomy":"product_brand","embeddable":true,"href":"https:\/\/saphirsmaragd.com\/ja\/wp-json\/wp\/v2\/product_brand?post=7861"},{"taxonomy":"product_cat","embeddable":true,"href":"https:\/\/saphirsmaragd.com\/ja\/wp-json\/wp\/v2\/product_cat?post=7861"},{"taxonomy":"product_tag","embeddable":true,"href":"https:\/\/saphirsmaragd.com\/ja\/wp-json\/wp\/v2\/product_tag?post=7861"}],"curies":[{"name":"wp","href":"https:\/\/api.w.org\/{rel}","templated":true}]}}