{"id":7921,"date":"2026-01-24T15:07:10","date_gmt":"2026-01-24T15:07:10","guid":{"rendered":"https:\/\/saphirsmaragd.com\/?post_type=product&#038;p=7921"},"modified":"2026-01-24T15:11:38","modified_gmt":"2026-01-24T15:11:38","slug":"armband-mit-citrin-gelb","status":"publish","type":"product","link":"https:\/\/saphirsmaragd.com\/ja\/product\/armband-mit-citrin-gelb\/","title":{"rendered":"\u30b7\u30c8\u30ea\u30f3\u30fb\u30a4\u30a8\u30ed\u30fc\u30fb\u30d6\u30ec\u30b9\u30ec\u30c3\u30c8 - \u30b8\u30a7\u30e0\u30b9\u30c8\u30fc\u30f3 \u30d6\u30ec\u30b9\u30ec\u30c3\u30c8 14K \u30b4\u30fc\u30eb\u30c9\u30fb\u30d3\u30fc\u30ba"},"content":{"rendered":"<div id=\"ez-toc-container\" class=\"ez-toc-v2_0_82_2 counter-hierarchy ez-toc-counter ez-toc-grey ez-toc-container-direction\">\n<div class=\"ez-toc-title-container\">\n<p class=\"ez-toc-title\" style=\"cursor:inherit\">\u76ee\u6b21<\/p>\n<span class=\"ez-toc-title-toggle\"><a href=\"#\" class=\"ez-toc-pull-right ez-toc-btn ez-toc-btn-xs ez-toc-btn-default ez-toc-toggle\" aria-label=\"Toggle Table of Content\"><span class=\"ez-toc-js-icon-con\"><span class=\"\"><span class=\"eztoc-hide\" style=\"display:none;\">\u30c8\u30b0\u30eb<\/span><span class=\"ez-toc-icon-toggle-span\"><svg style=\"fill: #999;color:#999\" xmlns=\"http:\/\/www.w3.org\/2000\/svg\" class=\"list-377408\" width=\"20px\" height=\"20px\" viewbox=\"0 0 24 24\" fill=\"none\"><path d=\"M6 6H4v2h2V6zm14 0H8v2h12V6zM4 11h2v2H4v-2zm16 0H8v2h12v-2zM4 16h2v2H4v-2zm16 0H8v2h12v-2z\" fill=\"currentColor\"><\/path><\/svg><svg style=\"fill: #999;color:#999\" class=\"arrow-unsorted-368013\" xmlns=\"http:\/\/www.w3.org\/2000\/svg\" width=\"10px\" height=\"10px\" viewbox=\"0 0 24 24\" version=\"1.2\" baseprofile=\"tiny\"><path d=\"M18.2 9.3l-6.2-6.3-6.2 6.3c-.2.2-.3.4-.3.7s.1.5.3.7c.2.2.4.3.7.3h11c.3 0 .5-.1.7-.3.2-.2.3-.5.3-.7s-.1-.5-.3-.7zM5.8 14.7l6.2 6.3 6.2-6.3c.2-.2.3-.5.3-.7s-.1-.5-.3-.7c-.2-.2-.4-.3-.7-.3h-11c-.3 0-.5.1-.7.3-.2.2-.3.5-.3.7s.1.5.3.7z\"\/><\/svg><\/span><\/span><\/span><\/a><\/span><\/div>\n<nav><ul class='ez-toc-list ez-toc-list-level-1' ><li class='ez-toc-page-1 ez-toc-heading-level-4'><a class=\"ez-toc-link ez-toc-heading-1\" href=\"https:\/\/saphirsmaragd.com\/ja\/product\/armband-mit-citrin-gelb\/#Armband_mit_Citrin_Gelb_%E2%80%93_Elastisches_Edelsteinarmband_mit_14K_Goldperle\" >Armband mit Citrin Gelb \u2013 Elastisches Edelsteinarmband mit 14K Goldperle<\/a><\/li><li class='ez-toc-page-1 ez-toc-heading-level-4'><a class=\"ez-toc-link ez-toc-heading-2\" href=\"https:\/\/saphirsmaragd.com\/ja\/product\/armband-mit-citrin-gelb\/#_Merkmale_Herkunft\" >\u00a0\u7279\u5fb4\u30fb\u7531\u6765<\/a><\/li><li class='ez-toc-page-1 ez-toc-heading-level-4'><a class=\"ez-toc-link ez-toc-heading-3\" href=\"https:\/\/saphirsmaragd.com\/ja\/product\/armband-mit-citrin-gelb\/#_Besonderheiten\" >\u00a0\u7279\u96c6<\/a><\/li><li class='ez-toc-page-1 ez-toc-heading-level-4'><a class=\"ez-toc-link ez-toc-heading-4\" href=\"https:\/\/saphirsmaragd.com\/ja\/product\/armband-mit-citrin-gelb\/#_Mehr_uber_Achate_Heilsteine\" >\u00a0Mehr \u00fcber Achate &amp; Heilsteine<\/a><\/li><li class='ez-toc-page-1 ez-toc-heading-level-4'><a class=\"ez-toc-link ez-toc-heading-5\" href=\"https:\/\/saphirsmaragd.com\/ja\/product\/armband-mit-citrin-gelb\/#_Weitere_Infos\" >\u00a0\u8a73\u7d30\u306f\u3053\u3061\u3089<\/a><\/li><\/ul><\/nav><\/div>\n<h4 data-start=\"991\" data-end=\"1071\"><span class=\"ez-toc-section\" id=\"Armband_mit_Citrin_Gelb_%E2%80%93_Elastisches_Edelsteinarmband_mit_14K_Goldperle\"><\/span><strong data-start=\"995\" data-end=\"1071\">Armband mit Citrin Gelb \u2013 Elastisches Edelsteinarmband mit 14K Goldperle<\/strong><span class=\"ez-toc-section-end\"><\/span><\/h4>\n<p data-start=\"1073\" data-end=\"1476\">Das Armband mit Citrin Gelb besticht durch seine warme, sonnige Farbgebung und seine aktivierende, lebensbejahende Ausstrahlung. Citrin gilt als Stein der Lebensfreude, des Erfolgs und der inneren St\u00e4rke und wird traditionell mit Optimismus, Selbstvertrauen und positiver Energie in Verbindung gebracht. Da es sich um ein Naturprodukt handelt, ist jedes Armband ein Unikat mit individuellen Farbnuancen.<\/p>\n<hr data-start=\"2365\" data-end=\"2368\" \/>\n<h4 data-start=\"1187\" data-end=\"1215\"><span class=\"ez-toc-section\" id=\"_Merkmale_Herkunft\"><\/span>\u00a0\u7279\u5fb4\u30fb\u7531\u6765<span class=\"ez-toc-section-end\"><\/span><\/h4>\n<p data-start=\"1216\" data-end=\"1508\">Farbe: Gelb<br data-start=\"1518\" data-end=\"1521\" \/>Form: Kugel<br data-start=\"1532\" data-end=\"1535\" \/>Herkunft: Unbekannt<br data-start=\"1554\" data-end=\"1557\" \/>Ma\u00dfe: Perlendurchmesser ca. 6 mm<br data-start=\"1602\" data-end=\"1605\" \/>Reinheit: Nat\u00fcrlich<br data-start=\"1648\" data-end=\"1651\" \/>Zertifikat: Nein<br data-start=\"1667\" data-end=\"1670\" \/>\u30b3\u30f3\u30c7\u30a3\u30b7\u30e7\u30f3: \u65b0\u54c1<br data-start=\"1682\" data-end=\"1685\" \/>Steinart: Citrin<br data-start=\"1701\" data-end=\"1704\" \/>Material: Elastisches Band, 14 Karat Goldperle<br data-start=\"1750\" data-end=\"1753\" \/>Schmuckart: Armband<br data-start=\"1772\" data-end=\"1775\" \/>L\u00e4nge: ca. 18 cm<\/p>\n<hr data-start=\"2365\" data-end=\"2368\" \/>\n<h4 data-start=\"1510\" data-end=\"1533\"><span class=\"ez-toc-section\" id=\"_Besonderheiten\"><\/span>\u00a0\u7279\u96c6<span class=\"ez-toc-section-end\"><\/span><\/h4>\n<p data-start=\"1819\" data-end=\"2242\">Citrin besitzt eine aufhellende und sch\u00fctzende Energie und wird gesch\u00e4tzt f\u00fcr seine F\u00e4higkeit, Lebensfreude, Erfolg und Wohlstand zu f\u00f6rdern. Er aktiviert das Solarplexuschakra und unterst\u00fctzt pers\u00f6nliche St\u00e4rke, Vitalit\u00e4t und eine positive Lebenseinstellung. Das Armband mit Citrin Gelb kann Sie dabei begleiten, selbstbewusst aufzutreten, innere Blockaden zu l\u00f6sen und Ihre Ziele mit Klarheit und Zuversicht zu verfolgen.<\/p>\n<p data-start=\"2244\" data-end=\"2649\">Auf emotionaler und mentaler Ebene wirkt Citrin kl\u00e4rend und st\u00e4rkend. Er kann dabei helfen, negative Gedankenspiralen zu durchbrechen, Niedergeschlagenheit zu reduzieren und Optimismus sowie Offenheit zu f\u00f6rdern. Energetisch ist Citrin dem Solarplexuschakra und dem Element Feuer zugeordnet und eignet sich besonders f\u00fcr Menschen, die ihre Selbstsicherheit, Kreativit\u00e4t und innere Balance st\u00e4rken m\u00f6chten.<\/p>\n<hr data-start=\"2365\" data-end=\"2368\" \/>\n<h4 data-start=\"2232\" data-end=\"2270\"><span class=\"ez-toc-section\" id=\"_Mehr_uber_Achate_Heilsteine\"><\/span>\u00a0Mehr \u00fcber Achate &amp; Heilsteine<span class=\"ez-toc-section-end\"><\/span><\/h4>\n<p data-start=\"2271\" data-end=\"2322\">Heilsteine &amp; Kristalle | <a class=\"decorated-link\" href=\"https:\/\/saphirsmaragd.com\/ja\/product-category\/heilsteine-kristalle-kaufen\/\" rel=\"noopener\" data-start=\"2301\" data-end=\"2322\">Saphir &amp; Smaragd<\/a><\/p>\n<hr data-start=\"2365\" data-end=\"2368\" \/>\n<h4 data-start=\"2324\" data-end=\"2346\"><span class=\"ez-toc-section\" id=\"_Weitere_Infos\"><\/span>\u00a0\u8a73\u7d30\u306f\u3053\u3061\u3089<span class=\"ez-toc-section-end\"><\/span><\/h4>\n<p data-start=\"2347\" data-end=\"2363\">Wikipedia:<a href=\"https:\/\/de.wikipedia.org\/wiki\/Citrin\" target=\"_blank\" rel=\"noopener\">\u30b7\u30c8\u30ea\u30f3<\/a><\/p>","protected":false},"excerpt":{"rendered":"<p><em>Das Armband mit Citrin Gelb ist ein elastisches Edelsteinarmband mit 14-kar\u00e4tiger Goldperle und steht f\u00fcr Energie, Lebensfreude, Selbstwert und positiven Antrieb.<\/em><\/p>","protected":false},"featured_media":7922,"comment_status":"open","ping_status":"closed","template":"","meta":{"_glsr_average":0,"_glsr_ranking":0,"_glsr_reviews":0},"product_brand":[],"product_cat":[331],"product_tag":[],"class_list":{"0":"post-7921","1":"product","2":"type-product","3":"status-publish","4":"has-post-thumbnail","6":"product_cat-edelsteinarmbaender-kaufen","8":"first","9":"instock","10":"shipping-taxable","11":"purchasable","12":"product-type-simple","13":"add-to-wishlist-before_image"},"jetpack_sharing_enabled":true,"_links":{"self":[{"href":"https:\/\/saphirsmaragd.com\/ja\/wp-json\/wp\/v2\/product\/7921","targetHints":{"allow":["GET"]}}],"collection":[{"href":"https:\/\/saphirsmaragd.com\/ja\/wp-json\/wp\/v2\/product"}],"about":[{"href":"https:\/\/saphirsmaragd.com\/ja\/wp-json\/wp\/v2\/types\/product"}],"replies":[{"embeddable":true,"href":"https:\/\/saphirsmaragd.com\/ja\/wp-json\/wp\/v2\/comments?post=7921"}],"version-history":[{"count":2,"href":"https:\/\/saphirsmaragd.com\/ja\/wp-json\/wp\/v2\/product\/7921\/revisions"}],"predecessor-version":[{"id":7924,"href":"https:\/\/saphirsmaragd.com\/ja\/wp-json\/wp\/v2\/product\/7921\/revisions\/7924"}],"wp:featuredmedia":[{"embeddable":true,"href":"https:\/\/saphirsmaragd.com\/ja\/wp-json\/wp\/v2\/media\/7922"}],"wp:attachment":[{"href":"https:\/\/saphirsmaragd.com\/ja\/wp-json\/wp\/v2\/media?parent=7921"}],"wp:term":[{"taxonomy":"product_brand","embeddable":true,"href":"https:\/\/saphirsmaragd.com\/ja\/wp-json\/wp\/v2\/product_brand?post=7921"},{"taxonomy":"product_cat","embeddable":true,"href":"https:\/\/saphirsmaragd.com\/ja\/wp-json\/wp\/v2\/product_cat?post=7921"},{"taxonomy":"product_tag","embeddable":true,"href":"https:\/\/saphirsmaragd.com\/ja\/wp-json\/wp\/v2\/product_tag?post=7921"}],"curies":[{"name":"wp","href":"https:\/\/api.w.org\/{rel}","templated":true}]}}