{"id":8188,"date":"2026-02-21T17:39:19","date_gmt":"2026-02-21T17:39:19","guid":{"rendered":"https:\/\/saphirsmaragd.com\/?post_type=product&#038;p=8188"},"modified":"2026-02-21T17:48:24","modified_gmt":"2026-02-21T17:48:24","slug":"turmalin-orange-tropfen-3-12-karat","status":"publish","type":"product","link":"https:\/\/saphirsmaragd.com\/ja\/product\/turmalin-orange-tropfen-3-12-karat\/","title":{"rendered":"Turmalin Orange Tropfen 3.12 Karat \u2013 Nat\u00fcrlicher Mosambik Edelstein"},"content":{"rendered":"<div id=\"ez-toc-container\" class=\"ez-toc-v2_0_82_2 counter-hierarchy ez-toc-counter ez-toc-grey ez-toc-container-direction\">\n<div class=\"ez-toc-title-container\">\n<p class=\"ez-toc-title\" style=\"cursor:inherit\">\u76ee\u6b21<\/p>\n<span class=\"ez-toc-title-toggle\"><a href=\"#\" class=\"ez-toc-pull-right ez-toc-btn ez-toc-btn-xs ez-toc-btn-default ez-toc-toggle\" aria-label=\"Toggle Table of Content\"><span class=\"ez-toc-js-icon-con\"><span class=\"\"><span class=\"eztoc-hide\" style=\"display:none;\">\u30c8\u30b0\u30eb<\/span><span class=\"ez-toc-icon-toggle-span\"><svg style=\"fill: #999;color:#999\" xmlns=\"http:\/\/www.w3.org\/2000\/svg\" class=\"list-377408\" width=\"20px\" height=\"20px\" viewbox=\"0 0 24 24\" fill=\"none\"><path d=\"M6 6H4v2h2V6zm14 0H8v2h12V6zM4 11h2v2H4v-2zm16 0H8v2h12v-2zM4 16h2v2H4v-2zm16 0H8v2h12v-2z\" fill=\"currentColor\"><\/path><\/svg><svg style=\"fill: #999;color:#999\" class=\"arrow-unsorted-368013\" xmlns=\"http:\/\/www.w3.org\/2000\/svg\" width=\"10px\" height=\"10px\" viewbox=\"0 0 24 24\" version=\"1.2\" baseprofile=\"tiny\"><path d=\"M18.2 9.3l-6.2-6.3-6.2 6.3c-.2.2-.3.4-.3.7s.1.5.3.7c.2.2.4.3.7.3h11c.3 0 .5-.1.7-.3.2-.2.3-.5.3-.7s-.1-.5-.3-.7zM5.8 14.7l6.2 6.3 6.2-6.3c.2-.2.3-.5.3-.7s-.1-.5-.3-.7c-.2-.2-.4-.3-.7-.3h-11c-.3 0-.5.1-.7.3-.2.2-.3.5-.3.7s.1.5.3.7z\"\/><\/svg><\/span><\/span><\/span><\/a><\/span><\/div>\n<nav><ul class='ez-toc-list ez-toc-list-level-1' ><li class='ez-toc-page-1 ez-toc-heading-level-4'><a class=\"ez-toc-link ez-toc-heading-1\" href=\"https:\/\/saphirsmaragd.com\/ja\/product\/turmalin-orange-tropfen-3-12-karat\/#Turmalin_Orange_Tropfen_312_Karat_%E2%80%93_Naturlicher_Mosambik_Edelstein\" >Turmalin Orange Tropfen 3.12 Karat \u2013 Nat\u00fcrlicher Mosambik Edelstein<\/a><\/li><li class='ez-toc-page-1 ez-toc-heading-level-4'><a class=\"ez-toc-link ez-toc-heading-2\" href=\"https:\/\/saphirsmaragd.com\/ja\/product\/turmalin-orange-tropfen-3-12-karat\/#Merkmale_Herkunft\" >\u7279\u5fb4\u30fb\u7531\u6765<\/a><\/li><li class='ez-toc-page-1 ez-toc-heading-level-4'><a class=\"ez-toc-link ez-toc-heading-3\" href=\"https:\/\/saphirsmaragd.com\/ja\/product\/turmalin-orange-tropfen-3-12-karat\/#Besonderheiten\" >\u7279\u96c6<\/a><\/li><li class='ez-toc-page-1 ez-toc-heading-level-4'><a class=\"ez-toc-link ez-toc-heading-4\" href=\"https:\/\/saphirsmaragd.com\/ja\/product\/turmalin-orange-tropfen-3-12-karat\/#Weitere_Inspiration_entdecken\" >Weitere Inspiration entdecken<\/a><\/li><\/ul><\/nav><\/div>\n<h4 data-start=\"447\" data-end=\"517\"><span class=\"ez-toc-section\" id=\"Turmalin_Orange_Tropfen_312_Karat_%E2%80%93_Naturlicher_Mosambik_Edelstein\"><\/span>Turmalin Orange Tropfen 3.12 Karat \u2013 Nat\u00fcrlicher Mosambik Edelstein<span class=\"ez-toc-section-end\"><\/span><\/h4>\n<p data-start=\"519\" data-end=\"667\">Turmalin Orange Tropfen 3.12 Karat ist ein nat\u00fcrlicher Edelstein aus Mosambik mit seltener orange-brauner Farbnuance und beeindruckender Leuchtkraft.<\/p>\n<hr data-start=\"1214\" data-end=\"1217\" \/>\n<h4 data-start=\"1219\" data-end=\"1245\"><span class=\"ez-toc-section\" id=\"Merkmale_Herkunft\"><\/span>\u7279\u5fb4\u30fb\u7531\u6765<span class=\"ez-toc-section-end\"><\/span><\/h4>\n<p data-start=\"1246\" data-end=\"1479\">Farbe: Orange-Braun<br data-start=\"713\" data-end=\"716\" \/>Form: Tropfen<br data-start=\"737\" data-end=\"740\" \/>Herkunft: Mosambik<br data-start=\"758\" data-end=\"761\" \/>Gewicht: 3.12 Karat<br data-start=\"777\" data-end=\"780\" \/>Ma\u00dfe: 13.1 \u00d7 8.8 mm<br data-start=\"799\" data-end=\"802\" \/>Reinheit: Augenrein<br data-start=\"821\" data-end=\"824\" \/>Behandlung:\u00a0 unbehandelt<br data-start=\"876\" data-end=\"879\" \/>\u30b3\u30f3\u30c7\u30a3\u30b7\u30e7\u30f3: \u65b0\u54c1<br data-start=\"891\" data-end=\"894\" \/>Steinart: Nat\u00fcrlicher Orangener Turmalin<br data-start=\"934\" data-end=\"937\" \/>Mohsh\u00e4rte: 7 \u2013 7.5<\/p>\n<hr data-start=\"1481\" data-end=\"1484\" \/>\n<h4 data-start=\"1486\" data-end=\"1507\"><span class=\"ez-toc-section\" id=\"Besonderheiten\"><\/span>\u7279\u96c6<span class=\"ez-toc-section-end\"><\/span><\/h4>\n<p data-start=\"1508\" data-end=\"1956\">W\u00e4hrend Turmaline vor allem f\u00fcr ihre roten, pinken oder gr\u00fcnen Farbt\u00f6ne bekannt sind, gewinnen orange und gelbliche Nuancen zunehmend an Beliebtheit. Dieser Turmalin \u00fcberzeugt durch seine markante orange-braune Farbe, die ihm einen unverwechselbaren und eleganten Charakter verleiht.<\/p>\n<hr data-start=\"1926\" data-end=\"1929\" \/>\n<h4 data-start=\"413\" data-end=\"449\"><span class=\"ez-toc-section\" id=\"Weitere_Inspiration_entdecken\"><\/span>Weitere Inspiration entdecken<span class=\"ez-toc-section-end\"><\/span><\/h4>\n<p data-start=\"450\" data-end=\"582\">Suchen Sie weitere besondere Produkte? Entdecken Sie zus\u00e4tzliche Highlights in unserem Sortiment oder besuchen Sie unsere Partnerprojekte:<\/p>\n<ul data-start=\"584\" data-end=\"920\">\n<li data-start=\"584\" data-end=\"656\"><a href=\"https:\/\/saphirsmaragd.com\/ja\/shop\/\">Weitere Edelsteine &amp; Schmuckst\u00fccke bei Saphir &amp; Smaragd entdecken<\/a><\/li>\n<li data-start=\"657\" data-end=\"783\">\n<p data-start=\"659\" data-end=\"783\"><a href=\"https:\/\/honigbee.com\/shop\/\" target=\"_blank\" rel=\"noopener\">Nat\u00fcrliche Produkte bei Honigbee ansehen<br \/>\n<\/a><\/p>\n<\/li>\n<li data-start=\"784\" data-end=\"920\">\n<p data-start=\"786\" data-end=\"920\"><a href=\"https:\/\/matvana.com\/shop\/\" target=\"_blank\" rel=\"noopener\">Stilvolle Wohnideen bei Matvana erkunden<\/a><\/p>\n<\/li>\n<\/ul>","protected":false},"excerpt":{"rendered":"<p>Turmalin Orange Tropfen 3.12 Karat aus Mosambik. Nat\u00fcrlicher Edelstein mit seltener orange-brauner Farbe und exzellenter Brillanz.<\/p>","protected":false},"featured_media":8189,"comment_status":"open","ping_status":"closed","template":"","meta":{"_glsr_average":0,"_glsr_ranking":0,"_glsr_reviews":0},"product_brand":[],"product_cat":[109],"product_tag":[],"class_list":{"0":"post-8188","1":"product","2":"type-product","3":"status-publish","4":"has-post-thumbnail","6":"product_cat-turmalin-kaufen","7":"pa_edelsteinart-turmalin","8":"pa_farbe-braun","9":"pa_farbe-orange","10":"pa_form-tropfen","11":"pa_gewicht-karat-3-0-5-0-karat","12":"pa_herkunft-mosambik","13":"pa_reinheit-augenrein","14":"pa_veredelung-behandlung-unbehandelt","15":"pa_zustand-neu","17":"first","18":"instock","19":"featured","20":"sold-individually","21":"shipping-taxable","22":"purchasable","23":"product-type-simple","24":"add-to-wishlist-before_image"},"jetpack_sharing_enabled":true,"_links":{"self":[{"href":"https:\/\/saphirsmaragd.com\/ja\/wp-json\/wp\/v2\/product\/8188","targetHints":{"allow":["GET"]}}],"collection":[{"href":"https:\/\/saphirsmaragd.com\/ja\/wp-json\/wp\/v2\/product"}],"about":[{"href":"https:\/\/saphirsmaragd.com\/ja\/wp-json\/wp\/v2\/types\/product"}],"replies":[{"embeddable":true,"href":"https:\/\/saphirsmaragd.com\/ja\/wp-json\/wp\/v2\/comments?post=8188"}],"version-history":[{"count":1,"href":"https:\/\/saphirsmaragd.com\/ja\/wp-json\/wp\/v2\/product\/8188\/revisions"}],"predecessor-version":[{"id":8190,"href":"https:\/\/saphirsmaragd.com\/ja\/wp-json\/wp\/v2\/product\/8188\/revisions\/8190"}],"wp:featuredmedia":[{"embeddable":true,"href":"https:\/\/saphirsmaragd.com\/ja\/wp-json\/wp\/v2\/media\/8189"}],"wp:attachment":[{"href":"https:\/\/saphirsmaragd.com\/ja\/wp-json\/wp\/v2\/media?parent=8188"}],"wp:term":[{"taxonomy":"product_brand","embeddable":true,"href":"https:\/\/saphirsmaragd.com\/ja\/wp-json\/wp\/v2\/product_brand?post=8188"},{"taxonomy":"product_cat","embeddable":true,"href":"https:\/\/saphirsmaragd.com\/ja\/wp-json\/wp\/v2\/product_cat?post=8188"},{"taxonomy":"product_tag","embeddable":true,"href":"https:\/\/saphirsmaragd.com\/ja\/wp-json\/wp\/v2\/product_tag?post=8188"}],"curies":[{"name":"wp","href":"https:\/\/api.w.org\/{rel}","templated":true}]}}