{"id":8191,"date":"2026-02-21T17:50:40","date_gmt":"2026-02-21T17:50:40","guid":{"rendered":"https:\/\/saphirsmaragd.com\/?post_type=product&#038;p=8191"},"modified":"2026-02-21T17:59:40","modified_gmt":"2026-02-21T17:59:40","slug":"feueropal-tropfen-2-71-karat","status":"publish","type":"product","link":"https:\/\/saphirsmaragd.com\/ja\/product\/feueropal-tropfen-2-71-karat\/","title":{"rendered":"Feueropal Tropfen 2.71 Karat \u2013 Nat\u00fcrlicher Mexiko Opal"},"content":{"rendered":"<div id=\"ez-toc-container\" class=\"ez-toc-v2_0_82_2 counter-hierarchy ez-toc-counter ez-toc-grey ez-toc-container-direction\">\n<div class=\"ez-toc-title-container\">\n<p class=\"ez-toc-title\" style=\"cursor:inherit\">\u76ee\u6b21<\/p>\n<span class=\"ez-toc-title-toggle\"><a href=\"#\" class=\"ez-toc-pull-right ez-toc-btn ez-toc-btn-xs ez-toc-btn-default ez-toc-toggle\" aria-label=\"Toggle Table of Content\"><span class=\"ez-toc-js-icon-con\"><span class=\"\"><span class=\"eztoc-hide\" style=\"display:none;\">\u30c8\u30b0\u30eb<\/span><span class=\"ez-toc-icon-toggle-span\"><svg style=\"fill: #999;color:#999\" xmlns=\"http:\/\/www.w3.org\/2000\/svg\" class=\"list-377408\" width=\"20px\" height=\"20px\" viewbox=\"0 0 24 24\" fill=\"none\"><path d=\"M6 6H4v2h2V6zm14 0H8v2h12V6zM4 11h2v2H4v-2zm16 0H8v2h12v-2zM4 16h2v2H4v-2zm16 0H8v2h12v-2z\" fill=\"currentColor\"><\/path><\/svg><svg style=\"fill: #999;color:#999\" class=\"arrow-unsorted-368013\" xmlns=\"http:\/\/www.w3.org\/2000\/svg\" width=\"10px\" height=\"10px\" viewbox=\"0 0 24 24\" version=\"1.2\" baseprofile=\"tiny\"><path d=\"M18.2 9.3l-6.2-6.3-6.2 6.3c-.2.2-.3.4-.3.7s.1.5.3.7c.2.2.4.3.7.3h11c.3 0 .5-.1.7-.3.2-.2.3-.5.3-.7s-.1-.5-.3-.7zM5.8 14.7l6.2 6.3 6.2-6.3c.2-.2.3-.5.3-.7s-.1-.5-.3-.7c-.2-.2-.4-.3-.7-.3h-11c-.3 0-.5.1-.7.3-.2.2-.3.5-.3.7s.1.5.3.7z\"\/><\/svg><\/span><\/span><\/span><\/a><\/span><\/div>\n<nav><ul class='ez-toc-list ez-toc-list-level-1' ><li class='ez-toc-page-1 ez-toc-heading-level-4'><a class=\"ez-toc-link ez-toc-heading-1\" href=\"https:\/\/saphirsmaragd.com\/ja\/product\/feueropal-tropfen-2-71-karat\/#Feueropal_Tropfen_271_Karat_%E2%80%93_Naturlicher_Mexiko_Opal\" >Feueropal Tropfen 2.71 Karat \u2013 Nat\u00fcrlicher Mexiko Opal<\/a><\/li><li class='ez-toc-page-1 ez-toc-heading-level-4'><a class=\"ez-toc-link ez-toc-heading-2\" href=\"https:\/\/saphirsmaragd.com\/ja\/product\/feueropal-tropfen-2-71-karat\/#Merkmale_Herkunft\" >\u7279\u5fb4\u30fb\u7531\u6765<\/a><\/li><li class='ez-toc-page-1 ez-toc-heading-level-4'><a class=\"ez-toc-link ez-toc-heading-3\" href=\"https:\/\/saphirsmaragd.com\/ja\/product\/feueropal-tropfen-2-71-karat\/#Besonderheiten\" >\u7279\u96c6<\/a><\/li><li class='ez-toc-page-1 ez-toc-heading-level-4'><a class=\"ez-toc-link ez-toc-heading-4\" href=\"https:\/\/saphirsmaragd.com\/ja\/product\/feueropal-tropfen-2-71-karat\/#Weitere_Inspiration_entdecken\" >Weitere Inspiration entdecken<\/a><\/li><\/ul><\/nav><\/div>\n<h4 data-start=\"393\" data-end=\"450\"><span class=\"ez-toc-section\" id=\"Feueropal_Tropfen_271_Karat_%E2%80%93_Naturlicher_Mexiko_Opal\"><\/span>Feueropal Tropfen 2.71 Karat \u2013 Nat\u00fcrlicher Mexiko Opal<span class=\"ez-toc-section-end\"><\/span><\/h4>\n<p data-start=\"452\" data-end=\"574\">Feueropal Tropfen 2.71 Karat ist ein nat\u00fcrlicher Edelstein aus Mexiko mit leuchtender Feuerfarbe und eleganter Tropfenform.<\/p>\n<hr data-start=\"1125\" data-end=\"1128\" \/>\n<h4 data-start=\"1130\" data-end=\"1158\"><span class=\"ez-toc-section\" id=\"Merkmale_Herkunft\"><\/span><strong data-start=\"1135\" data-end=\"1158\">\u7279\u5fb4\u30fb\u7531\u6765<\/strong><span class=\"ez-toc-section-end\"><\/span><\/h4>\n<p data-start=\"1159\" data-end=\"1372\">Farbe: Feuerrot \/ Feuerorange<br data-start=\"650\" data-end=\"653\" \/>Form: Tropfen<br data-start=\"663\" data-end=\"666\" \/>Herkunft: Mexiko<br data-start=\"682\" data-end=\"685\" \/>Gewicht: 2.71 Karat<br data-start=\"701\" data-end=\"704\" \/>Ma\u00dfe: 10.2 \u00d7 10 mm<br data-start=\"715\" data-end=\"718\" \/>Reinheit: Augenrein<br data-start=\"742\" data-end=\"745\" \/>Behandlung:\u00a0 unbehandelt<br data-start=\"797\" data-end=\"800\" \/>\u30b3\u30f3\u30c7\u30a3\u30b7\u30e7\u30f3: \u65b0\u54c1<br data-start=\"812\" data-end=\"815\" \/>Steinart: Nat\u00fcrlicher Feueropal<br data-start=\"846\" data-end=\"849\" \/>Mohsh\u00e4rte: 5.5 \u2013 6.5<\/p>\n<hr data-start=\"1374\" data-end=\"1377\" \/>\n<h4 data-start=\"1379\" data-end=\"1402\"><span class=\"ez-toc-section\" id=\"Besonderheiten\"><\/span><strong data-start=\"1384\" data-end=\"1402\">\u7279\u96c6<\/strong><span class=\"ez-toc-section-end\"><\/span><\/h4>\n<p data-start=\"860\" data-end=\"1101\">Dieser mexikanische Feueropal \u00fcberzeugt durch seine intensive orange Leuchtkraft und seine harmonischen Proportionen. Der pr\u00e4zise Tropfenschliff bringt die Transparenz und das innere Gl\u00fchen des Steins optimal zur Geltung.<\/p>\n<p data-start=\"1103\" data-end=\"1395\">Mit 2.71 Karat eignet sich dieser Edelstein hervorragend f\u00fcr die Gestaltung eines eleganten Anh\u00e4ngers oder eines individuellen Schmuckst\u00fccks mit besonderer Ausstrahlung. Feueropale aus Mexiko z\u00e4hlen zu den begehrtesten Variet\u00e4ten weltweit und stehen f\u00fcr lebendige Farbe und nat\u00fcrliche Sch\u00f6nheit.<\/p>\n<hr data-start=\"1926\" data-end=\"1929\" \/>\n<h4 data-start=\"413\" data-end=\"449\"><span class=\"ez-toc-section\" id=\"Weitere_Inspiration_entdecken\"><\/span>Weitere Inspiration entdecken<span class=\"ez-toc-section-end\"><\/span><\/h4>\n<p data-start=\"450\" data-end=\"582\">Suchen Sie weitere besondere Produkte? Entdecken Sie zus\u00e4tzliche Highlights in unserem Sortiment oder besuchen Sie unsere Partnerprojekte:<\/p>\n<ul data-start=\"584\" data-end=\"920\">\n<li data-start=\"584\" data-end=\"656\"><a href=\"https:\/\/saphirsmaragd.com\/ja\/shop\/\">Weitere Edelsteine &amp; Schmuckst\u00fccke bei Saphir &amp; Smaragd entdecken<\/a><\/li>\n<li data-start=\"657\" data-end=\"783\">\n<p data-start=\"659\" data-end=\"783\"><a href=\"https:\/\/honigbee.com\/shop\/\" target=\"_blank\" rel=\"noopener\">Nat\u00fcrliche Produkte bei Honigbee ansehen<br \/>\n<\/a><\/p>\n<\/li>\n<li data-start=\"784\" data-end=\"920\">\n<p data-start=\"786\" data-end=\"920\"><a href=\"https:\/\/matvana.com\/shop\/\" target=\"_blank\" rel=\"noopener\">Stilvolle Wohnideen bei Matvana erkunden<\/a><\/p>\n<\/li>\n<\/ul>","protected":false},"excerpt":{"rendered":"<p data-start=\"393\" data-end=\"450\"><em>Feueropal Tropfen 2.71 Karat aus Mexiko. Nat\u00fcrlicher Edelstein mit intensiver Feuerfarbe und harmonischem Schliff.<\/em><\/p>","protected":false},"featured_media":8192,"comment_status":"open","ping_status":"closed","template":"","meta":{"_glsr_average":0,"_glsr_ranking":0,"_glsr_reviews":0},"product_brand":[],"product_cat":[75],"product_tag":[],"class_list":{"0":"post-8191","1":"product","2":"type-product","3":"status-publish","4":"has-post-thumbnail","6":"product_cat-opale-kaufen","7":"pa_edelsteinart-opal","8":"pa_farbe-orange","9":"pa_form-tropfen","10":"pa_gewicht-karat-1-0-3-0-karat","11":"pa_herkunft-mexiko","12":"pa_reinheit-augenrein","13":"pa_veredelung-behandlung-unbehandelt","14":"pa_zustand-neu","16":"first","17":"instock","18":"featured","19":"sold-individually","20":"shipping-taxable","21":"purchasable","22":"product-type-simple","23":"add-to-wishlist-before_image"},"jetpack_sharing_enabled":true,"_links":{"self":[{"href":"https:\/\/saphirsmaragd.com\/ja\/wp-json\/wp\/v2\/product\/8191","targetHints":{"allow":["GET"]}}],"collection":[{"href":"https:\/\/saphirsmaragd.com\/ja\/wp-json\/wp\/v2\/product"}],"about":[{"href":"https:\/\/saphirsmaragd.com\/ja\/wp-json\/wp\/v2\/types\/product"}],"replies":[{"embeddable":true,"href":"https:\/\/saphirsmaragd.com\/ja\/wp-json\/wp\/v2\/comments?post=8191"}],"version-history":[{"count":1,"href":"https:\/\/saphirsmaragd.com\/ja\/wp-json\/wp\/v2\/product\/8191\/revisions"}],"predecessor-version":[{"id":8193,"href":"https:\/\/saphirsmaragd.com\/ja\/wp-json\/wp\/v2\/product\/8191\/revisions\/8193"}],"wp:featuredmedia":[{"embeddable":true,"href":"https:\/\/saphirsmaragd.com\/ja\/wp-json\/wp\/v2\/media\/8192"}],"wp:attachment":[{"href":"https:\/\/saphirsmaragd.com\/ja\/wp-json\/wp\/v2\/media?parent=8191"}],"wp:term":[{"taxonomy":"product_brand","embeddable":true,"href":"https:\/\/saphirsmaragd.com\/ja\/wp-json\/wp\/v2\/product_brand?post=8191"},{"taxonomy":"product_cat","embeddable":true,"href":"https:\/\/saphirsmaragd.com\/ja\/wp-json\/wp\/v2\/product_cat?post=8191"},{"taxonomy":"product_tag","embeddable":true,"href":"https:\/\/saphirsmaragd.com\/ja\/wp-json\/wp\/v2\/product_tag?post=8191"}],"curies":[{"name":"wp","href":"https:\/\/api.w.org\/{rel}","templated":true}]}}