{"id":8194,"date":"2026-02-21T18:02:19","date_gmt":"2026-02-21T18:02:19","guid":{"rendered":"https:\/\/saphirsmaragd.com\/?post_type=product&#038;p=8194"},"modified":"2026-02-21T18:11:29","modified_gmt":"2026-02-21T18:11:29","slug":"spessartin-granat-kissen-orange-3-10-karat","status":"publish","type":"product","link":"https:\/\/saphirsmaragd.com\/ja\/product\/spessartin-granat-kissen-orange-3-10-karat\/","title":{"rendered":"Spessartin Granat Kissen orange 3.10 Karat \u2013 Zertifizierter Natur Edelstein"},"content":{"rendered":"<div id=\"ez-toc-container\" class=\"ez-toc-v2_0_82_2 counter-hierarchy ez-toc-counter ez-toc-grey ez-toc-container-direction\">\n<div class=\"ez-toc-title-container\">\n<p class=\"ez-toc-title\" style=\"cursor:inherit\">\u76ee\u6b21<\/p>\n<span class=\"ez-toc-title-toggle\"><a href=\"#\" class=\"ez-toc-pull-right ez-toc-btn ez-toc-btn-xs ez-toc-btn-default ez-toc-toggle\" aria-label=\"Toggle Table of Content\"><span class=\"ez-toc-js-icon-con\"><span class=\"\"><span class=\"eztoc-hide\" style=\"display:none;\">\u30c8\u30b0\u30eb<\/span><span class=\"ez-toc-icon-toggle-span\"><svg style=\"fill: #999;color:#999\" xmlns=\"http:\/\/www.w3.org\/2000\/svg\" class=\"list-377408\" width=\"20px\" height=\"20px\" viewbox=\"0 0 24 24\" fill=\"none\"><path d=\"M6 6H4v2h2V6zm14 0H8v2h12V6zM4 11h2v2H4v-2zm16 0H8v2h12v-2zM4 16h2v2H4v-2zm16 0H8v2h12v-2z\" fill=\"currentColor\"><\/path><\/svg><svg style=\"fill: #999;color:#999\" class=\"arrow-unsorted-368013\" xmlns=\"http:\/\/www.w3.org\/2000\/svg\" width=\"10px\" height=\"10px\" viewbox=\"0 0 24 24\" version=\"1.2\" baseprofile=\"tiny\"><path d=\"M18.2 9.3l-6.2-6.3-6.2 6.3c-.2.2-.3.4-.3.7s.1.5.3.7c.2.2.4.3.7.3h11c.3 0 .5-.1.7-.3.2-.2.3-.5.3-.7s-.1-.5-.3-.7zM5.8 14.7l6.2 6.3 6.2-6.3c.2-.2.3-.5.3-.7s-.1-.5-.3-.7c-.2-.2-.4-.3-.7-.3h-11c-.3 0-.5.1-.7.3-.2.2-.3.5-.3.7s.1.5.3.7z\"\/><\/svg><\/span><\/span><\/span><\/a><\/span><\/div>\n<nav><ul class='ez-toc-list ez-toc-list-level-1' ><li class='ez-toc-page-1 ez-toc-heading-level-4'><a class=\"ez-toc-link ez-toc-heading-1\" href=\"https:\/\/saphirsmaragd.com\/ja\/product\/spessartin-granat-kissen-orange-3-10-karat\/#Spessartin_Granat_Kissen_orange_310_Karat_%E2%80%93_Zertifizierter_Natur_Edelstein\" >Spessartin Granat Kissen orange 3.10 Karat \u2013 Zertifizierter Natur Edelstein<\/a><\/li><li class='ez-toc-page-1 ez-toc-heading-level-4'><a class=\"ez-toc-link ez-toc-heading-2\" href=\"https:\/\/saphirsmaragd.com\/ja\/product\/spessartin-granat-kissen-orange-3-10-karat\/#Merkmale_Herkunft\" >Merkmale &amp; Herkunft:<\/a><\/li><li class='ez-toc-page-1 ez-toc-heading-level-4'><a class=\"ez-toc-link ez-toc-heading-3\" href=\"https:\/\/saphirsmaragd.com\/ja\/product\/spessartin-granat-kissen-orange-3-10-karat\/#Besonderheiten\" >Besonderheiten:<\/a><\/li><li class='ez-toc-page-1 ez-toc-heading-level-4'><a class=\"ez-toc-link ez-toc-heading-4\" href=\"https:\/\/saphirsmaragd.com\/ja\/product\/spessartin-granat-kissen-orange-3-10-karat\/#Mehr_uber_unsere_Edelsteine\" >\u5b9d\u77f3\u306e\u8a73\u7d30<\/a><\/li><li class='ez-toc-page-1 ez-toc-heading-level-4'><a class=\"ez-toc-link ez-toc-heading-5\" href=\"https:\/\/saphirsmaragd.com\/ja\/product\/spessartin-granat-kissen-orange-3-10-karat\/#Weitere_Infos\" >\u8a73\u7d30\u306f\u3053\u3061\u3089<\/a><\/li><\/ul><\/nav><\/div>\n<h4 data-start=\"466\" data-end=\"537\"><span class=\"ez-toc-section\" id=\"Spessartin_Granat_Kissen_orange_310_Karat_%E2%80%93_Zertifizierter_Natur_Edelstein\"><\/span>Spessartin Granat Kissen orange 3.10 Karat \u2013 Zertifizierter Natur Edelstein<span class=\"ez-toc-section-end\"><\/span><\/h4>\n<p data-start=\"539\" data-end=\"700\">Spessartin Granat Kissen 3.10 Karat ist ein zertifizierter nat\u00fcrlicher Edelstein aus Sri Lanka mit lebendiger orangefarbener Leuchtkraft und eleganter Kissenform.<\/p>\n<hr data-start=\"1279\" data-end=\"1282\" \/>\n<h4 data-start=\"1284\" data-end=\"1309\"><span class=\"ez-toc-section\" id=\"Merkmale_Herkunft\"><\/span>Merkmale &amp; Herkunft:<span class=\"ez-toc-section-end\"><\/span><\/h4>\n<p data-start=\"1310\" data-end=\"1546\">Farbe: Intensives Orange<br data-start=\"751\" data-end=\"754\" \/>Form: Kissen<br data-start=\"776\" data-end=\"779\" \/>Herkunft: Sri Lanka<br data-start=\"798\" data-end=\"801\" \/>Gewicht: 3.10 Karat<br data-start=\"817\" data-end=\"820\" \/>Ma\u00dfe: 8.6 \u00d7 7.3 mm<br data-start=\"838\" data-end=\"841\" \/>Reinheit: Augenrein<br data-start=\"860\" data-end=\"863\" \/>Behandlung:\u00a0 unbehandelt<br data-start=\"896\" data-end=\"899\" \/>Zertifikat: BELLEROPHON No. A14616<br data-start=\"933\" data-end=\"936\" \/>\u30b3\u30f3\u30c7\u30a3\u30b7\u30e7\u30f3: \u65b0\u54c1<br data-start=\"948\" data-end=\"951\" \/>Steinart: Nat\u00fcrlicher Spessartin Granat<br data-start=\"990\" data-end=\"993\" \/>Mohsh\u00e4rte: 6.5 \u2013 7.5<\/p>\n<hr data-start=\"1548\" data-end=\"1551\" \/>\n<h4 data-start=\"1553\" data-end=\"1573\"><span class=\"ez-toc-section\" id=\"Besonderheiten\"><\/span>Besonderheiten:<span class=\"ez-toc-section-end\"><\/span><\/h4>\n<p data-start=\"1017\" data-end=\"1271\">Dieser zertifizierte Spessartin besticht durch seine kr\u00e4ftige orange Farbe und seine harmonischen Proportionen. Der pr\u00e4zise Cushion-Schliff verst\u00e4rkt die nat\u00fcrliche Brillanz und sorgt f\u00fcr ein lebendiges Funkeln bei jedem Lichteinfall.<\/p>\n<p data-start=\"1273\" data-end=\"1534\">Spessartin-Granate sind besonders begehrt bei Schmuckdesignern, da ihre warme, intensive Farbe au\u00dfergew\u00f6hnliche Akzente setzt. Die Bezeichnung \u201eMandarin-Granat\u201c wird h\u00e4ufig verwendet, sollte jedoch streng genommen nur f\u00fcr Spessartine aus Namibia genutzt werden.<\/p>\n<hr data-start=\"1926\" data-end=\"1929\" \/>\n<h4 data-start=\"1931\" data-end=\"1971\"><span class=\"ez-toc-section\" id=\"Mehr_uber_unsere_Edelsteine\"><\/span>\u5b9d\u77f3\u306e\u8a73\u7d30<span class=\"ez-toc-section-end\"><\/span><\/h4>\n<p data-start=\"1972\" data-end=\"2069\"><a href=\"https:\/\/saphirsmaragd.com\/ja\/product-category\/edelsteine-kaufen\/\">\u5b9d\u77f3<\/a><\/p>\n<hr data-start=\"2071\" data-end=\"2074\" \/>\n<h4 data-start=\"2076\" data-end=\"2096\"><span class=\"ez-toc-section\" id=\"Weitere_Infos\"><\/span>\u8a73\u7d30\u306f\u3053\u3061\u3089<span class=\"ez-toc-section-end\"><\/span><\/h4>\n<p data-start=\"2097\" data-end=\"2160\"><a class=\"decorated-link cursor-pointer\" href=\"https:\/\/de.wikipedia.org\/wiki\/Granat\" target=\"_new\" rel=\"noopener\" data-start=\"2097\" data-end=\"2160\">Wikipedia: Granat<\/a><\/p>","protected":false},"excerpt":{"rendered":"<p data-start=\"710\" data-end=\"734\"><em>Spessartin Granat Kissen orange 3.10 Karat aus Sri Lanka. Intensiv orangefarbener Natur-Edelstein im Cushion-Schliff mit BELLEROPHON Zertifikat.<\/em><\/p>\n<p data-start=\"575\" data-end=\"606\">","protected":false},"featured_media":8195,"comment_status":"open","ping_status":"closed","template":"","meta":{"_glsr_average":0,"_glsr_ranking":0,"_glsr_reviews":0},"product_brand":[],"product_cat":[111],"product_tag":[],"class_list":{"0":"post-8194","1":"product","2":"type-product","3":"status-publish","4":"has-post-thumbnail","6":"product_cat-granat-kaufen","7":"pa_edelsteinart-granat","8":"pa_farbe-orange","9":"pa_form-kissen","10":"pa_gewicht-karat-3-0-5-0-karat","11":"pa_herkunft-sri-lanka","12":"pa_reinheit-augenrein","13":"pa_veredelung-behandlung-unbehandelt","14":"pa_zertifikat-ja","15":"pa_zustand-neu","17":"first","18":"instock","19":"featured","20":"sold-individually","21":"shipping-taxable","22":"purchasable","23":"product-type-simple","24":"add-to-wishlist-before_image"},"jetpack_sharing_enabled":true,"_links":{"self":[{"href":"https:\/\/saphirsmaragd.com\/ja\/wp-json\/wp\/v2\/product\/8194","targetHints":{"allow":["GET"]}}],"collection":[{"href":"https:\/\/saphirsmaragd.com\/ja\/wp-json\/wp\/v2\/product"}],"about":[{"href":"https:\/\/saphirsmaragd.com\/ja\/wp-json\/wp\/v2\/types\/product"}],"replies":[{"embeddable":true,"href":"https:\/\/saphirsmaragd.com\/ja\/wp-json\/wp\/v2\/comments?post=8194"}],"version-history":[{"count":1,"href":"https:\/\/saphirsmaragd.com\/ja\/wp-json\/wp\/v2\/product\/8194\/revisions"}],"predecessor-version":[{"id":8196,"href":"https:\/\/saphirsmaragd.com\/ja\/wp-json\/wp\/v2\/product\/8194\/revisions\/8196"}],"wp:featuredmedia":[{"embeddable":true,"href":"https:\/\/saphirsmaragd.com\/ja\/wp-json\/wp\/v2\/media\/8195"}],"wp:attachment":[{"href":"https:\/\/saphirsmaragd.com\/ja\/wp-json\/wp\/v2\/media?parent=8194"}],"wp:term":[{"taxonomy":"product_brand","embeddable":true,"href":"https:\/\/saphirsmaragd.com\/ja\/wp-json\/wp\/v2\/product_brand?post=8194"},{"taxonomy":"product_cat","embeddable":true,"href":"https:\/\/saphirsmaragd.com\/ja\/wp-json\/wp\/v2\/product_cat?post=8194"},{"taxonomy":"product_tag","embeddable":true,"href":"https:\/\/saphirsmaragd.com\/ja\/wp-json\/wp\/v2\/product_tag?post=8194"}],"curies":[{"name":"wp","href":"https:\/\/api.w.org\/{rel}","templated":true}]}}