{"id":8465,"date":"2026-04-11T12:17:16","date_gmt":"2026-04-11T12:17:16","guid":{"rendered":"https:\/\/saphirsmaragd.com\/?post_type=product&#038;p=8465"},"modified":"2026-04-11T12:19:46","modified_gmt":"2026-04-11T12:19:46","slug":"smaragd-rechteck-gruen-1-92-karat","status":"publish","type":"product","link":"https:\/\/saphirsmaragd.com\/ja\/product\/smaragd-rechteck-gruen-1-92-karat\/","title":{"rendered":"Smaragd Rechteck Gr\u00fcn 1.92 Karat aus Sambia \u2013 Zertifizierter Edelstein"},"content":{"rendered":"<p data-start=\"688\" data-end=\"978\">Dieser hochwertige Smaragd Rechteck Gr\u00fcn 1.92 Karat stammt aus Sambia und \u00fcberzeugt durch seine intensive gr\u00fcne Farbe sowie seine klassische rechteckige Form. Dank seiner ausgewogenen Proportionen und seiner edlen Ausstrahlung eignet sich dieser Edelstein ideal f\u00fcr exklusive Schmuckst\u00fccke.<\/p>\n<hr data-start=\"980\" data-end=\"983\" \/>\n<div id=\"ez-toc-container\" class=\"ez-toc-v2_0_82_2 counter-hierarchy ez-toc-counter ez-toc-grey ez-toc-container-direction\">\n<div class=\"ez-toc-title-container\">\n<p class=\"ez-toc-title\" style=\"cursor:inherit\">\u76ee\u6b21<\/p>\n<span class=\"ez-toc-title-toggle\"><a href=\"#\" class=\"ez-toc-pull-right ez-toc-btn ez-toc-btn-xs ez-toc-btn-default ez-toc-toggle\" aria-label=\"Toggle Table of Content\"><span class=\"ez-toc-js-icon-con\"><span class=\"\"><span class=\"eztoc-hide\" style=\"display:none;\">\u30c8\u30b0\u30eb<\/span><span class=\"ez-toc-icon-toggle-span\"><svg style=\"fill: #999;color:#999\" xmlns=\"http:\/\/www.w3.org\/2000\/svg\" class=\"list-377408\" width=\"20px\" height=\"20px\" viewbox=\"0 0 24 24\" fill=\"none\"><path d=\"M6 6H4v2h2V6zm14 0H8v2h12V6zM4 11h2v2H4v-2zm16 0H8v2h12v-2zM4 16h2v2H4v-2zm16 0H8v2h12v-2z\" fill=\"currentColor\"><\/path><\/svg><svg style=\"fill: #999;color:#999\" class=\"arrow-unsorted-368013\" xmlns=\"http:\/\/www.w3.org\/2000\/svg\" width=\"10px\" height=\"10px\" viewbox=\"0 0 24 24\" version=\"1.2\" baseprofile=\"tiny\"><path d=\"M18.2 9.3l-6.2-6.3-6.2 6.3c-.2.2-.3.4-.3.7s.1.5.3.7c.2.2.4.3.7.3h11c.3 0 .5-.1.7-.3.2-.2.3-.5.3-.7s-.1-.5-.3-.7zM5.8 14.7l6.2 6.3 6.2-6.3c.2-.2.3-.5.3-.7s-.1-.5-.3-.7c-.2-.2-.4-.3-.7-.3h-11c-.3 0-.5.1-.7.3-.2.2-.3.5-.3.7s.1.5.3.7z\"\/><\/svg><\/span><\/span><\/span><\/a><\/span><\/div>\n<nav><ul class='ez-toc-list ez-toc-list-level-1' ><li class='ez-toc-page-1 ez-toc-heading-level-4'><a class=\"ez-toc-link ez-toc-heading-1\" href=\"https:\/\/saphirsmaragd.com\/ja\/product\/smaragd-rechteck-gruen-1-92-karat\/#Merkmale_Herkunft\" >\u7279\u5fb4\u30fb\u7531\u6765<\/a><\/li><li class='ez-toc-page-1 ez-toc-heading-level-4'><a class=\"ez-toc-link ez-toc-heading-2\" href=\"https:\/\/saphirsmaragd.com\/ja\/product\/smaragd-rechteck-gruen-1-92-karat\/#Besonderheiten\" >\u7279\u96c6<\/a><\/li><li class='ez-toc-page-1 ez-toc-heading-level-4'><a class=\"ez-toc-link ez-toc-heading-3\" href=\"https:\/\/saphirsmaragd.com\/ja\/product\/smaragd-rechteck-gruen-1-92-karat\/#Mehr_uber_Smaragde\" >Mehr \u00fcber Smaragde<\/a><\/li><li class='ez-toc-page-1 ez-toc-heading-level-4'><a class=\"ez-toc-link ez-toc-heading-4\" href=\"https:\/\/saphirsmaragd.com\/ja\/product\/smaragd-rechteck-gruen-1-92-karat\/#Weitere_Infos\" >\u8a73\u7d30\u306f\u3053\u3061\u3089<\/a><\/li><\/ul><\/nav><\/div>\n<h4 data-start=\"985\" data-end=\"1011\"><span class=\"ez-toc-section\" id=\"Merkmale_Herkunft\"><\/span>\u7279\u5fb4\u30fb\u7531\u6765<span class=\"ez-toc-section-end\"><\/span><\/h4>\n<p data-start=\"1013\" data-end=\"1271\">Steinart: Smaragd<br data-start=\"1030\" data-end=\"1033\" \/>Farbe: Gr\u00fcn<br data-start=\"1044\" data-end=\"1047\" \/>Form: Rechteck<br data-start=\"1061\" data-end=\"1064\" \/>Gewicht: 1.92 Karat<br data-start=\"1083\" data-end=\"1086\" \/>Abmessungen: 8.7 x 6.5 mm<br data-start=\"1111\" data-end=\"1114\" \/>Herkunft: Sambia<br data-start=\"1130\" data-end=\"1133\" \/>Reinheit: Kleine Einschl\u00fcsse<br data-start=\"1161\" data-end=\"1164\" \/>Behandlung: Ge\u00f6lt<br data-start=\"1181\" data-end=\"1184\" \/>Beobachtung: Nat\u00fcrlich<br data-start=\"1206\" data-end=\"1209\" \/>Zertifikat: GIT (GA58870)<br data-start=\"1234\" data-end=\"1237\" \/>Mohs-H\u00e4rte: 7.5\u20138<br data-start=\"1254\" data-end=\"1257\" \/>\u30b3\u30f3\u30c7\u30a3\u30b7\u30e7\u30f3: \u65b0\u54c1<\/p>\n<hr data-start=\"1273\" data-end=\"1276\" \/>\n<h4 data-start=\"1278\" data-end=\"1299\"><span class=\"ez-toc-section\" id=\"Besonderheiten\"><\/span>\u7279\u96c6<span class=\"ez-toc-section-end\"><\/span><\/h4>\n<p data-start=\"1301\" data-end=\"1581\">Der Smaragd Rechteck Gr\u00fcn 1.92 Karat weist die f\u00fcr Smaragde typischen nat\u00fcrlichen Einschl\u00fcsse auf, die als \u201eJardin\u201c bekannt sind und die Echtheit des Edelsteins unterstreichen. Die \u00fcbliche \u00d6lbehandlung verbessert die optische Klarheit, ohne die nat\u00fcrliche Struktur zu ver\u00e4ndern.<\/p>\n<p data-start=\"1583\" data-end=\"1798\">Ein besonderer Vorteil dieses Edelsteins ist das vorhandene Zertifikat (GIT), welches zus\u00e4tzliche Sicherheit und Vertrauen bietet. Zertifizierte Smaragde sind im Markt deutlich gefragter und erzielen h\u00f6here Werte.<\/p>\n<p data-start=\"1800\" data-end=\"1941\">Durch seine klassische rechteckige Form eignet sich dieser Smaragd hervorragend als Mittelpunkt f\u00fcr elegante Ringe oder hochwertige Anh\u00e4nger.<\/p>\n<hr data-start=\"1443\" data-end=\"1446\" \/>\n<h4 data-start=\"1448\" data-end=\"1473\"><span class=\"ez-toc-section\" id=\"Mehr_uber_Smaragde\"><\/span>Mehr \u00fcber Smaragde<span class=\"ez-toc-section-end\"><\/span><\/h4>\n<p data-start=\"1475\" data-end=\"1668\"><a class=\"\" href=\"https:\/\/saphirsmaragd.com\/ja\/product-category\/heilsteine-kristalle-kaufen\/\" target=\"_new\" rel=\"noopener\" data-start=\"1571\" data-end=\"1668\">\u30d2\u30fc\u30ea\u30f3\u30b0\u30b9\u30c8\u30fc\u30f3\u3068\u30af\u30ea\u30b9\u30bf\u30eb<\/a><\/p>\n<hr data-start=\"1670\" data-end=\"1673\" \/>\n<h4 data-start=\"1675\" data-end=\"1695\"><span class=\"ez-toc-section\" id=\"Weitere_Infos\"><\/span>\u8a73\u7d30\u306f\u3053\u3061\u3089<span class=\"ez-toc-section-end\"><\/span><\/h4>\n<p data-start=\"1697\" data-end=\"1801\"><a class=\"\" href=\"https:\/\/de.wikipedia.org\/wiki\/Smaragd\" target=\"_new\" rel=\"noopener\" data-start=\"1741\" data-end=\"1801\">Wikipedia \u2013 Smaragd<\/a><\/p>","protected":false},"excerpt":{"rendered":"<p data-start=\"383\" data-end=\"517\"><em>Smaragd Rechteck Gr\u00fcn 1.92 Karat aus Sambia, nat\u00fcrlich und ge\u00f6lt. Zertifizierter rechteckiger Smaragd mit intensiver gr\u00fcner Farbe.<\/em><\/p>","protected":false},"featured_media":8466,"comment_status":"open","ping_status":"closed","template":"","meta":{"_glsr_average":0,"_glsr_ranking":0,"_glsr_reviews":0},"product_brand":[],"product_cat":[262],"product_tag":[],"class_list":{"0":"post-8465","1":"product","2":"type-product","3":"status-publish","4":"has-post-thumbnail","6":"product_cat-smaragd","7":"pa_edelsteinart-smaragd","8":"pa_farbe-gruen","9":"pa_form-rechteck","10":"pa_gewicht-karat-1-0-3-0-karat","11":"pa_herkunft-sambia","12":"pa_reinheit-kleine-einschluesse","13":"pa_veredelung-behandlung-geoelt","14":"pa_zertifikat-ja","15":"pa_zustand-neu","17":"first","18":"instock","19":"sold-individually","20":"shipping-taxable","21":"purchasable","22":"product-type-simple","23":"add-to-wishlist-before_image"},"jetpack_sharing_enabled":true,"_links":{"self":[{"href":"https:\/\/saphirsmaragd.com\/ja\/wp-json\/wp\/v2\/product\/8465","targetHints":{"allow":["GET"]}}],"collection":[{"href":"https:\/\/saphirsmaragd.com\/ja\/wp-json\/wp\/v2\/product"}],"about":[{"href":"https:\/\/saphirsmaragd.com\/ja\/wp-json\/wp\/v2\/types\/product"}],"replies":[{"embeddable":true,"href":"https:\/\/saphirsmaragd.com\/ja\/wp-json\/wp\/v2\/comments?post=8465"}],"version-history":[{"count":1,"href":"https:\/\/saphirsmaragd.com\/ja\/wp-json\/wp\/v2\/product\/8465\/revisions"}],"predecessor-version":[{"id":8467,"href":"https:\/\/saphirsmaragd.com\/ja\/wp-json\/wp\/v2\/product\/8465\/revisions\/8467"}],"wp:featuredmedia":[{"embeddable":true,"href":"https:\/\/saphirsmaragd.com\/ja\/wp-json\/wp\/v2\/media\/8466"}],"wp:attachment":[{"href":"https:\/\/saphirsmaragd.com\/ja\/wp-json\/wp\/v2\/media?parent=8465"}],"wp:term":[{"taxonomy":"product_brand","embeddable":true,"href":"https:\/\/saphirsmaragd.com\/ja\/wp-json\/wp\/v2\/product_brand?post=8465"},{"taxonomy":"product_cat","embeddable":true,"href":"https:\/\/saphirsmaragd.com\/ja\/wp-json\/wp\/v2\/product_cat?post=8465"},{"taxonomy":"product_tag","embeddable":true,"href":"https:\/\/saphirsmaragd.com\/ja\/wp-json\/wp\/v2\/product_tag?post=8465"}],"curies":[{"name":"wp","href":"https:\/\/api.w.org\/{rel}","templated":true}]}}