{"id":8516,"date":"2026-04-11T14:03:27","date_gmt":"2026-04-11T14:03:27","guid":{"rendered":"https:\/\/saphirsmaragd.com\/?post_type=product&#038;p=8516"},"modified":"2026-04-11T14:05:42","modified_gmt":"2026-04-11T14:05:42","slug":"smaragd-rechteck-gruen-1-32-karat","status":"publish","type":"product","link":"https:\/\/saphirsmaragd.com\/ja\/product\/smaragd-rechteck-gruen-1-32-karat\/","title":{"rendered":"Smaragd Rechteck Gr\u00fcn 1.32 Karat aus Sambia \u2013 Eleganter Edelstein"},"content":{"rendered":"<p data-start=\"707\" data-end=\"983\">Dieser edle Smaragd Rechteck Gr\u00fcn 1.32 Karat aus Sambia \u00fcberzeugt durch seine klare rechteckige Form und seine kr\u00e4ftige, gleichm\u00e4\u00dfige gr\u00fcne Farbgebung. Der klassische Schliff unterstreicht die nat\u00fcrliche Tiefe des Edelsteins und sorgt f\u00fcr eine zeitlose, elegante Ausstrahlung.<\/p>\n<hr data-start=\"985\" data-end=\"988\" \/>\n<div id=\"ez-toc-container\" class=\"ez-toc-v2_0_82_2 counter-hierarchy ez-toc-counter ez-toc-grey ez-toc-container-direction\">\n<div class=\"ez-toc-title-container\">\n<p class=\"ez-toc-title\" style=\"cursor:inherit\">\u76ee\u6b21<\/p>\n<span class=\"ez-toc-title-toggle\"><a href=\"#\" class=\"ez-toc-pull-right ez-toc-btn ez-toc-btn-xs ez-toc-btn-default ez-toc-toggle\" aria-label=\"Toggle Table of Content\"><span class=\"ez-toc-js-icon-con\"><span class=\"\"><span class=\"eztoc-hide\" style=\"display:none;\">\u30c8\u30b0\u30eb<\/span><span class=\"ez-toc-icon-toggle-span\"><svg style=\"fill: #999;color:#999\" xmlns=\"http:\/\/www.w3.org\/2000\/svg\" class=\"list-377408\" width=\"20px\" height=\"20px\" viewbox=\"0 0 24 24\" fill=\"none\"><path d=\"M6 6H4v2h2V6zm14 0H8v2h12V6zM4 11h2v2H4v-2zm16 0H8v2h12v-2zM4 16h2v2H4v-2zm16 0H8v2h12v-2z\" fill=\"currentColor\"><\/path><\/svg><svg style=\"fill: #999;color:#999\" class=\"arrow-unsorted-368013\" xmlns=\"http:\/\/www.w3.org\/2000\/svg\" width=\"10px\" height=\"10px\" viewbox=\"0 0 24 24\" version=\"1.2\" baseprofile=\"tiny\"><path d=\"M18.2 9.3l-6.2-6.3-6.2 6.3c-.2.2-.3.4-.3.7s.1.5.3.7c.2.2.4.3.7.3h11c.3 0 .5-.1.7-.3.2-.2.3-.5.3-.7s-.1-.5-.3-.7zM5.8 14.7l6.2 6.3 6.2-6.3c.2-.2.3-.5.3-.7s-.1-.5-.3-.7c-.2-.2-.4-.3-.7-.3h-11c-.3 0-.5.1-.7.3-.2.2-.3.5-.3.7s.1.5.3.7z\"\/><\/svg><\/span><\/span><\/span><\/a><\/span><\/div>\n<nav><ul class='ez-toc-list ez-toc-list-level-1' ><li class='ez-toc-page-1 ez-toc-heading-level-4'><a class=\"ez-toc-link ez-toc-heading-1\" href=\"https:\/\/saphirsmaragd.com\/ja\/product\/smaragd-rechteck-gruen-1-32-karat\/#Merkmale_Herkunft\" >\u7279\u5fb4\u30fb\u7531\u6765<\/a><\/li><li class='ez-toc-page-1 ez-toc-heading-level-4'><a class=\"ez-toc-link ez-toc-heading-2\" href=\"https:\/\/saphirsmaragd.com\/ja\/product\/smaragd-rechteck-gruen-1-32-karat\/#Besonderheiten\" >\u7279\u96c6<\/a><\/li><li class='ez-toc-page-1 ez-toc-heading-level-4'><a class=\"ez-toc-link ez-toc-heading-3\" href=\"https:\/\/saphirsmaragd.com\/ja\/product\/smaragd-rechteck-gruen-1-32-karat\/#Mehr_uber_Smaragde\" >Mehr \u00fcber Smaragde<\/a><\/li><li class='ez-toc-page-1 ez-toc-heading-level-4'><a class=\"ez-toc-link ez-toc-heading-4\" href=\"https:\/\/saphirsmaragd.com\/ja\/product\/smaragd-rechteck-gruen-1-32-karat\/#Weitere_Infos\" >\u8a73\u7d30\u306f\u3053\u3061\u3089<\/a><\/li><\/ul><\/nav><\/div>\n<h4 data-start=\"990\" data-end=\"1016\"><span class=\"ez-toc-section\" id=\"Merkmale_Herkunft\"><\/span>\u7279\u5fb4\u30fb\u7531\u6765<span class=\"ez-toc-section-end\"><\/span><\/h4>\n<p data-start=\"1018\" data-end=\"1246\">Steinart: Smaragd<br data-start=\"1035\" data-end=\"1038\" \/>Farbe: Gr\u00fcn<br data-start=\"1049\" data-end=\"1052\" \/>Form: Rechteck<br data-start=\"1066\" data-end=\"1069\" \/>Gewicht: 1.32 Karat<br data-start=\"1088\" data-end=\"1091\" \/>Abmessungen: 8 x 5.7 mm<br data-start=\"1114\" data-end=\"1117\" \/>Herkunft: Sambia<br data-start=\"1133\" data-end=\"1136\" \/>Reinheit: Kleine Einschl\u00fcsse<br data-start=\"1164\" data-end=\"1167\" \/>Behandlung: Ge\u00f6lt<br data-start=\"1184\" data-end=\"1187\" \/>Beobachtung: Nat\u00fcrlich<br data-start=\"1209\" data-end=\"1212\" \/>Mohs-H\u00e4rte: 7.5\u20138<br data-start=\"1229\" data-end=\"1232\" \/>\u30b3\u30f3\u30c7\u30a3\u30b7\u30e7\u30f3: \u65b0\u54c1<\/p>\n<hr data-start=\"1248\" data-end=\"1251\" \/>\n<h4 data-start=\"1253\" data-end=\"1274\"><span class=\"ez-toc-section\" id=\"Besonderheiten\"><\/span>\u7279\u96c6<span class=\"ez-toc-section-end\"><\/span><\/h4>\n<p data-start=\"1276\" data-end=\"1533\">Der Smaragd Rechteck Gr\u00fcn 1.32 Karat geh\u00f6rt zu den klassischen Edelsteinen f\u00fcr hochwertige Schmuckst\u00fccke. Die rechteckige Form, auch als Smaragdschliff bekannt, sorgt f\u00fcr eine elegante Linienf\u00fchrung und hebt die nat\u00fcrliche Farbintensit\u00e4t besonders hervor.<\/p>\n<p data-start=\"1535\" data-end=\"1745\">Durch seine ausgewogene Gr\u00f6\u00dfe eignet sich dieser Edelstein ideal f\u00fcr stilvolle Ringe oder elegante Anh\u00e4nger. Die satte gr\u00fcne Farbe verleiht jedem Schmuckst\u00fcck eine luxuri\u00f6se Note und bleibt zeitlos im Design.<\/p>\n<p data-start=\"1747\" data-end=\"1992\">Die nat\u00fcrlichen Einschl\u00fcsse (\u201eJardin\u201c) sind charakteristisch f\u00fcr echte Smaragde und unterstreichen die Echtheit des Steins. Die \u00d6lbehandlung dient der optischen Veredelung und verbessert die Klarheit, ohne die nat\u00fcrliche Struktur zu ver\u00e4ndern.<\/p>\n<hr data-start=\"1443\" data-end=\"1446\" \/>\n<h4 data-start=\"1448\" data-end=\"1473\"><span class=\"ez-toc-section\" id=\"Mehr_uber_Smaragde\"><\/span>Mehr \u00fcber Smaragde<span class=\"ez-toc-section-end\"><\/span><\/h4>\n<p data-start=\"1475\" data-end=\"1668\"><a class=\"\" href=\"https:\/\/saphirsmaragd.com\/ja\/product-category\/heilsteine-kristalle-kaufen\/\" target=\"_new\" rel=\"noopener\" data-start=\"1571\" data-end=\"1668\">\u30d2\u30fc\u30ea\u30f3\u30b0\u30b9\u30c8\u30fc\u30f3\u3068\u30af\u30ea\u30b9\u30bf\u30eb<\/a><\/p>\n<hr data-start=\"1670\" data-end=\"1673\" \/>\n<h4 data-start=\"1675\" data-end=\"1695\"><span class=\"ez-toc-section\" id=\"Weitere_Infos\"><\/span>\u8a73\u7d30\u306f\u3053\u3061\u3089<span class=\"ez-toc-section-end\"><\/span><\/h4>\n<p data-start=\"1697\" data-end=\"1801\"><a class=\"\" href=\"https:\/\/de.wikipedia.org\/wiki\/Smaragd\" target=\"_new\" rel=\"noopener\" data-start=\"1741\" data-end=\"1801\">Wikipedia \u2013 Smaragd<\/a><\/p>","protected":false},"excerpt":{"rendered":"<p data-start=\"399\" data-end=\"541\"><em>Smaragd Rechteck Gr\u00fcn 1.32 Karat aus Sambia, ge\u00f6lt. Hochwertiger rechteckiger Smaragd mit intensiver gr\u00fcner Farbe und klassischem Schliff.<\/em><\/p>","protected":false},"featured_media":8517,"comment_status":"open","ping_status":"closed","template":"","meta":{"_glsr_average":0,"_glsr_ranking":0,"_glsr_reviews":0},"product_brand":[],"product_cat":[262],"product_tag":[],"class_list":{"0":"post-8516","1":"product","2":"type-product","3":"status-publish","4":"has-post-thumbnail","6":"product_cat-smaragd","7":"pa_edelsteinart-smaragd","8":"pa_farbe-gruen","9":"pa_form-rechteck","10":"pa_gewicht-karat-1-0-3-0-karat","11":"pa_herkunft-sambia","12":"pa_reinheit-kleine-einschluesse","13":"pa_veredelung-behandlung-geoelt","14":"pa_zustand-neu","16":"first","17":"instock","18":"sold-individually","19":"shipping-taxable","20":"purchasable","21":"product-type-simple","22":"add-to-wishlist-before_image"},"jetpack_sharing_enabled":true,"_links":{"self":[{"href":"https:\/\/saphirsmaragd.com\/ja\/wp-json\/wp\/v2\/product\/8516","targetHints":{"allow":["GET"]}}],"collection":[{"href":"https:\/\/saphirsmaragd.com\/ja\/wp-json\/wp\/v2\/product"}],"about":[{"href":"https:\/\/saphirsmaragd.com\/ja\/wp-json\/wp\/v2\/types\/product"}],"replies":[{"embeddable":true,"href":"https:\/\/saphirsmaragd.com\/ja\/wp-json\/wp\/v2\/comments?post=8516"}],"version-history":[{"count":2,"href":"https:\/\/saphirsmaragd.com\/ja\/wp-json\/wp\/v2\/product\/8516\/revisions"}],"predecessor-version":[{"id":8519,"href":"https:\/\/saphirsmaragd.com\/ja\/wp-json\/wp\/v2\/product\/8516\/revisions\/8519"}],"wp:featuredmedia":[{"embeddable":true,"href":"https:\/\/saphirsmaragd.com\/ja\/wp-json\/wp\/v2\/media\/8517"}],"wp:attachment":[{"href":"https:\/\/saphirsmaragd.com\/ja\/wp-json\/wp\/v2\/media?parent=8516"}],"wp:term":[{"taxonomy":"product_brand","embeddable":true,"href":"https:\/\/saphirsmaragd.com\/ja\/wp-json\/wp\/v2\/product_brand?post=8516"},{"taxonomy":"product_cat","embeddable":true,"href":"https:\/\/saphirsmaragd.com\/ja\/wp-json\/wp\/v2\/product_cat?post=8516"},{"taxonomy":"product_tag","embeddable":true,"href":"https:\/\/saphirsmaragd.com\/ja\/wp-json\/wp\/v2\/product_tag?post=8516"}],"curies":[{"name":"wp","href":"https:\/\/api.w.org\/{rel}","templated":true}]}}