{"id":8523,"date":"2026-04-11T14:09:25","date_gmt":"2026-04-11T14:09:25","guid":{"rendered":"https:\/\/saphirsmaragd.com\/?post_type=product&#038;p=8523"},"modified":"2026-04-11T14:11:12","modified_gmt":"2026-04-11T14:11:12","slug":"smaragd-tropfen-gruen-1-42-karat","status":"publish","type":"product","link":"https:\/\/saphirsmaragd.com\/ja\/product\/smaragd-tropfen-gruen-1-42-karat\/","title":{"rendered":"Smaragd Tropfen Gr\u00fcn 1.42 Karat aus Kolumbien mit Zertifikat \u2013 Edler Edelstein"},"content":{"rendered":"<p data-start=\"756\" data-end=\"1025\">Dieser exklusive Smaragd Tropfen Gr\u00fcn 1.42 Karat aus Kolumbien \u00fcberzeugt durch seine elegante Tropfenform und seine intensive, lebendige Farbwirkung. Der pr\u00e4zise Schliff unterstreicht die nat\u00fcrliche Sch\u00f6nheit des Edelsteins und sorgt f\u00fcr ein beeindruckendes Lichtspiel.<\/p>\n<hr data-start=\"1027\" data-end=\"1030\" \/>\n<div id=\"ez-toc-container\" class=\"ez-toc-v2_0_82_2 counter-hierarchy ez-toc-counter ez-toc-grey ez-toc-container-direction\">\n<div class=\"ez-toc-title-container\">\n<p class=\"ez-toc-title\" style=\"cursor:inherit\">\u76ee\u6b21<\/p>\n<span class=\"ez-toc-title-toggle\"><a href=\"#\" class=\"ez-toc-pull-right ez-toc-btn ez-toc-btn-xs ez-toc-btn-default ez-toc-toggle\" aria-label=\"Toggle Table of Content\"><span class=\"ez-toc-js-icon-con\"><span class=\"\"><span class=\"eztoc-hide\" style=\"display:none;\">\u30c8\u30b0\u30eb<\/span><span class=\"ez-toc-icon-toggle-span\"><svg style=\"fill: #999;color:#999\" xmlns=\"http:\/\/www.w3.org\/2000\/svg\" class=\"list-377408\" width=\"20px\" height=\"20px\" viewbox=\"0 0 24 24\" fill=\"none\"><path d=\"M6 6H4v2h2V6zm14 0H8v2h12V6zM4 11h2v2H4v-2zm16 0H8v2h12v-2zM4 16h2v2H4v-2zm16 0H8v2h12v-2z\" fill=\"currentColor\"><\/path><\/svg><svg style=\"fill: #999;color:#999\" class=\"arrow-unsorted-368013\" xmlns=\"http:\/\/www.w3.org\/2000\/svg\" width=\"10px\" height=\"10px\" viewbox=\"0 0 24 24\" version=\"1.2\" baseprofile=\"tiny\"><path d=\"M18.2 9.3l-6.2-6.3-6.2 6.3c-.2.2-.3.4-.3.7s.1.5.3.7c.2.2.4.3.7.3h11c.3 0 .5-.1.7-.3.2-.2.3-.5.3-.7s-.1-.5-.3-.7zM5.8 14.7l6.2 6.3 6.2-6.3c.2-.2.3-.5.3-.7s-.1-.5-.3-.7c-.2-.2-.4-.3-.7-.3h-11c-.3 0-.5.1-.7.3-.2.2-.3.5-.3.7s.1.5.3.7z\"\/><\/svg><\/span><\/span><\/span><\/a><\/span><\/div>\n<nav><ul class='ez-toc-list ez-toc-list-level-1' ><li class='ez-toc-page-1 ez-toc-heading-level-4'><a class=\"ez-toc-link ez-toc-heading-1\" href=\"https:\/\/saphirsmaragd.com\/ja\/product\/smaragd-tropfen-gruen-1-42-karat\/#Merkmale_Herkunft\" >\u7279\u5fb4\u30fb\u7531\u6765<\/a><\/li><li class='ez-toc-page-1 ez-toc-heading-level-4'><a class=\"ez-toc-link ez-toc-heading-2\" href=\"https:\/\/saphirsmaragd.com\/ja\/product\/smaragd-tropfen-gruen-1-42-karat\/#Besonderheiten\" >\u7279\u96c6<\/a><\/li><li class='ez-toc-page-1 ez-toc-heading-level-4'><a class=\"ez-toc-link ez-toc-heading-3\" href=\"https:\/\/saphirsmaragd.com\/ja\/product\/smaragd-tropfen-gruen-1-42-karat\/#Mehr_uber_Smaragde\" >Mehr \u00fcber Smaragde<\/a><\/li><li class='ez-toc-page-1 ez-toc-heading-level-4'><a class=\"ez-toc-link ez-toc-heading-4\" href=\"https:\/\/saphirsmaragd.com\/ja\/product\/smaragd-tropfen-gruen-1-42-karat\/#Weitere_Infos\" >\u8a73\u7d30\u306f\u3053\u3061\u3089<\/a><\/li><\/ul><\/nav><\/div>\n<h4 data-start=\"1032\" data-end=\"1058\"><span class=\"ez-toc-section\" id=\"Merkmale_Herkunft\"><\/span>\u7279\u5fb4\u30fb\u7531\u6765<span class=\"ez-toc-section-end\"><\/span><\/h4>\n<p data-start=\"1060\" data-end=\"1329\">Steinart: Smaragd<br data-start=\"1077\" data-end=\"1080\" \/>Farbe: Gr\u00fcn<br data-start=\"1091\" data-end=\"1094\" \/>Form: Tropfen<br data-start=\"1107\" data-end=\"1110\" \/>Gewicht: 1.42 Karat<br data-start=\"1129\" data-end=\"1132\" \/>Abmessungen: 9.8 x 6.2 mm<br data-start=\"1157\" data-end=\"1160\" \/>Herkunft: Kolumbien<br data-start=\"1179\" data-end=\"1182\" \/>Reinheit: Kleine Einschl\u00fcsse<br data-start=\"1210\" data-end=\"1213\" \/>Behandlung: Ge\u00f6lt<br data-start=\"1230\" data-end=\"1233\" \/>Zertifikat: Bellerophon No. A14956<br data-start=\"1267\" data-end=\"1270\" \/>Beobachtung: Nat\u00fcrlich<br data-start=\"1292\" data-end=\"1295\" \/>Mohs-H\u00e4rte: 7.5\u20138<br data-start=\"1312\" data-end=\"1315\" \/>\u30b3\u30f3\u30c7\u30a3\u30b7\u30e7\u30f3: \u65b0\u54c1<\/p>\n<hr data-start=\"1331\" data-end=\"1334\" \/>\n<h4 data-start=\"1336\" data-end=\"1357\"><span class=\"ez-toc-section\" id=\"Besonderheiten\"><\/span>\u7279\u96c6<span class=\"ez-toc-section-end\"><\/span><\/h4>\n<p data-start=\"1359\" data-end=\"1615\">Der Smaragd Tropfen Gr\u00fcn 1.42 Karat z\u00e4hlt zu den besonders begehrten Edelsteinen f\u00fcr hochwertige Schmuckst\u00fccke. Die Tropfenform verleiht dem Stein eine elegante und flie\u00dfende Silhouette, die besonders in Anh\u00e4ngern und exklusiven Ringen zur Geltung kommt.<\/p>\n<p data-start=\"1617\" data-end=\"1841\">Kolumbianische Smaragde geh\u00f6ren zu den wertvollsten weltweit und sind f\u00fcr ihre au\u00dfergew\u00f6hnliche Farbintensit\u00e4t und Reinheit bekannt. Diese Herkunft steigert die Exklusivit\u00e4t und den Sammlerwert dieses Edelsteins erheblich.<\/p>\n<p data-start=\"1843\" data-end=\"2057\">Das vorhandene Zertifikat best\u00e4tigt die Echtheit und Qualit\u00e4t des Steins und bietet zus\u00e4tzliche Sicherheit beim Kauf. Die feine \u00d6lbehandlung verbessert die Transparenz und hebt die nat\u00fcrliche Farbbrillanz hervor.<\/p>\n<hr data-start=\"1670\" data-end=\"1673\" \/>\n<h4 data-start=\"1448\" data-end=\"1473\"><span class=\"ez-toc-section\" id=\"Mehr_uber_Smaragde\"><\/span>Mehr \u00fcber Smaragde<span class=\"ez-toc-section-end\"><\/span><\/h4>\n<p data-start=\"1475\" data-end=\"1668\"><a class=\"\" href=\"https:\/\/saphirsmaragd.com\/ja\/product-category\/heilsteine-kristalle-kaufen\/\" target=\"_new\" rel=\"noopener\" data-start=\"1571\" data-end=\"1668\">\u30d2\u30fc\u30ea\u30f3\u30b0\u30b9\u30c8\u30fc\u30f3\u3068\u30af\u30ea\u30b9\u30bf\u30eb<\/a><\/p>\n<hr data-start=\"1670\" data-end=\"1673\" \/>\n<h4 data-start=\"1675\" data-end=\"1695\"><span class=\"ez-toc-section\" id=\"Weitere_Infos\"><\/span>\u8a73\u7d30\u306f\u3053\u3061\u3089<span class=\"ez-toc-section-end\"><\/span><\/h4>\n<p data-start=\"1697\" data-end=\"1801\"><a class=\"\" href=\"https:\/\/de.wikipedia.org\/wiki\/Smaragd\" target=\"_new\" rel=\"noopener\" data-start=\"1741\" data-end=\"1801\">Wikipedia \u2013 Smaragd<\/a><\/p>","protected":false},"excerpt":{"rendered":"<p data-start=\"435\" data-end=\"578\"><em>Smaragd Tropfen Gr\u00fcn 1.42 Karat aus Kolumbien mit Zertifikat, ge\u00f6lt. Hochwertiger Edelstein mit eleganter Tropfenform und intensiver Farbe.<\/em><\/p>","protected":false},"featured_media":8524,"comment_status":"open","ping_status":"closed","template":"","meta":{"_glsr_average":0,"_glsr_ranking":0,"_glsr_reviews":0},"product_brand":[],"product_cat":[262],"product_tag":[],"class_list":{"0":"post-8523","1":"product","2":"type-product","3":"status-publish","4":"has-post-thumbnail","6":"product_cat-smaragd","7":"pa_edelsteinart-smaragd","8":"pa_farbe-gruen","9":"pa_form-tropfen","10":"pa_gewicht-karat-1-0-3-0-karat","11":"pa_herkunft-sambia","12":"pa_reinheit-kleine-einschluesse","13":"pa_veredelung-behandlung-geoelt","14":"pa_zustand-neu","16":"first","17":"instock","18":"sold-individually","19":"shipping-taxable","20":"purchasable","21":"product-type-simple","22":"add-to-wishlist-before_image"},"jetpack_sharing_enabled":true,"_links":{"self":[{"href":"https:\/\/saphirsmaragd.com\/ja\/wp-json\/wp\/v2\/product\/8523","targetHints":{"allow":["GET"]}}],"collection":[{"href":"https:\/\/saphirsmaragd.com\/ja\/wp-json\/wp\/v2\/product"}],"about":[{"href":"https:\/\/saphirsmaragd.com\/ja\/wp-json\/wp\/v2\/types\/product"}],"replies":[{"embeddable":true,"href":"https:\/\/saphirsmaragd.com\/ja\/wp-json\/wp\/v2\/comments?post=8523"}],"version-history":[{"count":1,"href":"https:\/\/saphirsmaragd.com\/ja\/wp-json\/wp\/v2\/product\/8523\/revisions"}],"predecessor-version":[{"id":8525,"href":"https:\/\/saphirsmaragd.com\/ja\/wp-json\/wp\/v2\/product\/8523\/revisions\/8525"}],"wp:featuredmedia":[{"embeddable":true,"href":"https:\/\/saphirsmaragd.com\/ja\/wp-json\/wp\/v2\/media\/8524"}],"wp:attachment":[{"href":"https:\/\/saphirsmaragd.com\/ja\/wp-json\/wp\/v2\/media?parent=8523"}],"wp:term":[{"taxonomy":"product_brand","embeddable":true,"href":"https:\/\/saphirsmaragd.com\/ja\/wp-json\/wp\/v2\/product_brand?post=8523"},{"taxonomy":"product_cat","embeddable":true,"href":"https:\/\/saphirsmaragd.com\/ja\/wp-json\/wp\/v2\/product_cat?post=8523"},{"taxonomy":"product_tag","embeddable":true,"href":"https:\/\/saphirsmaragd.com\/ja\/wp-json\/wp\/v2\/product_tag?post=8523"}],"curies":[{"name":"wp","href":"https:\/\/api.w.org\/{rel}","templated":true}]}}