{"id":8578,"date":"2026-04-14T17:41:53","date_gmt":"2026-04-14T17:41:53","guid":{"rendered":"https:\/\/saphirsmaragd.com\/?post_type=product&#038;p=8578"},"modified":"2026-04-14T17:44:04","modified_gmt":"2026-04-14T17:44:04","slug":"smaragd-rechteck-gruen-1-51-karat","status":"publish","type":"product","link":"https:\/\/saphirsmaragd.com\/ja\/product\/smaragd-rechteck-gruen-1-51-karat\/","title":{"rendered":"Smaragd Rechteck Gr\u00fcn 1.51 Karat aus Sambia \u2013 Hochwertiger Edelstein im klassischen Schliff"},"content":{"rendered":"<p data-start=\"756\" data-end=\"1036\">Der Smaragd Rechteck Gr\u00fcn 1.51 Karat aus Sambia besticht durch seine beeindruckende Gr\u00f6\u00dfe und seine intensive gr\u00fcne Farbgebung. Der klassische Rechteckschliff bringt die nat\u00fcrliche Sch\u00f6nheit des Edelsteins optimal zur Geltung und verleiht ihm eine elegante, zeitlose Ausstrahlung.<\/p>\n<hr data-start=\"1038\" data-end=\"1041\" \/>\n<div id=\"ez-toc-container\" class=\"ez-toc-v2_0_82_2 counter-hierarchy ez-toc-counter ez-toc-grey ez-toc-container-direction\">\n<div class=\"ez-toc-title-container\">\n<p class=\"ez-toc-title\" style=\"cursor:inherit\">\u76ee\u6b21<\/p>\n<span class=\"ez-toc-title-toggle\"><a href=\"#\" class=\"ez-toc-pull-right ez-toc-btn ez-toc-btn-xs ez-toc-btn-default ez-toc-toggle\" aria-label=\"Toggle Table of Content\"><span class=\"ez-toc-js-icon-con\"><span class=\"\"><span class=\"eztoc-hide\" style=\"display:none;\">\u30c8\u30b0\u30eb<\/span><span class=\"ez-toc-icon-toggle-span\"><svg style=\"fill: #999;color:#999\" xmlns=\"http:\/\/www.w3.org\/2000\/svg\" class=\"list-377408\" width=\"20px\" height=\"20px\" viewbox=\"0 0 24 24\" fill=\"none\"><path d=\"M6 6H4v2h2V6zm14 0H8v2h12V6zM4 11h2v2H4v-2zm16 0H8v2h12v-2zM4 16h2v2H4v-2zm16 0H8v2h12v-2z\" fill=\"currentColor\"><\/path><\/svg><svg style=\"fill: #999;color:#999\" class=\"arrow-unsorted-368013\" xmlns=\"http:\/\/www.w3.org\/2000\/svg\" width=\"10px\" height=\"10px\" viewbox=\"0 0 24 24\" version=\"1.2\" baseprofile=\"tiny\"><path d=\"M18.2 9.3l-6.2-6.3-6.2 6.3c-.2.2-.3.4-.3.7s.1.5.3.7c.2.2.4.3.7.3h11c.3 0 .5-.1.7-.3.2-.2.3-.5.3-.7s-.1-.5-.3-.7zM5.8 14.7l6.2 6.3 6.2-6.3c.2-.2.3-.5.3-.7s-.1-.5-.3-.7c-.2-.2-.4-.3-.7-.3h-11c-.3 0-.5.1-.7.3-.2.2-.3.5-.3.7s.1.5.3.7z\"\/><\/svg><\/span><\/span><\/span><\/a><\/span><\/div>\n<nav><ul class='ez-toc-list ez-toc-list-level-1' ><li class='ez-toc-page-1 ez-toc-heading-level-4'><a class=\"ez-toc-link ez-toc-heading-1\" href=\"https:\/\/saphirsmaragd.com\/ja\/product\/smaragd-rechteck-gruen-1-51-karat\/#Merkmale_Herkunft\" >\u7279\u5fb4\u30fb\u7531\u6765<\/a><\/li><li class='ez-toc-page-1 ez-toc-heading-level-4'><a class=\"ez-toc-link ez-toc-heading-2\" href=\"https:\/\/saphirsmaragd.com\/ja\/product\/smaragd-rechteck-gruen-1-51-karat\/#Besonderheiten\" >\u7279\u96c6<\/a><\/li><li class='ez-toc-page-1 ez-toc-heading-level-4'><a class=\"ez-toc-link ez-toc-heading-3\" href=\"https:\/\/saphirsmaragd.com\/ja\/product\/smaragd-rechteck-gruen-1-51-karat\/#Mehr_uber_Heilsteine_Kristalle\" >Mehr \u00fcber Heilsteine &amp; Kristalle<\/a><\/li><li class='ez-toc-page-1 ez-toc-heading-level-4'><a class=\"ez-toc-link ez-toc-heading-4\" href=\"https:\/\/saphirsmaragd.com\/ja\/product\/smaragd-rechteck-gruen-1-51-karat\/#Weitere_Infos\" >\u8a73\u7d30\u306f\u3053\u3061\u3089<\/a><\/li><\/ul><\/nav><\/div>\n<h4 data-start=\"1043\" data-end=\"1069\"><span class=\"ez-toc-section\" id=\"Merkmale_Herkunft\"><\/span>\u7279\u5fb4\u30fb\u7531\u6765<span class=\"ez-toc-section-end\"><\/span><\/h4>\n<p data-start=\"1071\" data-end=\"1301\">Steinart: Smaragd<br data-start=\"1088\" data-end=\"1091\" \/>Farbe: Gr\u00fcn<br data-start=\"1102\" data-end=\"1105\" \/>Form: Rechteck<br data-start=\"1119\" data-end=\"1122\" \/>Gewicht: 1.51 Karat<br data-start=\"1141\" data-end=\"1144\" \/>Abmessungen: 7.9 x 6.0 mm<br data-start=\"1169\" data-end=\"1172\" \/>Herkunft: Sambia<br data-start=\"1188\" data-end=\"1191\" \/>Reinheit: Kleine Einschl\u00fcsse<br data-start=\"1219\" data-end=\"1222\" \/>Behandlung: Ge\u00f6lt<br data-start=\"1239\" data-end=\"1242\" \/>Beobachtung: Nat\u00fcrlich<br data-start=\"1264\" data-end=\"1267\" \/>Mohs-H\u00e4rte: 7.5\u20138<br data-start=\"1284\" data-end=\"1287\" \/>\u30b3\u30f3\u30c7\u30a3\u30b7\u30e7\u30f3: \u65b0\u54c1<\/p>\n<hr data-start=\"1303\" data-end=\"1306\" \/>\n<h4 data-start=\"1308\" data-end=\"1329\"><span class=\"ez-toc-section\" id=\"Besonderheiten\"><\/span>\u7279\u96c6<span class=\"ez-toc-section-end\"><\/span><\/h4>\n<p data-start=\"1331\" data-end=\"1636\">Der Smaragd Rechteck Gr\u00fcn 1.51 Karat geh\u00f6rt zur besonders gefragten Gr\u00f6\u00dfenklasse \u00fcber einem Karat und eignet sich hervorragend f\u00fcr hochwertige Schmuckst\u00fccke wie Ringe oder Anh\u00e4nger. Die rechteckige Form sorgt f\u00fcr klare Linien und eine elegante Optik, die in klassischen sowie modernen Designs \u00fcberzeugt.<\/p>\n<p data-start=\"1638\" data-end=\"1922\">Durch seine Herkunft aus Sambia zeichnet sich dieser Smaragd durch eine kr\u00e4ftige, leicht k\u00fchle Gr\u00fcnfarbe aus, die besonders im europ\u00e4ischen Markt sehr gesch\u00e4tzt wird. Die feinen Einschl\u00fcsse sind typisch f\u00fcr nat\u00fcrliche Smaragde und unterstreichen die Authentizit\u00e4t dieses Edelsteins.<\/p>\n<p data-start=\"1924\" data-end=\"2115\">Mit \u00fcber 1.5 Karat bietet dieser Stein eine ideale Balance zwischen Gr\u00f6\u00dfe, Preis und Exklusivit\u00e4t \u2013 perfekt f\u00fcr Kunden, die einen hochwertigen Smaragd mit starkem visuellen Eindruck suchen.<\/p>\n<hr data-start=\"1670\" data-end=\"1673\" \/>\n<h4 data-start=\"1448\" data-end=\"1473\"><span class=\"ez-toc-section\" id=\"Mehr_uber_Heilsteine_Kristalle\"><\/span>Mehr \u00fcber Heilsteine &amp; Kristalle<span class=\"ez-toc-section-end\"><\/span><\/h4>\n<p data-start=\"1475\" data-end=\"1668\"><a class=\"\" href=\"https:\/\/saphirsmaragd.com\/ja\/product-category\/heilsteine-kristalle-kaufen\/\" target=\"_new\" rel=\"noopener\" data-start=\"1571\" data-end=\"1668\">\u30d2\u30fc\u30ea\u30f3\u30b0\u30b9\u30c8\u30fc\u30f3\u3068\u30af\u30ea\u30b9\u30bf\u30eb<\/a><\/p>\n<hr data-start=\"1670\" data-end=\"1673\" \/>\n<h4 data-start=\"1675\" data-end=\"1695\"><span class=\"ez-toc-section\" id=\"Weitere_Infos\"><\/span>\u8a73\u7d30\u306f\u3053\u3061\u3089<span class=\"ez-toc-section-end\"><\/span><\/h4>\n<p data-start=\"1697\" data-end=\"1801\"><a class=\"\" href=\"https:\/\/de.wikipedia.org\/wiki\/Smaragd\" target=\"_new\" rel=\"noopener\" data-start=\"1741\" data-end=\"1801\">Wikipedia \u2013 Smaragd<\/a><\/p>","protected":false},"excerpt":{"rendered":"<p data-start=\"428\" data-end=\"564\"><em>Smaragd Rechteck Gr\u00fcn 1.51 Karat aus Sambia, ge\u00f6lt. Eleganter Edelstein mit intensiver gr\u00fcner Farbe und klassischem Rechteckschliff.<\/em><\/p>","protected":false},"featured_media":8579,"comment_status":"open","ping_status":"closed","template":"","meta":{"_glsr_average":0,"_glsr_ranking":0,"_glsr_reviews":0},"product_brand":[],"product_cat":[262],"product_tag":[],"class_list":{"0":"post-8578","1":"product","2":"type-product","3":"status-publish","4":"has-post-thumbnail","6":"product_cat-smaragd","7":"pa_edelsteinart-smaragd","8":"pa_farbe-gruen","9":"pa_form-rechteck","10":"pa_gewicht-karat-1-0-3-0-karat","11":"pa_herkunft-sambia","12":"pa_reinheit-kleine-einschluesse","13":"pa_veredelung-behandlung-geoelt","14":"pa_zustand-neu","16":"first","17":"instock","18":"sold-individually","19":"taxable","20":"shipping-taxable","21":"purchasable","22":"product-type-simple","23":"add-to-wishlist-before_image"},"jetpack_sharing_enabled":true,"_links":{"self":[{"href":"https:\/\/saphirsmaragd.com\/ja\/wp-json\/wp\/v2\/product\/8578","targetHints":{"allow":["GET"]}}],"collection":[{"href":"https:\/\/saphirsmaragd.com\/ja\/wp-json\/wp\/v2\/product"}],"about":[{"href":"https:\/\/saphirsmaragd.com\/ja\/wp-json\/wp\/v2\/types\/product"}],"replies":[{"embeddable":true,"href":"https:\/\/saphirsmaragd.com\/ja\/wp-json\/wp\/v2\/comments?post=8578"}],"version-history":[{"count":1,"href":"https:\/\/saphirsmaragd.com\/ja\/wp-json\/wp\/v2\/product\/8578\/revisions"}],"predecessor-version":[{"id":8580,"href":"https:\/\/saphirsmaragd.com\/ja\/wp-json\/wp\/v2\/product\/8578\/revisions\/8580"}],"wp:featuredmedia":[{"embeddable":true,"href":"https:\/\/saphirsmaragd.com\/ja\/wp-json\/wp\/v2\/media\/8579"}],"wp:attachment":[{"href":"https:\/\/saphirsmaragd.com\/ja\/wp-json\/wp\/v2\/media?parent=8578"}],"wp:term":[{"taxonomy":"product_brand","embeddable":true,"href":"https:\/\/saphirsmaragd.com\/ja\/wp-json\/wp\/v2\/product_brand?post=8578"},{"taxonomy":"product_cat","embeddable":true,"href":"https:\/\/saphirsmaragd.com\/ja\/wp-json\/wp\/v2\/product_cat?post=8578"},{"taxonomy":"product_tag","embeddable":true,"href":"https:\/\/saphirsmaragd.com\/ja\/wp-json\/wp\/v2\/product_tag?post=8578"}],"curies":[{"name":"wp","href":"https:\/\/api.w.org\/{rel}","templated":true}]}}