{"id":1859,"date":"2025-07-15T13:50:16","date_gmt":"2025-07-15T13:50:16","guid":{"rendered":"https:\/\/saphirsmaragd.com\/?post_type=product&#038;p=1859"},"modified":"2025-12-29T19:03:29","modified_gmt":"2025-12-29T19:03:29","slug":"saphir-0-25-karat-blaugruen-oval","status":"publish","type":"product","link":"https:\/\/saphirsmaragd.com\/lt\/produktas\/saphir-0-25-karat-blaugruen-oval\/","title":{"rendered":"Saphir 0.25 Karat Blaugr\u00fcn Oval \u2013 Naturstein aus Frankreich mit wundersch\u00f6ner Klarheit"},"content":{"rendered":"<div id=\"ez-toc-container\" class=\"ez-toc-v2_0_82_2 counter-hierarchy ez-toc-counter ez-toc-grey ez-toc-container-direction\">\n<div class=\"ez-toc-title-container\">\n<p class=\"ez-toc-title\" style=\"cursor:inherit\">Turinys<\/p>\n<span class=\"ez-toc-title-toggle\"><a href=\"#\" class=\"ez-toc-pull-right ez-toc-btn ez-toc-btn-xs ez-toc-btn-default ez-toc-toggle\" aria-label=\"Toggle Table of Content\"><span class=\"ez-toc-js-icon-con\"><span class=\"\"><span class=\"eztoc-hide\" style=\"display:none;\">Perjungti<\/span><span class=\"ez-toc-icon-toggle-span\"><svg style=\"fill: #999;color:#999\" xmlns=\"http:\/\/www.w3.org\/2000\/svg\" class=\"list-377408\" width=\"20px\" height=\"20px\" viewbox=\"0 0 24 24\" fill=\"none\"><path d=\"M6 6H4v2h2V6zm14 0H8v2h12V6zM4 11h2v2H4v-2zm16 0H8v2h12v-2zM4 16h2v2H4v-2zm16 0H8v2h12v-2z\" fill=\"currentColor\"><\/path><\/svg><svg style=\"fill: #999;color:#999\" class=\"arrow-unsorted-368013\" xmlns=\"http:\/\/www.w3.org\/2000\/svg\" width=\"10px\" height=\"10px\" viewbox=\"0 0 24 24\" version=\"1.2\" baseprofile=\"tiny\"><path d=\"M18.2 9.3l-6.2-6.3-6.2 6.3c-.2.2-.3.4-.3.7s.1.5.3.7c.2.2.4.3.7.3h11c.3 0 .5-.1.7-.3.2-.2.3-.5.3-.7s-.1-.5-.3-.7zM5.8 14.7l6.2 6.3 6.2-6.3c.2-.2.3-.5.3-.7s-.1-.5-.3-.7c-.2-.2-.4-.3-.7-.3h-11c-.3 0-.5.1-.7.3-.2.2-.3.5-.3.7s.1.5.3.7z\"\/><\/svg><\/span><\/span><\/span><\/a><\/span><\/div>\n<nav><ul class='ez-toc-list ez-toc-list-level-1' ><li class='ez-toc-page-1 ez-toc-heading-level-4'><a class=\"ez-toc-link ez-toc-heading-1\" href=\"https:\/\/saphirsmaragd.com\/lt\/produktas\/saphir-0-25-karat-blaugruen-oval\/#Saphir_025_Karat_Blaugrun_Oval\" >Saphir 0.25 Karat Blaugr\u00fcn Oval<\/a><\/li><li class='ez-toc-page-1 ez-toc-heading-level-4'><a class=\"ez-toc-link ez-toc-heading-2\" href=\"https:\/\/saphirsmaragd.com\/lt\/produktas\/saphir-0-25-karat-blaugruen-oval\/#Merkmale_Herkunft\" >Savyb\u0117s ir kilm\u0117<\/a><\/li><li class='ez-toc-page-1 ez-toc-heading-level-4'><a class=\"ez-toc-link ez-toc-heading-3\" href=\"https:\/\/saphirsmaragd.com\/lt\/produktas\/saphir-0-25-karat-blaugruen-oval\/#Besonderheiten\" >Specialiosios funkcijos<\/a><\/li><li class='ez-toc-page-1 ez-toc-heading-level-4'><a class=\"ez-toc-link ez-toc-heading-4\" href=\"https:\/\/saphirsmaragd.com\/lt\/produktas\/saphir-0-25-karat-blaugruen-oval\/#Mehr_uber_unsere_Edelsteine\" >Daugiau apie m\u016bs\u0173 brangakmenius<\/a><\/li><li class='ez-toc-page-1 ez-toc-heading-level-4'><a class=\"ez-toc-link ez-toc-heading-5\" href=\"https:\/\/saphirsmaragd.com\/lt\/produktas\/saphir-0-25-karat-blaugruen-oval\/#Weitere_Infos\" >Daugiau informacijos<\/a><\/li><\/ul><\/nav><\/div>\n<h4 data-start=\"709\" data-end=\"796\"><span class=\"ez-toc-section\" id=\"Saphir_025_Karat_Blaugrun_Oval\"><\/span>Saphir 0.25 Karat Blaugr\u00fcn Oval<span class=\"ez-toc-section-end\"><\/span><\/h4>\n<p data-start=\"798\" data-end=\"988\">Dieser franz\u00f6sische Saphir 0.25 Karat Blaugr\u00fcn Oval \u00fcberzeugt durch seine harmonische blaugr\u00fcne Farbe, exzellente Reinheit und naturbelassene Herkunft. Ein exquisites Einzelst\u00fcck f\u00fcr filigrane Schmuckst\u00fccke.<\/p>\n<hr data-start=\"990\" data-end=\"993\" \/>\n<h4 data-start=\"995\" data-end=\"1022\"><span class=\"ez-toc-section\" id=\"Merkmale_Herkunft\"><\/span>Savyb\u0117s ir kilm\u0117<span class=\"ez-toc-section-end\"><\/span><\/h4>\n<p data-start=\"1024\" data-end=\"1274\">Farbe: Blaugr\u00fcn<br data-start=\"1039\" data-end=\"1042\" \/>Forma: Ovalus<br data-start=\"1052\" data-end=\"1055\" \/>Ma\u00dfe: ca. 4.16 \u00d7 3.31 mm<br data-start=\"1079\" data-end=\"1082\" \/>Gewicht: 0.25 Karat<br data-start=\"1098\" data-end=\"1101\" \/>Reinheit: Lupenrein<br data-start=\"1120\" data-end=\"1123\" \/>Herkunft: Frankreich (Auvergne)<br data-start=\"1154\" data-end=\"1157\" \/>Gydymas: negydytas<br data-start=\"1180\" data-end=\"1183\" \/>B\u016bkl\u0117: nauja<br data-start=\"1207\" data-end=\"1210\" \/>Zertifikat: Ja, von Gemmologin Val\u00e9rie Duraffourg (Gem-A London)<\/p>\n<hr data-start=\"1276\" data-end=\"1279\" \/>\n<h4 data-start=\"1281\" data-end=\"1303\"><span class=\"ez-toc-section\" id=\"Besonderheiten\"><\/span>Specialiosios funkcijos<span class=\"ez-toc-section-end\"><\/span><\/h4>\n<p data-start=\"1305\" data-end=\"1557\">Dieser Saphir stammt aus dem franz\u00f6sischen Zentralmassiv (Puy de D\u00f4me) und ist zu 100\u202f% nat\u00fcrlich \u2013 unbehandelt, ungeschliffen in der Farbe und mit h\u00f6chster Reinheit. Das dezente Farbspiel zwischen Blau und Gr\u00fcn verleiht ihm eine elegante Ausstrahlung.<\/p>\n<hr data-start=\"1559\" data-end=\"1562\" \/>\n<h4 data-start=\"1931\" data-end=\"1971\"><span class=\"ez-toc-section\" id=\"Mehr_uber_unsere_Edelsteine\"><\/span>Daugiau apie m\u016bs\u0173 brangakmenius<span class=\"ez-toc-section-end\"><\/span><\/h4>\n<p data-start=\"1972\" data-end=\"2069\"><a href=\"https:\/\/saphirsmaragd.com\/lt\/product-category\/edelsteine-kaufen\/\">brangakmeniai<\/a><\/p>\n<hr data-start=\"1785\" data-end=\"1788\" \/>\n<h4 data-start=\"1790\" data-end=\"1811\"><span class=\"ez-toc-section\" id=\"Weitere_Infos\"><\/span>Daugiau informacijos<span class=\"ez-toc-section-end\"><\/span><\/h4>\n<p data-start=\"1813\" data-end=\"1926\"><a class=\"\" href=\"https:\/\/de.wikipedia.org\/wiki\/Saphir\" target=\"_new\" rel=\"noopener\" data-start=\"1867\" data-end=\"1925\">Wikipedia \u2013 Saphir<\/a>.<\/p>","protected":false},"excerpt":{"rendered":"<p data-start=\"353\" data-end=\"557\"><em>Ein seltener Saphir 0.25 Karat Blaugr\u00fcn Oval aus Frankreich \u2013 unbehandelt, mit sch\u00f6ner Klarheit und nat\u00fcrlichem Farbspiel. Perfekt f\u00fcr feine Schmuckdesigns.<\/em><\/p>\n<p data-start=\"378\" data-end=\"474\">","protected":false},"featured_media":1862,"comment_status":"open","ping_status":"closed","template":"","meta":{"_glsr_average":0,"_glsr_ranking":0,"_glsr_reviews":0},"product_brand":[],"product_cat":[74],"product_tag":[],"class_list":{"0":"post-1859","1":"product","2":"type-product","3":"status-publish","4":"has-post-thumbnail","6":"product_cat-saphire-kaufen","7":"pa_edelsteinart-saphir","8":"pa_farbe-gruen","9":"pa_form-oval","10":"pa_gewicht-karat-0-1-0-5-karat","11":"pa_herkunft-frankreich","12":"pa_reinheit-lupenrein","13":"pa_veredelung-behandlung-unbehandelt","14":"pa_zertifikat-ja","15":"pa_zustand-neu","17":"first","18":"instock","19":"sold-individually","20":"shipping-taxable","21":"purchasable","22":"product-type-simple","23":"add-to-wishlist-before_image"},"jetpack_sharing_enabled":true,"_links":{"self":[{"href":"https:\/\/saphirsmaragd.com\/lt\/wp-json\/wp\/v2\/product\/1859","targetHints":{"allow":["GET"]}}],"collection":[{"href":"https:\/\/saphirsmaragd.com\/lt\/wp-json\/wp\/v2\/product"}],"about":[{"href":"https:\/\/saphirsmaragd.com\/lt\/wp-json\/wp\/v2\/types\/product"}],"replies":[{"embeddable":true,"href":"https:\/\/saphirsmaragd.com\/lt\/wp-json\/wp\/v2\/comments?post=1859"}],"version-history":[{"count":3,"href":"https:\/\/saphirsmaragd.com\/lt\/wp-json\/wp\/v2\/product\/1859\/revisions"}],"predecessor-version":[{"id":4473,"href":"https:\/\/saphirsmaragd.com\/lt\/wp-json\/wp\/v2\/product\/1859\/revisions\/4473"}],"wp:featuredmedia":[{"embeddable":true,"href":"https:\/\/saphirsmaragd.com\/lt\/wp-json\/wp\/v2\/media\/1862"}],"wp:attachment":[{"href":"https:\/\/saphirsmaragd.com\/lt\/wp-json\/wp\/v2\/media?parent=1859"}],"wp:term":[{"taxonomy":"product_brand","embeddable":true,"href":"https:\/\/saphirsmaragd.com\/lt\/wp-json\/wp\/v2\/product_brand?post=1859"},{"taxonomy":"product_cat","embeddable":true,"href":"https:\/\/saphirsmaragd.com\/lt\/wp-json\/wp\/v2\/product_cat?post=1859"},{"taxonomy":"product_tag","embeddable":true,"href":"https:\/\/saphirsmaragd.com\/lt\/wp-json\/wp\/v2\/product_tag?post=1859"}],"curies":[{"name":"wp","href":"https:\/\/api.w.org\/{rel}","templated":true}]}}