{"id":1962,"date":"2025-07-21T13:52:37","date_gmt":"2025-07-21T13:52:37","guid":{"rendered":"https:\/\/saphirsmaragd.com\/?post_type=product&#038;p=1962"},"modified":"2025-12-29T19:03:15","modified_gmt":"2025-12-29T19:03:15","slug":"aquamarin-0-38-karat-blau-oval","status":"publish","type":"product","link":"https:\/\/saphirsmaragd.com\/lt\/produktas\/aquamarin-0-38-karat-blau-oval\/","title":{"rendered":"Aquamarin 0.38 Karat Blau Oval \u2013 Santa Maria, brillant &#038; zertifiziert von Gem-A"},"content":{"rendered":"<div id=\"ez-toc-container\" class=\"ez-toc-v2_0_82_2 counter-hierarchy ez-toc-counter ez-toc-grey ez-toc-container-direction\">\n<div class=\"ez-toc-title-container\">\n<p class=\"ez-toc-title\" style=\"cursor:inherit\">Turinys<\/p>\n<span class=\"ez-toc-title-toggle\"><a href=\"#\" class=\"ez-toc-pull-right ez-toc-btn ez-toc-btn-xs ez-toc-btn-default ez-toc-toggle\" aria-label=\"Toggle Table of Content\"><span class=\"ez-toc-js-icon-con\"><span class=\"\"><span class=\"eztoc-hide\" style=\"display:none;\">Perjungti<\/span><span class=\"ez-toc-icon-toggle-span\"><svg style=\"fill: #999;color:#999\" xmlns=\"http:\/\/www.w3.org\/2000\/svg\" class=\"list-377408\" width=\"20px\" height=\"20px\" viewbox=\"0 0 24 24\" fill=\"none\"><path d=\"M6 6H4v2h2V6zm14 0H8v2h12V6zM4 11h2v2H4v-2zm16 0H8v2h12v-2zM4 16h2v2H4v-2zm16 0H8v2h12v-2z\" fill=\"currentColor\"><\/path><\/svg><svg style=\"fill: #999;color:#999\" class=\"arrow-unsorted-368013\" xmlns=\"http:\/\/www.w3.org\/2000\/svg\" width=\"10px\" height=\"10px\" viewbox=\"0 0 24 24\" version=\"1.2\" baseprofile=\"tiny\"><path d=\"M18.2 9.3l-6.2-6.3-6.2 6.3c-.2.2-.3.4-.3.7s.1.5.3.7c.2.2.4.3.7.3h11c.3 0 .5-.1.7-.3.2-.2.3-.5.3-.7s-.1-.5-.3-.7zM5.8 14.7l6.2 6.3 6.2-6.3c.2-.2.3-.5.3-.7s-.1-.5-.3-.7c-.2-.2-.4-.3-.7-.3h-11c-.3 0-.5.1-.7.3-.2.2-.3.5-.3.7s.1.5.3.7z\"\/><\/svg><\/span><\/span><\/span><\/a><\/span><\/div>\n<nav><ul class='ez-toc-list ez-toc-list-level-1' ><li class='ez-toc-page-1 ez-toc-heading-level-4'><a class=\"ez-toc-link ez-toc-heading-1\" href=\"https:\/\/saphirsmaragd.com\/lt\/produktas\/aquamarin-0-38-karat-blau-oval\/#Aquamarin_038_Karat_Blau_Oval_%E2%80%93_Santa_Maria_brillant_zertifiziert_von_Gem-A\" >Aquamarin 0.38 Karat Blau Oval \u2013 Santa Maria, brillant &amp; zertifiziert von Gem-A<\/a><\/li><li class='ez-toc-page-1 ez-toc-heading-level-4'><a class=\"ez-toc-link ez-toc-heading-2\" href=\"https:\/\/saphirsmaragd.com\/lt\/produktas\/aquamarin-0-38-karat-blau-oval\/#Merkmale_Herkunft\" >Savyb\u0117s ir kilm\u0117<\/a><\/li><li class='ez-toc-page-1 ez-toc-heading-level-4'><a class=\"ez-toc-link ez-toc-heading-3\" href=\"https:\/\/saphirsmaragd.com\/lt\/produktas\/aquamarin-0-38-karat-blau-oval\/#Besonderheiten\" >Specialiosios funkcijos<\/a><\/li><li class='ez-toc-page-1 ez-toc-heading-level-4'><a class=\"ez-toc-link ez-toc-heading-4\" href=\"https:\/\/saphirsmaragd.com\/lt\/produktas\/aquamarin-0-38-karat-blau-oval\/#Mehr_uber_unsere_Edelsteine\" >Daugiau apie m\u016bs\u0173 brangakmenius<\/a><\/li><li class='ez-toc-page-1 ez-toc-heading-level-4'><a class=\"ez-toc-link ez-toc-heading-5\" href=\"https:\/\/saphirsmaragd.com\/lt\/produktas\/aquamarin-0-38-karat-blau-oval\/#Weitere_Infos\" >Daugiau informacijos<\/a><\/li><\/ul><\/nav><\/div>\n<h4 data-start=\"630\" data-end=\"997\"><span class=\"ez-toc-section\" id=\"Aquamarin_038_Karat_Blau_Oval_%E2%80%93_Santa_Maria_brillant_zertifiziert_von_Gem-A\"><\/span><strong data-start=\"716\" data-end=\"796\">Aquamarin 0.38 Karat Blau Oval \u2013 Santa Maria, brillant &amp; zertifiziert von Gem-A<\/strong><span class=\"ez-toc-section-end\"><\/span><\/h4>\n<p data-start=\"630\" data-end=\"997\">Ein seltener Aquamarin der exklusiven Santa-Maria-Variet\u00e4t. Mit seinem intensiven Blau, perfekter Reinheit und klassischem 6\u00d74\u202fmm-Schliff ist dieser Edelstein eine kostbare Wahl f\u00fcr anspruchsvolle Schmuckdesigns oder Sammlungen.<\/p>\n<hr data-start=\"1775\" data-end=\"1778\" \/>\n<h4 data-start=\"1029\" data-end=\"1260\"><span class=\"ez-toc-section\" id=\"Merkmale_Herkunft\"><\/span><strong data-start=\"1029\" data-end=\"1052\">Savyb\u0117s ir kilm\u0117<\/strong><span class=\"ez-toc-section-end\"><\/span><\/h4>\n<p data-start=\"1029\" data-end=\"1260\">Stein: Aquamarin<br data-start=\"1071\" data-end=\"1074\" \/>Spalva: m\u0117lyna<br data-start=\"1085\" data-end=\"1088\" \/>Forma: Ovalus<br data-start=\"1098\" data-end=\"1101\" \/>Gewicht: 0.38 Karat<br data-start=\"1117\" data-end=\"1120\" \/>Dimension: 6 \u00d7 4 mm<br data-start=\"1139\" data-end=\"1142\" \/>Reinheit: Lupenrein<br data-start=\"1188\" data-end=\"1191\" \/>B\u016bkl\u0117: nauja<br data-start=\"1203\" data-end=\"1206\" \/>Zertifikat: Ja<br data-start=\"1220\" data-end=\"1223\" \/>Herkunft: Mosambik<br data-start=\"1241\" data-end=\"1244\" \/>Mohsh\u00e4rte: 7.5<\/p>\n<hr data-start=\"1262\" data-end=\"1265\" \/>\n<h4 data-start=\"1267\" data-end=\"1676\"><span class=\"ez-toc-section\" id=\"Besonderheiten\"><\/span><strong data-start=\"1267\" data-end=\"1285\">Specialiosios funkcijos<\/strong><span class=\"ez-toc-section-end\"><\/span><\/h4>\n<p data-start=\"1267\" data-end=\"1676\">Dieser Aquamarin stammt aus der Santa-Maria-Variet\u00e4t, bekannt f\u00fcr ihre tiefblaue Farbe mit au\u00dfergew\u00f6hnlicher Leuchtkraft. Die Reinheit unter 10-facher Vergr\u00f6\u00dferung ist nahezu perfekt. Mosambik als Herkunftsland ist f\u00fcr qualitativ hochwertige Aquamarine bekannt. Geliefert mit Zertifikat von Val\u00e9rie DURAFFOURG (Gem-A, London), ist dieser Stein eine exzellente Wahl f\u00fcr gehobene Anspr\u00fcche.<\/p>\n<hr data-start=\"1678\" data-end=\"1681\" \/>\n<h4 data-start=\"1931\" data-end=\"1971\"><span class=\"ez-toc-section\" id=\"Mehr_uber_unsere_Edelsteine\"><\/span>Daugiau apie m\u016bs\u0173 brangakmenius<span class=\"ez-toc-section-end\"><\/span><\/h4>\n<p data-start=\"1972\" data-end=\"2069\"><a href=\"https:\/\/saphirsmaragd.com\/lt\/product-category\/edelsteine-kaufen\/\">brangakmeniai<\/a><\/p>\n<hr data-start=\"1822\" data-end=\"1825\" \/>\n<h4 data-start=\"1827\" data-end=\"1910\"><span class=\"ez-toc-section\" id=\"Weitere_Infos\"><\/span><strong data-start=\"1827\" data-end=\"1844\">Daugiau informacijos<\/strong><span class=\"ez-toc-section-end\"><\/span><\/h4>\n<p data-start=\"1827\" data-end=\"1910\"><a class=\"\" href=\"https:\/\/de.wikipedia.org\/wiki\/Aquamarin\" target=\"_new\" rel=\"noopener\" data-start=\"1847\" data-end=\"1910\">Wikipedia: Aquamarin<\/a><\/p>","protected":false},"excerpt":{"rendered":"<p data-start=\"361\" data-end=\"571\"><em>Aquamarin 0.38 Karat Blau Oval (6\u00d74 mm), kr\u00e4ftiges Blau der Sorte Santa Maria, lupenreine Klarheit, Herkunft Mosambik, zertifiziert von Val\u00e9rie DURAFFOURG (Gem-A, London).<\/em><\/p>\n<p data-start=\"378\" data-end=\"474\">","protected":false},"featured_media":1965,"comment_status":"open","ping_status":"closed","template":"","meta":{"_glsr_average":0,"_glsr_ranking":0,"_glsr_reviews":0},"product_brand":[],"product_cat":[77],"product_tag":[],"class_list":{"0":"post-1962","1":"product","2":"type-product","3":"status-publish","4":"has-post-thumbnail","6":"product_cat-aquamarin-kaufen","7":"pa_edelsteinart-aquamarin","8":"pa_farbe-blau","9":"pa_form-oval","10":"pa_gewicht-karat-0-1-0-5-karat","11":"pa_herkunft-mosambik","12":"pa_reinheit-lupenrein","13":"pa_zertifikat-ja","14":"pa_zustand-neu","16":"first","17":"instock","18":"featured","19":"sold-individually","20":"shipping-taxable","21":"purchasable","22":"product-type-simple","23":"add-to-wishlist-before_image"},"jetpack_sharing_enabled":true,"_links":{"self":[{"href":"https:\/\/saphirsmaragd.com\/lt\/wp-json\/wp\/v2\/product\/1962","targetHints":{"allow":["GET"]}}],"collection":[{"href":"https:\/\/saphirsmaragd.com\/lt\/wp-json\/wp\/v2\/product"}],"about":[{"href":"https:\/\/saphirsmaragd.com\/lt\/wp-json\/wp\/v2\/types\/product"}],"replies":[{"embeddable":true,"href":"https:\/\/saphirsmaragd.com\/lt\/wp-json\/wp\/v2\/comments?post=1962"}],"version-history":[{"count":3,"href":"https:\/\/saphirsmaragd.com\/lt\/wp-json\/wp\/v2\/product\/1962\/revisions"}],"predecessor-version":[{"id":4503,"href":"https:\/\/saphirsmaragd.com\/lt\/wp-json\/wp\/v2\/product\/1962\/revisions\/4503"}],"wp:featuredmedia":[{"embeddable":true,"href":"https:\/\/saphirsmaragd.com\/lt\/wp-json\/wp\/v2\/media\/1965"}],"wp:attachment":[{"href":"https:\/\/saphirsmaragd.com\/lt\/wp-json\/wp\/v2\/media?parent=1962"}],"wp:term":[{"taxonomy":"product_brand","embeddable":true,"href":"https:\/\/saphirsmaragd.com\/lt\/wp-json\/wp\/v2\/product_brand?post=1962"},{"taxonomy":"product_cat","embeddable":true,"href":"https:\/\/saphirsmaragd.com\/lt\/wp-json\/wp\/v2\/product_cat?post=1962"},{"taxonomy":"product_tag","embeddable":true,"href":"https:\/\/saphirsmaragd.com\/lt\/wp-json\/wp\/v2\/product_tag?post=1962"}],"curies":[{"name":"wp","href":"https:\/\/api.w.org\/{rel}","templated":true}]}}