{"id":2172,"date":"2025-10-08T15:50:14","date_gmt":"2025-10-08T15:50:14","guid":{"rendered":"https:\/\/saphirsmaragd.com\/?post_type=product&#038;p=2172"},"modified":"2025-12-29T19:03:08","modified_gmt":"2025-12-29T19:03:08","slug":"aquamarin-5-26-karat-cushion","status":"publish","type":"product","link":"https:\/\/saphirsmaragd.com\/lt\/produktas\/aquamarin-5-26-karat-cushion\/","title":{"rendered":"Aquamarin 5.26 Karat Cushion \u2013 Hellblau, facettiert mit Zertifikat"},"content":{"rendered":"<div id=\"ez-toc-container\" class=\"ez-toc-v2_0_82_2 counter-hierarchy ez-toc-counter ez-toc-grey ez-toc-container-direction\">\n<div class=\"ez-toc-title-container\">\n<p class=\"ez-toc-title\" style=\"cursor:inherit\">Turinys<\/p>\n<span class=\"ez-toc-title-toggle\"><a href=\"#\" class=\"ez-toc-pull-right ez-toc-btn ez-toc-btn-xs ez-toc-btn-default ez-toc-toggle\" aria-label=\"Toggle Table of Content\"><span class=\"ez-toc-js-icon-con\"><span class=\"\"><span class=\"eztoc-hide\" style=\"display:none;\">Perjungti<\/span><span class=\"ez-toc-icon-toggle-span\"><svg style=\"fill: #999;color:#999\" xmlns=\"http:\/\/www.w3.org\/2000\/svg\" class=\"list-377408\" width=\"20px\" height=\"20px\" viewbox=\"0 0 24 24\" fill=\"none\"><path d=\"M6 6H4v2h2V6zm14 0H8v2h12V6zM4 11h2v2H4v-2zm16 0H8v2h12v-2zM4 16h2v2H4v-2zm16 0H8v2h12v-2z\" fill=\"currentColor\"><\/path><\/svg><svg style=\"fill: #999;color:#999\" class=\"arrow-unsorted-368013\" xmlns=\"http:\/\/www.w3.org\/2000\/svg\" width=\"10px\" height=\"10px\" viewbox=\"0 0 24 24\" version=\"1.2\" baseprofile=\"tiny\"><path d=\"M18.2 9.3l-6.2-6.3-6.2 6.3c-.2.2-.3.4-.3.7s.1.5.3.7c.2.2.4.3.7.3h11c.3 0 .5-.1.7-.3.2-.2.3-.5.3-.7s-.1-.5-.3-.7zM5.8 14.7l6.2 6.3 6.2-6.3c.2-.2.3-.5.3-.7s-.1-.5-.3-.7c-.2-.2-.4-.3-.7-.3h-11c-.3 0-.5.1-.7.3-.2.2-.3.5-.3.7s.1.5.3.7z\"\/><\/svg><\/span><\/span><\/span><\/a><\/span><\/div>\n<nav><ul class='ez-toc-list ez-toc-list-level-1' ><li class='ez-toc-page-1 ez-toc-heading-level-4'><a class=\"ez-toc-link ez-toc-heading-1\" href=\"https:\/\/saphirsmaragd.com\/lt\/produktas\/aquamarin-5-26-karat-cushion\/#Aquamarin_526_Karat_Cushion_%E2%80%93_Edelstein_mit_Zertifikat\" >Aquamarin 5.26 Karat Cushion \u2013 Edelstein mit Zertifikat<\/a><\/li><li class='ez-toc-page-1 ez-toc-heading-level-4'><a class=\"ez-toc-link ez-toc-heading-2\" href=\"https:\/\/saphirsmaragd.com\/lt\/produktas\/aquamarin-5-26-karat-cushion\/#Merkmale_Herkunft\" >Savyb\u0117s ir kilm\u0117<\/a><\/li><li class='ez-toc-page-1 ez-toc-heading-level-4'><a class=\"ez-toc-link ez-toc-heading-3\" href=\"https:\/\/saphirsmaragd.com\/lt\/produktas\/aquamarin-5-26-karat-cushion\/#Besonderheiten\" >Specialiosios funkcijos<\/a><\/li><li class='ez-toc-page-1 ez-toc-heading-level-4'><a class=\"ez-toc-link ez-toc-heading-4\" href=\"https:\/\/saphirsmaragd.com\/lt\/produktas\/aquamarin-5-26-karat-cushion\/#Mehr_uber_unsere_Edelsteine\" >Daugiau apie m\u016bs\u0173 brangakmenius<\/a><\/li><li class='ez-toc-page-1 ez-toc-heading-level-4'><a class=\"ez-toc-link ez-toc-heading-5\" href=\"https:\/\/saphirsmaragd.com\/lt\/produktas\/aquamarin-5-26-karat-cushion\/#Weitere_Infos\" >Daugiau informacijos<\/a><\/li><\/ul><\/nav><\/div>\n<h4 data-start=\"935\" data-end=\"991\"><span class=\"ez-toc-section\" id=\"Aquamarin_526_Karat_Cushion_%E2%80%93_Edelstein_mit_Zertifikat\"><\/span><strong data-start=\"935\" data-end=\"991\">Aquamarin 5.26 Karat Cushion \u2013 Edelstein mit Zertifikat<\/strong><span class=\"ez-toc-section-end\"><\/span><\/h4>\n<p data-start=\"993\" data-end=\"1255\">Ein facettierter Aquamarin mit 5.26 Karat im Cushion-Schliff und einer klaren, hellblauen Farbgebung. Die Kombination aus Gr\u00f6\u00dfe, Transparenz und professioneller Zertifizierung macht diesen Edelstein besonders wertvoll f\u00fcr Schmuckanfertigungen oder als Sammlerstein.<\/p>\n<hr data-start=\"1257\" data-end=\"1260\" \/>\n<h4 data-start=\"1262\" data-end=\"1286\"><span class=\"ez-toc-section\" id=\"Merkmale_Herkunft\"><\/span>Savyb\u0117s ir kilm\u0117<span class=\"ez-toc-section-end\"><\/span><\/h4>\n<p data-start=\"1288\" data-end=\"1621\">Steinart: Aquamarin<br data-start=\"1307\" data-end=\"1310\" \/>Form: Cushion<br data-start=\"1323\" data-end=\"1326\" \/>Gewicht: 5.26 Karat<br data-start=\"1342\" data-end=\"1345\" \/>Farbe: Hellblau<br data-start=\"1360\" data-end=\"1363\" \/>Reinheit: Sehr kleine Einschl\u00fcsse, unter 10x sichtbar<br data-start=\"1416\" data-end=\"1419\" \/>Gydymas: negydytas<br data-start=\"1442\" data-end=\"1445\" \/>Kietumas: 7 balai pagal Moso skal\u0119<br data-start=\"1472\" data-end=\"1475\" \/>Ma\u00dfe: ca. 12.78 \u00d7 10.22 mm<br data-start=\"1501\" data-end=\"1504\" \/>Tiefe: ca. 7.01 mm<br data-start=\"1522\" data-end=\"1525\" \/>Zertifikat: Echtheitsnachweis von Val\u00e9rie Duraffourg (Gem-A, London)<\/p>\n<hr data-start=\"1623\" data-end=\"1626\" \/>\n<h4 data-start=\"1628\" data-end=\"1647\"><span class=\"ez-toc-section\" id=\"Besonderheiten\"><\/span>Specialiosios funkcijos<span class=\"ez-toc-section-end\"><\/span><\/h4>\n<p data-start=\"1649\" data-end=\"1866\">Dieser Aquamarin besticht durch seine Gr\u00f6\u00dfe von \u00fcber 5 Karat, den pr\u00e4zisen Cushion-Schliff und die nat\u00fcrliche Farbgebung. Die Reinheit und Proportionen machen ihn ideal f\u00fcr luxuri\u00f6se Schmuckst\u00fccke oder als Wertanlage.<\/p>\n<hr data-start=\"1868\" data-end=\"1871\" \/>\n<h4 data-start=\"1931\" data-end=\"1971\"><span class=\"ez-toc-section\" id=\"Mehr_uber_unsere_Edelsteine\"><\/span>Daugiau apie m\u016bs\u0173 brangakmenius<span class=\"ez-toc-section-end\"><\/span><\/h4>\n<p data-start=\"1972\" data-end=\"2069\"><a href=\"https:\/\/saphirsmaragd.com\/lt\/product-category\/edelsteine-kaufen\/\">brangakmeniai<\/a><\/p>\n<hr data-start=\"2012\" data-end=\"2015\" \/>\n<h4 data-start=\"2017\" data-end=\"2037\"><span class=\"ez-toc-section\" id=\"Weitere_Infos\"><\/span>Daugiau informacijos<span class=\"ez-toc-section-end\"><\/span><\/h4>\n<p data-start=\"2038\" data-end=\"2101\"><a class=\"decorated-link cursor-pointer\" href=\"https:\/\/de.wikipedia.org\/wiki\/Aquamarin\" target=\"_new\" rel=\"noopener\" data-start=\"2038\" data-end=\"2101\">Wikipedia: Aquamarin<\/a><\/p>","protected":false},"excerpt":{"rendered":"<p data-start=\"421\" data-end=\"593\"><em>Aquamarin 5.26 Karat Cushion mit hellblauer Farbe, hoher Transparenz und Zertifikat von Val\u00e9rie Duraffourg. Facettiert, unbehandelt und ideal f\u00fcr hochwertige Schmuckfassungen.<\/em><\/p>\n<p data-start=\"378\" data-end=\"474\">","protected":false},"featured_media":2175,"comment_status":"open","ping_status":"closed","template":"","meta":{"_glsr_average":0,"_glsr_ranking":0,"_glsr_reviews":0},"product_brand":[],"product_cat":[77],"product_tag":[],"class_list":{"0":"post-2172","1":"product","2":"type-product","3":"status-publish","4":"has-post-thumbnail","6":"product_cat-aquamarin-kaufen","7":"pa_edelsteinart-aquamarin","8":"pa_farbe-blau","9":"pa_form-oval","10":"pa_gewicht-karat-5-0-10-karat","11":"pa_reinheit-sehr-kleine-einschluesse","12":"pa_veredelung-behandlung-unbehandelt","13":"pa_zertifikat-ja","14":"pa_zustand-neu","16":"first","17":"instock","18":"featured","19":"sold-individually","20":"shipping-taxable","21":"purchasable","22":"product-type-simple","23":"add-to-wishlist-before_image"},"jetpack_sharing_enabled":true,"_links":{"self":[{"href":"https:\/\/saphirsmaragd.com\/lt\/wp-json\/wp\/v2\/product\/2172","targetHints":{"allow":["GET"]}}],"collection":[{"href":"https:\/\/saphirsmaragd.com\/lt\/wp-json\/wp\/v2\/product"}],"about":[{"href":"https:\/\/saphirsmaragd.com\/lt\/wp-json\/wp\/v2\/types\/product"}],"replies":[{"embeddable":true,"href":"https:\/\/saphirsmaragd.com\/lt\/wp-json\/wp\/v2\/comments?post=2172"}],"version-history":[{"count":3,"href":"https:\/\/saphirsmaragd.com\/lt\/wp-json\/wp\/v2\/product\/2172\/revisions"}],"predecessor-version":[{"id":4562,"href":"https:\/\/saphirsmaragd.com\/lt\/wp-json\/wp\/v2\/product\/2172\/revisions\/4562"}],"wp:featuredmedia":[{"embeddable":true,"href":"https:\/\/saphirsmaragd.com\/lt\/wp-json\/wp\/v2\/media\/2175"}],"wp:attachment":[{"href":"https:\/\/saphirsmaragd.com\/lt\/wp-json\/wp\/v2\/media?parent=2172"}],"wp:term":[{"taxonomy":"product_brand","embeddable":true,"href":"https:\/\/saphirsmaragd.com\/lt\/wp-json\/wp\/v2\/product_brand?post=2172"},{"taxonomy":"product_cat","embeddable":true,"href":"https:\/\/saphirsmaragd.com\/lt\/wp-json\/wp\/v2\/product_cat?post=2172"},{"taxonomy":"product_tag","embeddable":true,"href":"https:\/\/saphirsmaragd.com\/lt\/wp-json\/wp\/v2\/product_tag?post=2172"}],"curies":[{"name":"wp","href":"https:\/\/api.w.org\/{rel}","templated":true}]}}