{"id":2228,"date":"2025-10-08T16:48:50","date_gmt":"2025-10-08T16:48:50","guid":{"rendered":"https:\/\/saphirsmaragd.com\/?post_type=product&#038;p=2228"},"modified":"2025-12-29T19:02:57","modified_gmt":"2025-12-29T19:02:57","slug":"aquamarin-dreieck-1-01-karat","status":"publish","type":"product","link":"https:\/\/saphirsmaragd.com\/lt\/produktas\/aquamarin-dreieck-1-01-karat\/","title":{"rendered":"Aquamarin Dreieck 1.01 Karat \u2013 Facettiert mit Zertifikat"},"content":{"rendered":"<div id=\"ez-toc-container\" class=\"ez-toc-v2_0_82_2 counter-hierarchy ez-toc-counter ez-toc-grey ez-toc-container-direction\">\n<div class=\"ez-toc-title-container\">\n<p class=\"ez-toc-title\" style=\"cursor:inherit\">Turinys<\/p>\n<span class=\"ez-toc-title-toggle\"><a href=\"#\" class=\"ez-toc-pull-right ez-toc-btn ez-toc-btn-xs ez-toc-btn-default ez-toc-toggle\" aria-label=\"Toggle Table of Content\"><span class=\"ez-toc-js-icon-con\"><span class=\"\"><span class=\"eztoc-hide\" style=\"display:none;\">Perjungti<\/span><span class=\"ez-toc-icon-toggle-span\"><svg style=\"fill: #999;color:#999\" xmlns=\"http:\/\/www.w3.org\/2000\/svg\" class=\"list-377408\" width=\"20px\" height=\"20px\" viewbox=\"0 0 24 24\" fill=\"none\"><path d=\"M6 6H4v2h2V6zm14 0H8v2h12V6zM4 11h2v2H4v-2zm16 0H8v2h12v-2zM4 16h2v2H4v-2zm16 0H8v2h12v-2z\" fill=\"currentColor\"><\/path><\/svg><svg style=\"fill: #999;color:#999\" class=\"arrow-unsorted-368013\" xmlns=\"http:\/\/www.w3.org\/2000\/svg\" width=\"10px\" height=\"10px\" viewbox=\"0 0 24 24\" version=\"1.2\" baseprofile=\"tiny\"><path d=\"M18.2 9.3l-6.2-6.3-6.2 6.3c-.2.2-.3.4-.3.7s.1.5.3.7c.2.2.4.3.7.3h11c.3 0 .5-.1.7-.3.2-.2.3-.5.3-.7s-.1-.5-.3-.7zM5.8 14.7l6.2 6.3 6.2-6.3c.2-.2.3-.5.3-.7s-.1-.5-.3-.7c-.2-.2-.4-.3-.7-.3h-11c-.3 0-.5.1-.7.3-.2.2-.3.5-.3.7s.1.5.3.7z\"\/><\/svg><\/span><\/span><\/span><\/a><\/span><\/div>\n<nav><ul class='ez-toc-list ez-toc-list-level-1' ><li class='ez-toc-page-1 ez-toc-heading-level-4'><a class=\"ez-toc-link ez-toc-heading-1\" href=\"https:\/\/saphirsmaragd.com\/lt\/produktas\/aquamarin-dreieck-1-01-karat\/#Aquamarin_Dreieck_101_Karat_%E2%80%93_Facettiert_mit_Zertifikat\" >Aquamarin Dreieck 1.01 Karat \u2013 Facettiert mit Zertifikat<\/a><\/li><li class='ez-toc-page-1 ez-toc-heading-level-4'><a class=\"ez-toc-link ez-toc-heading-2\" href=\"https:\/\/saphirsmaragd.com\/lt\/produktas\/aquamarin-dreieck-1-01-karat\/#Merkmale_Herkunft\" >Savyb\u0117s ir kilm\u0117<\/a><\/li><li class='ez-toc-page-1 ez-toc-heading-level-4'><a class=\"ez-toc-link ez-toc-heading-3\" href=\"https:\/\/saphirsmaragd.com\/lt\/produktas\/aquamarin-dreieck-1-01-karat\/#Besonderheiten\" >Specialiosios funkcijos<\/a><\/li><li class='ez-toc-page-1 ez-toc-heading-level-4'><a class=\"ez-toc-link ez-toc-heading-4\" href=\"https:\/\/saphirsmaragd.com\/lt\/produktas\/aquamarin-dreieck-1-01-karat\/#Mehr_uber_unsere_Edelsteine\" >Daugiau apie m\u016bs\u0173 brangakmenius<\/a><\/li><li class='ez-toc-page-1 ez-toc-heading-level-4'><a class=\"ez-toc-link ez-toc-heading-5\" href=\"https:\/\/saphirsmaragd.com\/lt\/produktas\/aquamarin-dreieck-1-01-karat\/#Weitere_Infos\" >Daugiau informacijos<\/a><\/li><\/ul><\/nav><\/div>\n<h4 data-start=\"775\" data-end=\"832\"><span class=\"ez-toc-section\" id=\"Aquamarin_Dreieck_101_Karat_%E2%80%93_Facettiert_mit_Zertifikat\"><\/span>Aquamarin Dreieck 1.01 Karat \u2013 Facettiert mit Zertifikat<span class=\"ez-toc-section-end\"><\/span><\/h4>\n<p data-start=\"834\" data-end=\"1183\">Dieser Aquamarin 1.01 karat \u00fcberzeugt durch seine brillante Lichtreflexion im Troidia-Schliff und seine ausgewogene Gr\u00f6\u00dfe von 7 mm. Der Edelstein ist naturbelassen, klar facettiert und eignet sich ideal f\u00fcr ma\u00dfgefertigte Schmuckst\u00fccke wie Ringe, Anh\u00e4nger oder Ohrschmuck. Die Echtheit wird durch ein Zertifikat von Val\u00e9rie Duraffourg best\u00e4tigt.<\/p>\n<hr data-start=\"1185\" data-end=\"1188\" \/>\n<h4 data-start=\"1190\" data-end=\"1216\"><span class=\"ez-toc-section\" id=\"Merkmale_Herkunft\"><\/span>Savyb\u0117s ir kilm\u0117<span class=\"ez-toc-section-end\"><\/span><\/h4>\n<p data-start=\"1217\" data-end=\"1488\">Stein: Aquamarin Dreieck<br data-start=\"1249\" data-end=\"1252\" \/>Familie: Beryll<br data-start=\"1267\" data-end=\"1270\" \/>Kietumas: 7 balai pagal Moso skal\u0119<br data-start=\"1297\" data-end=\"1300\" \/>Gewicht: 1.01 Karat<br data-start=\"1316\" data-end=\"1319\" \/>Spalva: m\u0117lyna<br data-start=\"1330\" data-end=\"1333\" \/>Form: Dreieck facettiert (Troidia)<br data-start=\"1367\" data-end=\"1370\" \/>Schliff: 7 mm<br data-start=\"1383\" data-end=\"1386\" \/>Reinheit: Rein f\u00fcr das Auge<br data-start=\"1441\" data-end=\"1444\" \/>Zertifikat: Val\u00e9rie Duraffourg, Gem-A London<\/p>\n<hr data-start=\"1490\" data-end=\"1493\" \/>\n<h4 data-start=\"1495\" data-end=\"1516\"><span class=\"ez-toc-section\" id=\"Besonderheiten\"><\/span>Specialiosios funkcijos<span class=\"ez-toc-section-end\"><\/span><\/h4>\n<p data-start=\"1517\" data-end=\"1823\">Der Aquamarin Dreieck 1.01 Karat bietet ein harmonisches Zusammenspiel aus Gr\u00f6\u00dfe, Brillanz und Transparenz. Die Dreiecksform verleiht dem Stein einen modernen Charakter und macht ihn zu einer ausgezeichneten Wahl f\u00fcr exklusive Designs. Mit einer H\u00e4rte von 7 ist der Edelstein widerstandsf\u00e4hig und gut tragbar.<\/p>\n<hr data-start=\"1926\" data-end=\"1929\" \/>\n<h4 data-start=\"1931\" data-end=\"1971\"><span class=\"ez-toc-section\" id=\"Mehr_uber_unsere_Edelsteine\"><\/span>Daugiau apie m\u016bs\u0173 brangakmenius<span class=\"ez-toc-section-end\"><\/span><\/h4>\n<p data-start=\"1972\" data-end=\"2069\"><a href=\"https:\/\/saphirsmaragd.com\/lt\/product-category\/edelsteine-kaufen\/\">brangakmeniai<\/a><\/p>\n<hr data-start=\"2071\" data-end=\"2074\" \/>\n<h4 data-start=\"2076\" data-end=\"2096\"><span class=\"ez-toc-section\" id=\"Weitere_Infos\"><\/span>Daugiau informacijos<span class=\"ez-toc-section-end\"><\/span><\/h4>\n<p data-start=\"2097\" data-end=\"2160\"><a class=\"decorated-link cursor-pointer\" href=\"https:\/\/de.wikipedia.org\/wiki\/Aquamarin\" target=\"_new\" rel=\"noopener\" data-start=\"2097\" data-end=\"2160\">Wikipedia: Aquamarin<\/a><\/p>","protected":false},"excerpt":{"rendered":"<p data-start=\"471\" data-end=\"638\"><em>Aquamarin Dreieck 1.01 Karat \u2013 7 mm facettiert, nat\u00fcrliche Reinheit, H\u00e4rte 7, gepr\u00fcftes Zertifikat von Val\u00e9rie Duraffourg. Ideal f\u00fcr Schmuckanfertigungen und Sammler.<\/em><\/p>\n<p data-start=\"378\" data-end=\"474\">","protected":false},"featured_media":2231,"comment_status":"open","ping_status":"closed","template":"","meta":{"_glsr_average":0,"_glsr_ranking":0,"_glsr_reviews":0},"product_brand":[],"product_cat":[77],"product_tag":[],"class_list":{"0":"post-2228","1":"product","2":"type-product","3":"status-publish","4":"has-post-thumbnail","6":"product_cat-aquamarin-kaufen","7":"pa_edelsteinart-aquamarin","8":"pa_farbe-blau","9":"pa_form-dreieck","10":"pa_gewicht-karat-1-0-3-0-karat","11":"pa_reinheit-lupenrein","12":"pa_zertifikat-ja","13":"pa_zustand-neu","15":"first","16":"instock","17":"featured","18":"sold-individually","19":"shipping-taxable","20":"purchasable","21":"product-type-simple","22":"add-to-wishlist-before_image"},"jetpack_sharing_enabled":true,"_links":{"self":[{"href":"https:\/\/saphirsmaragd.com\/lt\/wp-json\/wp\/v2\/product\/2228","targetHints":{"allow":["GET"]}}],"collection":[{"href":"https:\/\/saphirsmaragd.com\/lt\/wp-json\/wp\/v2\/product"}],"about":[{"href":"https:\/\/saphirsmaragd.com\/lt\/wp-json\/wp\/v2\/types\/product"}],"replies":[{"embeddable":true,"href":"https:\/\/saphirsmaragd.com\/lt\/wp-json\/wp\/v2\/comments?post=2228"}],"version-history":[{"count":3,"href":"https:\/\/saphirsmaragd.com\/lt\/wp-json\/wp\/v2\/product\/2228\/revisions"}],"predecessor-version":[{"id":4542,"href":"https:\/\/saphirsmaragd.com\/lt\/wp-json\/wp\/v2\/product\/2228\/revisions\/4542"}],"wp:featuredmedia":[{"embeddable":true,"href":"https:\/\/saphirsmaragd.com\/lt\/wp-json\/wp\/v2\/media\/2231"}],"wp:attachment":[{"href":"https:\/\/saphirsmaragd.com\/lt\/wp-json\/wp\/v2\/media?parent=2228"}],"wp:term":[{"taxonomy":"product_brand","embeddable":true,"href":"https:\/\/saphirsmaragd.com\/lt\/wp-json\/wp\/v2\/product_brand?post=2228"},{"taxonomy":"product_cat","embeddable":true,"href":"https:\/\/saphirsmaragd.com\/lt\/wp-json\/wp\/v2\/product_cat?post=2228"},{"taxonomy":"product_tag","embeddable":true,"href":"https:\/\/saphirsmaragd.com\/lt\/wp-json\/wp\/v2\/product_tag?post=2228"}],"curies":[{"name":"wp","href":"https:\/\/api.w.org\/{rel}","templated":true}]}}