{"id":2645,"date":"2025-10-12T11:46:24","date_gmt":"2025-10-12T11:46:24","guid":{"rendered":"https:\/\/saphirsmaragd.com\/?post_type=product&#038;p=2645"},"modified":"2025-12-29T19:00:34","modified_gmt":"2025-12-29T19:00:34","slug":"granat-0-96-karat-rosa-oval","status":"publish","type":"product","link":"https:\/\/saphirsmaragd.com\/lt\/produktas\/granat-0-96-karat-rosa-oval\/","title":{"rendered":"Granatas 0,96 karato rausvas ovalas \u2013 Almandinas su sertifikatu ir nat\u016braliu blizgesiu"},"content":{"rendered":"<div id=\"ez-toc-container\" class=\"ez-toc-v2_0_82_2 counter-hierarchy ez-toc-counter ez-toc-grey ez-toc-container-direction\">\n<div class=\"ez-toc-title-container\">\n<p class=\"ez-toc-title\" style=\"cursor:inherit\">Turinys<\/p>\n<span class=\"ez-toc-title-toggle\"><a href=\"#\" class=\"ez-toc-pull-right ez-toc-btn ez-toc-btn-xs ez-toc-btn-default ez-toc-toggle\" aria-label=\"Toggle Table of Content\"><span class=\"ez-toc-js-icon-con\"><span class=\"\"><span class=\"eztoc-hide\" style=\"display:none;\">Perjungti<\/span><span class=\"ez-toc-icon-toggle-span\"><svg style=\"fill: #999;color:#999\" xmlns=\"http:\/\/www.w3.org\/2000\/svg\" class=\"list-377408\" width=\"20px\" height=\"20px\" viewbox=\"0 0 24 24\" fill=\"none\"><path d=\"M6 6H4v2h2V6zm14 0H8v2h12V6zM4 11h2v2H4v-2zm16 0H8v2h12v-2zM4 16h2v2H4v-2zm16 0H8v2h12v-2z\" fill=\"currentColor\"><\/path><\/svg><svg style=\"fill: #999;color:#999\" class=\"arrow-unsorted-368013\" xmlns=\"http:\/\/www.w3.org\/2000\/svg\" width=\"10px\" height=\"10px\" viewbox=\"0 0 24 24\" version=\"1.2\" baseprofile=\"tiny\"><path d=\"M18.2 9.3l-6.2-6.3-6.2 6.3c-.2.2-.3.4-.3.7s.1.5.3.7c.2.2.4.3.7.3h11c.3 0 .5-.1.7-.3.2-.2.3-.5.3-.7s-.1-.5-.3-.7zM5.8 14.7l6.2 6.3 6.2-6.3c.2-.2.3-.5.3-.7s-.1-.5-.3-.7c-.2-.2-.4-.3-.7-.3h-11c-.3 0-.5.1-.7.3-.2.2-.3.5-.3.7s.1.5.3.7z\"\/><\/svg><\/span><\/span><\/span><\/a><\/span><\/div>\n<nav><ul class='ez-toc-list ez-toc-list-level-1' ><li class='ez-toc-page-1 ez-toc-heading-level-4'><a class=\"ez-toc-link ez-toc-heading-1\" href=\"https:\/\/saphirsmaragd.com\/lt\/produktas\/granat-0-96-karat-rosa-oval\/#Granat_096_Karat_Rosa_Oval_%E2%80%93_facettierter_Naturstein_mit_elegantem_Farbton\" >Granat 0.96 Karat Rosa Oval \u2013 facettierter Naturstein mit elegantem Farbton<\/a><\/li><li class='ez-toc-page-1 ez-toc-heading-level-4'><a class=\"ez-toc-link ez-toc-heading-2\" href=\"https:\/\/saphirsmaragd.com\/lt\/produktas\/granat-0-96-karat-rosa-oval\/#Merkmale_Herkunft\" >Savyb\u0117s ir kilm\u0117<\/a><\/li><li class='ez-toc-page-1 ez-toc-heading-level-4'><a class=\"ez-toc-link ez-toc-heading-3\" href=\"https:\/\/saphirsmaragd.com\/lt\/produktas\/granat-0-96-karat-rosa-oval\/#Besonderheiten\" >Specialiosios funkcijos<\/a><\/li><li class='ez-toc-page-1 ez-toc-heading-level-4'><a class=\"ez-toc-link ez-toc-heading-4\" href=\"https:\/\/saphirsmaragd.com\/lt\/produktas\/granat-0-96-karat-rosa-oval\/#Mehr_uber_unsere_Edelsteine\" >Daugiau apie m\u016bs\u0173 brangakmenius<\/a><\/li><li class='ez-toc-page-1 ez-toc-heading-level-4'><a class=\"ez-toc-link ez-toc-heading-5\" href=\"https:\/\/saphirsmaragd.com\/lt\/produktas\/granat-0-96-karat-rosa-oval\/#Weitere_Infos\" >Daugiau informacijos<\/a><\/li><\/ul><\/nav><\/div>\n<h4 data-start=\"765\" data-end=\"978\"><span class=\"ez-toc-section\" id=\"Granat_096_Karat_Rosa_Oval_%E2%80%93_facettierter_Naturstein_mit_elegantem_Farbton\"><\/span><strong data-start=\"765\" data-end=\"844\">Granat 0.96 Karat Rosa Oval \u2013 facettierter Naturstein mit elegantem Farbton<\/strong><span class=\"ez-toc-section-end\"><\/span><\/h4>\n<p data-start=\"765\" data-end=\"978\">Dieser Almandin vereint zartes Rosa-Rot, klaren Ovalschnitt und zertifizierte Qualit\u00e4t \u2013 perfekt f\u00fcr Ringe, Anh\u00e4nger oder Ohrringe.<\/p>\n<hr data-start=\"980\" data-end=\"983\" \/>\n<h4 data-start=\"985\" data-end=\"1009\"><span class=\"ez-toc-section\" id=\"Merkmale_Herkunft\"><\/span>Savyb\u0117s ir kilm\u0117<span class=\"ez-toc-section-end\"><\/span><\/h4>\n<p data-start=\"1011\" data-end=\"1323\">Steinart: Granat (Almandin)<br data-start=\"1038\" data-end=\"1041\" \/>Farbe: Rosa-Rot<br data-start=\"1056\" data-end=\"1059\" \/>Form: Oval facettiert<br data-start=\"1080\" data-end=\"1083\" \/>Gewicht: 0.96 Karat<br data-start=\"1102\" data-end=\"1105\" \/>Gr\u00f6\u00dfe: 7.30 \u00d7 5.83 mm<br data-start=\"1126\" data-end=\"1129\" \/>Kietumas: 7 balai pagal Moso skal\u0119<br data-start=\"1156\" data-end=\"1159\" \/>Reinheit: Sehr kleine Einschl\u00fcsse (unter 10\u00d7 sichtbar)<br data-start=\"1213\" data-end=\"1216\" \/>Gydymas: negydytas<br data-start=\"1239\" data-end=\"1242\" \/>Sertifikatas: Val\u00e9rie DURAFFOURG (Gem-A)<br data-start=\"1280\" data-end=\"1283\" \/>B\u016bkl\u0117: nauja<\/p>\n<hr data-start=\"1424\" data-end=\"1427\" \/>\n<h4 data-start=\"1429\" data-end=\"1448\"><span class=\"ez-toc-section\" id=\"Besonderheiten\"><\/span>Specialiosios funkcijos<span class=\"ez-toc-section-end\"><\/span><\/h4>\n<p data-start=\"1450\" data-end=\"1660\">Augenreine Optik mit nur feinen Einschl\u00fcsse unter Vergr\u00f6\u00dferung. Der pr\u00e4zise Ovalschnitt sorgt f\u00fcr lebendige Reflexe und macht den Stein vielseitig einsetzbar \u2013 von klassischen Solit\u00e4ren bis zu modernen Designs.<\/p>\n<hr data-start=\"1926\" data-end=\"1929\" \/>\n<h4 data-start=\"1931\" data-end=\"1971\"><span class=\"ez-toc-section\" id=\"Mehr_uber_unsere_Edelsteine\"><\/span>Daugiau apie m\u016bs\u0173 brangakmenius<span class=\"ez-toc-section-end\"><\/span><\/h4>\n<p data-start=\"1972\" data-end=\"2069\"><a href=\"https:\/\/saphirsmaragd.com\/lt\/product-category\/edelsteine-kaufen\/\">brangakmeniai<\/a><\/p>\n<hr data-start=\"2071\" data-end=\"2074\" \/>\n<h4 data-start=\"2076\" data-end=\"2096\"><span class=\"ez-toc-section\" id=\"Weitere_Infos\"><\/span>Daugiau informacijos<span class=\"ez-toc-section-end\"><\/span><\/h4>\n<p data-start=\"2097\" data-end=\"2160\"><a class=\"decorated-link cursor-pointer\" href=\"https:\/\/de.wikipedia.org\/wiki\/Granat\" target=\"_new\" rel=\"noopener\" data-start=\"2097\" data-end=\"2160\">Vikipedija: Granatas<\/a><\/p>","protected":false},"excerpt":{"rendered":"<p data-start=\"521\" data-end=\"674\"><em>Granat 0.96 Karat Rosa Oval \u2013 nat\u00fcrlicher Almandin mit Zertifikat, rosa-roter Farbe und pr\u00e4zisem Ovalschnitt. Ideal f\u00fcr feinen Schmuck oder Sammlung.<\/em><\/p>\n<h3 data-start=\"676\" data-end=\"700\"><\/h3>\n<p data-start=\"575\" data-end=\"606\">","protected":false},"featured_media":2648,"comment_status":"open","ping_status":"closed","template":"","meta":{"_glsr_average":0,"_glsr_ranking":0,"_glsr_reviews":0},"product_brand":[],"product_cat":[111],"product_tag":[],"class_list":{"0":"post-2645","1":"product","2":"type-product","3":"status-publish","4":"has-post-thumbnail","6":"product_cat-granat-kaufen","7":"pa_edelsteinart-granat","8":"pa_farbe-rosa","9":"pa_farbe-rot","10":"pa_form-tropfen","11":"pa_gewicht-karat-0-5-1-0-karat","12":"pa_reinheit-sehr-kleine-einschluesse","13":"pa_veredelung-behandlung-unbehandelt","14":"pa_zertifikat-ja","15":"pa_zustand-neu","17":"first","18":"instock","19":"featured","20":"sold-individually","21":"shipping-taxable","22":"purchasable","23":"product-type-simple","24":"add-to-wishlist-before_image"},"jetpack_sharing_enabled":true,"_links":{"self":[{"href":"https:\/\/saphirsmaragd.com\/lt\/wp-json\/wp\/v2\/product\/2645","targetHints":{"allow":["GET"]}}],"collection":[{"href":"https:\/\/saphirsmaragd.com\/lt\/wp-json\/wp\/v2\/product"}],"about":[{"href":"https:\/\/saphirsmaragd.com\/lt\/wp-json\/wp\/v2\/types\/product"}],"replies":[{"embeddable":true,"href":"https:\/\/saphirsmaragd.com\/lt\/wp-json\/wp\/v2\/comments?post=2645"}],"version-history":[{"count":1,"href":"https:\/\/saphirsmaragd.com\/lt\/wp-json\/wp\/v2\/product\/2645\/revisions"}],"predecessor-version":[{"id":2649,"href":"https:\/\/saphirsmaragd.com\/lt\/wp-json\/wp\/v2\/product\/2645\/revisions\/2649"}],"wp:featuredmedia":[{"embeddable":true,"href":"https:\/\/saphirsmaragd.com\/lt\/wp-json\/wp\/v2\/media\/2648"}],"wp:attachment":[{"href":"https:\/\/saphirsmaragd.com\/lt\/wp-json\/wp\/v2\/media?parent=2645"}],"wp:term":[{"taxonomy":"product_brand","embeddable":true,"href":"https:\/\/saphirsmaragd.com\/lt\/wp-json\/wp\/v2\/product_brand?post=2645"},{"taxonomy":"product_cat","embeddable":true,"href":"https:\/\/saphirsmaragd.com\/lt\/wp-json\/wp\/v2\/product_cat?post=2645"},{"taxonomy":"product_tag","embeddable":true,"href":"https:\/\/saphirsmaragd.com\/lt\/wp-json\/wp\/v2\/product_tag?post=2645"}],"curies":[{"name":"wp","href":"https:\/\/api.w.org\/{rel}","templated":true}]}}