{"id":2743,"date":"2025-10-12T14:05:30","date_gmt":"2025-10-12T14:05:30","guid":{"rendered":"https:\/\/saphirsmaragd.com\/?post_type=product&#038;p=2743"},"modified":"2025-12-29T18:59:59","modified_gmt":"2025-12-29T18:59:59","slug":"opal-2-24-karat-schwarz-oval","status":"publish","type":"product","link":"https:\/\/saphirsmaragd.com\/lt\/produktas\/opal-2-24-karat-schwarz-oval\/","title":{"rendered":"Opalas 2,24 karato juodas ovalas \u2013 juodasis opalas i\u0161 Australijos su spalv\u0173 \u017eaismu ir sertifikatu"},"content":{"rendered":"<div id=\"ez-toc-container\" class=\"ez-toc-v2_0_83 counter-hierarchy ez-toc-counter ez-toc-grey ez-toc-container-direction\">\n<div class=\"ez-toc-title-container\">\n<p class=\"ez-toc-title\" style=\"cursor:inherit\">Turinys<\/p>\n<span class=\"ez-toc-title-toggle\"><a href=\"#\" class=\"ez-toc-pull-right ez-toc-btn ez-toc-btn-xs ez-toc-btn-default ez-toc-toggle\" aria-label=\"Toggle Table of Content\"><span class=\"ez-toc-js-icon-con\"><span class=\"\"><span class=\"eztoc-hide\" style=\"display:none;\">Perjungti<\/span><span class=\"ez-toc-icon-toggle-span\"><svg style=\"fill: #999;color:#999\" xmlns=\"http:\/\/www.w3.org\/2000\/svg\" class=\"list-377408\" width=\"20px\" height=\"20px\" viewbox=\"0 0 24 24\" fill=\"none\"><path d=\"M6 6H4v2h2V6zm14 0H8v2h12V6zM4 11h2v2H4v-2zm16 0H8v2h12v-2zM4 16h2v2H4v-2zm16 0H8v2h12v-2z\" fill=\"currentColor\"><\/path><\/svg><svg style=\"fill: #999;color:#999\" class=\"arrow-unsorted-368013\" xmlns=\"http:\/\/www.w3.org\/2000\/svg\" width=\"10px\" height=\"10px\" viewbox=\"0 0 24 24\" version=\"1.2\" baseprofile=\"tiny\"><path d=\"M18.2 9.3l-6.2-6.3-6.2 6.3c-.2.2-.3.4-.3.7s.1.5.3.7c.2.2.4.3.7.3h11c.3 0 .5-.1.7-.3.2-.2.3-.5.3-.7s-.1-.5-.3-.7zM5.8 14.7l6.2 6.3 6.2-6.3c.2-.2.3-.5.3-.7s-.1-.5-.3-.7c-.2-.2-.4-.3-.7-.3h-11c-.3 0-.5.1-.7.3-.2.2-.3.5-.3.7s.1.5.3.7z\"\/><\/svg><\/span><\/span><\/span><\/a><\/span><\/div>\n<nav><ul class='ez-toc-list ez-toc-list-level-1' ><li class='ez-toc-page-1 ez-toc-heading-level-4'><a class=\"ez-toc-link ez-toc-heading-1\" href=\"https:\/\/saphirsmaragd.com\/lt\/produktas\/opal-2-24-karat-schwarz-oval\/#Opal_224_Karat_Schwarz_Oval_%E2%80%93_spektakulares_Farbspiel_auf_dunkler_Basis\" >Opal 2.24 Karat Schwarz Oval \u2013 spektakul\u00e4res Farbspiel auf dunkler Basis<\/a><\/li><li class='ez-toc-page-1 ez-toc-heading-level-4'><a class=\"ez-toc-link ez-toc-heading-2\" href=\"https:\/\/saphirsmaragd.com\/lt\/produktas\/opal-2-24-karat-schwarz-oval\/#Merkmale_Herkunft_%E2%80%93_Opal_224_Karat_Schwarz_Oval\" >Merkmale &amp; Herkunft \u2013 Opal 2.24 Karat Schwarz Oval<\/a><\/li><li class='ez-toc-page-1 ez-toc-heading-level-4'><a class=\"ez-toc-link ez-toc-heading-3\" href=\"https:\/\/saphirsmaragd.com\/lt\/produktas\/opal-2-24-karat-schwarz-oval\/#Besonderheiten\" >Specialiosios funkcijos<\/a><\/li><li class='ez-toc-page-1 ez-toc-heading-level-4'><a class=\"ez-toc-link ez-toc-heading-4\" href=\"https:\/\/saphirsmaragd.com\/lt\/produktas\/opal-2-24-karat-schwarz-oval\/#Mehr_uber_unsere_Edelsteine\" >Daugiau apie m\u016bs\u0173 brangakmenius<\/a><\/li><li class='ez-toc-page-1 ez-toc-heading-level-4'><a class=\"ez-toc-link ez-toc-heading-5\" href=\"https:\/\/saphirsmaragd.com\/lt\/produktas\/opal-2-24-karat-schwarz-oval\/#Weitere_Infos\" >Daugiau informacijos<\/a><\/li><\/ul><\/nav><\/div>\n<h4 data-start=\"638\" data-end=\"715\"><span class=\"ez-toc-section\" id=\"Opal_224_Karat_Schwarz_Oval_%E2%80%93_spektakulares_Farbspiel_auf_dunkler_Basis\"><\/span>Opal 2.24 Karat Schwarz Oval \u2013 spektakul\u00e4res Farbspiel auf dunkler Basis<span class=\"ez-toc-section-end\"><\/span><\/h4>\n<p data-start=\"716\" data-end=\"910\">Dieser Naturstein zeigt eine dunkle grau-schwarze Basis mit kr\u00e4ftiger Mehrfarb-Opaleszenz. Opal 2.24 Karat Schwarz-Oval ist ideal f\u00fcr hochwertige Unikat-Fassungen und anspruchsvolle Sammler.<\/p>\n<hr data-start=\"912\" data-end=\"915\" \/>\n<h4 data-start=\"917\" data-end=\"972\"><span class=\"ez-toc-section\" id=\"Merkmale_Herkunft_%E2%80%93_Opal_224_Karat_Schwarz_Oval\"><\/span>Merkmale &amp; Herkunft \u2013 Opal 2.24 Karat Schwarz Oval<span class=\"ez-toc-section-end\"><\/span><\/h4>\n<p data-start=\"973\" data-end=\"1348\">Steinart: Opal (Schwarzer Opal)<br data-start=\"1004\" data-end=\"1007\" \/>Farbe: Dunkelgrau\/Schwarz mit Regenbogen-Farbspiel<br data-start=\"1057\" data-end=\"1060\" \/>Form: Oval-Cabochon (facettierte Oberfl\u00e4che)<br data-start=\"1104\" data-end=\"1107\" \/>Gr\u00f6\u00dfe: 12.70 \u00d7 9.43 mm<br data-start=\"1129\" data-end=\"1132\" \/>Dicke: 3.33 mm<br data-start=\"1146\" data-end=\"1149\" \/>Gewicht: 2.24 Karat<br data-start=\"1168\" data-end=\"1171\" \/>Reinheit: Transluzent bis opak (typisch)<br data-start=\"1211\" data-end=\"1214\" \/>Gydymas: negydytas<br data-start=\"1237\" data-end=\"1240\" \/>Kietumas: 6,5 pagal Moso skal\u0119<br data-start=\"1269\" data-end=\"1272\" \/>Herkunft: Australien<br data-start=\"1292\" data-end=\"1295\" \/>Sertifikatas: Val\u00e9rie DURAFFOURG (Gem-A)<br data-start=\"1333\" data-end=\"1336\" \/>B\u016bkl\u0117: nauja<\/p>\n<hr data-start=\"1350\" data-end=\"1353\" \/>\n<h4 data-start=\"1355\" data-end=\"1374\"><span class=\"ez-toc-section\" id=\"Besonderheiten\"><\/span>Specialiosios funkcijos<span class=\"ez-toc-section-end\"><\/span><\/h4>\n<p data-start=\"1375\" data-end=\"1712\">Der Opal 2.24 Karat Schwarz-Oval bietet das begehrte, kontraststarke Farbspiel (\u201ePlay-of-Colour\u201c) mit gr\u00fcnen, blauen, gelben und orangen Feuern auf dunkler Basis. Das ovale Cabochon-Profil mit guter Dicke (3.33 mm) betont das Leuchten und macht den Stein ideal f\u00fcr luxuri\u00f6se Ringe oder Anh\u00e4nger. Unbehandelte, zertifizierte Qualit\u00e4t.<\/p>\n<hr data-start=\"1926\" data-end=\"1929\" \/>\n<h4 data-start=\"1931\" data-end=\"1971\"><span class=\"ez-toc-section\" id=\"Mehr_uber_unsere_Edelsteine\"><\/span>Daugiau apie m\u016bs\u0173 brangakmenius<span class=\"ez-toc-section-end\"><\/span><\/h4>\n<p data-start=\"1972\" data-end=\"2069\"><a href=\"https:\/\/saphirsmaragd.com\/lt\/product-category\/edelsteine-kaufen\/\">brangakmeniai<\/a><\/p>\n<hr data-start=\"2071\" data-end=\"2074\" \/>\n<h4 data-start=\"2076\" data-end=\"2096\"><span class=\"ez-toc-section\" id=\"Weitere_Infos\"><\/span>Daugiau informacijos<span class=\"ez-toc-section-end\"><\/span><\/h4>\n<p><a href=\"https:\/\/de.wikipedia.org\/wiki\/Opal\" target=\"_blank\" rel=\"noopener\">Vikipedija: opalas<\/a><\/p>","protected":false},"excerpt":{"rendered":"<p data-start=\"273\" data-end=\"483\"><em>Opal 2.24 Karat Schwarz Oval \u2013 seltener australischer Schwarzer Opal, ovaler Cabochon mit intensivem Regenbogen-Farbspiel, unbehandelt, mit Zertifikat. Exklusiver Statement-Stein.<\/em><\/p>\n<p data-start=\"485\" data-end=\"631\">\n<h3 data-start=\"660\" data-end=\"684\"><\/h3>\n<p data-start=\"575\" data-end=\"606\">","protected":false},"featured_media":2747,"comment_status":"open","ping_status":"closed","template":"","meta":{"_glsr_average":0,"_glsr_ranking":0,"_glsr_reviews":0},"product_brand":[],"product_cat":[75],"product_tag":[],"class_list":{"0":"post-2743","1":"product","2":"type-product","3":"status-publish","4":"has-post-thumbnail","6":"product_cat-opale-kaufen","7":"pa_edelsteinart-opal","8":"pa_farbe-schwarz","9":"pa_form-oval","10":"pa_gewicht-karat-1-0-3-0-karat","11":"pa_herkunft-australien","12":"pa_reinheit-undurchsichtig","13":"pa_veredelung-behandlung-unbehandelt","14":"pa_zertifikat-ja","15":"pa_zustand-neu","17":"first","18":"instock","19":"featured","20":"sold-individually","21":"shipping-taxable","22":"purchasable","23":"product-type-simple","24":"add-to-wishlist-before_image"},"jetpack_sharing_enabled":true,"_links":{"self":[{"href":"https:\/\/saphirsmaragd.com\/lt\/wp-json\/wp\/v2\/product\/2743","targetHints":{"allow":["GET"]}}],"collection":[{"href":"https:\/\/saphirsmaragd.com\/lt\/wp-json\/wp\/v2\/product"}],"about":[{"href":"https:\/\/saphirsmaragd.com\/lt\/wp-json\/wp\/v2\/types\/product"}],"replies":[{"embeddable":true,"href":"https:\/\/saphirsmaragd.com\/lt\/wp-json\/wp\/v2\/comments?post=2743"}],"version-history":[{"count":2,"href":"https:\/\/saphirsmaragd.com\/lt\/wp-json\/wp\/v2\/product\/2743\/revisions"}],"predecessor-version":[{"id":2749,"href":"https:\/\/saphirsmaragd.com\/lt\/wp-json\/wp\/v2\/product\/2743\/revisions\/2749"}],"wp:featuredmedia":[{"embeddable":true,"href":"https:\/\/saphirsmaragd.com\/lt\/wp-json\/wp\/v2\/media\/2747"}],"wp:attachment":[{"href":"https:\/\/saphirsmaragd.com\/lt\/wp-json\/wp\/v2\/media?parent=2743"}],"wp:term":[{"taxonomy":"product_brand","embeddable":true,"href":"https:\/\/saphirsmaragd.com\/lt\/wp-json\/wp\/v2\/product_brand?post=2743"},{"taxonomy":"product_cat","embeddable":true,"href":"https:\/\/saphirsmaragd.com\/lt\/wp-json\/wp\/v2\/product_cat?post=2743"},{"taxonomy":"product_tag","embeddable":true,"href":"https:\/\/saphirsmaragd.com\/lt\/wp-json\/wp\/v2\/product_tag?post=2743"}],"curies":[{"name":"wp","href":"https:\/\/api.w.org\/{rel}","templated":true}]}}