{"id":3162,"date":"2025-10-15T10:02:13","date_gmt":"2025-10-15T10:02:13","guid":{"rendered":"https:\/\/saphirsmaragd.com\/?post_type=product&#038;p=3162"},"modified":"2025-12-29T18:57:51","modified_gmt":"2025-12-29T18:57:51","slug":"spinell-2-83-karat-blau-tropfen","status":"publish","type":"product","link":"https:\/\/saphirsmaragd.com\/lt\/produktas\/spinell-2-83-karat-blau-tropfen\/","title":{"rendered":"Spinell 2.83 Karat Blau Tropfen \u2013 Facettierter Edelstein aus Tansania"},"content":{"rendered":"<div id=\"ez-toc-container\" class=\"ez-toc-v2_0_82_2 counter-hierarchy ez-toc-counter ez-toc-grey ez-toc-container-direction\">\n<div class=\"ez-toc-title-container\">\n<p class=\"ez-toc-title\" style=\"cursor:inherit\">Turinys<\/p>\n<span class=\"ez-toc-title-toggle\"><a href=\"#\" class=\"ez-toc-pull-right ez-toc-btn ez-toc-btn-xs ez-toc-btn-default ez-toc-toggle\" aria-label=\"Toggle Table of Content\"><span class=\"ez-toc-js-icon-con\"><span class=\"\"><span class=\"eztoc-hide\" style=\"display:none;\">Perjungti<\/span><span class=\"ez-toc-icon-toggle-span\"><svg style=\"fill: #999;color:#999\" xmlns=\"http:\/\/www.w3.org\/2000\/svg\" class=\"list-377408\" width=\"20px\" height=\"20px\" viewbox=\"0 0 24 24\" fill=\"none\"><path d=\"M6 6H4v2h2V6zm14 0H8v2h12V6zM4 11h2v2H4v-2zm16 0H8v2h12v-2zM4 16h2v2H4v-2zm16 0H8v2h12v-2z\" fill=\"currentColor\"><\/path><\/svg><svg style=\"fill: #999;color:#999\" class=\"arrow-unsorted-368013\" xmlns=\"http:\/\/www.w3.org\/2000\/svg\" width=\"10px\" height=\"10px\" viewbox=\"0 0 24 24\" version=\"1.2\" baseprofile=\"tiny\"><path d=\"M18.2 9.3l-6.2-6.3-6.2 6.3c-.2.2-.3.4-.3.7s.1.5.3.7c.2.2.4.3.7.3h11c.3 0 .5-.1.7-.3.2-.2.3-.5.3-.7s-.1-.5-.3-.7zM5.8 14.7l6.2 6.3 6.2-6.3c.2-.2.3-.5.3-.7s-.1-.5-.3-.7c-.2-.2-.4-.3-.7-.3h-11c-.3 0-.5.1-.7.3-.2.2-.3.5-.3.7s.1.5.3.7z\"\/><\/svg><\/span><\/span><\/span><\/a><\/span><\/div>\n<nav><ul class='ez-toc-list ez-toc-list-level-1' ><li class='ez-toc-page-1 ez-toc-heading-level-4'><a class=\"ez-toc-link ez-toc-heading-1\" href=\"https:\/\/saphirsmaragd.com\/lt\/produktas\/spinell-2-83-karat-blau-tropfen\/#Spinell_283_Karat_Blau_Tropfen_%E2%80%93_Exklusiver_Edelstein_mit_intensiver_Farbe\" >Spinell 2.83 Karat Blau Tropfen \u2013 Exklusiver Edelstein mit intensiver Farbe<\/a><\/li><li class='ez-toc-page-1 ez-toc-heading-level-4'><a class=\"ez-toc-link ez-toc-heading-2\" href=\"https:\/\/saphirsmaragd.com\/lt\/produktas\/spinell-2-83-karat-blau-tropfen\/#Merkmale_Herkunft\" >Savyb\u0117s ir kilm\u0117<\/a><\/li><li class='ez-toc-page-1 ez-toc-heading-level-4'><a class=\"ez-toc-link ez-toc-heading-3\" href=\"https:\/\/saphirsmaragd.com\/lt\/produktas\/spinell-2-83-karat-blau-tropfen\/#Besonderheiten\" >Specialiosios funkcijos<\/a><\/li><li class='ez-toc-page-1 ez-toc-heading-level-4'><a class=\"ez-toc-link ez-toc-heading-4\" href=\"https:\/\/saphirsmaragd.com\/lt\/produktas\/spinell-2-83-karat-blau-tropfen\/#Mehr_uber_unsere_Edelsteine\" >Daugiau apie m\u016bs\u0173 brangakmenius<\/a><\/li><li class='ez-toc-page-1 ez-toc-heading-level-4'><a class=\"ez-toc-link ez-toc-heading-5\" href=\"https:\/\/saphirsmaragd.com\/lt\/produktas\/spinell-2-83-karat-blau-tropfen\/#Weitere_Infos\" >Daugiau informacijos<\/a><\/li><\/ul><\/nav><\/div>\n<h4 data-start=\"699\" data-end=\"782\"><span class=\"ez-toc-section\" id=\"Spinell_283_Karat_Blau_Tropfen_%E2%80%93_Exklusiver_Edelstein_mit_intensiver_Farbe\"><\/span><strong data-start=\"703\" data-end=\"782\">Spinell 2.83 Karat Blau Tropfen \u2013 Exklusiver Edelstein mit intensiver Farbe<\/strong><span class=\"ez-toc-section-end\"><\/span><\/h4>\n<p data-start=\"784\" data-end=\"1045\">Dieser Spinell 2.83 Karat Blau Tropfen verbindet nat\u00fcrliche Eleganz mit brillanter Lichtreflexion. Durch seinen facettierten Schliff und die tiefblaue T\u00f6nung eignet sich dieser Edelstein perfekt f\u00fcr hochwertige Schmuckkreationen oder anspruchsvolle Sammler.<\/p>\n<hr data-start=\"1195\" data-end=\"1198\" \/>\n<h4 data-start=\"1200\" data-end=\"1227\"><span class=\"ez-toc-section\" id=\"Merkmale_Herkunft\"><\/span>Savyb\u0117s ir kilm\u0117<span class=\"ez-toc-section-end\"><\/span><\/h4>\n<p data-start=\"1229\" data-end=\"1451\">Steinart: Spinell<br data-start=\"1246\" data-end=\"1249\" \/>Spalva: m\u0117lyna<br data-start=\"1260\" data-end=\"1263\" \/>Forma: La\u0161eliai<br data-start=\"1276\" data-end=\"1279\" \/>Gewicht: 2.83 Karat<br data-start=\"1298\" data-end=\"1301\" \/>Gr\u00f6\u00dfe: 9.68 \u00d7 7.33 mm<br data-start=\"1322\" data-end=\"1325\" \/>Dicke: 5.1 mm<br data-start=\"1338\" data-end=\"1341\" \/>H\u00e4rte: 8 auf der Mohs-Skala<br data-start=\"1368\" data-end=\"1371\" \/>Reinheit: Sehr kleine Einschl\u00fcsse<br data-start=\"1404\" data-end=\"1407\" \/>Gydymas: negydytas<br data-start=\"1430\" data-end=\"1433\" \/>Herkunft: Tansania<\/p>\n<hr data-start=\"1453\" data-end=\"1456\" \/>\n<h4 data-start=\"1458\" data-end=\"1480\"><span class=\"ez-toc-section\" id=\"Besonderheiten\"><\/span>Specialiosios funkcijos<span class=\"ez-toc-section-end\"><\/span><\/h4>\n<p data-start=\"1482\" data-end=\"1704\">Dieser Spinell zeichnet sich durch seine tiefe, lebendige Blaut\u00f6nung mit nat\u00fcrlichem Glanz aus. Die Tropfenform und der pr\u00e4zise Schliff sorgen f\u00fcr starke Lichtreflexion und machen ihn ideal f\u00fcr ma\u00dfgefertigte Schmuckst\u00fccke.<\/p>\n<hr data-start=\"1926\" data-end=\"1929\" \/>\n<h4 data-start=\"1931\" data-end=\"1971\"><span class=\"ez-toc-section\" id=\"Mehr_uber_unsere_Edelsteine\"><\/span>Daugiau apie m\u016bs\u0173 brangakmenius<span class=\"ez-toc-section-end\"><\/span><\/h4>\n<p data-start=\"1972\" data-end=\"2069\"><a href=\"https:\/\/saphirsmaragd.com\/lt\/product-category\/edelsteine-kaufen\/\">brangakmeniai<\/a><\/p>\n<hr data-start=\"2071\" data-end=\"2074\" \/>\n<h4 data-start=\"2076\" data-end=\"2096\"><span class=\"ez-toc-section\" id=\"Weitere_Infos\"><\/span>Daugiau informacijos<span class=\"ez-toc-section-end\"><\/span><\/h4>\n<p><a href=\"https:\/\/de.wikipedia.org\/wiki\/Spinell\" target=\"_blank\" rel=\"noopener\">Wikipedia: Spinell<\/a><\/p>","protected":false},"excerpt":{"rendered":"<p data-start=\"384\" data-end=\"513\"><em>Spinell 2.83 Karat Blau Tropfen \u2013 Nat\u00fcrlicher, facettierter Edelstein aus Tansania mit sch\u00f6ner Reinheit und brillantem Glanz.<\/em><\/p>\n<h3 data-start=\"660\" data-end=\"684\"><\/h3>\n<p data-start=\"575\" data-end=\"606\">","protected":false},"featured_media":3166,"comment_status":"open","ping_status":"closed","template":"","meta":{"_glsr_average":0,"_glsr_ranking":0,"_glsr_reviews":0},"product_brand":[],"product_cat":[290],"product_tag":[],"class_list":{"0":"post-3162","1":"product","2":"type-product","3":"status-publish","4":"has-post-thumbnail","6":"product_cat-spinell","7":"pa_edelsteinart-spinell","8":"pa_farbe-blau","9":"pa_form-tropfen","10":"pa_gewicht-karat-1-0-3-0-karat","11":"pa_herkunft-tansania","12":"pa_reinheit-sehr-kleine-einschluesse","13":"pa_veredelung-behandlung-unbehandelt","14":"pa_zertifikat-ja","15":"pa_zustand-neu","17":"first","18":"instock","19":"featured","20":"sold-individually","21":"shipping-taxable","22":"purchasable","23":"product-type-simple","24":"add-to-wishlist-before_image"},"jetpack_sharing_enabled":true,"_links":{"self":[{"href":"https:\/\/saphirsmaragd.com\/lt\/wp-json\/wp\/v2\/product\/3162","targetHints":{"allow":["GET"]}}],"collection":[{"href":"https:\/\/saphirsmaragd.com\/lt\/wp-json\/wp\/v2\/product"}],"about":[{"href":"https:\/\/saphirsmaragd.com\/lt\/wp-json\/wp\/v2\/types\/product"}],"replies":[{"embeddable":true,"href":"https:\/\/saphirsmaragd.com\/lt\/wp-json\/wp\/v2\/comments?post=3162"}],"version-history":[{"count":2,"href":"https:\/\/saphirsmaragd.com\/lt\/wp-json\/wp\/v2\/product\/3162\/revisions"}],"predecessor-version":[{"id":3167,"href":"https:\/\/saphirsmaragd.com\/lt\/wp-json\/wp\/v2\/product\/3162\/revisions\/3167"}],"wp:featuredmedia":[{"embeddable":true,"href":"https:\/\/saphirsmaragd.com\/lt\/wp-json\/wp\/v2\/media\/3166"}],"wp:attachment":[{"href":"https:\/\/saphirsmaragd.com\/lt\/wp-json\/wp\/v2\/media?parent=3162"}],"wp:term":[{"taxonomy":"product_brand","embeddable":true,"href":"https:\/\/saphirsmaragd.com\/lt\/wp-json\/wp\/v2\/product_brand?post=3162"},{"taxonomy":"product_cat","embeddable":true,"href":"https:\/\/saphirsmaragd.com\/lt\/wp-json\/wp\/v2\/product_cat?post=3162"},{"taxonomy":"product_tag","embeddable":true,"href":"https:\/\/saphirsmaragd.com\/lt\/wp-json\/wp\/v2\/product_tag?post=3162"}],"curies":[{"name":"wp","href":"https:\/\/api.w.org\/{rel}","templated":true}]}}