{"id":4274,"date":"2025-11-02T11:36:17","date_gmt":"2025-11-02T11:36:17","guid":{"rendered":"https:\/\/saphirsmaragd.com\/?post_type=product&#038;p=4274"},"modified":"2025-12-29T18:50:20","modified_gmt":"2025-12-29T18:50:20","slug":"turmalin-1-48-karat-blaugruen-oval","status":"publish","type":"product","link":"https:\/\/saphirsmaragd.com\/lt\/produktas\/turmalin-1-48-karat-blaugruen-oval\/","title":{"rendered":"Turmalin 1.48 Karat Blaugr\u00fcn Oval \u2013 eleganter Edelstein mit feinem Schimmer"},"content":{"rendered":"<div id=\"ez-toc-container\" class=\"ez-toc-v2_0_82_2 counter-hierarchy ez-toc-counter ez-toc-grey ez-toc-container-direction\">\n<div class=\"ez-toc-title-container\">\n<p class=\"ez-toc-title\" style=\"cursor:inherit\">Turinys<\/p>\n<span class=\"ez-toc-title-toggle\"><a href=\"#\" class=\"ez-toc-pull-right ez-toc-btn ez-toc-btn-xs ez-toc-btn-default ez-toc-toggle\" aria-label=\"Toggle Table of Content\"><span class=\"ez-toc-js-icon-con\"><span class=\"\"><span class=\"eztoc-hide\" style=\"display:none;\">Perjungti<\/span><span class=\"ez-toc-icon-toggle-span\"><svg style=\"fill: #999;color:#999\" xmlns=\"http:\/\/www.w3.org\/2000\/svg\" class=\"list-377408\" width=\"20px\" height=\"20px\" viewbox=\"0 0 24 24\" fill=\"none\"><path d=\"M6 6H4v2h2V6zm14 0H8v2h12V6zM4 11h2v2H4v-2zm16 0H8v2h12v-2zM4 16h2v2H4v-2zm16 0H8v2h12v-2z\" fill=\"currentColor\"><\/path><\/svg><svg style=\"fill: #999;color:#999\" class=\"arrow-unsorted-368013\" xmlns=\"http:\/\/www.w3.org\/2000\/svg\" width=\"10px\" height=\"10px\" viewbox=\"0 0 24 24\" version=\"1.2\" baseprofile=\"tiny\"><path d=\"M18.2 9.3l-6.2-6.3-6.2 6.3c-.2.2-.3.4-.3.7s.1.5.3.7c.2.2.4.3.7.3h11c.3 0 .5-.1.7-.3.2-.2.3-.5.3-.7s-.1-.5-.3-.7zM5.8 14.7l6.2 6.3 6.2-6.3c.2-.2.3-.5.3-.7s-.1-.5-.3-.7c-.2-.2-.4-.3-.7-.3h-11c-.3 0-.5.1-.7.3-.2.2-.3.5-.3.7s.1.5.3.7z\"\/><\/svg><\/span><\/span><\/span><\/a><\/span><\/div>\n<nav><ul class='ez-toc-list ez-toc-list-level-1' ><li class='ez-toc-page-1 ez-toc-heading-level-4'><a class=\"ez-toc-link ez-toc-heading-1\" href=\"https:\/\/saphirsmaragd.com\/lt\/produktas\/turmalin-1-48-karat-blaugruen-oval\/#Turmalin_148_Karat_Blaugrun_Oval_%E2%80%93_faszinierende_Eleganz_in_klarer_Farbnuance\" >Turmalin 1.48 Karat Blaugr\u00fcn Oval \u2013 faszinierende Eleganz in klarer Farbnuance<\/a><\/li><li class='ez-toc-page-1 ez-toc-heading-level-4'><a class=\"ez-toc-link ez-toc-heading-2\" href=\"https:\/\/saphirsmaragd.com\/lt\/produktas\/turmalin-1-48-karat-blaugruen-oval\/#Merkmale_Herkunft\" >Savyb\u0117s ir kilm\u0117<\/a><\/li><li class='ez-toc-page-1 ez-toc-heading-level-4'><a class=\"ez-toc-link ez-toc-heading-3\" href=\"https:\/\/saphirsmaragd.com\/lt\/produktas\/turmalin-1-48-karat-blaugruen-oval\/#Besonderheiten\" >Specialiosios funkcijos<\/a><\/li><li class='ez-toc-page-1 ez-toc-heading-level-4'><a class=\"ez-toc-link ez-toc-heading-4\" href=\"https:\/\/saphirsmaragd.com\/lt\/produktas\/turmalin-1-48-karat-blaugruen-oval\/#Mehr_uber_unsere_Edelsteine\" >Daugiau apie m\u016bs\u0173 brangakmenius<\/a><\/li><li class='ez-toc-page-1 ez-toc-heading-level-4'><a class=\"ez-toc-link ez-toc-heading-5\" href=\"https:\/\/saphirsmaragd.com\/lt\/produktas\/turmalin-1-48-karat-blaugruen-oval\/#Weitere_Infos\" >Daugiau informacijos<\/a><\/li><\/ul><\/nav><\/div>\n<h4 data-start=\"815\" data-end=\"900\"><span class=\"ez-toc-section\" id=\"Turmalin_148_Karat_Blaugrun_Oval_%E2%80%93_faszinierende_Eleganz_in_klarer_Farbnuance\"><\/span>Turmalin 1.48 Karat Blaugr\u00fcn Oval \u2013 faszinierende Eleganz in klarer Farbnuance<span class=\"ez-toc-section-end\"><\/span><\/h4>\n<p data-start=\"901\" data-end=\"1168\">Dieser edle Turmalin 1.48 Karat Blaugr\u00fcn Oval vereint ein sanftes Blau mit feinen Gr\u00fcnt\u00f6nen zu einem harmonischen Farbspiel. Durch den pr\u00e4zisen Ovalschliff wird das Licht perfekt reflektiert, wodurch der Stein seine leuchtende, kristallklare Brillanz entfaltet.<\/p>\n<p data-start=\"1170\" data-end=\"1426\">Mit einem Gewicht von 1.48 Karat und den Ma\u00dfen 8.2 \u00d7 5.9 mm ist er ideal f\u00fcr feine Schmuckfassungen \u2013 ob Ring, Anh\u00e4nger oder Ohrringe. Seine hohe Transparenz und nat\u00fcrliche Farbnuance machen ihn zu einem begehrten Sammlerst\u00fcck und einem wahren Blickfang.<\/p>\n<hr data-start=\"1428\" data-end=\"1431\" \/>\n<h4 data-start=\"1433\" data-end=\"1462\"><span class=\"ez-toc-section\" id=\"Merkmale_Herkunft\"><\/span>Savyb\u0117s ir kilm\u0117<span class=\"ez-toc-section-end\"><\/span><\/h4>\n<p data-start=\"1463\" data-end=\"1733\">Akmens tipas: turmalinas<br data-start=\"1481\" data-end=\"1484\" \/>Farbe: Blaugr\u00fcn<br data-start=\"1499\" data-end=\"1502\" \/>Form: Oval facettiert<br data-start=\"1523\" data-end=\"1526\" \/>Gewicht: 1.48 Karat<br data-start=\"1545\" data-end=\"1548\" \/>Kietumas: 7 balai pagal Moso skal\u0119<br data-start=\"1575\" data-end=\"1578\" \/>Gr\u00f6\u00dfe: 8.2 \u00d7 5.9 mm<br data-start=\"1597\" data-end=\"1600\" \/>Reinheit: Augenrein<br data-start=\"1619\" data-end=\"1622\" \/>Gydymas: negydytas<br data-start=\"1645\" data-end=\"1648\" \/>Kilm\u0117: Brazilija<br data-start=\"1667\" data-end=\"1670\" \/>Zertifikat: Val\u00e9rie DURAFFOURG (Gem-A, London)<br data-start=\"1716\" data-end=\"1719\" \/>B\u016bkl\u0117: nauja<\/p>\n<hr data-start=\"1735\" data-end=\"1738\" \/>\n<h4 data-start=\"1740\" data-end=\"1764\"><span class=\"ez-toc-section\" id=\"Besonderheiten\"><\/span>Specialiosios funkcijos<span class=\"ez-toc-section-end\"><\/span><\/h4>\n<p data-start=\"1765\" data-end=\"2087\">Der Turmalin 1.48 Karat Blaugr\u00fcn Oval zeichnet sich durch seinen feinen \u00dcbergang zwischen Blau und Gr\u00fcn aus \u2013 eine der begehrtesten Farbvarianten unter Turmalinen. Die subtile, elegante Farbgebung vermittelt Ruhe und Harmonie, w\u00e4hrend die hervorragende Reinheit und Facettierung f\u00fcr ein funkelndes Lichtspiel sorgen.<\/p>\n<hr data-start=\"1926\" data-end=\"1929\" \/>\n<h4 data-start=\"1931\" data-end=\"1971\"><span class=\"ez-toc-section\" id=\"Mehr_uber_unsere_Edelsteine\"><\/span>Daugiau apie m\u016bs\u0173 brangakmenius<span class=\"ez-toc-section-end\"><\/span><\/h4>\n<p data-start=\"1972\" data-end=\"2069\"><a href=\"https:\/\/saphirsmaragd.com\/lt\/product-category\/edelsteine-kaufen\/\">brangakmeniai<\/a><\/p>\n<hr data-start=\"2071\" data-end=\"2074\" \/>\n<h4 data-start=\"2076\" data-end=\"2096\"><span class=\"ez-toc-section\" id=\"Weitere_Infos\"><\/span>Daugiau informacijos<span class=\"ez-toc-section-end\"><\/span><\/h4>\n<p><a href=\"https:\/\/de.wikipedia.org\/wiki\/Turmalin\" target=\"_blank\" rel=\"noopener\">Vikipedija: Turmalinas<\/a><\/p>","protected":false},"excerpt":{"rendered":"<p data-start=\"452\" data-end=\"669\"><em>Dieser Turmalin 1.48 Karat Blaugr\u00fcn Oval beeindruckt mit einer zarten Mischung aus Blau und Gr\u00fcn sowie au\u00dfergew\u00f6hnlicher Klarheit. Ein zertifizierter, facettierter Naturstein \u2013 ideal f\u00fcr hochwertige Schmuckkreationen.<\/em><\/p>\n<h2 data-start=\"523\" data-end=\"548\"><\/h2>","protected":false},"featured_media":4277,"comment_status":"open","ping_status":"closed","template":"","meta":{"_glsr_average":0,"_glsr_ranking":0,"_glsr_reviews":0},"product_brand":[],"product_cat":[109],"product_tag":[],"class_list":{"0":"post-4274","1":"product","2":"type-product","3":"status-publish","4":"has-post-thumbnail","6":"product_cat-turmalin-kaufen","7":"pa_edelsteinart-turmalin","8":"pa_farbe-gruen","9":"pa_form-oval","10":"pa_gewicht-karat-1-0-3-0-karat","11":"pa_herkunft-brasilien","12":"pa_reinheit-augenrein","13":"pa_veredelung-behandlung-unbehandelt","14":"pa_zertifikat-ja","15":"pa_zustand-neu","17":"first","18":"instock","19":"featured","20":"sold-individually","21":"shipping-taxable","22":"purchasable","23":"product-type-simple","24":"add-to-wishlist-before_image"},"jetpack_sharing_enabled":true,"_links":{"self":[{"href":"https:\/\/saphirsmaragd.com\/lt\/wp-json\/wp\/v2\/product\/4274","targetHints":{"allow":["GET"]}}],"collection":[{"href":"https:\/\/saphirsmaragd.com\/lt\/wp-json\/wp\/v2\/product"}],"about":[{"href":"https:\/\/saphirsmaragd.com\/lt\/wp-json\/wp\/v2\/types\/product"}],"replies":[{"embeddable":true,"href":"https:\/\/saphirsmaragd.com\/lt\/wp-json\/wp\/v2\/comments?post=4274"}],"version-history":[{"count":1,"href":"https:\/\/saphirsmaragd.com\/lt\/wp-json\/wp\/v2\/product\/4274\/revisions"}],"predecessor-version":[{"id":4278,"href":"https:\/\/saphirsmaragd.com\/lt\/wp-json\/wp\/v2\/product\/4274\/revisions\/4278"}],"wp:featuredmedia":[{"embeddable":true,"href":"https:\/\/saphirsmaragd.com\/lt\/wp-json\/wp\/v2\/media\/4277"}],"wp:attachment":[{"href":"https:\/\/saphirsmaragd.com\/lt\/wp-json\/wp\/v2\/media?parent=4274"}],"wp:term":[{"taxonomy":"product_brand","embeddable":true,"href":"https:\/\/saphirsmaragd.com\/lt\/wp-json\/wp\/v2\/product_brand?post=4274"},{"taxonomy":"product_cat","embeddable":true,"href":"https:\/\/saphirsmaragd.com\/lt\/wp-json\/wp\/v2\/product_cat?post=4274"},{"taxonomy":"product_tag","embeddable":true,"href":"https:\/\/saphirsmaragd.com\/lt\/wp-json\/wp\/v2\/product_tag?post=4274"}],"curies":[{"name":"wp","href":"https:\/\/api.w.org\/{rel}","templated":true}]}}