{"id":4314,"date":"2025-11-02T13:29:26","date_gmt":"2025-11-02T13:29:26","guid":{"rendered":"https:\/\/saphirsmaragd.com\/?post_type=product&#038;p=4314"},"modified":"2025-12-29T18:50:09","modified_gmt":"2025-12-29T18:50:09","slug":"zirkon-2-43-karat-braun-tropfen","status":"publish","type":"product","link":"https:\/\/saphirsmaragd.com\/lt\/produktas\/zirkon-2-43-karat-braun-tropfen\/","title":{"rendered":"Zirkon 2.43 Karat Braun Tropfen \u2013 seltener Hyazinth-Zirkon mit warmem Glanz"},"content":{"rendered":"<h4 data-start=\"768\" data-end=\"852\"><\/h4>\n<div id=\"ez-toc-container\" class=\"ez-toc-v2_0_82_2 counter-hierarchy ez-toc-counter ez-toc-grey ez-toc-container-direction\">\n<div class=\"ez-toc-title-container\">\n<p class=\"ez-toc-title\" style=\"cursor:inherit\">Turinys<\/p>\n<span class=\"ez-toc-title-toggle\"><a href=\"#\" class=\"ez-toc-pull-right ez-toc-btn ez-toc-btn-xs ez-toc-btn-default ez-toc-toggle\" aria-label=\"Toggle Table of Content\"><span class=\"ez-toc-js-icon-con\"><span class=\"\"><span class=\"eztoc-hide\" style=\"display:none;\">Perjungti<\/span><span class=\"ez-toc-icon-toggle-span\"><svg style=\"fill: #999;color:#999\" xmlns=\"http:\/\/www.w3.org\/2000\/svg\" class=\"list-377408\" width=\"20px\" height=\"20px\" viewbox=\"0 0 24 24\" fill=\"none\"><path d=\"M6 6H4v2h2V6zm14 0H8v2h12V6zM4 11h2v2H4v-2zm16 0H8v2h12v-2zM4 16h2v2H4v-2zm16 0H8v2h12v-2z\" fill=\"currentColor\"><\/path><\/svg><svg style=\"fill: #999;color:#999\" class=\"arrow-unsorted-368013\" xmlns=\"http:\/\/www.w3.org\/2000\/svg\" width=\"10px\" height=\"10px\" viewbox=\"0 0 24 24\" version=\"1.2\" baseprofile=\"tiny\"><path d=\"M18.2 9.3l-6.2-6.3-6.2 6.3c-.2.2-.3.4-.3.7s.1.5.3.7c.2.2.4.3.7.3h11c.3 0 .5-.1.7-.3.2-.2.3-.5.3-.7s-.1-.5-.3-.7zM5.8 14.7l6.2 6.3 6.2-6.3c.2-.2.3-.5.3-.7s-.1-.5-.3-.7c-.2-.2-.4-.3-.7-.3h-11c-.3 0-.5.1-.7.3-.2.2-.3.5-.3.7s.1.5.3.7z\"\/><\/svg><\/span><\/span><\/span><\/a><\/span><\/div>\n<nav><ul class='ez-toc-list ez-toc-list-level-1' ><li class='ez-toc-page-1 ez-toc-heading-level-4'><a class=\"ez-toc-link ez-toc-heading-1\" href=\"https:\/\/saphirsmaragd.com\/lt\/produktas\/zirkon-2-43-karat-braun-tropfen\/#Zirkon_243_Karat_Braun_Tropfen_%E2%80%93_naturliche_Eleganz_und_faszinierende_Tiefe\" >Zirkon 2.43 Karat Braun Tropfen \u2013 nat\u00fcrliche Eleganz und faszinierende Tiefe<\/a><\/li><li class='ez-toc-page-1 ez-toc-heading-level-4'><a class=\"ez-toc-link ez-toc-heading-2\" href=\"https:\/\/saphirsmaragd.com\/lt\/produktas\/zirkon-2-43-karat-braun-tropfen\/#Merkmale_Herkunft\" >Savyb\u0117s ir kilm\u0117<\/a><\/li><li class='ez-toc-page-1 ez-toc-heading-level-4'><a class=\"ez-toc-link ez-toc-heading-3\" href=\"https:\/\/saphirsmaragd.com\/lt\/produktas\/zirkon-2-43-karat-braun-tropfen\/#Besonderheiten\" >Specialiosios funkcijos<\/a><\/li><li class='ez-toc-page-1 ez-toc-heading-level-4'><a class=\"ez-toc-link ez-toc-heading-4\" href=\"https:\/\/saphirsmaragd.com\/lt\/produktas\/zirkon-2-43-karat-braun-tropfen\/#Mehr_uber_unsere_Edelsteine\" >Daugiau apie m\u016bs\u0173 brangakmenius<\/a><\/li><li class='ez-toc-page-1 ez-toc-heading-level-4'><a class=\"ez-toc-link ez-toc-heading-5\" href=\"https:\/\/saphirsmaragd.com\/lt\/produktas\/zirkon-2-43-karat-braun-tropfen\/#Weitere_Infos\" >Daugiau informacijos<\/a><\/li><\/ul><\/nav><\/div>\n<h4 data-start=\"909\" data-end=\"992\"><span class=\"ez-toc-section\" id=\"Zirkon_243_Karat_Braun_Tropfen_%E2%80%93_naturliche_Eleganz_und_faszinierende_Tiefe\"><\/span>Zirkon 2.43 Karat Braun Tropfen \u2013 nat\u00fcrliche Eleganz und faszinierende Tiefe<span class=\"ez-toc-section-end\"><\/span><\/h4>\n<p data-start=\"993\" data-end=\"1287\">Der <strong data-start=\"997\" data-end=\"1032\">Zirkon 2.43 Karat Braun Tropfen<\/strong> (auch Hyazinth-Zirkon genannt) besticht durch seinen intensiven, warmen Braunton mit dezenten r\u00f6tlichen Nuancen. Mit einer Gr\u00f6\u00dfe von <strong data-start=\"1166\" data-end=\"1184\">7.76 \u00d7 7.70 mm<\/strong> und tropfenf\u00f6rmigem Facettenschliff reflektiert dieser Edelstein das Licht auf eindrucksvolle Weise.<\/p>\n<p data-start=\"1289\" data-end=\"1534\">Der Hyazinth-Zirkon gilt seit Jahrhunderten als Symbol f\u00fcr Erdverbundenheit und innere St\u00e4rke. Seine feurige Farbe entsteht durch nat\u00fcrliche Spuren von Eisen und Thorium \u2013 eine Laune der Natur, die ihm seinen charakteristischen Glanz verleiht.<\/p>\n<hr data-start=\"1536\" data-end=\"1539\" \/>\n<h4 data-start=\"1541\" data-end=\"1570\"><span class=\"ez-toc-section\" id=\"Merkmale_Herkunft\"><\/span>Savyb\u0117s ir kilm\u0117<span class=\"ez-toc-section-end\"><\/span><\/h4>\n<p data-start=\"1571\" data-end=\"1874\">Steinart: Zirkon (Hyazinth-Zirkon)<br data-start=\"1605\" data-end=\"1608\" \/>Farbe: Braun<br data-start=\"1620\" data-end=\"1623\" \/>Form: Tropfen facettiert<br data-start=\"1647\" data-end=\"1650\" \/>Gewicht: 2.43 Karat<br data-start=\"1669\" data-end=\"1672\" \/>Kietumas: 7 balai pagal Moso skal\u0119<br data-start=\"1699\" data-end=\"1702\" \/>Gr\u00f6\u00dfe: 7.76 \u00d7 7.70 mm<br data-start=\"1723\" data-end=\"1726\" \/>Reinheit: Sehr kleine Einschl\u00fcsse<br data-start=\"1759\" data-end=\"1762\" \/>Gydymas: negydytas<br data-start=\"1785\" data-end=\"1788\" \/>Herkunft: Kambodscha<br data-start=\"1808\" data-end=\"1811\" \/>Zertifikat: Val\u00e9rie DURAFFOURG (Gem-A, London)<br data-start=\"1857\" data-end=\"1860\" \/>B\u016bkl\u0117: nauja<\/p>\n<hr data-start=\"1876\" data-end=\"1879\" \/>\n<h4 data-start=\"1881\" data-end=\"1905\"><span class=\"ez-toc-section\" id=\"Besonderheiten\"><\/span>Specialiosios funkcijos<span class=\"ez-toc-section-end\"><\/span><\/h4>\n<p data-start=\"1906\" data-end=\"2177\">Der <strong data-start=\"1910\" data-end=\"1945\">Zirkon 2.43 Karat Braun Tropfen<\/strong> ist ein reiner Naturstein mit seltener, tiefbrauner Farbe und starkem Glanz. Sein tropfenf\u00f6rmiger Schliff betont das Lichtspiel und die Tiefe des Steins, w\u00e4hrend die nat\u00fcrliche Bildung ohne Behandlung seine Authentizit\u00e4t bewahrt.<\/p>\n<p data-start=\"2179\" data-end=\"2354\">Jeder Stein wird mit einem Echtheitszertifikat der renommierten Gemmologin <strong data-start=\"2254\" data-end=\"2292\">Val\u00e9rie DURAFFOURG (Gem-A, London)<\/strong> geliefert \u2013 ein Garant f\u00fcr Qualit\u00e4t, Herkunft und Reinheit.<\/p>\n<h4 data-start=\"1931\" data-end=\"1971\"><span class=\"ez-toc-section\" id=\"Mehr_uber_unsere_Edelsteine\"><\/span>Daugiau apie m\u016bs\u0173 brangakmenius<span class=\"ez-toc-section-end\"><\/span><\/h4>\n<p data-start=\"1972\" data-end=\"2069\"><a href=\"https:\/\/saphirsmaragd.com\/lt\/product-category\/edelsteine-kaufen\/\">brangakmeniai<\/a><\/p>\n<hr data-start=\"2071\" data-end=\"2074\" \/>\n<h4 data-start=\"2076\" data-end=\"2096\"><span class=\"ez-toc-section\" id=\"Weitere_Infos\"><\/span>Daugiau informacijos<span class=\"ez-toc-section-end\"><\/span><\/h4>\n<p><a href=\"https:\/\/de.wikipedia.org\/wiki\/Zirkon\" target=\"_blank\" rel=\"noopener\">Wikipedia: Zirkon<\/a><\/p>","protected":false},"excerpt":{"rendered":"<p data-start=\"497\" data-end=\"759\"><em>Dieser Zirkon 2.43 Karat Braun Tropfen, auch bekannt als Hyazinth-Zirkon, \u00fcberzeugt durch seinen warmen, r\u00f6tlich-braunen Farbton und seine brillante Leuchtkraft. Zertifiziert von Val\u00e9rie DURAFFOURG \u2013 ein edler Naturstein f\u00fcr anspruchsvolle Sammler und Juweliere.<\/em><\/p>\n<h2 data-start=\"523\" data-end=\"548\"><\/h2>","protected":false},"featured_media":4317,"comment_status":"open","ping_status":"closed","template":"","meta":{"_glsr_average":0,"_glsr_ranking":0,"_glsr_reviews":0},"product_brand":[],"product_cat":[301],"product_tag":[],"class_list":{"0":"post-4314","1":"product","2":"type-product","3":"status-publish","4":"has-post-thumbnail","6":"product_cat-zirkon","7":"pa_edelsteinart-zirkon","8":"pa_farbe-braun","9":"pa_form-tropfen","10":"pa_gewicht-karat-1-0-3-0-karat","11":"pa_herkunft-kambodscha","12":"pa_reinheit-sehr-kleine-einschluesse","13":"pa_veredelung-behandlung-unbehandelt","14":"pa_zertifikat-ja","15":"pa_zustand-neu","17":"first","18":"instock","19":"featured","20":"sold-individually","21":"shipping-taxable","22":"purchasable","23":"product-type-simple","24":"add-to-wishlist-before_image"},"jetpack_sharing_enabled":true,"_links":{"self":[{"href":"https:\/\/saphirsmaragd.com\/lt\/wp-json\/wp\/v2\/product\/4314","targetHints":{"allow":["GET"]}}],"collection":[{"href":"https:\/\/saphirsmaragd.com\/lt\/wp-json\/wp\/v2\/product"}],"about":[{"href":"https:\/\/saphirsmaragd.com\/lt\/wp-json\/wp\/v2\/types\/product"}],"replies":[{"embeddable":true,"href":"https:\/\/saphirsmaragd.com\/lt\/wp-json\/wp\/v2\/comments?post=4314"}],"version-history":[{"count":1,"href":"https:\/\/saphirsmaragd.com\/lt\/wp-json\/wp\/v2\/product\/4314\/revisions"}],"predecessor-version":[{"id":4318,"href":"https:\/\/saphirsmaragd.com\/lt\/wp-json\/wp\/v2\/product\/4314\/revisions\/4318"}],"wp:featuredmedia":[{"embeddable":true,"href":"https:\/\/saphirsmaragd.com\/lt\/wp-json\/wp\/v2\/media\/4317"}],"wp:attachment":[{"href":"https:\/\/saphirsmaragd.com\/lt\/wp-json\/wp\/v2\/media?parent=4314"}],"wp:term":[{"taxonomy":"product_brand","embeddable":true,"href":"https:\/\/saphirsmaragd.com\/lt\/wp-json\/wp\/v2\/product_brand?post=4314"},{"taxonomy":"product_cat","embeddable":true,"href":"https:\/\/saphirsmaragd.com\/lt\/wp-json\/wp\/v2\/product_cat?post=4314"},{"taxonomy":"product_tag","embeddable":true,"href":"https:\/\/saphirsmaragd.com\/lt\/wp-json\/wp\/v2\/product_tag?post=4314"}],"curies":[{"name":"wp","href":"https:\/\/api.w.org\/{rel}","templated":true}]}}