{"id":5446,"date":"2025-11-19T15:18:29","date_gmt":"2025-11-19T15:18:29","guid":{"rendered":"https:\/\/saphirsmaragd.com\/?post_type=product&#038;p=5446"},"modified":"2025-11-19T15:18:30","modified_gmt":"2025-11-19T15:18:30","slug":"spitze-polychromer-jaspis-schutz-2","status":"publish","type":"product","link":"https:\/\/saphirsmaragd.com\/lt\/produktas\/spitze-polychromer-jaspis-schutz-2\/","title":{"rendered":"Spitze Polychromer Jaspis Schutz \u2013 Erdender Heilstein aus Madagaskar \u2013 926 g"},"content":{"rendered":"<div id=\"ez-toc-container\" class=\"ez-toc-v2_0_82_2 counter-hierarchy ez-toc-counter ez-toc-grey ez-toc-container-direction\">\n<div class=\"ez-toc-title-container\">\n<p class=\"ez-toc-title\" style=\"cursor:inherit\">Turinys<\/p>\n<span class=\"ez-toc-title-toggle\"><a href=\"#\" class=\"ez-toc-pull-right ez-toc-btn ez-toc-btn-xs ez-toc-btn-default ez-toc-toggle\" aria-label=\"Toggle Table of Content\"><span class=\"ez-toc-js-icon-con\"><span class=\"\"><span class=\"eztoc-hide\" style=\"display:none;\">Perjungti<\/span><span class=\"ez-toc-icon-toggle-span\"><svg style=\"fill: #999;color:#999\" xmlns=\"http:\/\/www.w3.org\/2000\/svg\" class=\"list-377408\" width=\"20px\" height=\"20px\" viewbox=\"0 0 24 24\" fill=\"none\"><path d=\"M6 6H4v2h2V6zm14 0H8v2h12V6zM4 11h2v2H4v-2zm16 0H8v2h12v-2zM4 16h2v2H4v-2zm16 0H8v2h12v-2z\" fill=\"currentColor\"><\/path><\/svg><svg style=\"fill: #999;color:#999\" class=\"arrow-unsorted-368013\" xmlns=\"http:\/\/www.w3.org\/2000\/svg\" width=\"10px\" height=\"10px\" viewbox=\"0 0 24 24\" version=\"1.2\" baseprofile=\"tiny\"><path d=\"M18.2 9.3l-6.2-6.3-6.2 6.3c-.2.2-.3.4-.3.7s.1.5.3.7c.2.2.4.3.7.3h11c.3 0 .5-.1.7-.3.2-.2.3-.5.3-.7s-.1-.5-.3-.7zM5.8 14.7l6.2 6.3 6.2-6.3c.2-.2.3-.5.3-.7s-.1-.5-.3-.7c-.2-.2-.4-.3-.7-.3h-11c-.3 0-.5.1-.7.3-.2.2-.3.5-.3.7s.1.5.3.7z\"\/><\/svg><\/span><\/span><\/span><\/a><\/span><\/div>\n<nav><ul class='ez-toc-list ez-toc-list-level-1' ><li class='ez-toc-page-1 ez-toc-heading-level-4'><a class=\"ez-toc-link ez-toc-heading-1\" href=\"https:\/\/saphirsmaragd.com\/lt\/produktas\/spitze-polychromer-jaspis-schutz-2\/#Spitze_Polychromer_Jaspis_Schutz_%E2%80%93_Erdender_Heilstein_aus_Madagaskar_%E2%80%93_926_g\" >Spitze Polychromer Jaspis Schutz \u2013 Erdender Heilstein aus Madagaskar \u2013 926 g<\/a><\/li><li class='ez-toc-page-1 ez-toc-heading-level-4'><a class=\"ez-toc-link ez-toc-heading-2\" href=\"https:\/\/saphirsmaragd.com\/lt\/produktas\/spitze-polychromer-jaspis-schutz-2\/#_Merkmale_Herkunft\" >\u00a0Savyb\u0117s ir kilm\u0117<\/a><\/li><li class='ez-toc-page-1 ez-toc-heading-level-4'><a class=\"ez-toc-link ez-toc-heading-3\" href=\"https:\/\/saphirsmaragd.com\/lt\/produktas\/spitze-polychromer-jaspis-schutz-2\/#_Besonderheiten\" >\u00a0Specialiosios funkcijos<\/a><\/li><li class='ez-toc-page-1 ez-toc-heading-level-4'><a class=\"ez-toc-link ez-toc-heading-4\" href=\"https:\/\/saphirsmaragd.com\/lt\/produktas\/spitze-polychromer-jaspis-schutz-2\/#_Mehr_uber_Jaspis_Heilsteine\" >\u00a0Mehr \u00fcber Jaspis &amp; Heilsteine<\/a><\/li><li class='ez-toc-page-1 ez-toc-heading-level-4'><a class=\"ez-toc-link ez-toc-heading-5\" href=\"https:\/\/saphirsmaragd.com\/lt\/produktas\/spitze-polychromer-jaspis-schutz-2\/#_Weitere_Infos\" >\u00a0Daugiau informacijos<\/a><\/li><\/ul><\/nav><\/div>\n<h4 data-start=\"878\" data-end=\"960\"><span class=\"ez-toc-section\" id=\"Spitze_Polychromer_Jaspis_Schutz_%E2%80%93_Erdender_Heilstein_aus_Madagaskar_%E2%80%93_926_g\"><\/span><strong data-start=\"880\" data-end=\"960\">Spitze Polychromer Jaspis Schutz \u2013 Erdender Heilstein aus Madagaskar \u2013 926 g<\/strong><span class=\"ez-toc-section-end\"><\/span><\/h4>\n<p data-start=\"962\" data-end=\"1132\">Die Spitze Polychromer Jaspis Schutz ist ein beeindruckender Naturstein aus Madagaskar, der f\u00fcr starke Erdung, energetischen Schutz und innere Stabilit\u00e4t bekannt ist.<\/p>\n<hr data-start=\"1134\" data-end=\"1137\" \/>\n<h4 data-start=\"1139\" data-end=\"1164\"><span class=\"ez-toc-section\" id=\"_Merkmale_Herkunft\"><\/span>\u00a0Savyb\u0117s ir kilm\u0117<span class=\"ez-toc-section-end\"><\/span><\/h4>\n<p data-start=\"1165\" data-end=\"1399\">Farbe: Mehrfarbig (polychrom)<br data-start=\"1194\" data-end=\"1197\" \/>Form: Spitze, geschliffen<br data-start=\"1222\" data-end=\"1225\" \/>Herkunft: Madagaskar<br data-start=\"1245\" data-end=\"1248\" \/>Gewicht: 926 g<br data-start=\"1262\" data-end=\"1265\" \/>Ma\u00dfe: 14 \u00d7 8 \u00d7 5.5 cm<br data-start=\"1286\" data-end=\"1289\" \/>Grynumas: nat\u016bralus<br data-start=\"1308\" data-end=\"1311\" \/>Gydymas: negydytas<br data-start=\"1368\" data-end=\"1371\" \/>Steinart: Jaspis (polychrom)<\/p>\n<hr data-start=\"1401\" data-end=\"1404\" \/>\n<h4 data-start=\"1406\" data-end=\"1426\"><span class=\"ez-toc-section\" id=\"_Besonderheiten\"><\/span>\u00a0Specialiosios funkcijos<span class=\"ez-toc-section-end\"><\/span><\/h4>\n<p data-start=\"1427\" data-end=\"1725\">Die Spitze Polychromer Jaspis Schutz strahlt eine starke, stabilisierende Energie aus, die Ihnen hilft, innere Ruhe, Klarheit und Ausgeglichenheit zu entwickeln. Polychromer Jaspis ist ein kraftvoller Schutzstein, der negative Einfl\u00fcsse abschirmt und Harmonie in K\u00f6rper, Geist und Seele bringt.<\/p>\n<p data-start=\"1727\" data-end=\"2102\">Dieser Stein st\u00e4rkt Mut, Entschlossenheit und Durchhalteverm\u00f6gen. Er unterst\u00fctzt Sie dabei, Ziele mit Klarheit zu verfolgen und Ideen in konkrete Handlungen umzusetzen. Zudem f\u00f6rdert er Selbstbehauptung, Konfliktresistenz und geistige St\u00e4rke. Gleichzeitig regt er kreative Prozesse an, verbessert organisatorische F\u00e4higkeiten und hilft Ihnen, klar und strukturiert zu denken.<\/p>\n<hr data-start=\"2104\" data-end=\"2107\" \/>\n<h4 data-start=\"2109\" data-end=\"2144\"><span class=\"ez-toc-section\" id=\"_Mehr_uber_Jaspis_Heilsteine\"><\/span>\u00a0Mehr \u00fcber Jaspis &amp; Heilsteine<span class=\"ez-toc-section-end\"><\/span><\/h4>\n<p data-start=\"2145\" data-end=\"2186\"><a href=\"https:\/\/saphirsmaragd.com\/lt\/product-category\/heilsteine-kristalle-kaufen\/\">Gydomieji akmenys ir kristalai<\/a> | Saphir &amp; Smaragd<\/p>\n<hr data-start=\"2188\" data-end=\"2191\" \/>\n<h4 data-start=\"2193\" data-end=\"2214\"><span class=\"ez-toc-section\" id=\"_Weitere_Infos\"><\/span>\u00a0Daugiau informacijos<span class=\"ez-toc-section-end\"><\/span><\/h4>\n<p data-start=\"2215\" data-end=\"2262\">Wikipedia: <a class=\"decorated-link\" href=\"https:\/\/de.wikipedia.org\/wiki\/Jaspis\" target=\"_new\" rel=\"noopener\" data-start=\"2226\" data-end=\"2262\">Jaspis<\/a><\/p>","protected":false},"excerpt":{"rendered":"<p><em>Die Spitze Polychromer Jaspis Schutz ist ein kraftvoller Heilstein aus Madagaskar, der f\u00fcr Erdung, Balance und Schutz vor negativen Energien steht. Ideal f\u00fcr Meditation, R\u00e4ume oder energetische Arbeit.<\/em><\/p>","protected":false},"featured_media":5447,"comment_status":"open","ping_status":"closed","template":"","meta":{"_glsr_average":0,"_glsr_ranking":0,"_glsr_reviews":0},"product_brand":[],"product_cat":[84],"product_tag":[],"class_list":{"0":"post-5446","1":"product","2":"type-product","3":"status-publish","4":"has-post-thumbnail","6":"product_cat-rohsteine-kaufen","8":"first","9":"instock","10":"taxable","11":"shipping-taxable","12":"purchasable","13":"product-type-simple","14":"add-to-wishlist-before_image"},"jetpack_sharing_enabled":true,"_links":{"self":[{"href":"https:\/\/saphirsmaragd.com\/lt\/wp-json\/wp\/v2\/product\/5446","targetHints":{"allow":["GET"]}}],"collection":[{"href":"https:\/\/saphirsmaragd.com\/lt\/wp-json\/wp\/v2\/product"}],"about":[{"href":"https:\/\/saphirsmaragd.com\/lt\/wp-json\/wp\/v2\/types\/product"}],"replies":[{"embeddable":true,"href":"https:\/\/saphirsmaragd.com\/lt\/wp-json\/wp\/v2\/comments?post=5446"}],"version-history":[{"count":1,"href":"https:\/\/saphirsmaragd.com\/lt\/wp-json\/wp\/v2\/product\/5446\/revisions"}],"predecessor-version":[{"id":5450,"href":"https:\/\/saphirsmaragd.com\/lt\/wp-json\/wp\/v2\/product\/5446\/revisions\/5450"}],"wp:featuredmedia":[{"embeddable":true,"href":"https:\/\/saphirsmaragd.com\/lt\/wp-json\/wp\/v2\/media\/5447"}],"wp:attachment":[{"href":"https:\/\/saphirsmaragd.com\/lt\/wp-json\/wp\/v2\/media?parent=5446"}],"wp:term":[{"taxonomy":"product_brand","embeddable":true,"href":"https:\/\/saphirsmaragd.com\/lt\/wp-json\/wp\/v2\/product_brand?post=5446"},{"taxonomy":"product_cat","embeddable":true,"href":"https:\/\/saphirsmaragd.com\/lt\/wp-json\/wp\/v2\/product_cat?post=5446"},{"taxonomy":"product_tag","embeddable":true,"href":"https:\/\/saphirsmaragd.com\/lt\/wp-json\/wp\/v2\/product_tag?post=5446"}],"curies":[{"name":"wp","href":"https:\/\/api.w.org\/{rel}","templated":true}]}}