{"id":5466,"date":"2025-11-19T15:43:17","date_gmt":"2025-11-19T15:43:17","guid":{"rendered":"https:\/\/saphirsmaragd.com\/?post_type=product&#038;p=5466"},"modified":"2025-11-19T15:43:18","modified_gmt":"2025-11-19T15:43:18","slug":"obelisk-ozeanjasper-schutz","status":"publish","type":"product","link":"https:\/\/saphirsmaragd.com\/lt\/produktas\/obelisk-ozeanjasper-schutz\/","title":{"rendered":"Obelisk Ozeanjasper Schutz \u2013 Kraftvoller Heilstein aus Madagaskar \u2013 679 g"},"content":{"rendered":"<div id=\"ez-toc-container\" class=\"ez-toc-v2_0_82_2 counter-hierarchy ez-toc-counter ez-toc-grey ez-toc-container-direction\">\n<div class=\"ez-toc-title-container\">\n<p class=\"ez-toc-title\" style=\"cursor:inherit\">Turinys<\/p>\n<span class=\"ez-toc-title-toggle\"><a href=\"#\" class=\"ez-toc-pull-right ez-toc-btn ez-toc-btn-xs ez-toc-btn-default ez-toc-toggle\" aria-label=\"Toggle Table of Content\"><span class=\"ez-toc-js-icon-con\"><span class=\"\"><span class=\"eztoc-hide\" style=\"display:none;\">Perjungti<\/span><span class=\"ez-toc-icon-toggle-span\"><svg style=\"fill: #999;color:#999\" xmlns=\"http:\/\/www.w3.org\/2000\/svg\" class=\"list-377408\" width=\"20px\" height=\"20px\" viewbox=\"0 0 24 24\" fill=\"none\"><path d=\"M6 6H4v2h2V6zm14 0H8v2h12V6zM4 11h2v2H4v-2zm16 0H8v2h12v-2zM4 16h2v2H4v-2zm16 0H8v2h12v-2z\" fill=\"currentColor\"><\/path><\/svg><svg style=\"fill: #999;color:#999\" class=\"arrow-unsorted-368013\" xmlns=\"http:\/\/www.w3.org\/2000\/svg\" width=\"10px\" height=\"10px\" viewbox=\"0 0 24 24\" version=\"1.2\" baseprofile=\"tiny\"><path d=\"M18.2 9.3l-6.2-6.3-6.2 6.3c-.2.2-.3.4-.3.7s.1.5.3.7c.2.2.4.3.7.3h11c.3 0 .5-.1.7-.3.2-.2.3-.5.3-.7s-.1-.5-.3-.7zM5.8 14.7l6.2 6.3 6.2-6.3c.2-.2.3-.5.3-.7s-.1-.5-.3-.7c-.2-.2-.4-.3-.7-.3h-11c-.3 0-.5.1-.7.3-.2.2-.3.5-.3.7s.1.5.3.7z\"\/><\/svg><\/span><\/span><\/span><\/a><\/span><\/div>\n<nav><ul class='ez-toc-list ez-toc-list-level-1' ><li class='ez-toc-page-1 ez-toc-heading-level-4'><a class=\"ez-toc-link ez-toc-heading-1\" href=\"https:\/\/saphirsmaragd.com\/lt\/produktas\/obelisk-ozeanjasper-schutz\/#Obelisk_Ozeanjasper_Schutz_%E2%80%93_Kraftvoller_Heilstein_aus_Madagaskar_%E2%80%93_679_g\" >Obelisk Ozeanjasper Schutz \u2013 Kraftvoller Heilstein aus Madagaskar \u2013 679 g<\/a><\/li><li class='ez-toc-page-1 ez-toc-heading-level-4'><a class=\"ez-toc-link ez-toc-heading-2\" href=\"https:\/\/saphirsmaragd.com\/lt\/produktas\/obelisk-ozeanjasper-schutz\/#_Merkmale_Herkunft\" >\u00a0Savyb\u0117s ir kilm\u0117<\/a><\/li><li class='ez-toc-page-1 ez-toc-heading-level-4'><a class=\"ez-toc-link ez-toc-heading-3\" href=\"https:\/\/saphirsmaragd.com\/lt\/produktas\/obelisk-ozeanjasper-schutz\/#_Besonderheiten\" >\u00a0Specialiosios funkcijos<\/a><\/li><li class='ez-toc-page-1 ez-toc-heading-level-4'><a class=\"ez-toc-link ez-toc-heading-4\" href=\"https:\/\/saphirsmaragd.com\/lt\/produktas\/obelisk-ozeanjasper-schutz\/#_Mehr_uber_Jaspis_Heilsteine\" >\u00a0Mehr \u00fcber Jaspis &amp; Heilsteine<\/a><\/li><li class='ez-toc-page-1 ez-toc-heading-level-4'><a class=\"ez-toc-link ez-toc-heading-5\" href=\"https:\/\/saphirsmaragd.com\/lt\/produktas\/obelisk-ozeanjasper-schutz\/#_Weitere_Infos\" >\u00a0Daugiau informacijos<\/a><\/li><\/ul><\/nav><\/div>\n<h4 data-start=\"832\" data-end=\"911\"><span class=\"ez-toc-section\" id=\"Obelisk_Ozeanjasper_Schutz_%E2%80%93_Kraftvoller_Heilstein_aus_Madagaskar_%E2%80%93_679_g\"><\/span><strong data-start=\"834\" data-end=\"911\">Obelisk Ozeanjasper Schutz \u2013 Kraftvoller Heilstein aus Madagaskar \u2013 679 g<\/strong><span class=\"ez-toc-section-end\"><\/span><\/h4>\n<p data-start=\"913\" data-end=\"1189\">Der Obelisk Ozeanjasper Schutz ist ein einzigartiger Naturstein aus Madagaskar, der starke Erdung, energetischen Schutz und harmonische Energiefl\u00fcsse vereint. Dieser Obelisk weist nat\u00fcrliche Vertiefungen und Unebenheiten auf, die typisch f\u00fcr hochwertigen Ozeanjaspis sind.<\/p>\n<hr data-start=\"1191\" data-end=\"1194\" \/>\n<h4 data-start=\"1196\" data-end=\"1221\"><span class=\"ez-toc-section\" id=\"_Merkmale_Herkunft\"><\/span>\u00a0Savyb\u0117s ir kilm\u0117<span class=\"ez-toc-section-end\"><\/span><\/h4>\n<p data-start=\"1222\" data-end=\"1500\">Farbe: Mehrfarbig (typisch f\u00fcr Ozeanjaspis)<br data-start=\"1265\" data-end=\"1268\" \/>Form: Obelisk, geschliffen<br data-start=\"1294\" data-end=\"1297\" \/>Herkunft: Madagaskar<br data-start=\"1317\" data-end=\"1320\" \/>Gewicht: 679 g<br data-start=\"1334\" data-end=\"1337\" \/>Ma\u00dfe: 26.5 \u00d7 4 \u00d7 2.5 cm<br data-start=\"1360\" data-end=\"1363\" \/>Reinheit: Nat\u00fcrlich, mit naturbelassenen Vertiefungen<br data-start=\"1416\" data-end=\"1419\" \/>Gydymas: negydytas<br data-start=\"1476\" data-end=\"1479\" \/>Steinart: Ozeanjaspis<\/p>\n<hr data-start=\"1502\" data-end=\"1505\" \/>\n<h4 data-start=\"1507\" data-end=\"1527\"><span class=\"ez-toc-section\" id=\"_Besonderheiten\"><\/span>\u00a0Specialiosios funkcijos<span class=\"ez-toc-section-end\"><\/span><\/h4>\n<p data-start=\"1528\" data-end=\"1878\">Der Obelisk Ozeanjasper Schutz kombiniert die klassischen Eigenschaften des Jaspis mit der besonders harmonisierenden Energie des Ozeanjaspis. Er bietet Erdung, Schutz vor negativen Einfl\u00fcssen, innere Stabilit\u00e4t und unterst\u00fctzt Mut sowie Entschlossenheit. Der Stein hilft, Ziele klar zu verfolgen, Ideen umzusetzen und Selbstvertrauen aufzubauen.<\/p>\n<p data-start=\"1880\" data-end=\"2186\">Ozeanjaspis f\u00f6rdert zudem den Energiefluss im K\u00f6rper, leitet heilende Energie gezielt, l\u00f6st Blockaden und vermittelt ein Gef\u00fchl von Freiheit und innerer Ruhe. Er st\u00e4rkt eine positive Lebenseinstellung und hilft, belastende Gedanken und Emotionen wie Sorgen, \u00c4ngste oder depressive Stimmungen loszulassen.<\/p>\n<p data-start=\"2188\" data-end=\"2323\">K\u00f6rperlich wirkt Ozeanjaspis entgiftend und positiv auf Hormonsystem, Dr\u00fcsen, Organe, Verdauung, Verstopfung und \u00fcberm\u00e4\u00dfiges Schwitzen.<\/p>\n<hr data-start=\"2325\" data-end=\"2328\" \/>\n<h4 data-start=\"2330\" data-end=\"2365\"><span class=\"ez-toc-section\" id=\"_Mehr_uber_Jaspis_Heilsteine\"><\/span>\u00a0Mehr \u00fcber Jaspis &amp; Heilsteine<span class=\"ez-toc-section-end\"><\/span><\/h4>\n<p data-start=\"2366\" data-end=\"2407\"><a href=\"https:\/\/saphirsmaragd.com\/lt\/product-category\/heilsteine-kristalle-kaufen\/\">Gydomieji akmenys ir kristalai<\/a> | Saphir &amp; Smaragd<\/p>\n<hr data-start=\"2409\" data-end=\"2412\" \/>\n<h4 data-start=\"2414\" data-end=\"2435\"><span class=\"ez-toc-section\" id=\"_Weitere_Infos\"><\/span>\u00a0Daugiau informacijos<span class=\"ez-toc-section-end\"><\/span><\/h4>\n<p data-start=\"2436\" data-end=\"2483\">Wikipedia: <a class=\"decorated-link\" href=\"https:\/\/de.wikipedia.org\/wiki\/Jaspis\" target=\"_new\" rel=\"noopener\" data-start=\"2447\" data-end=\"2483\">Jaspis<\/a><\/p>","protected":false},"excerpt":{"rendered":"<p><em>Der Obelisk Ozeanjasper Schutz ist ein kraftvoller Heilstein aus Madagaskar, der Erdung, energetischen Schutz und harmonischen Energiefluss bietet. Ideal f\u00fcr Meditation, Raumenergie und spirituelle Arbeit.<\/em><\/p>","protected":false},"featured_media":5467,"comment_status":"open","ping_status":"closed","template":"","meta":{"_glsr_average":0,"_glsr_ranking":0,"_glsr_reviews":0},"product_brand":[],"product_cat":[84],"product_tag":[],"class_list":{"0":"post-5466","1":"product","2":"type-product","3":"status-publish","4":"has-post-thumbnail","6":"product_cat-rohsteine-kaufen","8":"first","9":"instock","10":"taxable","11":"shipping-taxable","12":"purchasable","13":"product-type-simple","14":"add-to-wishlist-before_image"},"jetpack_sharing_enabled":true,"_links":{"self":[{"href":"https:\/\/saphirsmaragd.com\/lt\/wp-json\/wp\/v2\/product\/5466","targetHints":{"allow":["GET"]}}],"collection":[{"href":"https:\/\/saphirsmaragd.com\/lt\/wp-json\/wp\/v2\/product"}],"about":[{"href":"https:\/\/saphirsmaragd.com\/lt\/wp-json\/wp\/v2\/types\/product"}],"replies":[{"embeddable":true,"href":"https:\/\/saphirsmaragd.com\/lt\/wp-json\/wp\/v2\/comments?post=5466"}],"version-history":[{"count":2,"href":"https:\/\/saphirsmaragd.com\/lt\/wp-json\/wp\/v2\/product\/5466\/revisions"}],"predecessor-version":[{"id":5472,"href":"https:\/\/saphirsmaragd.com\/lt\/wp-json\/wp\/v2\/product\/5466\/revisions\/5472"}],"wp:featuredmedia":[{"embeddable":true,"href":"https:\/\/saphirsmaragd.com\/lt\/wp-json\/wp\/v2\/media\/5467"}],"wp:attachment":[{"href":"https:\/\/saphirsmaragd.com\/lt\/wp-json\/wp\/v2\/media?parent=5466"}],"wp:term":[{"taxonomy":"product_brand","embeddable":true,"href":"https:\/\/saphirsmaragd.com\/lt\/wp-json\/wp\/v2\/product_brand?post=5466"},{"taxonomy":"product_cat","embeddable":true,"href":"https:\/\/saphirsmaragd.com\/lt\/wp-json\/wp\/v2\/product_cat?post=5466"},{"taxonomy":"product_tag","embeddable":true,"href":"https:\/\/saphirsmaragd.com\/lt\/wp-json\/wp\/v2\/product_tag?post=5466"}],"curies":[{"name":"wp","href":"https:\/\/api.w.org\/{rel}","templated":true}]}}