{"id":5575,"date":"2025-11-23T14:46:38","date_gmt":"2025-11-23T14:46:38","guid":{"rendered":"https:\/\/saphirsmaragd.com\/?post_type=product&#038;p=5575"},"modified":"2025-11-23T14:46:39","modified_gmt":"2025-11-23T14:46:39","slug":"obelisk-amethyst-pink-poliert","status":"publish","type":"product","link":"https:\/\/saphirsmaragd.com\/lt\/produktas\/obelisk-amethyst-pink-poliert\/","title":{"rendered":"Obelisk Amethyst Pink Poliert \u2013 1893 g \u2013 Naturstein &#038; Unikat"},"content":{"rendered":"<div id=\"ez-toc-container\" class=\"ez-toc-v2_0_82_2 counter-hierarchy ez-toc-counter ez-toc-grey ez-toc-container-direction\">\n<div class=\"ez-toc-title-container\">\n<p class=\"ez-toc-title\" style=\"cursor:inherit\">Turinys<\/p>\n<span class=\"ez-toc-title-toggle\"><a href=\"#\" class=\"ez-toc-pull-right ez-toc-btn ez-toc-btn-xs ez-toc-btn-default ez-toc-toggle\" aria-label=\"Toggle Table of Content\"><span class=\"ez-toc-js-icon-con\"><span class=\"\"><span class=\"eztoc-hide\" style=\"display:none;\">Perjungti<\/span><span class=\"ez-toc-icon-toggle-span\"><svg style=\"fill: #999;color:#999\" xmlns=\"http:\/\/www.w3.org\/2000\/svg\" class=\"list-377408\" width=\"20px\" height=\"20px\" viewbox=\"0 0 24 24\" fill=\"none\"><path d=\"M6 6H4v2h2V6zm14 0H8v2h12V6zM4 11h2v2H4v-2zm16 0H8v2h12v-2zM4 16h2v2H4v-2zm16 0H8v2h12v-2z\" fill=\"currentColor\"><\/path><\/svg><svg style=\"fill: #999;color:#999\" class=\"arrow-unsorted-368013\" xmlns=\"http:\/\/www.w3.org\/2000\/svg\" width=\"10px\" height=\"10px\" viewbox=\"0 0 24 24\" version=\"1.2\" baseprofile=\"tiny\"><path d=\"M18.2 9.3l-6.2-6.3-6.2 6.3c-.2.2-.3.4-.3.7s.1.5.3.7c.2.2.4.3.7.3h11c.3 0 .5-.1.7-.3.2-.2.3-.5.3-.7s-.1-.5-.3-.7zM5.8 14.7l6.2 6.3 6.2-6.3c.2-.2.3-.5.3-.7s-.1-.5-.3-.7c-.2-.2-.4-.3-.7-.3h-11c-.3 0-.5.1-.7.3-.2.2-.3.5-.3.7s.1.5.3.7z\"\/><\/svg><\/span><\/span><\/span><\/a><\/span><\/div>\n<nav><ul class='ez-toc-list ez-toc-list-level-1' ><li class='ez-toc-page-1 ez-toc-heading-level-4'><a class=\"ez-toc-link ez-toc-heading-1\" href=\"https:\/\/saphirsmaragd.com\/lt\/produktas\/obelisk-amethyst-pink-poliert\/#Obelisk_Amethyst_Pink_Poliert_%E2%80%93_1893_g_%E2%80%93_Naturstein_Unikat\" >Obelisk Amethyst Pink Poliert \u2013 1893 g \u2013 Naturstein &amp; Unikat<\/a><\/li><li class='ez-toc-page-1 ez-toc-heading-level-4'><a class=\"ez-toc-link ez-toc-heading-2\" href=\"https:\/\/saphirsmaragd.com\/lt\/produktas\/obelisk-amethyst-pink-poliert\/#_Merkmale_Herkunft\" >\u00a0Savyb\u0117s ir kilm\u0117<\/a><\/li><li class='ez-toc-page-1 ez-toc-heading-level-4'><a class=\"ez-toc-link ez-toc-heading-3\" href=\"https:\/\/saphirsmaragd.com\/lt\/produktas\/obelisk-amethyst-pink-poliert\/#_Besonderheiten\" >\u00a0Specialiosios funkcijos<\/a><\/li><li class='ez-toc-page-1 ez-toc-heading-level-4'><a class=\"ez-toc-link ez-toc-heading-4\" href=\"https:\/\/saphirsmaragd.com\/lt\/produktas\/obelisk-amethyst-pink-poliert\/#_Mehr_uber_Amethyste_Heilsteine\" >\u00a0Mehr \u00fcber Amethyste &amp; Heilsteine<\/a><\/li><li class='ez-toc-page-1 ez-toc-heading-level-4'><a class=\"ez-toc-link ez-toc-heading-5\" href=\"https:\/\/saphirsmaragd.com\/lt\/produktas\/obelisk-amethyst-pink-poliert\/#_Weitere_Infos\" >\u00a0Daugiau informacijos<\/a><\/li><\/ul><\/nav><\/div>\n<h4 data-start=\"845\" data-end=\"912\"><span class=\"ez-toc-section\" id=\"Obelisk_Amethyst_Pink_Poliert_%E2%80%93_1893_g_%E2%80%93_Naturstein_Unikat\"><\/span><strong data-start=\"848\" data-end=\"912\">Obelisk Amethyst Pink Poliert \u2013 1893 g \u2013 Naturstein &amp; Unikat<\/strong><span class=\"ez-toc-section-end\"><\/span><\/h4>\n<p data-start=\"913\" data-end=\"1092\">Der Obelisk Amethyst Pink Poliert ist ein au\u00dfergew\u00f6hnliches Unikat, das die sanfte, herz\u00f6ffnende Energie des rosafarbenen Amethysts in einer kraftvollen Obeliskenform b\u00fcndelt.<\/p>\n<hr data-start=\"1094\" data-end=\"1097\" \/>\n<h4 data-start=\"1099\" data-end=\"1124\"><span class=\"ez-toc-section\" id=\"_Merkmale_Herkunft\"><\/span>\u00a0Savyb\u0117s ir kilm\u0117<span class=\"ez-toc-section-end\"><\/span><\/h4>\n<p data-start=\"1125\" data-end=\"1343\">Farbe: Rosa<br data-start=\"1136\" data-end=\"1139\" \/>Form: Obelisk (poliert)<br data-start=\"1193\" data-end=\"1196\" \/>Gewicht: 1893 g<br data-start=\"1211\" data-end=\"1214\" \/>Ma\u00dfe: 33 \u00d7 6.5 \u00d7 5.5 cm<br data-start=\"1237\" data-end=\"1240\" \/>Grynumas: nat\u016bralus<br data-start=\"1259\" data-end=\"1262\" \/>Behandlung: Poliert<br data-start=\"1315\" data-end=\"1318\" \/>Steinart: Amethyst (pink)<\/p>\n<p data-start=\"1345\" data-end=\"1467\"><em data-start=\"1345\" data-end=\"1467\">Hinweis: Dieses St\u00fcck weist nat\u00fcrliche Vertiefungen und Imperfektionen auf, die typisch f\u00fcr echten pinken Amethyst sind.<\/em><\/p>\n<hr data-start=\"1469\" data-end=\"1472\" \/>\n<h4 data-start=\"1474\" data-end=\"1494\"><span class=\"ez-toc-section\" id=\"_Besonderheiten\"><\/span>\u00a0Specialiosios funkcijos<span class=\"ez-toc-section-end\"><\/span><\/h4>\n<p data-start=\"1495\" data-end=\"1909\">Pink Amethyst gilt als eine h\u00f6her schwingende, jedoch besonders sanft wirkende Variante des klassischen violetten Amethysts. Die Energie dieses Steins ist beruhigend, tr\u00f6stend und f\u00f6rdert ein tiefes Gef\u00fchl von emotionaler Sicherheit. Vor allem das Herzchakra wird aktiviert und unterst\u00fctzt dabei, Blockaden zu l\u00f6sen, emotionale Belastungen zu verarbeiten und Heilung auf einer feinen, seelischen Ebene zu erfahren.<\/p>\n<p data-start=\"1911\" data-end=\"2194\">Die liebevolle Schwingung des pinken Amethysts eignet sich hervorragend f\u00fcr sensible Menschen, da der Stein harmonisierend wirkt, ohne zu \u00fcberfordern. Er hilft, tief sitzende \u00c4ngste, Trauer oder emotionalen Schmerz zu lindern und f\u00f6rdert Selbstliebe, Mitgef\u00fchl und inneren Frieden.<\/p>\n<p data-start=\"2196\" data-end=\"2393\">Als gro\u00dfer Obelisk ist dieses St\u00fcck ideal f\u00fcr Meditation, Therapie- oder Praxisr\u00e4ume. Es schafft eine ruhige, liebevolle Atmosph\u00e4re, die Heilprozesse unterst\u00fctzt und R\u00e4ume energetisch harmonisiert.<\/p>\n<hr data-start=\"2395\" data-end=\"2398\" \/>\n<h4 data-start=\"2400\" data-end=\"2440\"><span class=\"ez-toc-section\" id=\"_Mehr_uber_Amethyste_Heilsteine\"><\/span>\u00a0Mehr \u00fcber Amethyste &amp; Heilsteine<span class=\"ez-toc-section-end\"><\/span><\/h4>\n<p data-start=\"2441\" data-end=\"2484\"><a href=\"https:\/\/saphirsmaragd.com\/lt\/product-category\/heilsteine-kristalle-kaufen\/\">Gydomieji akmenys ir kristalai<\/a> | Amethyste &amp; Quarze<\/p>\n<hr data-start=\"2486\" data-end=\"2489\" \/>\n<h4 data-start=\"2491\" data-end=\"2512\"><span class=\"ez-toc-section\" id=\"_Weitere_Infos\"><\/span>\u00a0Daugiau informacijos<span class=\"ez-toc-section-end\"><\/span><\/h4>\n<p data-start=\"2513\" data-end=\"2577\">Wikipedia:<br data-start=\"2523\" data-end=\"2526\" \/>Amethyst \u2192<a class=\"decorated-link\" href=\"https:\/\/de.wikipedia.org\/wiki\/Amethyst\" target=\"_new\" rel=\"noopener\" data-start=\"2537\" data-end=\"2575\">wikipedia:Amethyst<\/a><\/p>","protected":false},"excerpt":{"rendered":"<p><em>Der Obelisk Amethyst Pink Poliert mit 1893 g ist ein einzigartiger Heilstein, der f\u00fcr Liebe, emotionale Heilung und innere Balance steht. Mit nat\u00fcrlichen Vertiefungen und beruhigender Energie \u2013 ideal f\u00fcr Meditation und harmonische Raumgestaltung.<\/em><\/p>","protected":false},"featured_media":5576,"comment_status":"open","ping_status":"closed","template":"","meta":{"_glsr_average":0,"_glsr_ranking":0,"_glsr_reviews":0},"product_brand":[],"product_cat":[84],"product_tag":[],"class_list":{"0":"post-5575","1":"product","2":"type-product","3":"status-publish","4":"has-post-thumbnail","6":"product_cat-rohsteine-kaufen","8":"first","9":"instock","10":"taxable","11":"shipping-taxable","12":"purchasable","13":"product-type-simple","14":"add-to-wishlist-before_image"},"jetpack_sharing_enabled":true,"_links":{"self":[{"href":"https:\/\/saphirsmaragd.com\/lt\/wp-json\/wp\/v2\/product\/5575","targetHints":{"allow":["GET"]}}],"collection":[{"href":"https:\/\/saphirsmaragd.com\/lt\/wp-json\/wp\/v2\/product"}],"about":[{"href":"https:\/\/saphirsmaragd.com\/lt\/wp-json\/wp\/v2\/types\/product"}],"replies":[{"embeddable":true,"href":"https:\/\/saphirsmaragd.com\/lt\/wp-json\/wp\/v2\/comments?post=5575"}],"version-history":[{"count":1,"href":"https:\/\/saphirsmaragd.com\/lt\/wp-json\/wp\/v2\/product\/5575\/revisions"}],"predecessor-version":[{"id":5578,"href":"https:\/\/saphirsmaragd.com\/lt\/wp-json\/wp\/v2\/product\/5575\/revisions\/5578"}],"wp:featuredmedia":[{"embeddable":true,"href":"https:\/\/saphirsmaragd.com\/lt\/wp-json\/wp\/v2\/media\/5576"}],"wp:attachment":[{"href":"https:\/\/saphirsmaragd.com\/lt\/wp-json\/wp\/v2\/media?parent=5575"}],"wp:term":[{"taxonomy":"product_brand","embeddable":true,"href":"https:\/\/saphirsmaragd.com\/lt\/wp-json\/wp\/v2\/product_brand?post=5575"},{"taxonomy":"product_cat","embeddable":true,"href":"https:\/\/saphirsmaragd.com\/lt\/wp-json\/wp\/v2\/product_cat?post=5575"},{"taxonomy":"product_tag","embeddable":true,"href":"https:\/\/saphirsmaragd.com\/lt\/wp-json\/wp\/v2\/product_tag?post=5575"}],"curies":[{"name":"wp","href":"https:\/\/api.w.org\/{rel}","templated":true}]}}