{"id":6126,"date":"2025-12-14T14:51:00","date_gmt":"2025-12-14T14:51:00","guid":{"rendered":"https:\/\/saphirsmaragd.com\/?post_type=product&#038;p=6126"},"modified":"2025-12-29T18:49:12","modified_gmt":"2025-12-29T18:49:12","slug":"blauer-saphir-1-24-karat-tropfen","status":"publish","type":"product","link":"https:\/\/saphirsmaragd.com\/lt\/produktas\/blauer-saphir-1-24-karat-tropfen\/","title":{"rendered":"Blauer Saphir 1.24 Karat Tropfen aus Sri Lanka in intensiver Royal-Blue-Farbe"},"content":{"rendered":"<div id=\"ez-toc-container\" class=\"ez-toc-v2_0_82_2 counter-hierarchy ez-toc-counter ez-toc-grey ez-toc-container-direction\">\n<div class=\"ez-toc-title-container\">\n<p class=\"ez-toc-title\" style=\"cursor:inherit\">Turinys<\/p>\n<span class=\"ez-toc-title-toggle\"><a href=\"#\" class=\"ez-toc-pull-right ez-toc-btn ez-toc-btn-xs ez-toc-btn-default ez-toc-toggle\" aria-label=\"Toggle Table of Content\"><span class=\"ez-toc-js-icon-con\"><span class=\"\"><span class=\"eztoc-hide\" style=\"display:none;\">Perjungti<\/span><span class=\"ez-toc-icon-toggle-span\"><svg style=\"fill: #999;color:#999\" xmlns=\"http:\/\/www.w3.org\/2000\/svg\" class=\"list-377408\" width=\"20px\" height=\"20px\" viewbox=\"0 0 24 24\" fill=\"none\"><path d=\"M6 6H4v2h2V6zm14 0H8v2h12V6zM4 11h2v2H4v-2zm16 0H8v2h12v-2zM4 16h2v2H4v-2zm16 0H8v2h12v-2z\" fill=\"currentColor\"><\/path><\/svg><svg style=\"fill: #999;color:#999\" class=\"arrow-unsorted-368013\" xmlns=\"http:\/\/www.w3.org\/2000\/svg\" width=\"10px\" height=\"10px\" viewbox=\"0 0 24 24\" version=\"1.2\" baseprofile=\"tiny\"><path d=\"M18.2 9.3l-6.2-6.3-6.2 6.3c-.2.2-.3.4-.3.7s.1.5.3.7c.2.2.4.3.7.3h11c.3 0 .5-.1.7-.3.2-.2.3-.5.3-.7s-.1-.5-.3-.7zM5.8 14.7l6.2 6.3 6.2-6.3c.2-.2.3-.5.3-.7s-.1-.5-.3-.7c-.2-.2-.4-.3-.7-.3h-11c-.3 0-.5.1-.7.3-.2.2-.3.5-.3.7s.1.5.3.7z\"\/><\/svg><\/span><\/span><\/span><\/a><\/span><\/div>\n<nav><ul class='ez-toc-list ez-toc-list-level-1' ><li class='ez-toc-page-1 ez-toc-heading-level-4'><a class=\"ez-toc-link ez-toc-heading-1\" href=\"https:\/\/saphirsmaragd.com\/lt\/produktas\/blauer-saphir-1-24-karat-tropfen\/#Blauer_Saphir_124_Karat_Tropfen_%E2%80%93_kraftvolle_Farbe_und_elegante_Form\" >Blauer Saphir 1.24 Karat Tropfen \u2013 kraftvolle Farbe und elegante Form<\/a><\/li><li class='ez-toc-page-1 ez-toc-heading-level-4'><a class=\"ez-toc-link ez-toc-heading-2\" href=\"https:\/\/saphirsmaragd.com\/lt\/produktas\/blauer-saphir-1-24-karat-tropfen\/#Merkmale_Herkunft\" >Savyb\u0117s ir kilm\u0117<\/a><\/li><li class='ez-toc-page-1 ez-toc-heading-level-4'><a class=\"ez-toc-link ez-toc-heading-3\" href=\"https:\/\/saphirsmaragd.com\/lt\/produktas\/blauer-saphir-1-24-karat-tropfen\/#Besonderheiten\" >Specialiosios funkcijos<\/a><\/li><li class='ez-toc-page-1 ez-toc-heading-level-4'><a class=\"ez-toc-link ez-toc-heading-4\" href=\"https:\/\/saphirsmaragd.com\/lt\/produktas\/blauer-saphir-1-24-karat-tropfen\/#Mehr_uber_unsere_Edelsteine\" >Daugiau apie m\u016bs\u0173 brangakmenius<\/a><\/li><li class='ez-toc-page-1 ez-toc-heading-level-4'><a class=\"ez-toc-link ez-toc-heading-5\" href=\"https:\/\/saphirsmaragd.com\/lt\/produktas\/blauer-saphir-1-24-karat-tropfen\/#Weitere_Infos\" >Daugiau informacijos<\/a><\/li><\/ul><\/nav><\/div>\n<h4 data-start=\"720\" data-end=\"793\"><span class=\"ez-toc-section\" id=\"Blauer_Saphir_124_Karat_Tropfen_%E2%80%93_kraftvolle_Farbe_und_elegante_Form\"><\/span>Blauer Saphir 1.24 Karat Tropfen \u2013 kraftvolle Farbe und elegante Form<span class=\"ez-toc-section-end\"><\/span><\/h4>\n<p data-start=\"794\" data-end=\"1034\">Dieser Blauer Saphir 1.24 Karat Tropfen besticht durch seine intensive blaue Farbe im Royal-Blue-Ton und den eleganten Tropfenschliff. Der Stein stammt aus Sri Lanka und eignet sich hervorragend als Mittelpunkt exklusiver Schmuckst\u00fccke.<\/p>\n<hr data-start=\"1036\" data-end=\"1039\" \/>\n<h4 data-start=\"1041\" data-end=\"1064\"><span class=\"ez-toc-section\" id=\"Merkmale_Herkunft\"><\/span>Savyb\u0117s ir kilm\u0117<span class=\"ez-toc-section-end\"><\/span><\/h4>\n<p data-start=\"1065\" data-end=\"1350\">Steinart: Saphir<br data-start=\"1081\" data-end=\"1084\" \/>Farbe: Blau (Royal Blue)<br data-start=\"1108\" data-end=\"1111\" \/>Gewicht: 1.24 Karat<br data-start=\"1130\" data-end=\"1133\" \/>Forma: La\u0161eliai<br data-start=\"1146\" data-end=\"1149\" \/>Schliff: Tropfenschliff<br data-start=\"1172\" data-end=\"1175\" \/>Herkunft: Sri Lanka<br data-start=\"1194\" data-end=\"1197\" \/>Behandlung: Erhitzt<br data-start=\"1216\" data-end=\"1219\" \/>Reinheit: Augenrein<br data-start=\"1238\" data-end=\"1241\" \/>Abmessungen: 7.60 \u00d7 5.29 \u00d7 4.18 mm<br data-start=\"1275\" data-end=\"1278\" \/>H\u00e4rte (Mohs): 9<br data-start=\"1293\" data-end=\"1296\" \/>B\u016bkl\u0117: nauja<br data-start=\"1308\" data-end=\"1311\" \/>Zertifikat: Ja \u2013 AIG (GEM2023090798554)<\/p>\n<hr data-start=\"1352\" data-end=\"1355\" \/>\n<h4 data-start=\"1357\" data-end=\"1375\"><span class=\"ez-toc-section\" id=\"Besonderheiten\"><\/span>Specialiosios funkcijos<span class=\"ez-toc-section-end\"><\/span><\/h4>\n<p data-start=\"1376\" data-end=\"1724\">Der Blauer Saphir 1.24 Karat Tropfen zeigt eine kr\u00e4ftige, gleichm\u00e4\u00dfige Royal-Blue-F\u00e4rbung, die bei Saphiren besonders gesch\u00e4tzt wird. Die W\u00e4rmebehandlung ist branchen\u00fcblich und dient der Optimierung der nat\u00fcrlichen Farbe. Durch den Tropfenschliff wirkt der Stein gr\u00f6\u00dfer und eignet sich ideal f\u00fcr Ringe oder Anh\u00e4nger mit eleganter Linienf\u00fchrung.<\/p>\n<hr data-start=\"1353\" data-end=\"1356\" \/>\n<h4 data-start=\"1931\" data-end=\"1971\"><span class=\"ez-toc-section\" id=\"Mehr_uber_unsere_Edelsteine\"><\/span>Daugiau apie m\u016bs\u0173 brangakmenius<span class=\"ez-toc-section-end\"><\/span><\/h4>\n<p data-start=\"1972\" data-end=\"2069\"><a href=\"https:\/\/saphirsmaragd.com\/lt\/product-category\/edelsteine-kaufen\/\">brangakmeniai<\/a><\/p>\n<hr data-start=\"1592\" data-end=\"1595\" \/>\n<h4 data-start=\"1597\" data-end=\"1620\"><span class=\"ez-toc-section\" id=\"Weitere_Infos\"><\/span>Daugiau informacijos<span class=\"ez-toc-section-end\"><\/span><\/h4>\n<p data-start=\"1621\" data-end=\"1735\"><a class=\"\" href=\"https:\/\/de.wikipedia.org\/wiki\/Saphir\" target=\"_new\" rel=\"noopener\" data-start=\"1659\" data-end=\"1735\">Safyras<\/a><\/p>","protected":false},"excerpt":{"rendered":"<p data-start=\"467\" data-end=\"614\"><em>Edler Blauer Saphir 1.24 Karat Tropfen aus Sri Lanka mit intensiver Royal-Blue-Farbe. Zertifiziert, erhitzt und ideal f\u00fcr hochwertigen Schmuck.<\/em><\/p>\n<p data-start=\"378\" data-end=\"474\">","protected":false},"featured_media":6129,"comment_status":"open","ping_status":"closed","template":"","meta":{"_glsr_average":0,"_glsr_ranking":0,"_glsr_reviews":0},"product_brand":[],"product_cat":[74],"product_tag":[],"class_list":{"0":"post-6126","1":"product","2":"type-product","3":"status-publish","4":"has-post-thumbnail","6":"product_cat-saphire-kaufen","7":"pa_edelsteinart-saphir","8":"pa_farbe-blau","9":"pa_form-tropfen","10":"pa_gewicht-karat-1-0-3-0-karat","11":"pa_herkunft-sri-lanka","12":"pa_reinheit-augenrein","13":"pa_veredelung-behandlung-erhitzt","14":"pa_zertifikat-ja","15":"pa_zustand-neu","17":"first","18":"instock","19":"sold-individually","20":"shipping-taxable","21":"purchasable","22":"product-type-simple","23":"add-to-wishlist-before_image"},"jetpack_sharing_enabled":true,"_links":{"self":[{"href":"https:\/\/saphirsmaragd.com\/lt\/wp-json\/wp\/v2\/product\/6126","targetHints":{"allow":["GET"]}}],"collection":[{"href":"https:\/\/saphirsmaragd.com\/lt\/wp-json\/wp\/v2\/product"}],"about":[{"href":"https:\/\/saphirsmaragd.com\/lt\/wp-json\/wp\/v2\/types\/product"}],"replies":[{"embeddable":true,"href":"https:\/\/saphirsmaragd.com\/lt\/wp-json\/wp\/v2\/comments?post=6126"}],"version-history":[{"count":1,"href":"https:\/\/saphirsmaragd.com\/lt\/wp-json\/wp\/v2\/product\/6126\/revisions"}],"predecessor-version":[{"id":6132,"href":"https:\/\/saphirsmaragd.com\/lt\/wp-json\/wp\/v2\/product\/6126\/revisions\/6132"}],"wp:featuredmedia":[{"embeddable":true,"href":"https:\/\/saphirsmaragd.com\/lt\/wp-json\/wp\/v2\/media\/6129"}],"wp:attachment":[{"href":"https:\/\/saphirsmaragd.com\/lt\/wp-json\/wp\/v2\/media?parent=6126"}],"wp:term":[{"taxonomy":"product_brand","embeddable":true,"href":"https:\/\/saphirsmaragd.com\/lt\/wp-json\/wp\/v2\/product_brand?post=6126"},{"taxonomy":"product_cat","embeddable":true,"href":"https:\/\/saphirsmaragd.com\/lt\/wp-json\/wp\/v2\/product_cat?post=6126"},{"taxonomy":"product_tag","embeddable":true,"href":"https:\/\/saphirsmaragd.com\/lt\/wp-json\/wp\/v2\/product_tag?post=6126"}],"curies":[{"name":"wp","href":"https:\/\/api.w.org\/{rel}","templated":true}]}}