{"id":6451,"date":"2025-12-20T00:32:43","date_gmt":"2025-12-20T00:32:43","guid":{"rendered":"https:\/\/saphirsmaragd.com\/?post_type=product&#038;p=6451"},"modified":"2025-12-20T00:32:45","modified_gmt":"2025-12-20T00:32:45","slug":"anhaenger-mit-moldavit-rohstein-24x16","status":"publish","type":"product","link":"https:\/\/saphirsmaragd.com\/lt\/produktas\/anhaenger-mit-moldavit-rohstein-24x16\/","title":{"rendered":"\u00a0Anh\u00e4nger mit Moldavit Rohstein \u2013\u00a0 2.4 x 1.6 cm in Silber 925"},"content":{"rendered":"<div id=\"ez-toc-container\" class=\"ez-toc-v2_0_82_2 counter-hierarchy ez-toc-counter ez-toc-grey ez-toc-container-direction\">\n<div class=\"ez-toc-title-container\">\n<p class=\"ez-toc-title\" style=\"cursor:inherit\">Turinys<\/p>\n<span class=\"ez-toc-title-toggle\"><a href=\"#\" class=\"ez-toc-pull-right ez-toc-btn ez-toc-btn-xs ez-toc-btn-default ez-toc-toggle\" aria-label=\"Toggle Table of Content\"><span class=\"ez-toc-js-icon-con\"><span class=\"\"><span class=\"eztoc-hide\" style=\"display:none;\">Perjungti<\/span><span class=\"ez-toc-icon-toggle-span\"><svg style=\"fill: #999;color:#999\" xmlns=\"http:\/\/www.w3.org\/2000\/svg\" class=\"list-377408\" width=\"20px\" height=\"20px\" viewbox=\"0 0 24 24\" fill=\"none\"><path d=\"M6 6H4v2h2V6zm14 0H8v2h12V6zM4 11h2v2H4v-2zm16 0H8v2h12v-2zM4 16h2v2H4v-2zm16 0H8v2h12v-2z\" fill=\"currentColor\"><\/path><\/svg><svg style=\"fill: #999;color:#999\" class=\"arrow-unsorted-368013\" xmlns=\"http:\/\/www.w3.org\/2000\/svg\" width=\"10px\" height=\"10px\" viewbox=\"0 0 24 24\" version=\"1.2\" baseprofile=\"tiny\"><path d=\"M18.2 9.3l-6.2-6.3-6.2 6.3c-.2.2-.3.4-.3.7s.1.5.3.7c.2.2.4.3.7.3h11c.3 0 .5-.1.7-.3.2-.2.3-.5.3-.7s-.1-.5-.3-.7zM5.8 14.7l6.2 6.3 6.2-6.3c.2-.2.3-.5.3-.7s-.1-.5-.3-.7c-.2-.2-.4-.3-.7-.3h-11c-.3 0-.5.1-.7.3-.2.2-.3.5-.3.7s.1.5.3.7z\"\/><\/svg><\/span><\/span><\/span><\/a><\/span><\/div>\n<nav><ul class='ez-toc-list ez-toc-list-level-1' ><ul class='ez-toc-list-level-4' ><li class='ez-toc-heading-level-4'><a class=\"ez-toc-link ez-toc-heading-1\" href=\"https:\/\/saphirsmaragd.com\/lt\/produktas\/anhaenger-mit-moldavit-rohstein-24x16\/#_Anhanger_mit_Moldavit_Rohstein_%E2%80%93_24_x_16_cm_in_Silber_925\" >\u00a0Anh\u00e4nger mit Moldavit Rohstein \u2013\u00a0 2.4 x 1.6 cm in Silber 925<\/a><\/li><\/ul><\/li><li class='ez-toc-page-1 ez-toc-heading-level-3'><a class=\"ez-toc-link ez-toc-heading-2\" href=\"https:\/\/saphirsmaragd.com\/lt\/produktas\/anhaenger-mit-moldavit-rohstein-24x16\/#%F0%9F%92%9A_Merkmale_Herkunft\" >\ud83d\udc9a Merkmale &amp; Herkunft<\/a><ul class='ez-toc-list-level-4' ><li class='ez-toc-heading-level-4'><a class=\"ez-toc-link ez-toc-heading-3\" href=\"https:\/\/saphirsmaragd.com\/lt\/produktas\/anhaenger-mit-moldavit-rohstein-24x16\/#_Besonderheiten\" >\u00a0Specialiosios funkcijos<\/a><\/li><li class='ez-toc-page-1 ez-toc-heading-level-4'><a class=\"ez-toc-link ez-toc-heading-4\" href=\"https:\/\/saphirsmaragd.com\/lt\/produktas\/anhaenger-mit-moldavit-rohstein-24x16\/#_Mehr_uber_Moldavit_Heilsteine\" >\u00a0Mehr \u00fcber Moldavit &amp; Heilsteine<\/a><\/li><li class='ez-toc-page-1 ez-toc-heading-level-4'><a class=\"ez-toc-link ez-toc-heading-5\" href=\"https:\/\/saphirsmaragd.com\/lt\/produktas\/anhaenger-mit-moldavit-rohstein-24x16\/#Weitere_Info\" >Weitere Info<\/a><\/li><\/ul><\/li><\/ul><\/nav><\/div>\n<h4 data-start=\"651\" data-end=\"740\"><span class=\"ez-toc-section\" id=\"_Anhanger_mit_Moldavit_Rohstein_%E2%80%93_24_x_16_cm_in_Silber_925\"><\/span>\u00a0Anh\u00e4nger mit Moldavit Rohstein \u2013\u00a0 2.4 x 1.6 cm in Silber 925<span class=\"ez-toc-section-end\"><\/span><\/h4>\n<p data-start=\"741\" data-end=\"1037\">Der <strong data-start=\"745\" data-end=\"779\">A<\/strong>nh\u00e4nger mit Moldavit Rohstein vereint die urspr\u00fcngliche Energie eines seltenen Tektits mit einer nat\u00fcrlichen, roh belassenen Form. Dieses einzigartige Schmuckst\u00fcck ist ideal f\u00fcr Menschen, die sich intensiv mit spiritueller Entwicklung, Meditation und innerer Transformation besch\u00e4ftigen.<\/p>\n<hr data-start=\"3027\" data-end=\"3030\" \/>\n<h3 data-start=\"1039\" data-end=\"1067\"><span class=\"ez-toc-section\" id=\"%F0%9F%92%9A_Merkmale_Herkunft\"><\/span>\ud83d\udc9a Merkmale &amp; Herkunft<span class=\"ez-toc-section-end\"><\/span><\/h3>\n<p data-start=\"1068\" data-end=\"1422\">Spalva: \u017ealia<br data-start=\"1079\" data-end=\"1082\" \/>Form: Rohstein, unregelm\u00e4\u00dfig gefasst<br data-start=\"1118\" data-end=\"1121\" \/>Herkunft: Tschechien<br data-start=\"1141\" data-end=\"1144\" \/>Steingr\u00f6\u00dfe: ca. 2.4 x 1.6 cm<br data-start=\"1172\" data-end=\"1175\" \/>Gesamtl\u00e4nge Anh\u00e4nger: ca. 3.6 cm (inklusive \u00d6se)<br data-start=\"1223\" data-end=\"1226\" \/>Material: Sterlingsilber (925)<br data-start=\"1256\" data-end=\"1259\" \/>Reinheit: Naturstein<br data-start=\"1279\" data-end=\"1282\" \/>Gydymas: negydytas<br data-start=\"1339\" data-end=\"1342\" \/>Steinart: Moldavit<br data-start=\"1360\" data-end=\"1363\" \/>Einzelst\u00fcck: Sie erhalten genau den abgebildeten Anh\u00e4nger<\/p>\n<hr data-start=\"3027\" data-end=\"3030\" \/>\n<h4 data-start=\"1424\" data-end=\"1480\"><span class=\"ez-toc-section\" id=\"_Besonderheiten\"><\/span>\u00a0Specialiosios funkcijos<span class=\"ez-toc-section-end\"><\/span><\/h4>\n<p data-start=\"1481\" data-end=\"1856\">Der Anh\u00e4nger mit Moldavit Rohstein besteht aus einem \u00e4u\u00dferst seltenen Tektit, der durch einen Meteoriteneinschlag entstanden ist. Moldavit tr\u00e4gt sowohl irdische als auch kosmische Energien in sich und besitzt eine sehr hohe Schwingung. Diese besondere Kombination unterst\u00fctzt tiefgehende spirituelle Prozesse und f\u00f6rdert pers\u00f6nliches Wachstum sowie innere Transformation.<\/p>\n<p data-start=\"1858\" data-end=\"2134\">Der Anh\u00e4nger mit Moldavit Rohstein hilft Ihnen, Einblicke in Ihre Seelenaufgabe und Ihren Lebensweg zu gewinnen. Er \u00fcberschreitet symbolisch die Grenzen von Zeit, Raum und Dimensionen und eignet sich hervorragend f\u00fcr Meditation, schamanische Arbeit und spirituelle Reisen.<\/p>\n<p data-start=\"2136\" data-end=\"2545\">Auf energetischer Ebene \u00f6ffnet der Anh\u00e4nger mit Moldavit Rohstein das Herzchakra, das Stirnchakra sowie das Kronenchakra. Er erleichtert den Kontakt zu spirituellen F\u00fchrern, anderen Dimensionen und dem h\u00f6heren Selbst. Moldavit st\u00e4rkt Intuition, Hellsichtigkeit, Divination und mediale F\u00e4higkeiten und unterst\u00fctzt dabei, alte Seelenthemen wie Reinkarnationsfragen bewusst zu erkennen und zu transformieren.<\/p>\n<hr data-start=\"3027\" data-end=\"3030\" \/>\n<h4 data-start=\"2835\" data-end=\"2875\"><span class=\"ez-toc-section\" id=\"_Mehr_uber_Moldavit_Heilsteine\"><\/span>\u00a0Mehr \u00fcber Moldavit &amp; Heilsteine<span class=\"ez-toc-section-end\"><\/span><\/h4>\n<p data-start=\"2876\" data-end=\"2924\">Heilsteine &amp; Kristalle | <a href=\"https:\/\/saphirsmaragd.com\/lt\/product-category\/heilsteine-kristalle-kaufen\/\">Safyras ir smaragdas<\/a><strong><br \/>\n<\/strong><\/p>\n<hr data-start=\"3027\" data-end=\"3030\" \/>\n<h4 data-start=\"2926\" data-end=\"2956\"><span class=\"ez-toc-section\" id=\"Weitere_Info\"><\/span>Weitere Info<span class=\"ez-toc-section-end\"><\/span><\/h4>\n<p data-start=\"2957\" data-end=\"3025\">Wikipedia \u2013 <a href=\"https:\/\/de.wikipedia.org\/wiki\/Moldavit\" target=\"_blank\" rel=\"noopener\">Moldavit<\/a><br data-start=\"2984\" data-end=\"2987\" \/><\/p>","protected":false},"excerpt":{"rendered":"<p><em>Der Anh\u00e4nger mit Moldavit Rohstein ist ein kraftvolles Einzelst\u00fcck aus Sterlingsilber (925). Er unterst\u00fctzt spirituelles Wachstum, Transformation und die Verbindung zu h\u00f6heren Dimensionen.<\/em><\/p>","protected":false},"featured_media":6452,"comment_status":"open","ping_status":"closed","template":"","meta":{"_glsr_average":0,"_glsr_ranking":0,"_glsr_reviews":0},"product_brand":[],"product_cat":[87],"product_tag":[],"class_list":{"0":"post-6451","1":"product","2":"type-product","3":"status-publish","4":"has-post-thumbnail","6":"product_cat-edelstein-anhaenger","8":"first","9":"instock","10":"shipping-taxable","11":"purchasable","12":"product-type-simple","13":"add-to-wishlist-before_image"},"jetpack_sharing_enabled":true,"_links":{"self":[{"href":"https:\/\/saphirsmaragd.com\/lt\/wp-json\/wp\/v2\/product\/6451","targetHints":{"allow":["GET"]}}],"collection":[{"href":"https:\/\/saphirsmaragd.com\/lt\/wp-json\/wp\/v2\/product"}],"about":[{"href":"https:\/\/saphirsmaragd.com\/lt\/wp-json\/wp\/v2\/types\/product"}],"replies":[{"embeddable":true,"href":"https:\/\/saphirsmaragd.com\/lt\/wp-json\/wp\/v2\/comments?post=6451"}],"version-history":[{"count":1,"href":"https:\/\/saphirsmaragd.com\/lt\/wp-json\/wp\/v2\/product\/6451\/revisions"}],"predecessor-version":[{"id":6454,"href":"https:\/\/saphirsmaragd.com\/lt\/wp-json\/wp\/v2\/product\/6451\/revisions\/6454"}],"wp:featuredmedia":[{"embeddable":true,"href":"https:\/\/saphirsmaragd.com\/lt\/wp-json\/wp\/v2\/media\/6452"}],"wp:attachment":[{"href":"https:\/\/saphirsmaragd.com\/lt\/wp-json\/wp\/v2\/media?parent=6451"}],"wp:term":[{"taxonomy":"product_brand","embeddable":true,"href":"https:\/\/saphirsmaragd.com\/lt\/wp-json\/wp\/v2\/product_brand?post=6451"},{"taxonomy":"product_cat","embeddable":true,"href":"https:\/\/saphirsmaragd.com\/lt\/wp-json\/wp\/v2\/product_cat?post=6451"},{"taxonomy":"product_tag","embeddable":true,"href":"https:\/\/saphirsmaragd.com\/lt\/wp-json\/wp\/v2\/product_tag?post=6451"}],"curies":[{"name":"wp","href":"https:\/\/api.w.org\/{rel}","templated":true}]}}