{"id":6705,"date":"2025-12-24T22:41:50","date_gmt":"2025-12-24T22:41:50","guid":{"rendered":"https:\/\/saphirsmaragd.com\/?post_type=product&#038;p=6705"},"modified":"2026-04-03T12:54:13","modified_gmt":"2026-04-03T12:54:13","slug":"anhaenger-mit-chrysokoll-und-malachit-8","status":"publish","type":"product","link":"https:\/\/saphirsmaragd.com\/lt\/produktas\/anhaenger-mit-chrysokoll-und-malachit-8\/","title":{"rendered":"Anh\u00e4nger mit Chrysokoll und Malachit Oval Blau-Gr\u00fcn \u2013 Unikat aus 925 Silber"},"content":{"rendered":"<div id=\"ez-toc-container\" class=\"ez-toc-v2_0_82_2 counter-hierarchy ez-toc-counter ez-toc-grey ez-toc-container-direction\">\n<div class=\"ez-toc-title-container\">\n<p class=\"ez-toc-title\" style=\"cursor:inherit\">Turinys<\/p>\n<span class=\"ez-toc-title-toggle\"><a href=\"#\" class=\"ez-toc-pull-right ez-toc-btn ez-toc-btn-xs ez-toc-btn-default ez-toc-toggle\" aria-label=\"Toggle Table of Content\"><span class=\"ez-toc-js-icon-con\"><span class=\"\"><span class=\"eztoc-hide\" style=\"display:none;\">Perjungti<\/span><span class=\"ez-toc-icon-toggle-span\"><svg style=\"fill: #999;color:#999\" xmlns=\"http:\/\/www.w3.org\/2000\/svg\" class=\"list-377408\" width=\"20px\" height=\"20px\" viewbox=\"0 0 24 24\" fill=\"none\"><path d=\"M6 6H4v2h2V6zm14 0H8v2h12V6zM4 11h2v2H4v-2zm16 0H8v2h12v-2zM4 16h2v2H4v-2zm16 0H8v2h12v-2z\" fill=\"currentColor\"><\/path><\/svg><svg style=\"fill: #999;color:#999\" class=\"arrow-unsorted-368013\" xmlns=\"http:\/\/www.w3.org\/2000\/svg\" width=\"10px\" height=\"10px\" viewbox=\"0 0 24 24\" version=\"1.2\" baseprofile=\"tiny\"><path d=\"M18.2 9.3l-6.2-6.3-6.2 6.3c-.2.2-.3.4-.3.7s.1.5.3.7c.2.2.4.3.7.3h11c.3 0 .5-.1.7-.3.2-.2.3-.5.3-.7s-.1-.5-.3-.7zM5.8 14.7l6.2 6.3 6.2-6.3c.2-.2.3-.5.3-.7s-.1-.5-.3-.7c-.2-.2-.4-.3-.7-.3h-11c-.3 0-.5.1-.7.3-.2.2-.3.5-.3.7s.1.5.3.7z\"\/><\/svg><\/span><\/span><\/span><\/a><\/span><\/div>\n<nav><ul class='ez-toc-list ez-toc-list-level-1' ><li class='ez-toc-page-1 ez-toc-heading-level-4'><a class=\"ez-toc-link ez-toc-heading-1\" href=\"https:\/\/saphirsmaragd.com\/lt\/produktas\/anhaenger-mit-chrysokoll-und-malachit-8\/#_Anhanger_mit_Chrysokoll_und_Malachit_Oval_Blau-Grun_%E2%80%93_Unikat_aus_925_Silber\" >\u00a0Anh\u00e4nger mit Chrysokoll und Malachit Oval Blau-Gr\u00fcn \u2013 Unikat aus 925 Silber<\/a><\/li><li class='ez-toc-page-1 ez-toc-heading-level-4'><a class=\"ez-toc-link ez-toc-heading-2\" href=\"https:\/\/saphirsmaragd.com\/lt\/produktas\/anhaenger-mit-chrysokoll-und-malachit-8\/#_Merkmale_Herkunft\" >\u00a0Savyb\u0117s ir kilm\u0117<\/a><\/li><li class='ez-toc-page-1 ez-toc-heading-level-4'><a class=\"ez-toc-link ez-toc-heading-3\" href=\"https:\/\/saphirsmaragd.com\/lt\/produktas\/anhaenger-mit-chrysokoll-und-malachit-8\/#_Besonderheiten\" >\u00a0Specialiosios funkcijos<\/a><\/li><li class='ez-toc-page-1 ez-toc-heading-level-4'><a class=\"ez-toc-link ez-toc-heading-4\" href=\"https:\/\/saphirsmaragd.com\/lt\/produktas\/anhaenger-mit-chrysokoll-und-malachit-8\/#_Mehr_uber_Chrysokolle_Heilsteine\" >\u00a0Mehr \u00fcber Chrysokolle &amp; Heilsteine<\/a><\/li><li class='ez-toc-page-1 ez-toc-heading-level-4'><a class=\"ez-toc-link ez-toc-heading-5\" href=\"https:\/\/saphirsmaragd.com\/lt\/produktas\/anhaenger-mit-chrysokoll-und-malachit-8\/#_Weitere_Infos\" >\u00a0Daugiau informacijos<\/a><\/li><\/ul><\/nav><\/div>\n<h4 data-start=\"750\" data-end=\"833\"><span class=\"ez-toc-section\" id=\"_Anhanger_mit_Chrysokoll_und_Malachit_Oval_Blau-Grun_%E2%80%93_Unikat_aus_925_Silber\"><\/span>\u00a0Anh\u00e4nger mit Chrysokoll und Malachit Oval Blau-Gr\u00fcn \u2013 Unikat aus 925 Silber<span class=\"ez-toc-section-end\"><\/span><\/h4>\n<p data-start=\"834\" data-end=\"1006\">Der Anh\u00e4nger mit Chrysokoll und Malachit Oval Blau-Gr\u00fcn ist ein handgefertigtes Einzelst\u00fcck, das nat\u00fcrliche Farbvielfalt mit hochwertigem 925 Sterling Silber verbindet.<\/p>\n<hr data-start=\"1008\" data-end=\"1011\" \/>\n<h4 data-start=\"1013\" data-end=\"1039\"><span class=\"ez-toc-section\" id=\"_Merkmale_Herkunft\"><\/span>\u00a0Savyb\u0117s ir kilm\u0117<span class=\"ez-toc-section-end\"><\/span><\/h4>\n<p data-start=\"1040\" data-end=\"1339\">Farbe: Blau-Gr\u00fcn<br data-start=\"1056\" data-end=\"1059\" \/>Forma: Ovalus<br data-start=\"1091\" data-end=\"1094\" \/>Material: Sterling Silber 925<br data-start=\"1123\" data-end=\"1126\" \/>Papuo\u0161alo tipas: Pakabukas<br data-start=\"1159\" data-end=\"1162\" \/>Ma\u00dfe: 4.4 x 3 cm<br data-start=\"1180\" data-end=\"1183\" \/>Gesamtl\u00e4nge: ca.5.5 cm (inkl. \u00d6se)<br data-start=\"1218\" data-end=\"1221\" \/>Reinheit: Naturstein<br data-start=\"1301\" data-end=\"1304\" \/>Steinart: Chrysokoll mit Malachit<\/p>\n<hr data-start=\"1341\" data-end=\"1344\" \/>\n<h4 data-start=\"1346\" data-end=\"1421\"><span class=\"ez-toc-section\" id=\"_Besonderheiten\"><\/span>\u00a0Specialiosios funkcijos<span class=\"ez-toc-section-end\"><\/span><\/h4>\n<p data-start=\"1422\" data-end=\"1837\">Chrysokoll steht f\u00fcr Balance, Reinigung und geistige Klarheit, w\u00e4hrend Malachit als Schutz- und Transformationsstein bekannt ist. Dieser Anh\u00e4nger mit Chrysokoll und Malachit Oval Blau-Gr\u00fcn unterst\u00fctzt Sie dabei, emotionale Spannungen zu l\u00f6sen und eine innere Ausgeglichenheit zu f\u00f6rdern. Die Kombination beider Steine wirkt harmonisierend auf Herz- und Halschakra und st\u00e4rkt eine offene, ehrliche Kommunikation.<\/p>\n<p data-start=\"1839\" data-end=\"2132\">Der Anh\u00e4nger begleitet Sie dabei, Gedanken ruhig und klar auszudr\u00fccken, emotionale Belastungen sanft zu verarbeiten und Situationen objektiver zu betrachten. Besonders in stressigen Phasen kann er helfen, innere Ruhe zu bewahren, Kreativit\u00e4t zu f\u00f6rdern und mentale \u00dcberforderung zu reduzieren.<\/p>\n<hr data-start=\"2134\" data-end=\"2137\" \/>\n<h4 data-start=\"2139\" data-end=\"2180\"><span class=\"ez-toc-section\" id=\"_Mehr_uber_Chrysokolle_Heilsteine\"><\/span>\u00a0Mehr \u00fcber Chrysokolle &amp; Heilsteine<span class=\"ez-toc-section-end\"><\/span><\/h4>\n<p data-start=\"2181\" data-end=\"2222\">Heilsteine &amp; Kristalle | <a href=\"https:\/\/saphirsmaragd.com\/lt\/product-category\/heilsteine-kristalle-kaufen\/\">Safyras ir smaragdas<\/a><\/p>\n<hr data-start=\"2224\" data-end=\"2227\" \/>\n<h4 data-start=\"2229\" data-end=\"2249\"><span class=\"ez-toc-section\" id=\"_Weitere_Infos\"><\/span>\u00a0Daugiau informacijos<span class=\"ez-toc-section-end\"><\/span><\/h4>\n<p data-start=\"2250\" data-end=\"2297\"><a href=\"https:\/\/de.wikipedia.org\/wiki\/Chrysokoll\" target=\"_blank\" rel=\"noopener\">Chrysokoll<\/a> \u2013 Wikipedia<\/p>","protected":false},"excerpt":{"rendered":"<p><em>Dieser einzigartige Anh\u00e4nger mit Chrysokoll und Malachit Oval Blau-Gr\u00fcn aus 925 Sterling Silber vereint ausgleichende Energie, emotionale Klarheit und eine harmonische ovale Form.<\/em><\/p>","protected":false},"featured_media":6706,"comment_status":"open","ping_status":"closed","template":"","meta":{"_glsr_average":0,"_glsr_ranking":0,"_glsr_reviews":0},"product_brand":[],"product_cat":[87],"product_tag":[],"class_list":{"0":"post-6705","1":"product","2":"type-product","3":"status-publish","4":"has-post-thumbnail","6":"product_cat-edelstein-anhaenger","8":"first","9":"instock","10":"shipping-taxable","11":"purchasable","12":"product-type-simple","13":"add-to-wishlist-before_image"},"jetpack_sharing_enabled":true,"_links":{"self":[{"href":"https:\/\/saphirsmaragd.com\/lt\/wp-json\/wp\/v2\/product\/6705","targetHints":{"allow":["GET"]}}],"collection":[{"href":"https:\/\/saphirsmaragd.com\/lt\/wp-json\/wp\/v2\/product"}],"about":[{"href":"https:\/\/saphirsmaragd.com\/lt\/wp-json\/wp\/v2\/types\/product"}],"replies":[{"embeddable":true,"href":"https:\/\/saphirsmaragd.com\/lt\/wp-json\/wp\/v2\/comments?post=6705"}],"version-history":[{"count":3,"href":"https:\/\/saphirsmaragd.com\/lt\/wp-json\/wp\/v2\/product\/6705\/revisions"}],"predecessor-version":[{"id":8417,"href":"https:\/\/saphirsmaragd.com\/lt\/wp-json\/wp\/v2\/product\/6705\/revisions\/8417"}],"wp:featuredmedia":[{"embeddable":true,"href":"https:\/\/saphirsmaragd.com\/lt\/wp-json\/wp\/v2\/media\/6706"}],"wp:attachment":[{"href":"https:\/\/saphirsmaragd.com\/lt\/wp-json\/wp\/v2\/media?parent=6705"}],"wp:term":[{"taxonomy":"product_brand","embeddable":true,"href":"https:\/\/saphirsmaragd.com\/lt\/wp-json\/wp\/v2\/product_brand?post=6705"},{"taxonomy":"product_cat","embeddable":true,"href":"https:\/\/saphirsmaragd.com\/lt\/wp-json\/wp\/v2\/product_cat?post=6705"},{"taxonomy":"product_tag","embeddable":true,"href":"https:\/\/saphirsmaragd.com\/lt\/wp-json\/wp\/v2\/product_tag?post=6705"}],"curies":[{"name":"wp","href":"https:\/\/api.w.org\/{rel}","templated":true}]}}