{"id":6754,"date":"2025-12-25T13:09:54","date_gmt":"2025-12-25T13:09:54","guid":{"rendered":"https:\/\/saphirsmaragd.com\/?post_type=product&#038;p=6754"},"modified":"2025-12-29T18:46:47","modified_gmt":"2025-12-29T18:46:47","slug":"zirkon-rechteckig-blau-11-46-karat","status":"publish","type":"product","link":"https:\/\/saphirsmaragd.com\/lt\/produktas\/zirkon-rechteckig-blau-11-46-karat\/","title":{"rendered":"Zirkon rechteckig blau 11.46 Karat \u2013 intensiver Edelstein aus Kambodscha"},"content":{"rendered":"<div id=\"ez-toc-container\" class=\"ez-toc-v2_0_82_2 counter-hierarchy ez-toc-counter ez-toc-grey ez-toc-container-direction\">\n<div class=\"ez-toc-title-container\">\n<p class=\"ez-toc-title\" style=\"cursor:inherit\">Turinys<\/p>\n<span class=\"ez-toc-title-toggle\"><a href=\"#\" class=\"ez-toc-pull-right ez-toc-btn ez-toc-btn-xs ez-toc-btn-default ez-toc-toggle\" aria-label=\"Toggle Table of Content\"><span class=\"ez-toc-js-icon-con\"><span class=\"\"><span class=\"eztoc-hide\" style=\"display:none;\">Perjungti<\/span><span class=\"ez-toc-icon-toggle-span\"><svg style=\"fill: #999;color:#999\" xmlns=\"http:\/\/www.w3.org\/2000\/svg\" class=\"list-377408\" width=\"20px\" height=\"20px\" viewbox=\"0 0 24 24\" fill=\"none\"><path d=\"M6 6H4v2h2V6zm14 0H8v2h12V6zM4 11h2v2H4v-2zm16 0H8v2h12v-2zM4 16h2v2H4v-2zm16 0H8v2h12v-2z\" fill=\"currentColor\"><\/path><\/svg><svg style=\"fill: #999;color:#999\" class=\"arrow-unsorted-368013\" xmlns=\"http:\/\/www.w3.org\/2000\/svg\" width=\"10px\" height=\"10px\" viewbox=\"0 0 24 24\" version=\"1.2\" baseprofile=\"tiny\"><path d=\"M18.2 9.3l-6.2-6.3-6.2 6.3c-.2.2-.3.4-.3.7s.1.5.3.7c.2.2.4.3.7.3h11c.3 0 .5-.1.7-.3.2-.2.3-.5.3-.7s-.1-.5-.3-.7zM5.8 14.7l6.2 6.3 6.2-6.3c.2-.2.3-.5.3-.7s-.1-.5-.3-.7c-.2-.2-.4-.3-.7-.3h-11c-.3 0-.5.1-.7.3-.2.2-.3.5-.3.7s.1.5.3.7z\"\/><\/svg><\/span><\/span><\/span><\/a><\/span><\/div>\n<nav><ul class='ez-toc-list ez-toc-list-level-1' ><li class='ez-toc-page-1 ez-toc-heading-level-4'><a class=\"ez-toc-link ez-toc-heading-1\" href=\"https:\/\/saphirsmaragd.com\/lt\/produktas\/zirkon-rechteckig-blau-11-46-karat\/#Zirkon_rechteckig_blau_1146_Karat\" >Zirkon rechteckig blau 11.46 Karat<\/a><\/li><li class='ez-toc-page-1 ez-toc-heading-level-4'><a class=\"ez-toc-link ez-toc-heading-2\" href=\"https:\/\/saphirsmaragd.com\/lt\/produktas\/zirkon-rechteckig-blau-11-46-karat\/#Merkmale_Herkunft\" >Savyb\u0117s ir kilm\u0117<\/a><\/li><li class='ez-toc-page-1 ez-toc-heading-level-4'><a class=\"ez-toc-link ez-toc-heading-3\" href=\"https:\/\/saphirsmaragd.com\/lt\/produktas\/zirkon-rechteckig-blau-11-46-karat\/#Besonderheiten\" >Specialiosios funkcijos<\/a><\/li><li class='ez-toc-page-1 ez-toc-heading-level-4'><a class=\"ez-toc-link ez-toc-heading-4\" href=\"https:\/\/saphirsmaragd.com\/lt\/produktas\/zirkon-rechteckig-blau-11-46-karat\/#Mehr_uber_unsere_Edelsteine\" >Daugiau apie m\u016bs\u0173 brangakmenius<\/a><\/li><li class='ez-toc-page-1 ez-toc-heading-level-4'><a class=\"ez-toc-link ez-toc-heading-5\" href=\"https:\/\/saphirsmaragd.com\/lt\/produktas\/zirkon-rechteckig-blau-11-46-karat\/#Weitere_Infos\" >Daugiau informacijos<\/a><\/li><\/ul><\/nav><\/div>\n<h4 data-start=\"686\" data-end=\"728\"><span class=\"ez-toc-section\" id=\"Zirkon_rechteckig_blau_1146_Karat\"><\/span><strong data-start=\"690\" data-end=\"728\">Zirkon rechteckig blau 11.46 Karat<\/strong><span class=\"ez-toc-section-end\"><\/span><\/h4>\n<p data-start=\"729\" data-end=\"1010\">Dieser au\u00dfergew\u00f6hnliche <strong data-start=\"753\" data-end=\"791\">Zirkon rechteckig blau 11.46 Karat<\/strong> begeistert durch seine intensive blaue Farbe, seine hohe Lichtbrechung und seine beeindruckende Gr\u00f6\u00dfe. Blaue Zirkone aus Kambodscha z\u00e4hlen zu den brillantesten Farbedelsteinen und sind f\u00fcr ihr lebendiges Feuer bekannt.<\/p>\n<hr data-start=\"1012\" data-end=\"1015\" \/>\n<h4 data-start=\"1017\" data-end=\"1045\"><span class=\"ez-toc-section\" id=\"Merkmale_Herkunft\"><\/span><strong data-start=\"1022\" data-end=\"1045\">Savyb\u0117s ir kilm\u0117<\/strong><span class=\"ez-toc-section-end\"><\/span><\/h4>\n<p data-start=\"1046\" data-end=\"1275\">Edelstein: Zirkon<br data-start=\"1063\" data-end=\"1066\" \/>Spalva: m\u0117lyna<br data-start=\"1077\" data-end=\"1080\" \/>Form: Rechteckig<br data-start=\"1096\" data-end=\"1099\" \/>Schliff: Facettiert<br data-start=\"1118\" data-end=\"1121\" \/>Gewicht: 11.46 Karat<br data-start=\"1141\" data-end=\"1144\" \/>Abmessungen: 13.2 \u00d7 9.7 mm<br data-start=\"1170\" data-end=\"1173\" \/>Herkunft: Kambodscha<br data-start=\"1193\" data-end=\"1196\" \/>Behandlung: Erhitzt<br data-start=\"1215\" data-end=\"1218\" \/>Reinheit: Sehr kleine Einschl\u00fcsse<br data-start=\"1251\" data-end=\"1254\" \/>Mohs-H\u00e4rte: 6.5\u20137.5<\/p>\n<hr data-start=\"1277\" data-end=\"1280\" \/>\n<h4 data-start=\"1282\" data-end=\"1305\"><span class=\"ez-toc-section\" id=\"Besonderheiten\"><\/span><strong data-start=\"1287\" data-end=\"1305\">Specialiosios funkcijos<\/strong><span class=\"ez-toc-section-end\"><\/span><\/h4>\n<p data-start=\"1306\" data-end=\"1703\">Der <strong data-start=\"1310\" data-end=\"1348\">Zirkon rechteckig blau 11.46 Karat<\/strong> \u00fcberzeugt durch seine au\u00dfergew\u00f6hnliche Gr\u00f6\u00dfe und seine intensive Farbwirkung. Die W\u00e4rmebehandlung ist bei blauem Zirkon \u00fcblich und dient der Stabilisierung sowie Verst\u00e4rkung der blauen Farbe. Dank seines hohen Brechungsindexes zeigt dieser Edelstein eine au\u00dfergew\u00f6hnliche Brillanz, die ihn zu einer eindrucksvollen Wahl f\u00fcr exklusive Schmuckst\u00fccke macht.<\/p>\n<hr data-start=\"1926\" data-end=\"1929\" \/>\n<h4 data-start=\"1931\" data-end=\"1971\"><span class=\"ez-toc-section\" id=\"Mehr_uber_unsere_Edelsteine\"><\/span>Daugiau apie m\u016bs\u0173 brangakmenius<span class=\"ez-toc-section-end\"><\/span><\/h4>\n<p data-start=\"1972\" data-end=\"2069\"><a href=\"https:\/\/saphirsmaragd.com\/lt\/product-category\/edelsteine-kaufen\/\">brangakmeniai<\/a><\/p>\n<hr data-start=\"2071\" data-end=\"2074\" \/>\n<h4 data-start=\"2076\" data-end=\"2096\"><span class=\"ez-toc-section\" id=\"Weitere_Infos\"><\/span>Daugiau informacijos<span class=\"ez-toc-section-end\"><\/span><\/h4>\n<p><a href=\"https:\/\/de.wikipedia.org\/wiki\/Zirkon\" target=\"_blank\" rel=\"noopener\">Wikipedia: Zirkon<\/a><\/p>","protected":false},"excerpt":{"rendered":"<p data-start=\"408\" data-end=\"544\"><em>Zirkon rechteckig blau 11.46 Karat aus Kambodscha. Intensiv blaue Farbe, facettierter Schliff, erhitzt und mit beeindruckender Brillanz.<\/em><\/p>\n<h2 data-start=\"523\" data-end=\"548\"><\/h2>","protected":false},"featured_media":6755,"comment_status":"open","ping_status":"closed","template":"","meta":{"_glsr_average":0,"_glsr_ranking":0,"_glsr_reviews":0},"product_brand":[],"product_cat":[301],"product_tag":[],"class_list":{"0":"post-6754","1":"product","2":"type-product","3":"status-publish","4":"has-post-thumbnail","6":"product_cat-zirkon","7":"pa_edelsteinart-zirkon","8":"pa_farbe-blau","9":"pa_form-rechteck","10":"pa_gewicht-karat-10-20-karat","11":"pa_herkunft-kambodscha","12":"pa_reinheit-sehr-kleine-einschluesse","13":"pa_veredelung-behandlung-erhitzt","14":"pa_zustand-neu","16":"first","17":"instock","18":"featured","19":"sold-individually","20":"shipping-taxable","21":"purchasable","22":"product-type-simple","23":"add-to-wishlist-before_image"},"jetpack_sharing_enabled":true,"_links":{"self":[{"href":"https:\/\/saphirsmaragd.com\/lt\/wp-json\/wp\/v2\/product\/6754","targetHints":{"allow":["GET"]}}],"collection":[{"href":"https:\/\/saphirsmaragd.com\/lt\/wp-json\/wp\/v2\/product"}],"about":[{"href":"https:\/\/saphirsmaragd.com\/lt\/wp-json\/wp\/v2\/types\/product"}],"replies":[{"embeddable":true,"href":"https:\/\/saphirsmaragd.com\/lt\/wp-json\/wp\/v2\/comments?post=6754"}],"version-history":[{"count":1,"href":"https:\/\/saphirsmaragd.com\/lt\/wp-json\/wp\/v2\/product\/6754\/revisions"}],"predecessor-version":[{"id":6756,"href":"https:\/\/saphirsmaragd.com\/lt\/wp-json\/wp\/v2\/product\/6754\/revisions\/6756"}],"wp:featuredmedia":[{"embeddable":true,"href":"https:\/\/saphirsmaragd.com\/lt\/wp-json\/wp\/v2\/media\/6755"}],"wp:attachment":[{"href":"https:\/\/saphirsmaragd.com\/lt\/wp-json\/wp\/v2\/media?parent=6754"}],"wp:term":[{"taxonomy":"product_brand","embeddable":true,"href":"https:\/\/saphirsmaragd.com\/lt\/wp-json\/wp\/v2\/product_brand?post=6754"},{"taxonomy":"product_cat","embeddable":true,"href":"https:\/\/saphirsmaragd.com\/lt\/wp-json\/wp\/v2\/product_cat?post=6754"},{"taxonomy":"product_tag","embeddable":true,"href":"https:\/\/saphirsmaragd.com\/lt\/wp-json\/wp\/v2\/product_tag?post=6754"}],"curies":[{"name":"wp","href":"https:\/\/api.w.org\/{rel}","templated":true}]}}