{"id":6774,"date":"2025-12-25T14:03:15","date_gmt":"2025-12-25T14:03:15","guid":{"rendered":"https:\/\/saphirsmaragd.com\/?post_type=product&#038;p=6774"},"modified":"2025-12-29T18:46:42","modified_gmt":"2025-12-29T18:46:42","slug":"saphir-oval-rosa-violett-2-38-karat","status":"publish","type":"product","link":"https:\/\/saphirsmaragd.com\/lt\/produktas\/saphir-oval-rosa-violett-2-38-karat\/","title":{"rendered":"Saphir oval rosa-violett 2.38 Karat \u2013 Zertifizierter Edelstein aus Madagaskar"},"content":{"rendered":"<div id=\"ez-toc-container\" class=\"ez-toc-v2_0_82_2 counter-hierarchy ez-toc-counter ez-toc-grey ez-toc-container-direction\">\n<div class=\"ez-toc-title-container\">\n<p class=\"ez-toc-title\" style=\"cursor:inherit\">Turinys<\/p>\n<span class=\"ez-toc-title-toggle\"><a href=\"#\" class=\"ez-toc-pull-right ez-toc-btn ez-toc-btn-xs ez-toc-btn-default ez-toc-toggle\" aria-label=\"Toggle Table of Content\"><span class=\"ez-toc-js-icon-con\"><span class=\"\"><span class=\"eztoc-hide\" style=\"display:none;\">Perjungti<\/span><span class=\"ez-toc-icon-toggle-span\"><svg style=\"fill: #999;color:#999\" xmlns=\"http:\/\/www.w3.org\/2000\/svg\" class=\"list-377408\" width=\"20px\" height=\"20px\" viewbox=\"0 0 24 24\" fill=\"none\"><path d=\"M6 6H4v2h2V6zm14 0H8v2h12V6zM4 11h2v2H4v-2zm16 0H8v2h12v-2zM4 16h2v2H4v-2zm16 0H8v2h12v-2z\" fill=\"currentColor\"><\/path><\/svg><svg style=\"fill: #999;color:#999\" class=\"arrow-unsorted-368013\" xmlns=\"http:\/\/www.w3.org\/2000\/svg\" width=\"10px\" height=\"10px\" viewbox=\"0 0 24 24\" version=\"1.2\" baseprofile=\"tiny\"><path d=\"M18.2 9.3l-6.2-6.3-6.2 6.3c-.2.2-.3.4-.3.7s.1.5.3.7c.2.2.4.3.7.3h11c.3 0 .5-.1.7-.3.2-.2.3-.5.3-.7s-.1-.5-.3-.7zM5.8 14.7l6.2 6.3 6.2-6.3c.2-.2.3-.5.3-.7s-.1-.5-.3-.7c-.2-.2-.4-.3-.7-.3h-11c-.3 0-.5.1-.7.3-.2.2-.3.5-.3.7s.1.5.3.7z\"\/><\/svg><\/span><\/span><\/span><\/a><\/span><\/div>\n<nav><ul class='ez-toc-list ez-toc-list-level-1' ><li class='ez-toc-page-1 ez-toc-heading-level-4'><a class=\"ez-toc-link ez-toc-heading-1\" href=\"https:\/\/saphirsmaragd.com\/lt\/produktas\/saphir-oval-rosa-violett-2-38-karat\/#Saphir_oval_rosa-violett_238_Karat\" >Saphir oval rosa-violett 2.38 Karat<\/a><\/li><li class='ez-toc-page-1 ez-toc-heading-level-4'><a class=\"ez-toc-link ez-toc-heading-2\" href=\"https:\/\/saphirsmaragd.com\/lt\/produktas\/saphir-oval-rosa-violett-2-38-karat\/#Merkmale_Herkunft\" >Merkmale &amp; Herkunft:<\/a><\/li><li class='ez-toc-page-1 ez-toc-heading-level-4'><a class=\"ez-toc-link ez-toc-heading-3\" href=\"https:\/\/saphirsmaragd.com\/lt\/produktas\/saphir-oval-rosa-violett-2-38-karat\/#Besonderheiten\" >Besonderheiten:<\/a><\/li><li class='ez-toc-page-1 ez-toc-heading-level-4'><a class=\"ez-toc-link ez-toc-heading-4\" href=\"https:\/\/saphirsmaragd.com\/lt\/produktas\/saphir-oval-rosa-violett-2-38-karat\/#Mehr_uber_unsere_Edelsteine\" >Daugiau apie m\u016bs\u0173 brangakmenius<\/a><\/li><li class='ez-toc-page-1 ez-toc-heading-level-4'><a class=\"ez-toc-link ez-toc-heading-5\" href=\"https:\/\/saphirsmaragd.com\/lt\/produktas\/saphir-oval-rosa-violett-2-38-karat\/#Weitere_Infos\" >Daugiau informacijos<\/a><\/li><\/ul><\/nav><\/div>\n<h4 data-start=\"872\" data-end=\"913\"><span class=\"ez-toc-section\" id=\"Saphir_oval_rosa-violett_238_Karat\"><\/span>Saphir oval rosa-violett 2.38 Karat<span class=\"ez-toc-section-end\"><\/span><\/h4>\n<p data-start=\"914\" data-end=\"1165\">Dieser <strong data-start=\"921\" data-end=\"960\">Saphir oval rosa-violett 2.38 Karat<\/strong> \u00fcberzeugt durch seine au\u00dfergew\u00f6hnliche Farbharmonie aus zarten Rosat\u00f6nen und eleganten violetten Nuancen. Die feine ovale Schliffform sorgt f\u00fcr eine ausgewogene Brillanz und eine lebendige Lichtreflexion.<\/p>\n<p data-start=\"1167\" data-end=\"1357\">Herkunft Madagaskar steht f\u00fcr hochwertige Saphire mit intensiver Farbvielfalt. Dank der Zertifizierung eignet sich dieser Edelstein ideal f\u00fcr exklusive Schmuckst\u00fccke wie Ringe oder Anh\u00e4nger.<\/p>\n<hr data-start=\"1359\" data-end=\"1362\" \/>\n<h4 data-start=\"1364\" data-end=\"1389\"><span class=\"ez-toc-section\" id=\"Merkmale_Herkunft\"><\/span>Merkmale &amp; Herkunft:<span class=\"ez-toc-section-end\"><\/span><\/h4>\n<p data-start=\"1390\" data-end=\"1635\">Stein: Saphir<br data-start=\"1403\" data-end=\"1406\" \/>Forma: Ovalus<br data-start=\"1416\" data-end=\"1419\" \/>Farbe: Rosa-violett<br data-start=\"1438\" data-end=\"1441\" \/>Gewicht: 2.38 Karat<br data-start=\"1460\" data-end=\"1463\" \/>Abmessungen: 9.2 \u00d7 6.8 mm<br data-start=\"1488\" data-end=\"1491\" \/>Herkunft: Madagaskar<br data-start=\"1511\" data-end=\"1514\" \/>Behandlung: Erhitzt<br data-start=\"1533\" data-end=\"1536\" \/>Reinheit: Sehr kleine Einschl\u00fcsse<br data-start=\"1569\" data-end=\"1572\" \/>Mohs-H\u00e4rte: 9<br data-start=\"1585\" data-end=\"1588\" \/>Zertifikat: Ja (BER-Nr. A9390)<br data-start=\"1618\" data-end=\"1621\" \/>B\u016bkl\u0117: nauja<\/p>\n<hr data-start=\"1637\" data-end=\"1640\" \/>\n<h4 data-start=\"1642\" data-end=\"1662\"><span class=\"ez-toc-section\" id=\"Besonderheiten\"><\/span>Besonderheiten:<span class=\"ez-toc-section-end\"><\/span><\/h4>\n<p data-start=\"1663\" data-end=\"1939\">Dieser Saphir besticht durch seine seltene Farbgebung zwischen Rosa und Violett, die je nach Lichteinfall unterschiedliche Facetten zeigt. Die Kombination aus Gr\u00f6\u00dfe, Farbe und zertifizierter Qualit\u00e4t macht ihn zu einer ausgezeichneten Wahl f\u00fcr anspruchsvolle Schmuckliebhaber.<\/p>\n<hr data-start=\"1670\" data-end=\"1673\" \/>\n<h4 data-start=\"1931\" data-end=\"1971\"><span class=\"ez-toc-section\" id=\"Mehr_uber_unsere_Edelsteine\"><\/span>Daugiau apie m\u016bs\u0173 brangakmenius<span class=\"ez-toc-section-end\"><\/span><\/h4>\n<p data-start=\"1972\" data-end=\"2069\"><a href=\"https:\/\/saphirsmaragd.com\/lt\/product-category\/edelsteine-kaufen\/\">brangakmeniai<\/a><\/p>\n<hr data-start=\"1592\" data-end=\"1595\" \/>\n<h4 data-start=\"1597\" data-end=\"1620\"><span class=\"ez-toc-section\" id=\"Weitere_Infos\"><\/span>Daugiau informacijos<span class=\"ez-toc-section-end\"><\/span><\/h4>\n<p data-start=\"1621\" data-end=\"1735\"><a class=\"\" href=\"https:\/\/de.wikipedia.org\/wiki\/Saphir\" target=\"_new\" rel=\"noopener\" data-start=\"1659\" data-end=\"1735\">Safyras<\/a><\/p>","protected":false},"excerpt":{"rendered":"<p data-start=\"586\" data-end=\"734\"><em>Zertifizierter Saphir oval rosa-violett 2.38 Karat aus Madagaskar. Fein geschliffen, erhitzt, edle Farbnuancen \u2013 ideal f\u00fcr hochwertigen Schmuck.<\/em><\/p>\n<p data-start=\"378\" data-end=\"474\">","protected":false},"featured_media":6775,"comment_status":"open","ping_status":"closed","template":"","meta":{"_glsr_average":0,"_glsr_ranking":0,"_glsr_reviews":0},"product_brand":[],"product_cat":[74],"product_tag":[],"class_list":{"0":"post-6774","1":"product","2":"type-product","3":"status-publish","4":"has-post-thumbnail","6":"product_cat-saphire-kaufen","7":"pa_edelsteinart-saphir","8":"pa_farbe-rosa","9":"pa_farbe-violett","10":"pa_form-oval","11":"pa_gewicht-karat-1-0-3-0-karat","12":"pa_herkunft-madagaskar","13":"pa_reinheit-sehr-kleine-einschluesse","14":"pa_veredelung-behandlung-erhitzt","15":"pa_zertifikat-ja","16":"pa_zustand-neu","18":"first","19":"instock","20":"sold-individually","21":"shipping-taxable","22":"purchasable","23":"product-type-simple","24":"add-to-wishlist-before_image"},"jetpack_sharing_enabled":true,"_links":{"self":[{"href":"https:\/\/saphirsmaragd.com\/lt\/wp-json\/wp\/v2\/product\/6774","targetHints":{"allow":["GET"]}}],"collection":[{"href":"https:\/\/saphirsmaragd.com\/lt\/wp-json\/wp\/v2\/product"}],"about":[{"href":"https:\/\/saphirsmaragd.com\/lt\/wp-json\/wp\/v2\/types\/product"}],"replies":[{"embeddable":true,"href":"https:\/\/saphirsmaragd.com\/lt\/wp-json\/wp\/v2\/comments?post=6774"}],"version-history":[{"count":1,"href":"https:\/\/saphirsmaragd.com\/lt\/wp-json\/wp\/v2\/product\/6774\/revisions"}],"predecessor-version":[{"id":6776,"href":"https:\/\/saphirsmaragd.com\/lt\/wp-json\/wp\/v2\/product\/6774\/revisions\/6776"}],"wp:featuredmedia":[{"embeddable":true,"href":"https:\/\/saphirsmaragd.com\/lt\/wp-json\/wp\/v2\/media\/6775"}],"wp:attachment":[{"href":"https:\/\/saphirsmaragd.com\/lt\/wp-json\/wp\/v2\/media?parent=6774"}],"wp:term":[{"taxonomy":"product_brand","embeddable":true,"href":"https:\/\/saphirsmaragd.com\/lt\/wp-json\/wp\/v2\/product_brand?post=6774"},{"taxonomy":"product_cat","embeddable":true,"href":"https:\/\/saphirsmaragd.com\/lt\/wp-json\/wp\/v2\/product_cat?post=6774"},{"taxonomy":"product_tag","embeddable":true,"href":"https:\/\/saphirsmaragd.com\/lt\/wp-json\/wp\/v2\/product_tag?post=6774"}],"curies":[{"name":"wp","href":"https:\/\/api.w.org\/{rel}","templated":true}]}}