{"id":7492,"date":"2026-01-07T18:14:54","date_gmt":"2026-01-07T18:14:54","guid":{"rendered":"https:\/\/saphirsmaragd.com\/?post_type=product&#038;p=7492"},"modified":"2026-01-07T18:17:11","modified_gmt":"2026-01-07T18:17:11","slug":"gruener-beryll-rechteck-5-72-karat","status":"publish","type":"product","link":"https:\/\/saphirsmaragd.com\/lt\/produktas\/gruener-beryll-rechteck-5-72-karat\/","title":{"rendered":"Gr\u00fcner Beryll Rechteck 5.72 Karat \u2013 nat\u00fcrlicher Edelstein aus Madagaskar"},"content":{"rendered":"<div id=\"ez-toc-container\" class=\"ez-toc-v2_0_82_2 counter-hierarchy ez-toc-counter ez-toc-grey ez-toc-container-direction\">\n<div class=\"ez-toc-title-container\">\n<p class=\"ez-toc-title\" style=\"cursor:inherit\">Turinys<\/p>\n<span class=\"ez-toc-title-toggle\"><a href=\"#\" class=\"ez-toc-pull-right ez-toc-btn ez-toc-btn-xs ez-toc-btn-default ez-toc-toggle\" aria-label=\"Toggle Table of Content\"><span class=\"ez-toc-js-icon-con\"><span class=\"\"><span class=\"eztoc-hide\" style=\"display:none;\">Perjungti<\/span><span class=\"ez-toc-icon-toggle-span\"><svg style=\"fill: #999;color:#999\" xmlns=\"http:\/\/www.w3.org\/2000\/svg\" class=\"list-377408\" width=\"20px\" height=\"20px\" viewbox=\"0 0 24 24\" fill=\"none\"><path d=\"M6 6H4v2h2V6zm14 0H8v2h12V6zM4 11h2v2H4v-2zm16 0H8v2h12v-2zM4 16h2v2H4v-2zm16 0H8v2h12v-2z\" fill=\"currentColor\"><\/path><\/svg><svg style=\"fill: #999;color:#999\" class=\"arrow-unsorted-368013\" xmlns=\"http:\/\/www.w3.org\/2000\/svg\" width=\"10px\" height=\"10px\" viewbox=\"0 0 24 24\" version=\"1.2\" baseprofile=\"tiny\"><path d=\"M18.2 9.3l-6.2-6.3-6.2 6.3c-.2.2-.3.4-.3.7s.1.5.3.7c.2.2.4.3.7.3h11c.3 0 .5-.1.7-.3.2-.2.3-.5.3-.7s-.1-.5-.3-.7zM5.8 14.7l6.2 6.3 6.2-6.3c.2-.2.3-.5.3-.7s-.1-.5-.3-.7c-.2-.2-.4-.3-.7-.3h-11c-.3 0-.5.1-.7.3-.2.2-.3.5-.3.7s.1.5.3.7z\"\/><\/svg><\/span><\/span><\/span><\/a><\/span><\/div>\n<nav><ul class='ez-toc-list ez-toc-list-level-1' ><li class='ez-toc-page-1 ez-toc-heading-level-4'><a class=\"ez-toc-link ez-toc-heading-1\" href=\"https:\/\/saphirsmaragd.com\/lt\/produktas\/gruener-beryll-rechteck-5-72-karat\/#Gruner_Beryll_Rechteck_572_Karat\" >Gr\u00fcner Beryll Rechteck 5.72 Karat<\/a><\/li><li class='ez-toc-page-1 ez-toc-heading-level-4'><a class=\"ez-toc-link ez-toc-heading-2\" href=\"https:\/\/saphirsmaragd.com\/lt\/produktas\/gruener-beryll-rechteck-5-72-karat\/#Merkmale_Herkunft\" >Savyb\u0117s ir kilm\u0117<\/a><\/li><li class='ez-toc-page-1 ez-toc-heading-level-4'><a class=\"ez-toc-link ez-toc-heading-3\" href=\"https:\/\/saphirsmaragd.com\/lt\/produktas\/gruener-beryll-rechteck-5-72-karat\/#Besonderheiten\" >Specialiosios funkcijos<\/a><\/li><li class='ez-toc-page-1 ez-toc-heading-level-4'><a class=\"ez-toc-link ez-toc-heading-4\" href=\"https:\/\/saphirsmaragd.com\/lt\/produktas\/gruener-beryll-rechteck-5-72-karat\/#Mehr_uber_unsere_Edelsteine\" >Daugiau apie m\u016bs\u0173 brangakmenius<\/a><\/li><li class='ez-toc-page-1 ez-toc-heading-level-4'><a class=\"ez-toc-link ez-toc-heading-5\" href=\"https:\/\/saphirsmaragd.com\/lt\/produktas\/gruener-beryll-rechteck-5-72-karat\/#Weitere_Infos\" >Daugiau informacijos<\/a><\/li><\/ul><\/nav><\/div>\n<h4 data-start=\"914\" data-end=\"955\"><span class=\"ez-toc-section\" id=\"Gruner_Beryll_Rechteck_572_Karat\"><\/span><strong data-start=\"918\" data-end=\"955\">Gr\u00fcner Beryll Rechteck 5.72 Karat<\/strong><span class=\"ez-toc-section-end\"><\/span><\/h4>\n<p data-start=\"956\" data-end=\"1318\">Der <strong data-start=\"960\" data-end=\"997\">Gr\u00fcner Beryll Rechteck 5.72 Karat<\/strong> \u00fcberzeugt durch seine ruhige, elegante Farbgebung und seinen pr\u00e4zisen rechteckigen Schliff. Dieser nat\u00fcrliche Edelstein aus Madagaskar besticht durch seine klare gr\u00fcne Farbe, seine sehr gute Transparenz und seine ausgewogene Proportion \u2013 ein stilvoller Edelstein f\u00fcr Kenner und Liebhaber au\u00dfergew\u00f6hnlicher Schmucksteine.<\/p>\n<hr data-start=\"1320\" data-end=\"1323\" \/>\n<h4 data-start=\"1325\" data-end=\"1353\"><span class=\"ez-toc-section\" id=\"Merkmale_Herkunft\"><\/span><strong data-start=\"1330\" data-end=\"1353\">Savyb\u0117s ir kilm\u0117<\/strong><span class=\"ez-toc-section-end\"><\/span><\/h4>\n<p data-start=\"1354\" data-end=\"1574\">Steinart: Gr\u00fcner Beryll<br data-start=\"1377\" data-end=\"1380\" \/>Form: Rechteck<br data-start=\"1394\" data-end=\"1397\" \/>Schliff: Facettiert<br data-start=\"1416\" data-end=\"1419\" \/>Spalva: \u017ealia<br data-start=\"1430\" data-end=\"1433\" \/>Gewicht: 5.72 Karat<br data-start=\"1452\" data-end=\"1455\" \/>Abmessungen: 14.4 \u00d7 9.3 mm<br data-start=\"1481\" data-end=\"1484\" \/>Reinheit: Augenrein<br data-start=\"1503\" data-end=\"1506\" \/>Gydymas: negydytas<br data-start=\"1529\" data-end=\"1532\" \/>Mohs-H\u00e4rte: 7.5\u20138<br data-start=\"1549\" data-end=\"1552\" \/>Herkunft: Madagaskar<\/p>\n<hr data-start=\"1576\" data-end=\"1579\" \/>\n<h4 data-start=\"1581\" data-end=\"1604\"><span class=\"ez-toc-section\" id=\"Besonderheiten\"><\/span><strong data-start=\"1586\" data-end=\"1604\">Specialiosios funkcijos<\/strong><span class=\"ez-toc-section-end\"><\/span><\/h4>\n<p data-start=\"1605\" data-end=\"2001\">Gr\u00fcner Beryll ist seltener als viele bekannte Edelsteine, wird jedoch aufgrund seiner zur\u00fcckhaltenden Eleganz besonders von Designern und Sammlern gesch\u00e4tzt. Seine klare, frische Farbe erinnert an feinen Smaragd, wirkt dabei jedoch ruhiger und moderner. In rechteckigem Schliff entfaltet dieser Beryll eine architektonische \u00c4sthetik, die sich hervorragend f\u00fcr hochwertige Solit\u00e4rfassungen eignet.<\/p>\n<hr data-start=\"1926\" data-end=\"1929\" \/>\n<h4 data-start=\"1931\" data-end=\"1971\"><span class=\"ez-toc-section\" id=\"Mehr_uber_unsere_Edelsteine\"><\/span>Daugiau apie m\u016bs\u0173 brangakmenius<span class=\"ez-toc-section-end\"><\/span><\/h4>\n<p data-start=\"1972\" data-end=\"2069\"><a href=\"https:\/\/saphirsmaragd.com\/lt\/product-category\/edelsteine-kaufen\/\">brangakmeniai<\/a><\/p>\n<hr data-start=\"2071\" data-end=\"2074\" \/>\n<h4 data-start=\"2076\" data-end=\"2096\"><span class=\"ez-toc-section\" id=\"Weitere_Infos\"><\/span>Daugiau informacijos<span class=\"ez-toc-section-end\"><\/span><\/h4>\n<p data-start=\"2097\" data-end=\"2160\"><a class=\"decorated-link cursor-pointer\" href=\"https:\/\/de.wikipedia.org\/wiki\/Beryll\" target=\"_new\" rel=\"noopener\" data-start=\"2097\" data-end=\"2160\">Wikipedia: Beryll<\/a><\/p>","protected":false},"excerpt":{"rendered":"<p data-start=\"566\" data-end=\"774\"><em>Gr\u00fcner Beryll Rechteck 5.72 Karat aus Madagaskar. Nat\u00fcrlicher, facettierter gr\u00fcner Beryll mit eleganter rechteckiger Form, klarer Farbe und hochwertigem Schliff \u2013 ideal f\u00fcr exklusive Schmuckanfertigungen.<\/em><\/p>","protected":false},"featured_media":7493,"comment_status":"open","ping_status":"closed","template":"","meta":{"_glsr_average":0,"_glsr_ranking":0,"_glsr_reviews":0},"product_brand":[],"product_cat":[305],"product_tag":[],"class_list":{"0":"post-7492","1":"product","2":"type-product","3":"status-publish","4":"has-post-thumbnail","6":"product_cat-seltene-edelsteine","7":"pa_edelsteinart-seltene-edelsteine","8":"pa_farbe-gruen","9":"pa_form-rechteck","10":"pa_gewicht-karat-5-0-10-karat","11":"pa_herkunft-madagaskar","12":"pa_reinheit-augenrein","13":"pa_veredelung-behandlung-unbehandelt","14":"pa_zustand-neu","16":"first","17":"instock","18":"featured","19":"sold-individually","20":"shipping-taxable","21":"purchasable","22":"product-type-simple","23":"add-to-wishlist-before_image"},"jetpack_sharing_enabled":true,"_links":{"self":[{"href":"https:\/\/saphirsmaragd.com\/lt\/wp-json\/wp\/v2\/product\/7492","targetHints":{"allow":["GET"]}}],"collection":[{"href":"https:\/\/saphirsmaragd.com\/lt\/wp-json\/wp\/v2\/product"}],"about":[{"href":"https:\/\/saphirsmaragd.com\/lt\/wp-json\/wp\/v2\/types\/product"}],"replies":[{"embeddable":true,"href":"https:\/\/saphirsmaragd.com\/lt\/wp-json\/wp\/v2\/comments?post=7492"}],"version-history":[{"count":1,"href":"https:\/\/saphirsmaragd.com\/lt\/wp-json\/wp\/v2\/product\/7492\/revisions"}],"predecessor-version":[{"id":7494,"href":"https:\/\/saphirsmaragd.com\/lt\/wp-json\/wp\/v2\/product\/7492\/revisions\/7494"}],"wp:featuredmedia":[{"embeddable":true,"href":"https:\/\/saphirsmaragd.com\/lt\/wp-json\/wp\/v2\/media\/7493"}],"wp:attachment":[{"href":"https:\/\/saphirsmaragd.com\/lt\/wp-json\/wp\/v2\/media?parent=7492"}],"wp:term":[{"taxonomy":"product_brand","embeddable":true,"href":"https:\/\/saphirsmaragd.com\/lt\/wp-json\/wp\/v2\/product_brand?post=7492"},{"taxonomy":"product_cat","embeddable":true,"href":"https:\/\/saphirsmaragd.com\/lt\/wp-json\/wp\/v2\/product_cat?post=7492"},{"taxonomy":"product_tag","embeddable":true,"href":"https:\/\/saphirsmaragd.com\/lt\/wp-json\/wp\/v2\/product_tag?post=7492"}],"curies":[{"name":"wp","href":"https:\/\/api.w.org\/{rel}","templated":true}]}}