{"id":7851,"date":"2026-01-21T22:50:40","date_gmt":"2026-01-21T22:50:40","guid":{"rendered":"https:\/\/saphirsmaragd.com\/?post_type=product&#038;p=7851"},"modified":"2026-02-14T10:40:43","modified_gmt":"2026-02-14T10:40:43","slug":"zirkon-birne-5-54-ct-blau","status":"publish","type":"product","link":"https:\/\/saphirsmaragd.com\/lt\/produktas\/zirkon-birne-5-54-ct-blau\/","title":{"rendered":"Zirkon Birne 5.54 ct Blau \u2013 Naturstein aus Kambodscha"},"content":{"rendered":"<p data-start=\"984\" data-end=\"1151\">Der Zirkon Birne 5.54 ct Blau \u00fcberzeugt durch seine leuchtend blaue Farbe, die elegante Birnenform und seine Herkunft aus den bekannten Ratanakiri-Minen in Kambodscha.<\/p>\n<hr data-start=\"1314\" data-end=\"1317\" \/>\n<div id=\"ez-toc-container\" class=\"ez-toc-v2_0_82_2 counter-hierarchy ez-toc-counter ez-toc-grey ez-toc-container-direction\">\n<div class=\"ez-toc-title-container\">\n<p class=\"ez-toc-title\" style=\"cursor:inherit\">Turinys<\/p>\n<span class=\"ez-toc-title-toggle\"><a href=\"#\" class=\"ez-toc-pull-right ez-toc-btn ez-toc-btn-xs ez-toc-btn-default ez-toc-toggle\" aria-label=\"Toggle Table of Content\"><span class=\"ez-toc-js-icon-con\"><span class=\"\"><span class=\"eztoc-hide\" style=\"display:none;\">Perjungti<\/span><span class=\"ez-toc-icon-toggle-span\"><svg style=\"fill: #999;color:#999\" xmlns=\"http:\/\/www.w3.org\/2000\/svg\" class=\"list-377408\" width=\"20px\" height=\"20px\" viewbox=\"0 0 24 24\" fill=\"none\"><path d=\"M6 6H4v2h2V6zm14 0H8v2h12V6zM4 11h2v2H4v-2zm16 0H8v2h12v-2zM4 16h2v2H4v-2zm16 0H8v2h12v-2z\" fill=\"currentColor\"><\/path><\/svg><svg style=\"fill: #999;color:#999\" class=\"arrow-unsorted-368013\" xmlns=\"http:\/\/www.w3.org\/2000\/svg\" width=\"10px\" height=\"10px\" viewbox=\"0 0 24 24\" version=\"1.2\" baseprofile=\"tiny\"><path d=\"M18.2 9.3l-6.2-6.3-6.2 6.3c-.2.2-.3.4-.3.7s.1.5.3.7c.2.2.4.3.7.3h11c.3 0 .5-.1.7-.3.2-.2.3-.5.3-.7s-.1-.5-.3-.7zM5.8 14.7l6.2 6.3 6.2-6.3c.2-.2.3-.5.3-.7s-.1-.5-.3-.7c-.2-.2-.4-.3-.7-.3h-11c-.3 0-.5.1-.7.3-.2.2-.3.5-.3.7s.1.5.3.7z\"\/><\/svg><\/span><\/span><\/span><\/a><\/span><\/div>\n<nav><ul class='ez-toc-list ez-toc-list-level-1' ><li class='ez-toc-page-1 ez-toc-heading-level-4'><a class=\"ez-toc-link ez-toc-heading-1\" href=\"https:\/\/saphirsmaragd.com\/lt\/produktas\/zirkon-birne-5-54-ct-blau\/#Merkmale_Herkunft\" >Merkmale &amp; Herkunft:<\/a><\/li><li class='ez-toc-page-1 ez-toc-heading-level-4'><a class=\"ez-toc-link ez-toc-heading-2\" href=\"https:\/\/saphirsmaragd.com\/lt\/produktas\/zirkon-birne-5-54-ct-blau\/#Besonderheiten\" >Besonderheiten:<\/a><\/li><li class='ez-toc-page-1 ez-toc-heading-level-4'><a class=\"ez-toc-link ez-toc-heading-3\" href=\"https:\/\/saphirsmaragd.com\/lt\/produktas\/zirkon-birne-5-54-ct-blau\/#Mehr_uber_unsere_Edelsteine\" >Daugiau apie m\u016bs\u0173 brangakmenius<\/a><\/li><li class='ez-toc-page-1 ez-toc-heading-level-4'><a class=\"ez-toc-link ez-toc-heading-4\" href=\"https:\/\/saphirsmaragd.com\/lt\/produktas\/zirkon-birne-5-54-ct-blau\/#Weitere_Infos\" >Daugiau informacijos<\/a><\/li><\/ul><\/nav><\/div>\n<h4 data-start=\"1319\" data-end=\"1344\"><span class=\"ez-toc-section\" id=\"Merkmale_Herkunft\"><\/span>Merkmale &amp; Herkunft:<span class=\"ez-toc-section-end\"><\/span><\/h4>\n<p data-start=\"1345\" data-end=\"1579\">Spalva: m\u0117lyna<br data-start=\"1191\" data-end=\"1194\" \/>Form: Birne<br data-start=\"1205\" data-end=\"1208\" \/>Herkunft: Kambodscha (Ratanakiri)<br data-start=\"1241\" data-end=\"1244\" \/>Gewicht: 5.54 ct<br data-start=\"1260\" data-end=\"1263\" \/>Ma\u00dfe: 9,6 x 11 mm<br data-start=\"1280\" data-end=\"1283\" \/>Reinheit: Transparent<br data-start=\"1304\" data-end=\"1307\" \/>Behandlung: Erhitzt<br data-start=\"1326\" data-end=\"1329\" \/>Zertifikat: Nein<br data-start=\"1345\" data-end=\"1348\" \/>B\u016bkl\u0117: nauja<br data-start=\"1360\" data-end=\"1363\" \/>Steinart: Zirkon<\/p>\n<hr data-start=\"1581\" data-end=\"1584\" \/>\n<h4 data-start=\"1586\" data-end=\"1606\"><span class=\"ez-toc-section\" id=\"Besonderheiten\"><\/span>Besonderheiten:<span class=\"ez-toc-section-end\"><\/span><\/h4>\n<p data-start=\"1405\" data-end=\"1659\">Der Zirkon Birne 5.54 ct Blau ist ein hochwertiger Naturstein, dessen intensive Farbe durch eine \u00fcbliche und akzeptierte W\u00e4rmebehandlung optimiert wurde. Zirkone aus Kambodscha sind bekannt f\u00fcr ihre au\u00dfergew\u00f6hnliche Brillanz und ihr lebendiges Farbspiel.<\/p>\n<p data-start=\"1661\" data-end=\"1917\">Durch seine ausgewogene Proportion eignet sich dieser Zirkon Birne 5.54 ct Blau ideal f\u00fcr ma\u00dfgefertigte Schmuckst\u00fccke. Auf Wunsch kann der Stein durch einen pr\u00e4zisen Einschnitt sogar in eine Herzform umgearbeitet werden, was ihn besonders vielseitig macht.<\/p>\n<hr data-start=\"1926\" data-end=\"1929\" \/>\n<h4 data-start=\"1931\" data-end=\"1971\"><span class=\"ez-toc-section\" id=\"Mehr_uber_unsere_Edelsteine\"><\/span>Daugiau apie m\u016bs\u0173 brangakmenius<span class=\"ez-toc-section-end\"><\/span><\/h4>\n<p data-start=\"1972\" data-end=\"2069\"><a href=\"https:\/\/saphirsmaragd.com\/lt\/product-category\/edelsteine-kaufen\/\">brangakmeniai<\/a><\/p>\n<hr data-start=\"2071\" data-end=\"2074\" \/>\n<h4 data-start=\"2076\" data-end=\"2096\"><span class=\"ez-toc-section\" id=\"Weitere_Infos\"><\/span>Daugiau informacijos<span class=\"ez-toc-section-end\"><\/span><\/h4>\n<p><a href=\"https:\/\/de.wikipedia.org\/wiki\/Zirkon\" target=\"_blank\" rel=\"noopener\">Wikipedia: Zirkon<\/a><\/p>","protected":false},"excerpt":{"rendered":"<p><em>Der Zirkon Birne 5.54 ct Blau ist ein erhitzter Naturstein aus Kambodscha mit intensiver Farbe und eleganter Birnenform \u2013 ideal f\u00fcr individuellen Schmuck.<\/em><\/p>","protected":false},"featured_media":7852,"comment_status":"open","ping_status":"closed","template":"","meta":{"_glsr_average":0,"_glsr_ranking":0,"_glsr_reviews":0},"product_brand":[],"product_cat":[301],"product_tag":[],"class_list":{"0":"post-7851","1":"product","2":"type-product","3":"status-publish","4":"has-post-thumbnail","6":"product_cat-zirkon","7":"pa_edelsteinart-zirkon","8":"pa_farbe-blau","9":"pa_form-birne","10":"pa_gewicht-karat-5-0-10-karat","11":"pa_herkunft-kambodscha","12":"pa_reinheit-augenrein","13":"pa_veredelung-behandlung-erhitzt","14":"pa_zustand-neu","16":"first","17":"instock","18":"featured","19":"sold-individually","20":"shipping-taxable","21":"purchasable","22":"product-type-simple","23":"add-to-wishlist-before_image"},"jetpack_sharing_enabled":true,"_links":{"self":[{"href":"https:\/\/saphirsmaragd.com\/lt\/wp-json\/wp\/v2\/product\/7851","targetHints":{"allow":["GET"]}}],"collection":[{"href":"https:\/\/saphirsmaragd.com\/lt\/wp-json\/wp\/v2\/product"}],"about":[{"href":"https:\/\/saphirsmaragd.com\/lt\/wp-json\/wp\/v2\/types\/product"}],"replies":[{"embeddable":true,"href":"https:\/\/saphirsmaragd.com\/lt\/wp-json\/wp\/v2\/comments?post=7851"}],"version-history":[{"count":4,"href":"https:\/\/saphirsmaragd.com\/lt\/wp-json\/wp\/v2\/product\/7851\/revisions"}],"predecessor-version":[{"id":8139,"href":"https:\/\/saphirsmaragd.com\/lt\/wp-json\/wp\/v2\/product\/7851\/revisions\/8139"}],"wp:featuredmedia":[{"embeddable":true,"href":"https:\/\/saphirsmaragd.com\/lt\/wp-json\/wp\/v2\/media\/7852"}],"wp:attachment":[{"href":"https:\/\/saphirsmaragd.com\/lt\/wp-json\/wp\/v2\/media?parent=7851"}],"wp:term":[{"taxonomy":"product_brand","embeddable":true,"href":"https:\/\/saphirsmaragd.com\/lt\/wp-json\/wp\/v2\/product_brand?post=7851"},{"taxonomy":"product_cat","embeddable":true,"href":"https:\/\/saphirsmaragd.com\/lt\/wp-json\/wp\/v2\/product_cat?post=7851"},{"taxonomy":"product_tag","embeddable":true,"href":"https:\/\/saphirsmaragd.com\/lt\/wp-json\/wp\/v2\/product_tag?post=7851"}],"curies":[{"name":"wp","href":"https:\/\/api.w.org\/{rel}","templated":true}]}}